{"id":946,"date":"2024-10-19T03:08:28","date_gmt":"2024-10-19T03:08:28","guid":{"rendered":"https:\/\/www.santai-ceramics.com\/?post_type=product&#038;p=946"},"modified":"2025-06-12T23:26:31","modified_gmt":"2025-06-12T23:26:31","slug":"wholesale-decorative-bird-figurines","status":"publish","type":"product","link":"https:\/\/www.santai-ceramics.com\/de\/product\/wholesale-decorative-bird-figurines\/","title":{"rendered":"Gro\u00dfhandel dekorative Vogelfiguren, Garten Vogel-Skulpturen f\u00fcr Outdoor-Dekor"},"content":{"rendered":"<h3 class=\"wp-block-heading\">Parameter von dekorativen Vogelfiguren<\/h3>\n\n\n\n<figure class=\"wp-block-table\"><table class=\"has-fixed-layout\"><tbody><tr><td>Modell<\/td><td>Produktname<\/td><td>Farbe<\/td><td>Material<\/td><td>Verwendet<\/td><td>Abmessungen<\/td><td>Gewicht<\/td><\/tr><tr><td>E37135-H889-A01<\/td><td>Dekorative Vogelfiguren<\/td><td>Antike Raue Gr\u00fcn<\/td><td>Harz<\/td><td>Wohnkultur, Wohnzimmer<\/td><td>29X8X14,5cm<\/td><td>0,4kg\/PC<\/td><\/tr><\/tbody><\/table><\/figure>\n\n\n\n<h3 class=\"wp-block-heading\">Dekorative Vogelfiguren nach Ma\u00df Service<\/h3>\n\n\n\n<p>Wir bieten OEM- und ODM-Dienstleistungen f\u00fcr unsere Produkte an.<br>Eine schnelle Lieferung von Mustern ist m\u00f6glich.<br>Wir bieten eine Vielzahl von Formen, Farben, individuellem Druck, Verpackungen und anderen ma\u00dfgeschneiderten Dienstleistungen an, um Ihre speziellen Anforderungen zu erf\u00fcllen.<br><a style=\"\" href=\"https:\/\/www.santai-ceramics.com\/de\/custom\/\" data-type=\"page\" data-id=\"13\" target=\"_blank\" rel=\"noreferrer noopener\"><span><b style=\"font-weight: bold;\">Erfahren Sie mehr \u00fcber Custom<\/b><\/span><strong> dekorative Vogelfiguren Detail.<\/strong><\/a><\/p>\n\n\n\n<div class=\"wp-block-columns is-layout-flex wp-container-core-columns-is-layout-9d6595d7 wp-block-columns-is-layout-flex\">\n<div class=\"wp-block-column is-layout-flow wp-block-column-is-layout-flow\">\n<figure class=\"wp-block-image size-full\"><img decoding=\"async\" width=\"1500\" height=\"1249\" src=\"https:\/\/www.santai-ceramics.com\/wp-content\/uploads\/2024\/10\/decorative-bird-figurines-display-1.jpg\" alt=\"Dekorative Vogelfiguren Display (1)\" class=\"wp-image-947\" srcset=\"https:\/\/www.santai-ceramics.com\/wp-content\/uploads\/2024\/10\/decorative-bird-figurines-display-1.jpg 1500w, https:\/\/www.santai-ceramics.com\/wp-content\/uploads\/2024\/10\/decorative-bird-figurines-display-1-300x250.jpg 300w, https:\/\/www.santai-ceramics.com\/wp-content\/uploads\/2024\/10\/decorative-bird-figurines-display-1-768x639.jpg 768w, https:\/\/www.santai-ceramics.com\/wp-content\/uploads\/2024\/10\/decorative-bird-figurines-display-1-1200x999.jpg 1200w, https:\/\/www.santai-ceramics.com\/wp-content\/uploads\/2024\/10\/decorative-bird-figurines-display-1-600x500.jpg 600w\" sizes=\"(max-width: 1500px) 100vw, 1500px\" \/><\/figure>\n<\/div>\n\n\n\n<div class=\"wp-block-column is-layout-flow wp-block-column-is-layout-flow\">\n<figure class=\"wp-block-image size-full\"><img decoding=\"async\" width=\"1500\" height=\"1250\" src=\"https:\/\/www.santai-ceramics.com\/wp-content\/uploads\/2024\/10\/decorative-bird-figurines-display-2.jpg\" alt=\"dekorative Vogelfiguren Display (2)\" class=\"wp-image-948\" srcset=\"https:\/\/www.santai-ceramics.com\/wp-content\/uploads\/2024\/10\/decorative-bird-figurines-display-2.jpg 1500w, https:\/\/www.santai-ceramics.com\/wp-content\/uploads\/2024\/10\/decorative-bird-figurines-display-2-300x250.jpg 300w, https:\/\/www.santai-ceramics.com\/wp-content\/uploads\/2024\/10\/decorative-bird-figurines-display-2-768x640.jpg 768w, https:\/\/www.santai-ceramics.com\/wp-content\/uploads\/2024\/10\/decorative-bird-figurines-display-2-1200x1000.jpg 1200w, https:\/\/www.santai-ceramics.com\/wp-content\/uploads\/2024\/10\/decorative-bird-figurines-display-2-600x500.jpg 600w\" sizes=\"(max-width: 1500px) 100vw, 1500px\" \/><\/figure>\n<\/div>\n<\/div>","protected":false},"excerpt":{"rendered":"<p data-pm-slice=\"0 0 []\">Bringen Sie Leben und Spannung in G\u00e4rten, auf Terrassen und Balkone. Die dekorativen Vogelfiguren sind aus Harz gefertigt und zeichnen sich durch sorgf\u00e4ltige Handwerkskunst und lebendige Details aus. Perfekt f\u00fcr die Dekoration von Haus und Garten. Geeignet f\u00fcr Einzelh\u00e4ndler, G\u00e4rtnereien zu verkaufen. Bitte kontaktieren Sie uns f\u00fcr ein Angebot.<\/p>\n<h2>Eigenschaften von dekorativen Vogelfiguren<\/h2>\n<p><strong>Exquisites Design:<\/strong> Die dekorativen Vogelfiguren verwenden eine Kombination aus Gr\u00fcn und Wei\u00df. Gr\u00fcn symbolisiert Vitalit\u00e4t und Wei\u00df steht f\u00fcr Reinheit und Eleganz, was den Menschen ein entspanntes und angenehmes Gef\u00fchl geben kann.<\/p>\n<p><strong>Gute Handwerkskunst und Materialien:<\/strong> Die Handwerkskunst dieser Vogelfiguren ist sehr gut. Die Form des Vogels und die Textur der Federn zeigen eine hervorragende Handwerkskunst.<\/p>\n<p><strong>Praktische Dekorativit\u00e4t:<\/strong> Diese Vogelfiguren sind eine perfekte Dekoration f\u00fcr Ihr Zuhause und f\u00fcr den Au\u00dfenbereich. Es kann im Wohnzimmer, Arbeitszimmer, Garten und anderen Bereichen platziert werden, um die gesamte dekorative Wirkung des Raumes zu verbessern.<\/p>\n<p><strong>Anpassungsdienst:<\/strong> Wir bieten einen professionellen Service f\u00fcr kundenspezifische Figuren an, der von der Materialauswahl bis zur Formgestaltung eine umfassende Unterst\u00fctzung bietet. W\u00e4hlen Sie unseren Anpassungsservice, um Ihre Kreativit\u00e4t wahr werden zu lassen!<\/p>","protected":false},"featured_media":950,"comment_status":"closed","ping_status":"closed","template":"","meta":{"_acf_changed":false},"product_brand":[],"product_cat":[18,25,48],"product_tag":[32],"class_list":{"0":"post-946","1":"product","2":"type-product","3":"status-publish","4":"has-post-thumbnail","6":"product_cat-home-decor","7":"product_cat-animal-ornaments","8":"product_cat-wholesale-resin-animal-figurines","9":"product_tag-resin-animal-figurines","11":"first","12":"instock","13":"shipping-taxable","14":"product-type-simple"},"acf":[],"_links":{"self":[{"href":"https:\/\/www.santai-ceramics.com\/de\/wp-json\/wp\/v2\/product\/946","targetHints":{"allow":["GET"]}}],"collection":[{"href":"https:\/\/www.santai-ceramics.com\/de\/wp-json\/wp\/v2\/product"}],"about":[{"href":"https:\/\/www.santai-ceramics.com\/de\/wp-json\/wp\/v2\/types\/product"}],"replies":[{"embeddable":true,"href":"https:\/\/www.santai-ceramics.com\/de\/wp-json\/wp\/v2\/comments?post=946"}],"wp:featuredmedia":[{"embeddable":true,"href":"https:\/\/www.santai-ceramics.com\/de\/wp-json\/wp\/v2\/media\/950"}],"wp:attachment":[{"href":"https:\/\/www.santai-ceramics.com\/de\/wp-json\/wp\/v2\/media?parent=946"}],"wp:term":[{"taxonomy":"product_brand","embeddable":true,"href":"https:\/\/www.santai-ceramics.com\/de\/wp-json\/wp\/v2\/product_brand?post=946"},{"taxonomy":"product_cat","embeddable":true,"href":"https:\/\/www.santai-ceramics.com\/de\/wp-json\/wp\/v2\/product_cat?post=946"},{"taxonomy":"product_tag","embeddable":true,"href":"https:\/\/www.santai-ceramics.com\/de\/wp-json\/wp\/v2\/product_tag?post=946"}],"curies":[{"name":"wp","href":"https:\/\/api.w.org\/{rel}","templated":true}]}}