{"id":952,"date":"2024-10-19T03:47:04","date_gmt":"2024-10-19T03:47:04","guid":{"rendered":"https:\/\/www.santai-ceramics.com\/?post_type=product&#038;p=952"},"modified":"2025-06-30T23:48:17","modified_gmt":"2025-06-30T23:48:17","slug":"wholesale-lizard-figurines","status":"publish","type":"product","link":"https:\/\/www.santai-ceramics.com\/de\/product\/wholesale-lizard-figurines\/","title":{"rendered":"Gro\u00dfhandel Eidechse Figurinen f\u00fcr Home Decor, exquisite Eidechse Statue Dekoration"},"content":{"rendered":"<h3 class=\"wp-block-heading\">Parameters of Lizard Figurine<\/h3>\n\n\n\n<figure class=\"wp-block-table\"><table class=\"has-fixed-layout\"><tbody><tr><td>Modell<\/td><td>Produktname<\/td><td>Farbe<\/td><td>Material<\/td><td>Verwendet<\/td><td>Abmessungen<\/td><td>Gewicht<\/td><\/tr><tr><td>E37212-G091-A01<\/td><td>Resin Lizard Figurine<\/td><td>Silver<\/td><td>Harz<\/td><td>Wohnkultur, Wohnzimmer<\/td><td>31,5X17X8cm<\/td><td>0,7kg\/PC<\/td><\/tr><tr><td>E37212-G091-A02<\/td><td>Resin Lizard Figurine<\/td><td>Silver<\/td><td>Harz<\/td><td>Wohnkultur, Wohnzimmer<\/td><td>24,5X15X7cm<\/td><td>0,4kg\/PC<\/td><\/tr><\/tbody><\/table><\/figure>\n\n\n\n<h3 class=\"wp-block-heading\">Individueller Keramik-Dekor-Service<\/h3>\n\n\n\n<p>Wir bieten OEM- und ODM-Dienstleistungen f\u00fcr unsere Produkte an.<br>Eine schnelle Lieferung von Mustern ist m\u00f6glich.<br>Wir bieten eine Vielzahl von Formen, Farben, individuellem Druck, Verpackungen und anderen ma\u00dfgeschneiderten Dienstleistungen an, um Ihre speziellen Anforderungen zu erf\u00fcllen.<br><a style=\"\" href=\"https:\/\/www.santai-ceramics.com\/de\/custom\/\" data-type=\"page\" data-id=\"13\" target=\"_blank\" rel=\"noreferrer noopener\"><strong><b>Erfahren Sie mehr \u00fcber Custom<\/b> ceramic decor details.<\/strong><\/a><\/p>\n\n\n\n<div class=\"wp-block-columns is-layout-flex wp-container-core-columns-is-layout-9d6595d7 wp-block-columns-is-layout-flex\">\n<div class=\"wp-block-column is-layout-flow wp-block-column-is-layout-flow\">\n<figure class=\"wp-block-image size-full\"><img decoding=\"async\" width=\"2000\" height=\"1666\" src=\"https:\/\/www.santai-ceramics.com\/wp-content\/uploads\/2024\/10\/Wholesale-Lizard-Figurines-Decorations-4.jpg\" alt=\"Wholesale Lizard Figurines Decorations (4)\" class=\"wp-image-956\" srcset=\"https:\/\/www.santai-ceramics.com\/wp-content\/uploads\/2024\/10\/Wholesale-Lizard-Figurines-Decorations-4.jpg 2000w, https:\/\/www.santai-ceramics.com\/wp-content\/uploads\/2024\/10\/Wholesale-Lizard-Figurines-Decorations-4-300x250.jpg 300w, https:\/\/www.santai-ceramics.com\/wp-content\/uploads\/2024\/10\/Wholesale-Lizard-Figurines-Decorations-4-768x640.jpg 768w, https:\/\/www.santai-ceramics.com\/wp-content\/uploads\/2024\/10\/Wholesale-Lizard-Figurines-Decorations-4-1200x1000.jpg 1200w, https:\/\/www.santai-ceramics.com\/wp-content\/uploads\/2024\/10\/Wholesale-Lizard-Figurines-Decorations-4-600x500.jpg 600w\" sizes=\"(max-width: 2000px) 100vw, 2000px\" \/><\/figure>\n<\/div>\n\n\n\n<div class=\"wp-block-column is-layout-flow wp-block-column-is-layout-flow\">\n<figure class=\"wp-block-image size-full\"><img decoding=\"async\" width=\"2000\" height=\"1666\" src=\"https:\/\/www.santai-ceramics.com\/wp-content\/uploads\/2024\/10\/Wholesale-Lizard-Figurines-Decorations-5.jpg\" alt=\"Wholesale Lizard Figurines Decorations (5)\" class=\"wp-image-957\" srcset=\"https:\/\/www.santai-ceramics.com\/wp-content\/uploads\/2024\/10\/Wholesale-Lizard-Figurines-Decorations-5.jpg 2000w, https:\/\/www.santai-ceramics.com\/wp-content\/uploads\/2024\/10\/Wholesale-Lizard-Figurines-Decorations-5-300x250.jpg 300w, https:\/\/www.santai-ceramics.com\/wp-content\/uploads\/2024\/10\/Wholesale-Lizard-Figurines-Decorations-5-768x640.jpg 768w, https:\/\/www.santai-ceramics.com\/wp-content\/uploads\/2024\/10\/Wholesale-Lizard-Figurines-Decorations-5-1200x1000.jpg 1200w, https:\/\/www.santai-ceramics.com\/wp-content\/uploads\/2024\/10\/Wholesale-Lizard-Figurines-Decorations-5-600x500.jpg 600w\" sizes=\"(max-width: 2000px) 100vw, 2000px\" \/><\/figure>\n<\/div>\n<\/div>","protected":false},"excerpt":{"rendered":"<p data-pm-slice=\"0 0 []\">Wholesale lizard figurines, designed for home decoration. These lizard figurines are popular for their unique shapes and meticulous craftsmanship, perfectly showing the vivid details of the lizards, made of high-quality resin, with good durability and beauty, and are very suitable for retailers and wholesalers&#8217; purchasing needs. Welcome to contact us for a quote.<\/p>\n<h2>Features of Lizard Figurine<\/h2>\n<p><strong>Realistic metal texture:<\/strong> This lizard figurine is made of resin material, which is lighter and specially treated to present a highly realistic metal luster and texture, adding a unique visual effect and touch to the craft.<\/p>\n<p><strong>Fine craftsmanship details:<\/strong> Every detail of this lizard figurine is carefully carved and processed, showing a very high level of craftsmanship. From scales to eyes, every part is lifelike.<\/p>\n<p><strong>Starke Haltbarkeit:<\/strong> The resin material has good durability and corrosion resistance, allowing this lizard figurine craft to maintain its original luster and form for a long time. Even if it is accidentally bumped or rubbed in daily use, it will not easily leave marks or damage.<\/p>\n<p><strong>Ma\u00dfgeschneiderter Service:<\/strong> As a professional home decoration manufacturer, SANTAI provides you with a one-stop customized figurine solution, covering material selection, styling design, fast samples and mass production. Contact us to start customization and realize your creativity.<\/p>","protected":false},"featured_media":953,"comment_status":"closed","ping_status":"closed","template":"","meta":{"_acf_changed":false},"product_brand":[],"product_cat":[18,25,48],"product_tag":[32],"class_list":{"0":"post-952","1":"product","2":"type-product","3":"status-publish","4":"has-post-thumbnail","6":"product_cat-home-decor","7":"product_cat-animal-ornaments","8":"product_cat-wholesale-resin-animal-figurines","9":"product_tag-resin-animal-figurines","11":"first","12":"instock","13":"shipping-taxable","14":"product-type-simple"},"acf":[],"_links":{"self":[{"href":"https:\/\/www.santai-ceramics.com\/de\/wp-json\/wp\/v2\/product\/952","targetHints":{"allow":["GET"]}}],"collection":[{"href":"https:\/\/www.santai-ceramics.com\/de\/wp-json\/wp\/v2\/product"}],"about":[{"href":"https:\/\/www.santai-ceramics.com\/de\/wp-json\/wp\/v2\/types\/product"}],"replies":[{"embeddable":true,"href":"https:\/\/www.santai-ceramics.com\/de\/wp-json\/wp\/v2\/comments?post=952"}],"wp:featuredmedia":[{"embeddable":true,"href":"https:\/\/www.santai-ceramics.com\/de\/wp-json\/wp\/v2\/media\/953"}],"wp:attachment":[{"href":"https:\/\/www.santai-ceramics.com\/de\/wp-json\/wp\/v2\/media?parent=952"}],"wp:term":[{"taxonomy":"product_brand","embeddable":true,"href":"https:\/\/www.santai-ceramics.com\/de\/wp-json\/wp\/v2\/product_brand?post=952"},{"taxonomy":"product_cat","embeddable":true,"href":"https:\/\/www.santai-ceramics.com\/de\/wp-json\/wp\/v2\/product_cat?post=952"},{"taxonomy":"product_tag","embeddable":true,"href":"https:\/\/www.santai-ceramics.com\/de\/wp-json\/wp\/v2\/product_tag?post=952"}],"curies":[{"name":"wp","href":"https:\/\/api.w.org\/{rel}","templated":true}]}}