{"id":958,"date":"2024-10-19T07:33:12","date_gmt":"2024-10-19T07:33:12","guid":{"rendered":"https:\/\/www.santai-ceramics.com\/?post_type=product&#038;p=958"},"modified":"2025-06-12T23:26:17","modified_gmt":"2025-06-12T23:26:17","slug":"wholesale-customizable-lizard-ornament","status":"publish","type":"product","link":"https:\/\/www.santai-ceramics.com\/de\/product\/wholesale-customizable-lizard-ornament\/","title":{"rendered":"Gro\u00dfhandel anpassbare Eidechse Ornament f\u00fcr Home Decor, Bulk-Garten Eidechse Figurinen"},"content":{"rendered":"<h3 class=\"wp-block-heading\">Parameter der Eidechse Ornament<\/h3>\n\n\n\n<figure class=\"wp-block-table\"><table class=\"has-fixed-layout\"><tbody><tr><td>Modell<\/td><td>Produktname<\/td><td>Farbe<\/td><td>Material<\/td><td>Verwendet<\/td><td>Abmessungen<\/td><td>Gewicht<\/td><\/tr><tr><td>E37212-H889-A01<\/td><td>Eidechse Ornament<\/td><td>Antike Raue Gr\u00fcn<\/td><td>Harz<\/td><td>Wohnkultur, Wohnzimmer<\/td><td>31,5X17X8cm<\/td><td>0,7kg\/PC<\/td><\/tr><tr><td>E37212-H889-A02<\/td><td>Eidechse Ornament<\/td><td>Antike Raue Gr\u00fcn<\/td><td>Harz<\/td><td>Wohnkultur, Wohnzimmer<\/td><td>24,5X15X7cm<\/td><td>0,4kg\/PC<\/td><\/tr><\/tbody><\/table><\/figure>\n\n\n\n<h3 class=\"wp-block-heading\">Individueller Eidechsen-Ornament-Service<\/h3>\n\n\n\n<p>Wir bieten OEM- und ODM-Dienstleistungen f\u00fcr unsere Produkte an.<br>Eine schnelle Lieferung von Mustern ist m\u00f6glich.<br>Wir bieten eine Vielzahl von Formen, Farben, individuellem Druck, Verpackungen und anderen ma\u00dfgeschneiderten Dienstleistungen an, um Ihre speziellen Anforderungen zu erf\u00fcllen.<br><a style=\"\" href=\"https:\/\/www.santai-ceramics.com\/de\/custom\/\" data-type=\"page\" data-id=\"13\" target=\"_blank\" rel=\"noreferrer noopener\"><strong><b>Erfahren Sie mehr \u00fcber Custom<\/b> Eidechse Ornament Detail.<\/strong><\/a><\/p>\n\n\n\n<div class=\"wp-block-columns is-layout-flex wp-container-core-columns-is-layout-9d6595d7 wp-block-columns-is-layout-flex\">\n<div class=\"wp-block-column is-layout-flow wp-block-column-is-layout-flow\">\n<figure class=\"wp-block-image size-full\"><img decoding=\"async\" width=\"1500\" height=\"1249\" src=\"https:\/\/www.santai-ceramics.com\/wp-content\/uploads\/2024\/10\/Lizard-Ornament-4.jpg\" alt=\"Eidechse Ornament (4)\" class=\"wp-image-962\" srcset=\"https:\/\/www.santai-ceramics.com\/wp-content\/uploads\/2024\/10\/Lizard-Ornament-4.jpg 1500w, https:\/\/www.santai-ceramics.com\/wp-content\/uploads\/2024\/10\/Lizard-Ornament-4-300x250.jpg 300w, https:\/\/www.santai-ceramics.com\/wp-content\/uploads\/2024\/10\/Lizard-Ornament-4-768x639.jpg 768w, https:\/\/www.santai-ceramics.com\/wp-content\/uploads\/2024\/10\/Lizard-Ornament-4-1200x999.jpg 1200w, https:\/\/www.santai-ceramics.com\/wp-content\/uploads\/2024\/10\/Lizard-Ornament-4-600x500.jpg 600w\" sizes=\"(max-width: 1500px) 100vw, 1500px\" \/><\/figure>\n<\/div>\n\n\n\n<div class=\"wp-block-column is-layout-flow wp-block-column-is-layout-flow\">\n<figure class=\"wp-block-image size-full\"><img decoding=\"async\" width=\"1500\" height=\"1249\" src=\"https:\/\/www.santai-ceramics.com\/wp-content\/uploads\/2024\/10\/Lizard-Ornament-5.jpg\" alt=\"Eidechse Ornament (5)\" class=\"wp-image-963\" srcset=\"https:\/\/www.santai-ceramics.com\/wp-content\/uploads\/2024\/10\/Lizard-Ornament-5.jpg 1500w, https:\/\/www.santai-ceramics.com\/wp-content\/uploads\/2024\/10\/Lizard-Ornament-5-300x250.jpg 300w, https:\/\/www.santai-ceramics.com\/wp-content\/uploads\/2024\/10\/Lizard-Ornament-5-768x639.jpg 768w, https:\/\/www.santai-ceramics.com\/wp-content\/uploads\/2024\/10\/Lizard-Ornament-5-1200x999.jpg 1200w, https:\/\/www.santai-ceramics.com\/wp-content\/uploads\/2024\/10\/Lizard-Ornament-5-600x500.jpg 600w\" sizes=\"(max-width: 1500px) 100vw, 1500px\" \/><\/figure>\n<\/div>\n<\/div>","protected":false},"excerpt":{"rendered":"<p data-pm-slice=\"0 0 []\">Dieses individuell gestaltbare Eidechsenornament aus Harz zeigt die lebensechte Form und Details der Eidechse. Es eignet sich f\u00fcr die Gartendekoration oder die Dekoration im Innenbereich. Es gibt viele Gr\u00f6\u00dfen, aus denen Sie w\u00e4hlen k\u00f6nnen. <br \/>Und wir bieten ma\u00dfgeschneiderte L\u00f6sungen f\u00fcr Ornamente. Kunden k\u00f6nnen Tierschmuck nach ihren Bed\u00fcrfnissen anpassen, um die Dekoration Bed\u00fcrfnisse der verschiedenen Stile und Anl\u00e4sse zu erf\u00fcllen.\u00a0<\/p>\n<h2>Eigenschaften von Lizard Ornament<\/h2>\n<p><strong>Starke Artistik:<\/strong> Das Design dieses Eidechsen-Ornamenthandwerks konzentriert sich nicht nur auf Authentizit\u00e4t, sondern hat auch eine gewisse k\u00fcnstlerische Sch\u00f6nheit, mit glatten Linien und sch\u00f6nen Formen, und hat einen hohen ornamentalen Wert.<\/p>\n<p><strong>Reichhaltige Schichtung:<\/strong> Durch die Beschaffenheit des Harzmaterials werden die Textur und die Details auf der Oberfl\u00e4che des Eidechsenornaments reicher, wodurch eine visuelle Schichtung und Dreidimensionalit\u00e4t entsteht.<\/p>\n<p><strong>Geeignet f\u00fcr die Dekoration:<\/strong> Diese realistische und k\u00fcnstlerische Form ist sehr geeignet f\u00fcr die Anzeige als Dekoration in der Wohnung, im B\u00fcro oder an anderen Orten, die die k\u00fcnstlerische Atmosph\u00e4re der Umgebung hinzuf\u00fcgen k\u00f6nnen.<\/p>\n<p><strong>Hochwertiges Harzmaterial:<\/strong> Der Gro\u00dfhandel Eidechse Ornamente verwenden starke und dauerhafte Harz Material, das Verschlei\u00df und Kollision im t\u00e4glichen Gebrauch standhalten kann und ist nicht leicht zu besch\u00e4digen.<\/p>\n<p><strong>Kostenwirksamkeit:<\/strong> Im Vergleich zu einigen teuren Materialien sind die Kosten f\u00fcr Harz niedriger, die Produktionseffizienz ist hoch, und es hat einen Preisvorteil unter \u00e4hnlichen Produkten.<\/p>\n<p><strong>Anpassungsdienst:<\/strong> Als Hersteller von T\u00f6pferwaren f\u00fcr den Wohnbereich bietet SANTAI eine ma\u00dfgeschneiderte L\u00f6sung f\u00fcr Ornamente aus einer Hand, die von der Materialauswahl \u00fcber die Formgestaltung und Produktion bis hin zur Gro\u00dfserienfertigung und Lieferung reicht.<\/p>","protected":false},"featured_media":959,"comment_status":"closed","ping_status":"closed","template":"","meta":{"_acf_changed":false},"product_brand":[],"product_cat":[18,25,48],"product_tag":[32],"class_list":{"0":"post-958","1":"product","2":"type-product","3":"status-publish","4":"has-post-thumbnail","6":"product_cat-home-decor","7":"product_cat-animal-ornaments","8":"product_cat-wholesale-resin-animal-figurines","9":"product_tag-resin-animal-figurines","11":"first","12":"instock","13":"shipping-taxable","14":"product-type-simple"},"acf":[],"_links":{"self":[{"href":"https:\/\/www.santai-ceramics.com\/de\/wp-json\/wp\/v2\/product\/958","targetHints":{"allow":["GET"]}}],"collection":[{"href":"https:\/\/www.santai-ceramics.com\/de\/wp-json\/wp\/v2\/product"}],"about":[{"href":"https:\/\/www.santai-ceramics.com\/de\/wp-json\/wp\/v2\/types\/product"}],"replies":[{"embeddable":true,"href":"https:\/\/www.santai-ceramics.com\/de\/wp-json\/wp\/v2\/comments?post=958"}],"wp:featuredmedia":[{"embeddable":true,"href":"https:\/\/www.santai-ceramics.com\/de\/wp-json\/wp\/v2\/media\/959"}],"wp:attachment":[{"href":"https:\/\/www.santai-ceramics.com\/de\/wp-json\/wp\/v2\/media?parent=958"}],"wp:term":[{"taxonomy":"product_brand","embeddable":true,"href":"https:\/\/www.santai-ceramics.com\/de\/wp-json\/wp\/v2\/product_brand?post=958"},{"taxonomy":"product_cat","embeddable":true,"href":"https:\/\/www.santai-ceramics.com\/de\/wp-json\/wp\/v2\/product_cat?post=958"},{"taxonomy":"product_tag","embeddable":true,"href":"https:\/\/www.santai-ceramics.com\/de\/wp-json\/wp\/v2\/product_tag?post=958"}],"curies":[{"name":"wp","href":"https:\/\/api.w.org\/{rel}","templated":true}]}}