{"id":964,"date":"2024-10-19T08:28:55","date_gmt":"2024-10-19T08:28:55","guid":{"rendered":"https:\/\/www.santai-ceramics.com\/?post_type=product&#038;p=964"},"modified":"2025-06-12T23:26:09","modified_gmt":"2025-06-12T23:26:09","slug":"wholesale-resin-retro-goat-figurines","status":"publish","type":"product","link":"https:\/\/www.santai-ceramics.com\/de\/product\/wholesale-resin-retro-goat-figurines\/","title":{"rendered":"Gro\u00dfhandel Harz Retro Ziege Figuren f\u00fcr Haus, Garten und Bauernhof Dekor: Unterst\u00fctzung der Anpassung"},"content":{"rendered":"<h3 class=\"wp-block-heading\">Parameter der Ziegenfigur aus Harz<\/h3>\n\n\n\n<figure class=\"wp-block-table\"><table class=\"has-fixed-layout\"><tbody><tr><td>Modell<\/td><td>Produktname<\/td><td>Farbe<\/td><td>Material<\/td><td>Verwendet<\/td><td>Abmessungen<\/td><td>Gewicht<\/td><\/tr><tr><td>E37216-H856-A01<\/td><td>L\u00e4chelnde Ziege<\/td><td>Antike Raue Braun<\/td><td>Harz<\/td><td>Wohnkultur, Wohnzimmer<\/td><td>29X13X13,5cm<\/td><td>1.6kg\/PC<\/td><\/tr><tr><td>E37216-H856-A02<\/td><td>L\u00e4chelnde Ziege<\/td><td>Antike Raue Braun<\/td><td>Harz<\/td><td>Wohnkultur, Wohnzimmer<\/td><td>23,5X11X15cm<\/td><td>1kg\/PC<\/td><\/tr><\/tbody><\/table><\/figure>\n\n\n\n<h3 class=\"wp-block-heading\">Individueller Service f\u00fcr Ziegenfiguren aus Harz<\/h3>\n\n\n\n<p>Wir bieten OEM- und ODM-Dienstleistungen f\u00fcr unsere Produkte an.<br>Eine schnelle Lieferung von Mustern ist m\u00f6glich.<br>Wir bieten eine Vielzahl von Formen, Farben, individuellem Druck, Verpackungen und anderen ma\u00dfgeschneiderten Dienstleistungen an, um Ihre speziellen Anforderungen zu erf\u00fcllen.<br><a style=\"\" href=\"https:\/\/www.santai-ceramics.com\/de\/custom\/\" data-type=\"page\" data-id=\"13\" target=\"_blank\" rel=\"noreferrer noopener\"><strong><b>Erfahren Sie mehr \u00fcber Custom<\/b> Harz Ziege Figur Detail.<\/strong><\/a><\/p>\n\n\n\n<div class=\"wp-block-columns is-layout-flex wp-container-core-columns-is-layout-9d6595d7 wp-block-columns-is-layout-flex\">\n<div class=\"wp-block-column is-layout-flow wp-block-column-is-layout-flow\">\n<figure class=\"wp-block-image size-full\"><img decoding=\"async\" width=\"1500\" height=\"1249\" src=\"https:\/\/www.santai-ceramics.com\/wp-content\/uploads\/2024\/10\/wholesale-goat-figurines-5.jpg\" alt=\"Gro\u00dfhandel Ziegenfiguren (5)\" class=\"wp-image-971\" srcset=\"https:\/\/www.santai-ceramics.com\/wp-content\/uploads\/2024\/10\/wholesale-goat-figurines-5.jpg 1500w, https:\/\/www.santai-ceramics.com\/wp-content\/uploads\/2024\/10\/wholesale-goat-figurines-5-300x250.jpg 300w, https:\/\/www.santai-ceramics.com\/wp-content\/uploads\/2024\/10\/wholesale-goat-figurines-5-768x639.jpg 768w, https:\/\/www.santai-ceramics.com\/wp-content\/uploads\/2024\/10\/wholesale-goat-figurines-5-1200x999.jpg 1200w, https:\/\/www.santai-ceramics.com\/wp-content\/uploads\/2024\/10\/wholesale-goat-figurines-5-600x500.jpg 600w\" sizes=\"(max-width: 1500px) 100vw, 1500px\" \/><\/figure>\n<\/div>\n\n\n\n<div class=\"wp-block-column is-layout-flow wp-block-column-is-layout-flow\">\n<figure class=\"wp-block-image size-full\"><img decoding=\"async\" width=\"1500\" height=\"1250\" src=\"https:\/\/www.santai-ceramics.com\/wp-content\/uploads\/2024\/10\/goat-figurine-display-2.jpg\" alt=\"Ziegenfiguren-Display (2)\" class=\"wp-image-966\" srcset=\"https:\/\/www.santai-ceramics.com\/wp-content\/uploads\/2024\/10\/goat-figurine-display-2.jpg 1500w, https:\/\/www.santai-ceramics.com\/wp-content\/uploads\/2024\/10\/goat-figurine-display-2-300x250.jpg 300w, https:\/\/www.santai-ceramics.com\/wp-content\/uploads\/2024\/10\/goat-figurine-display-2-768x640.jpg 768w, https:\/\/www.santai-ceramics.com\/wp-content\/uploads\/2024\/10\/goat-figurine-display-2-1200x1000.jpg 1200w, https:\/\/www.santai-ceramics.com\/wp-content\/uploads\/2024\/10\/goat-figurine-display-2-600x500.jpg 600w\" sizes=\"(max-width: 1500px) 100vw, 1500px\" \/><\/figure>\n<\/div>\n<\/div>","protected":false},"excerpt":{"rendered":"<p data-pm-slice=\"0 0 []\">Diese Retro-Ziegenfigur ist aus hochwertigem Harzmaterial hergestellt, das langlebig und wasserdicht ist, zeigt die exquisiten Details und lebendigen Formen der Handschnitzerei, geeignet f\u00fcr Innen- und Au\u00dfenplatzierung und Hofplatzierung. Zwei Gr\u00f6\u00dfen k\u00f6nnen ausgew\u00e4hlt werden, die eine angemessene Anpassung an ein gutes Gef\u00fchl der Hierarchie zu schaffen.<br \/>Wir unterst\u00fctzen kundenspezifische Dienstleistungen, Kunden k\u00f6nnen verschiedene Gr\u00f6\u00dfen, Farben und Oberfl\u00e4chenbehandlungen w\u00e4hlen, um exklusive Tierornamente f\u00fcr spezifische dekorative Bed\u00fcrfnisse zu schaffen.<\/p>\n<h2>Eigenschaften von Harz Ziege Figur<\/h2>\n<p><strong>Design im Retro-Stil:<\/strong> Die besondere Handwerkskunst, die bei der Herstellung der Ziegenfigur verwendet wird, zeigt einen Retro-Look, der ihr ein Gef\u00fchl von Geschichte und Textur verleiht.<\/p>\n<p><strong>Langlebig:<\/strong> Die Ziegenfigur ist aus festem Harz gefertigt, wodurch diese Skulpturen sehr haltbar sind und ihre Form und Sch\u00f6nheit \u00fcber einen sehr langen Zeitraum beibehalten k\u00f6nnen.<\/p>\n<p><strong>Guter Dekorationseffekt:<\/strong> Diese Ziege Figur wird sehr geeignet f\u00fcr den Einsatz als Dekoration f\u00fcr entweder zu Hause oder im B\u00fcro zu verbessern kulturelle Atmosph\u00e4re und k\u00fcnstlerischen Geschmack.<\/p>\n<p><strong>Lebendige Form:<\/strong> Die Details der Ziegenfiguren sind sehr feinf\u00fchlig behandelt. Sei es die H\u00f6rner, Haare oder sogar Gesichtsz\u00fcge des Widders, sie sind alle so lebensecht. Mit einer solchen Feinheit in der Handwerkskunst, ist die Skulptur viel realistischer.<\/p>\n<p><strong>Ma\u00dfgeschneiderter Service:<\/strong> Als Hersteller von Heimdekoration bieten wir ma\u00dfgeschneiderte Dienstleistungen f\u00fcr Figuren an. Kunden k\u00f6nnen die Gr\u00f6\u00dfe, Farbe, Material und spezifische Form der Skulptur durch ihre Vorlieben und Bed\u00fcrfnisse w\u00e4hlen.<\/p>","protected":false},"featured_media":970,"comment_status":"closed","ping_status":"closed","template":"","meta":{"_acf_changed":false},"product_brand":[],"product_cat":[18,25,48],"product_tag":[32],"class_list":{"0":"post-964","1":"product","2":"type-product","3":"status-publish","4":"has-post-thumbnail","6":"product_cat-home-decor","7":"product_cat-animal-ornaments","8":"product_cat-wholesale-resin-animal-figurines","9":"product_tag-resin-animal-figurines","11":"first","12":"instock","13":"shipping-taxable","14":"product-type-simple"},"acf":[],"_links":{"self":[{"href":"https:\/\/www.santai-ceramics.com\/de\/wp-json\/wp\/v2\/product\/964","targetHints":{"allow":["GET"]}}],"collection":[{"href":"https:\/\/www.santai-ceramics.com\/de\/wp-json\/wp\/v2\/product"}],"about":[{"href":"https:\/\/www.santai-ceramics.com\/de\/wp-json\/wp\/v2\/types\/product"}],"replies":[{"embeddable":true,"href":"https:\/\/www.santai-ceramics.com\/de\/wp-json\/wp\/v2\/comments?post=964"}],"wp:featuredmedia":[{"embeddable":true,"href":"https:\/\/www.santai-ceramics.com\/de\/wp-json\/wp\/v2\/media\/970"}],"wp:attachment":[{"href":"https:\/\/www.santai-ceramics.com\/de\/wp-json\/wp\/v2\/media?parent=964"}],"wp:term":[{"taxonomy":"product_brand","embeddable":true,"href":"https:\/\/www.santai-ceramics.com\/de\/wp-json\/wp\/v2\/product_brand?post=964"},{"taxonomy":"product_cat","embeddable":true,"href":"https:\/\/www.santai-ceramics.com\/de\/wp-json\/wp\/v2\/product_cat?post=964"},{"taxonomy":"product_tag","embeddable":true,"href":"https:\/\/www.santai-ceramics.com\/de\/wp-json\/wp\/v2\/product_tag?post=964"}],"curies":[{"name":"wp","href":"https:\/\/api.w.org\/{rel}","templated":true}]}}