{"id":972,"date":"2024-10-19T09:04:15","date_gmt":"2024-10-19T09:04:15","guid":{"rendered":"https:\/\/www.santai-ceramics.com\/?post_type=product&#038;p=972"},"modified":"2025-06-12T23:25:59","modified_gmt":"2025-06-12T23:25:59","slug":"exquisite-wholesale-vintage-parrot-figurines","status":"publish","type":"product","link":"https:\/\/www.santai-ceramics.com\/de\/product\/exquisite-wholesale-vintage-parrot-figurines\/","title":{"rendered":"Exquisite Gro\u00dfhandel Vintage Papagei-Figuren: Einzigartige dekorative Sammlerst\u00fccke f\u00fcr Haus und Garten"},"content":{"rendered":"<h3 class=\"wp-block-heading\">Parameter des Gro\u00dfhandels Papagei Figuren<\/h3>\n\n\n\n<figure class=\"wp-block-table\"><table class=\"has-fixed-layout\"><tbody><tr><td>Modell<\/td><td>Produktname<\/td><td>Farbe<\/td><td>Material<\/td><td>Verwendet<\/td><td>Abmessungen<\/td><td>Gewicht<\/td><\/tr><tr><td>E37129-H885-A01<\/td><td>Gentleman-Papagei<\/td><td>Antike Raue Braun<\/td><td>Harz<\/td><td>Wohnkultur, Wohnzimmer<\/td><td>13,5X12X38cm<\/td><td>1.4kg\/PC<\/td><\/tr><\/tbody><\/table><\/figure>\n\n\n\n<h3 class=\"wp-block-heading\">Individueller Papagei-Figurenservice<\/h3>\n\n\n\n<p>Wir bieten OEM- und ODM-Dienstleistungen f\u00fcr unsere Produkte an.<br>Eine schnelle Lieferung von Mustern ist m\u00f6glich.<br>Wir bieten eine Vielzahl von Formen, Farben, individuellem Druck, Verpackungen und anderen ma\u00dfgeschneiderten Dienstleistungen an, um Ihre speziellen Anforderungen zu erf\u00fcllen.<br><a style=\"\" href=\"https:\/\/www.santai-ceramics.com\/de\/custom\/\" data-type=\"page\" data-id=\"13\" target=\"_blank\" rel=\"noreferrer noopener\"><strong><b>Erfahren Sie mehr \u00fcber Custom<\/b> vintage papagei figur detail.<\/strong><\/a><\/p>\n\n\n\n<div class=\"wp-block-columns is-layout-flex wp-container-core-columns-is-layout-9d6595d7 wp-block-columns-is-layout-flex\">\n<div class=\"wp-block-column is-layout-flow wp-block-column-is-layout-flow\">\n<figure class=\"wp-block-image size-full\"><img decoding=\"async\" width=\"1500\" height=\"1250\" src=\"https:\/\/www.santai-ceramics.com\/wp-content\/uploads\/2024\/10\/vintage-parrot-figurine-4.jpg\" alt=\"vintage papagei figur (4)\" class=\"wp-image-976\" srcset=\"https:\/\/www.santai-ceramics.com\/wp-content\/uploads\/2024\/10\/vintage-parrot-figurine-4.jpg 1500w, https:\/\/www.santai-ceramics.com\/wp-content\/uploads\/2024\/10\/vintage-parrot-figurine-4-300x250.jpg 300w, https:\/\/www.santai-ceramics.com\/wp-content\/uploads\/2024\/10\/vintage-parrot-figurine-4-768x640.jpg 768w, https:\/\/www.santai-ceramics.com\/wp-content\/uploads\/2024\/10\/vintage-parrot-figurine-4-1200x1000.jpg 1200w, https:\/\/www.santai-ceramics.com\/wp-content\/uploads\/2024\/10\/vintage-parrot-figurine-4-600x500.jpg 600w\" sizes=\"(max-width: 1500px) 100vw, 1500px\" \/><\/figure>\n<\/div>\n\n\n\n<div class=\"wp-block-column is-layout-flow wp-block-column-is-layout-flow\">\n<figure class=\"wp-block-image size-full\"><img decoding=\"async\" width=\"1500\" height=\"1250\" src=\"https:\/\/www.santai-ceramics.com\/wp-content\/uploads\/2024\/10\/vintage-parrot-figurine-5.jpg\" alt=\"vintage papageien figur (5)\" class=\"wp-image-977\" srcset=\"https:\/\/www.santai-ceramics.com\/wp-content\/uploads\/2024\/10\/vintage-parrot-figurine-5.jpg 1500w, https:\/\/www.santai-ceramics.com\/wp-content\/uploads\/2024\/10\/vintage-parrot-figurine-5-300x250.jpg 300w, https:\/\/www.santai-ceramics.com\/wp-content\/uploads\/2024\/10\/vintage-parrot-figurine-5-768x640.jpg 768w, https:\/\/www.santai-ceramics.com\/wp-content\/uploads\/2024\/10\/vintage-parrot-figurine-5-1200x1000.jpg 1200w, https:\/\/www.santai-ceramics.com\/wp-content\/uploads\/2024\/10\/vintage-parrot-figurine-5-600x500.jpg 600w\" sizes=\"(max-width: 1500px) 100vw, 1500px\" \/><\/figure>\n<\/div>\n<\/div>","protected":false},"excerpt":{"rendered":"<p>Entdecken Sie unsere einzigartige Sammlung von Gro\u00dfhandel Vintage Papagei Figuren, die jeweils aus hochwertigen Materialien hergestellt, um Haltbarkeit und einfache Wartung zu gew\u00e4hrleisten. Mit sorgf\u00e4ltiger Handwerkskunst und lebendige Farben, perfekt f\u00fcr jeden Stil der Innen-oder Au\u00dfenbereich Einstellung.<\/p>\n<p>Als Hersteller von keramischen Wohnaccessoires bieten wir B2B-K\u00e4ufern Unterst\u00fctzung bei der Individualisierung an. Wenn Sie genau die Gr\u00f6\u00dfe, die Farbe oder das Design erhalten, das Sie ben\u00f6tigen, k\u00f6nnen Sie die Attraktivit\u00e4t Ihrer Waren steigern und den Umsatz erh\u00f6hen. Kontaktieren Sie uns, um mehr \u00fcber unsere Produkte zu erfahren.<\/p>\n<h2>Eigenschaften von Gro\u00dfhandel Papagei Figuren<\/h2>\n<p><strong>Urspr\u00fcngliche Form:<\/strong> Wenn Sie die Papageienfigur auf einem Baumstumpf aufstellen, wirkt sie nat\u00fcrlich und harmonisch. Ein solches Design erh\u00f6ht nicht nur den dreidimensionalen Sinn der Skulptur, sondern macht sie auch lebendiger und interessanter.<\/p>\n<p><strong>Langlebigkeit:<\/strong> Diese Vintage-Papageienfigur ist aus hochwertigem Kunstharz gefertigt, das eine ausgezeichnete Haltbarkeit und Korrosionsbest\u00e4ndigkeit aufweist. Seine wasserfesten und witterungsbest\u00e4ndigen Eigenschaften sorgen daf\u00fcr, dass er unter verschiedenen Klimabedingungen sch\u00f6n wie neu bleibt.<\/p>\n<p><strong>Exquisite Handwerkskunst:<\/strong> Das Gefieder des Papageis ist sehr fein ausgearbeitet und hat einen nat\u00fcrlichen wei\u00dfen Farbton, was die Skulptur insgesamt noch k\u00fcnstlerischer und realistischer macht.<\/p>\n<p><strong>Kundenspezifische Dienstleistungen:<\/strong> Als f\u00fchrender Hersteller von Wohnaccessoires aus China bieten wir unbegrenzte Anpassungsm\u00f6glichkeiten, um Ihre individuellen Bed\u00fcrfnisse und Vorlieben zu erf\u00fcllen. Von spezifischen Gr\u00f6\u00dfen, Farben und Materialien bis hin zu einzigartigen Mustern - wir stellen sicher, dass jedes Produkt Ihren Erwartungen entspricht.<\/p>\n<p>&nbsp;<\/p>","protected":false},"featured_media":973,"comment_status":"closed","ping_status":"closed","template":"","meta":{"_acf_changed":false},"product_brand":[],"product_cat":[18,25,48],"product_tag":[32],"class_list":{"0":"post-972","1":"product","2":"type-product","3":"status-publish","4":"has-post-thumbnail","6":"product_cat-home-decor","7":"product_cat-animal-ornaments","8":"product_cat-wholesale-resin-animal-figurines","9":"product_tag-resin-animal-figurines","11":"first","12":"instock","13":"shipping-taxable","14":"product-type-simple"},"acf":[],"_links":{"self":[{"href":"https:\/\/www.santai-ceramics.com\/de\/wp-json\/wp\/v2\/product\/972","targetHints":{"allow":["GET"]}}],"collection":[{"href":"https:\/\/www.santai-ceramics.com\/de\/wp-json\/wp\/v2\/product"}],"about":[{"href":"https:\/\/www.santai-ceramics.com\/de\/wp-json\/wp\/v2\/types\/product"}],"replies":[{"embeddable":true,"href":"https:\/\/www.santai-ceramics.com\/de\/wp-json\/wp\/v2\/comments?post=972"}],"wp:featuredmedia":[{"embeddable":true,"href":"https:\/\/www.santai-ceramics.com\/de\/wp-json\/wp\/v2\/media\/973"}],"wp:attachment":[{"href":"https:\/\/www.santai-ceramics.com\/de\/wp-json\/wp\/v2\/media?parent=972"}],"wp:term":[{"taxonomy":"product_brand","embeddable":true,"href":"https:\/\/www.santai-ceramics.com\/de\/wp-json\/wp\/v2\/product_brand?post=972"},{"taxonomy":"product_cat","embeddable":true,"href":"https:\/\/www.santai-ceramics.com\/de\/wp-json\/wp\/v2\/product_cat?post=972"},{"taxonomy":"product_tag","embeddable":true,"href":"https:\/\/www.santai-ceramics.com\/de\/wp-json\/wp\/v2\/product_tag?post=972"}],"curies":[{"name":"wp","href":"https:\/\/api.w.org\/{rel}","templated":true}]}}