{"id":1007,"date":"2024-10-20T13:01:39","date_gmt":"2024-10-20T13:01:39","guid":{"rendered":"https:\/\/www.santai-ceramics.com\/?post_type=product&#038;p=1007"},"modified":"2025-06-05T10:14:35","modified_gmt":"2025-06-05T10:14:35","slug":"wholesale-customizable-vintage-plant-pot","status":"publish","type":"product","link":"https:\/\/www.santai-ceramics.com\/es\/product\/wholesale-customizable-vintage-plant-pot\/","title":{"rendered":"Mayorista Macetas Vintage Personalizables - SANTAI Alfareria Decoracion Hogar Fabricante"},"content":{"rendered":"<h3 class=\"wp-block-heading\">Par\u00e1metros de la maceta vintage personalizable<\/h3>\n\n\n\n<figure class=\"wp-block-table\"><table class=\"has-fixed-layout\"><tbody><tr><td>Modelo<\/td><td>Nombre del producto<\/td><td>Color<\/td><td>Material<\/td><td>Utiliza<\/td><td>Dimensiones<\/td><td>Peso<\/td><\/tr><tr><td>J37578-H910-A01<\/td><td>Macetero Vintage de fibrocemento&nbsp;<\/td><td>Antiguo Oscuro<\/td><td>Fibrocemento<\/td><td>decoracion,salon,jardin<\/td><td>P:33X45cm<\/td><td>7,2kg\/PC<\/td><\/tr><tr><td>J37578-H910-A02<\/td><td>Planta de fibrocemento<\/td><td>Antiguo Oscuro<\/td><td>Fibrocemento<\/td><td>decoracion,salon,jardin<\/td><td>P:28X38,5cm<\/td><td>5kg\/PC<\/td><\/tr><\/tbody><\/table><\/figure>\n\n\n\n<h3 class=\"wp-block-heading\">Servicio de macetas vintage personalizadas<\/h3>\n\n\n\n<p>Ofrecemos servicios OEM y ODM para nuestros productos.<br>Entrega r\u00e1pida de muestras.<br>Ofrecemos una gran variedad de formas, colores, impresi\u00f3n personalizada, envasado y otros servicios a medida para <strong>macetas a medida<\/strong> para satisfacer sus necesidades espec\u00edficas.<br><a style=\"\" href=\"https:\/\/www.santai-ceramics.com\/es\/custom\/\" data-type=\"page\" data-id=\"13\" target=\"_blank\" rel=\"noreferrer noopener\"><strong><b>M\u00e1s informaci\u00f3n<\/b> detalle de la maceta.<\/strong><\/a><\/p>\n\n\n\n<div class=\"wp-block-columns is-layout-flex wp-container-core-columns-is-layout-9d6595d7 wp-block-columns-is-layout-flex\">\n<div class=\"wp-block-column is-layout-flow wp-block-column-is-layout-flow\">\n<figure class=\"wp-block-image size-full\"><img decoding=\"async\" width=\"1500\" height=\"1249\" src=\"https:\/\/www.santai-ceramics.com\/wp-content\/uploads\/2024\/10\/customizable-vintage-plant-pot-2.webp\" alt=\"maceta vintage personalizable (2)\" class=\"wp-image-1009\" srcset=\"https:\/\/www.santai-ceramics.com\/wp-content\/uploads\/2024\/10\/customizable-vintage-plant-pot-2.webp 1500w, https:\/\/www.santai-ceramics.com\/wp-content\/uploads\/2024\/10\/customizable-vintage-plant-pot-2-300x250.webp 300w, https:\/\/www.santai-ceramics.com\/wp-content\/uploads\/2024\/10\/customizable-vintage-plant-pot-2-768x639.webp 768w, https:\/\/www.santai-ceramics.com\/wp-content\/uploads\/2024\/10\/customizable-vintage-plant-pot-2-1200x999.webp 1200w, https:\/\/www.santai-ceramics.com\/wp-content\/uploads\/2024\/10\/customizable-vintage-plant-pot-2-600x500.webp 600w\" sizes=\"(max-width: 1500px) 100vw, 1500px\" \/><\/figure>\n<\/div>\n\n\n\n<div class=\"wp-block-column is-layout-flow wp-block-column-is-layout-flow\">\n<figure class=\"wp-block-image size-full\"><img decoding=\"async\" width=\"1500\" height=\"1249\" src=\"https:\/\/www.santai-ceramics.com\/wp-content\/uploads\/2024\/10\/customizable-vintage-plant-pot-4.webp\" alt=\"maceta vintage personalizable (4)\" class=\"wp-image-1011\" srcset=\"https:\/\/www.santai-ceramics.com\/wp-content\/uploads\/2024\/10\/customizable-vintage-plant-pot-4.webp 1500w, https:\/\/www.santai-ceramics.com\/wp-content\/uploads\/2024\/10\/customizable-vintage-plant-pot-4-300x250.webp 300w, https:\/\/www.santai-ceramics.com\/wp-content\/uploads\/2024\/10\/customizable-vintage-plant-pot-4-768x639.webp 768w, https:\/\/www.santai-ceramics.com\/wp-content\/uploads\/2024\/10\/customizable-vintage-plant-pot-4-1200x999.webp 1200w, https:\/\/www.santai-ceramics.com\/wp-content\/uploads\/2024\/10\/customizable-vintage-plant-pot-4-600x500.webp 600w\" sizes=\"(max-width: 1500px) 100vw, 1500px\" \/><\/figure>\n<\/div>\n<\/div>","protected":false},"excerpt":{"rendered":"<p data-pm-slice=\"0 0 []\">Ofrecemos al por mayor macetas vintage personalizables en una variedad de tama\u00f1os, colores y materiales. Esta maceta vintage est\u00e1 hecho de textura de piedra natural a trav\u00e9s de la artesan\u00eda exquisita. Mayoristas, minoristas y empresas de decoraci\u00f3n de jardiner\u00eda son bienvenidos a contactarnos.<\/p>\n<h2>Caracter\u00edsticas de la maceta personalizable Vintage<\/h2>\n<p><strong>Dise\u00f1o \u00fanico:<\/strong> Esta maceta vintage est\u00e1 hecha de fibrocemento , con un procesamiento especial, puede formar una textura geom\u00e9trica compleja y una textura de piedra natural en la superficie de la maceta, a\u00f1adiendo un ambiente art\u00edstico a los lugares interiores y exteriores.<\/p>\n<p><strong>Versatilidad:<\/strong> Est\u00e1 bien dise\u00f1ado, por lo que no s\u00f3lo es adecuado para plantar plantas, sino tambi\u00e9n para decorar, realzando la belleza del espacio en su conjunto.<\/p>\n<p><strong>Salva el medio ambiente:<\/strong>Desde la fabricaci\u00f3n hasta la producci\u00f3n, se utilizaron procesos y materiales ecol\u00f3gicos. Garantiza que no se mezclen sustancias nocivas con la maceta y que sean m\u00e1s seguras y saludables para su uso a largo plazo.<\/p>\n<p><strong>Se adapta a muchos escenarios:<\/strong> Esta maceta personalizable tiene una buena durabilidad y se adapta bien a diversas condiciones clim\u00e1ticas exteriores, por lo que puede utilizarse en diferentes escenarios ambientales, en interiores como salones u oficinas, en exteriores como jardines o balcones, entre otros.<\/p>\n<p><strong>Servicios personalizados OEM y ODM:<\/strong> Disponemos de una amplia gama de opciones de materiales y procesos, como arcilla, cemento por colada, fibrocemento, cer\u00e1mica con esmalte, etc., para ayudar a los clientes a personalizar macetas exclusivas, adecuadas para mayoristas y minoristas.<\/p>","protected":false},"featured_media":1008,"comment_status":"closed","ping_status":"closed","template":"","meta":{"_acf_changed":false},"product_brand":[],"product_cat":[23,41,21,18],"product_tag":[],"class_list":{"0":"post-1007","1":"product","2":"type-product","3":"status-publish","4":"has-post-thumbnail","6":"product_cat-ceramic-pots-planters","7":"product_cat-wholesale-fiber-cement-plant-pots","8":"product_cat-garden-decor","9":"product_cat-home-decor","11":"first","12":"instock","13":"shipping-taxable","14":"product-type-simple"},"acf":[],"_links":{"self":[{"href":"https:\/\/www.santai-ceramics.com\/es\/wp-json\/wp\/v2\/product\/1007","targetHints":{"allow":["GET"]}}],"collection":[{"href":"https:\/\/www.santai-ceramics.com\/es\/wp-json\/wp\/v2\/product"}],"about":[{"href":"https:\/\/www.santai-ceramics.com\/es\/wp-json\/wp\/v2\/types\/product"}],"replies":[{"embeddable":true,"href":"https:\/\/www.santai-ceramics.com\/es\/wp-json\/wp\/v2\/comments?post=1007"}],"wp:featuredmedia":[{"embeddable":true,"href":"https:\/\/www.santai-ceramics.com\/es\/wp-json\/wp\/v2\/media\/1008"}],"wp:attachment":[{"href":"https:\/\/www.santai-ceramics.com\/es\/wp-json\/wp\/v2\/media?parent=1007"}],"wp:term":[{"taxonomy":"product_brand","embeddable":true,"href":"https:\/\/www.santai-ceramics.com\/es\/wp-json\/wp\/v2\/product_brand?post=1007"},{"taxonomy":"product_cat","embeddable":true,"href":"https:\/\/www.santai-ceramics.com\/es\/wp-json\/wp\/v2\/product_cat?post=1007"},{"taxonomy":"product_tag","embeddable":true,"href":"https:\/\/www.santai-ceramics.com\/es\/wp-json\/wp\/v2\/product_tag?post=1007"}],"curies":[{"name":"wp","href":"https:\/\/api.w.org\/{rel}","templated":true}]}}