{"id":1014,"date":"2024-10-20T14:16:49","date_gmt":"2024-10-20T14:16:49","guid":{"rendered":"https:\/\/www.santai-ceramics.com\/?post_type=product&#038;p=1014"},"modified":"2025-06-05T10:14:08","modified_gmt":"2025-06-05T10:14:08","slug":"custom-large-vintage-art-deco-plant-pot","status":"publish","type":"product","link":"https:\/\/www.santai-ceramics.com\/es\/product\/custom-large-vintage-art-deco-plant-pot\/","title":{"rendered":"Macetero Art Dec\u00f3 Vintage grande personalizado: dise\u00f1os \u00fanicos para una decoraci\u00f3n elegante de interior y exterior"},"content":{"rendered":"<h3 class=\"wp-block-heading\">Par\u00e1metros de la maceta Art D\u00e9co<\/h3>\n\n\n\n<figure class=\"wp-block-table\"><table class=\"has-fixed-layout\"><tbody><tr><td>Modelo<\/td><td>Nombre del producto<\/td><td>Color<\/td><td>Material<\/td><td>Utiliza<\/td><td>Dimensiones<\/td><td>Peso<\/td><\/tr><tr><td>J37579-H911-A01<\/td><td>Jardinera de fibrocemento&nbsp;<\/td><td>Violeta oscuro antiguo<\/td><td>Fibrocemento<\/td><td>decoracion,salon,jardin<\/td><td>P:32,5X47,5cm<\/td><td>6,9 kg\/PC<\/td><\/tr><tr><td>J37579-H911-A02<\/td><td>Jardinera de fibrocemento&nbsp;<\/td><td>Violeta oscuro antiguo<\/td><td>Fibrocemento<\/td><td>decoracion,salon,jardin<\/td><td>P:29X39cm<\/td><td>5,6 kg\/PC<\/td><\/tr><\/tbody><\/table><\/figure>\n\n\n\n<h3 class=\"wp-block-heading\">Servicio de macetas a medida<\/h3>\n\n\n\n<p>Ofrecemos servicios OEM y ODM para nuestros productos.<br>Entrega r\u00e1pida de muestras.<br>Ofrecemos una gran variedad de formas, colores, impresi\u00f3n personalizada, embalaje y otros servicios a medida para satisfacer sus necesidades espec\u00edficas.<br><a style=\"\" href=\"https:\/\/www.santai-ceramics.com\/es\/custom\/\" data-type=\"page\" data-id=\"13\" target=\"_blank\" rel=\"noreferrer noopener\"><strong><b>M\u00e1s informaci\u00f3n<\/b> detalle de la maceta.<\/strong><\/a><\/p>\n\n\n\n<div class=\"wp-block-columns is-layout-flex wp-container-core-columns-is-layout-9d6595d7 wp-block-columns-is-layout-flex\">\n<div class=\"wp-block-column is-layout-flow wp-block-column-is-layout-flow\">\n<figure class=\"wp-block-image size-full\"><img decoding=\"async\" width=\"1500\" height=\"1249\" src=\"https:\/\/www.santai-ceramics.com\/wp-content\/uploads\/2024\/10\/art-deco-plant-pot-3.jpg\" alt=\"maceta art deco (3)\" class=\"wp-image-1017\" srcset=\"https:\/\/www.santai-ceramics.com\/wp-content\/uploads\/2024\/10\/art-deco-plant-pot-3.jpg 1500w, https:\/\/www.santai-ceramics.com\/wp-content\/uploads\/2024\/10\/art-deco-plant-pot-3-300x250.jpg 300w, https:\/\/www.santai-ceramics.com\/wp-content\/uploads\/2024\/10\/art-deco-plant-pot-3-768x639.jpg 768w, https:\/\/www.santai-ceramics.com\/wp-content\/uploads\/2024\/10\/art-deco-plant-pot-3-1200x999.jpg 1200w, https:\/\/www.santai-ceramics.com\/wp-content\/uploads\/2024\/10\/art-deco-plant-pot-3-600x500.jpg 600w\" sizes=\"(max-width: 1500px) 100vw, 1500px\" \/><\/figure>\n<\/div>\n\n\n\n<div class=\"wp-block-column is-layout-flow wp-block-column-is-layout-flow\">\n<figure class=\"wp-block-image size-full\"><img decoding=\"async\" width=\"1500\" height=\"1250\" src=\"https:\/\/www.santai-ceramics.com\/wp-content\/uploads\/2024\/10\/art-deco-plant-pot-4.jpg\" alt=\"maceta art deco (4)\" class=\"wp-image-1018\" srcset=\"https:\/\/www.santai-ceramics.com\/wp-content\/uploads\/2024\/10\/art-deco-plant-pot-4.jpg 1500w, https:\/\/www.santai-ceramics.com\/wp-content\/uploads\/2024\/10\/art-deco-plant-pot-4-300x250.jpg 300w, https:\/\/www.santai-ceramics.com\/wp-content\/uploads\/2024\/10\/art-deco-plant-pot-4-768x640.jpg 768w, https:\/\/www.santai-ceramics.com\/wp-content\/uploads\/2024\/10\/art-deco-plant-pot-4-1200x1000.jpg 1200w, https:\/\/www.santai-ceramics.com\/wp-content\/uploads\/2024\/10\/art-deco-plant-pot-4-600x500.jpg 600w\" sizes=\"(max-width: 1500px) 100vw, 1500px\" \/><\/figure>\n<\/div>\n<\/div>","protected":false},"excerpt":{"rendered":"<p data-pm-slice=\"0 0 []\">Art Deco Plant Pot venta directa de f\u00e1brica, esta maceta personalizable cuenta con un dise\u00f1o retro, que combina a la perfecci\u00f3n elegancia y practicidad. Hecho de materiales de fibrocemento de alta calidad, garantiza durabilidad y practicidad, por lo que es una opci\u00f3n ideal para los entusiastas de la jardiner\u00eda y los clientes comerciales.<\/p>\n<h2>Caracter\u00edsticas de la maceta Art Dec\u00f3<\/h2>\n<p><strong>Imitaci\u00f3n de la textura de la piedra natural:<\/strong> La superficie de esta maceta art dec\u00f3 tiene una textura rugosa \u00fanica, que muestra la sencillez y la textura de la piedra natural. Esta textura y tacto naturales no solo a\u00f1aden autenticidad al producto, sino que tambi\u00e9n son perfectos para los aficionados a la jardiner\u00eda que persiguen la belleza natural.\u00a0<\/p>\n<p><strong>Estilo retro:<\/strong> El dise\u00f1o de apariencia \u00fanica incorpora un fuerte estilo retro, mostrando una belleza cl\u00e1sica. Tanto en hogares modernos como en decoraciones cl\u00e1sicas, puede integrarse f\u00e1cilmente para realzar el estilo y la atm\u00f3sfera del espacio.\u00a0<\/p>\n<p><strong>Fuerte sentido del arte:<\/strong> La textura irregular y la superficie moteada a\u00f1aden una fuerte atm\u00f3sfera art\u00edstica a la maceta vintage, d\u00e1ndole un encanto \u00fanico como una obra de arte, adecuada para jardines, patios y decoraci\u00f3n de interiores.\u00a0<\/p>\n<p><strong>Estructura estable:<\/strong> Nuestra maceta adopta un dise\u00f1o de forma pesada y s\u00f3lida, y su estabilidad garantiza un entorno de crecimiento seguro para las plantas. Su buena durabilidad le permite mantener un buen estado durante mucho tiempo en condiciones de exterior, resistencia al viento y al sol, asegurando que sus plantas prosperen en diversas condiciones clim\u00e1ticas.<\/p>\n<p><strong>Servicio de macetas personalizadas OEM y ODM:<\/strong> Ofrecemos servicios flexibles de OEM y ODM de macetas personalizadas. Disponemos de una amplia gama de materiales y procesos, como cemento colado, fibrocemento y arcilla. Si necesita un tama\u00f1o espec\u00edfico, color o textura \u00fanica, nuestro equipo puede ayudarle a crear una maceta personalizada \u00fanica.<\/p>","protected":false},"featured_media":1015,"comment_status":"closed","ping_status":"closed","template":"","meta":{"_acf_changed":false},"product_brand":[],"product_cat":[18,41,21,23],"product_tag":[40],"class_list":{"0":"post-1014","1":"product","2":"type-product","3":"status-publish","4":"has-post-thumbnail","6":"product_cat-home-decor","7":"product_cat-wholesale-fiber-cement-plant-pots","8":"product_cat-garden-decor","9":"product_cat-ceramic-pots-planters","10":"product_tag-cement-flower-pot","12":"first","13":"instock","14":"shipping-taxable","15":"product-type-simple"},"acf":[],"_links":{"self":[{"href":"https:\/\/www.santai-ceramics.com\/es\/wp-json\/wp\/v2\/product\/1014","targetHints":{"allow":["GET"]}}],"collection":[{"href":"https:\/\/www.santai-ceramics.com\/es\/wp-json\/wp\/v2\/product"}],"about":[{"href":"https:\/\/www.santai-ceramics.com\/es\/wp-json\/wp\/v2\/types\/product"}],"replies":[{"embeddable":true,"href":"https:\/\/www.santai-ceramics.com\/es\/wp-json\/wp\/v2\/comments?post=1014"}],"wp:featuredmedia":[{"embeddable":true,"href":"https:\/\/www.santai-ceramics.com\/es\/wp-json\/wp\/v2\/media\/1015"}],"wp:attachment":[{"href":"https:\/\/www.santai-ceramics.com\/es\/wp-json\/wp\/v2\/media?parent=1014"}],"wp:term":[{"taxonomy":"product_brand","embeddable":true,"href":"https:\/\/www.santai-ceramics.com\/es\/wp-json\/wp\/v2\/product_brand?post=1014"},{"taxonomy":"product_cat","embeddable":true,"href":"https:\/\/www.santai-ceramics.com\/es\/wp-json\/wp\/v2\/product_cat?post=1014"},{"taxonomy":"product_tag","embeddable":true,"href":"https:\/\/www.santai-ceramics.com\/es\/wp-json\/wp\/v2\/product_tag?post=1014"}],"curies":[{"name":"wp","href":"https:\/\/api.w.org\/{rel}","templated":true}]}}