{"id":1498,"date":"2024-12-02T15:19:13","date_gmt":"2024-12-02T15:19:13","guid":{"rendered":"https:\/\/www.santai-ceramics.com\/?post_type=product&#038;p=1498"},"modified":"2025-02-02T14:41:19","modified_gmt":"2025-02-02T14:41:19","slug":"wholesale-ceramic-decorative-flat-vases","status":"publish","type":"product","link":"https:\/\/www.santai-ceramics.com\/es\/product\/wholesale-ceramic-decorative-flat-vases\/","title":{"rendered":"Mayorista Jarrones Planos Decorativos de Cer\u00e1mica para Decoraci\u00f3n de Hogar y Oficina - SANTAi Fabricante de Jarrones de Cer\u00e1mica"},"content":{"rendered":"<h3 class=\"wp-block-heading\">Par\u00e1metros del jarr\u00f3n plano decorativo de cer\u00e1mica<\/h3>\n\n\n\n<figure class=\"wp-block-table\"><table class=\"has-fixed-layout\"><tbody><tr><td>Modelo<\/td><td>Nombre del producto<\/td><td>Color<\/td><td>Material<\/td><td>Utiliza<\/td><td>Dimensiones<\/td><td>Peso<\/td><\/tr><tr><td>A32066-LC17-A01<\/td><td>Florero de cer\u00e1mica<\/td><td>Marr\u00f3n elegante<\/td><td>Cer\u00e1mica<\/td><td>decoraci\u00f3n,sal\u00f3n<\/td><td>25X13.5X22.5<\/td><td>1,5 kg\/unidad<\/td><\/tr><\/tbody><\/table><\/figure>\n\n\n\n<h3 class=\"wp-block-heading\">Servicio de floreros de cer\u00e1mica personalizados<\/h3>\n\n\n\n<p>Ofrecemos servicios OEM y ODM para nuestros productos.<br>Entrega r\u00e1pida de muestras.<br>Ofrecemos una gran variedad de formas, colores, impresi\u00f3n personalizada, embalaje y otros servicios a medida para satisfacer sus necesidades espec\u00edficas.<br><a style=\"\" href=\"https:\/\/www.santai-ceramics.com\/es\/custom\/\" data-type=\"page\" data-id=\"13\" target=\"_blank\" rel=\"noreferrer noopener\"><strong><b>M\u00e1s informaci\u00f3n<\/b> detalle de cer\u00e1mica.<\/strong><\/a><\/p>\n\n\n\n<div class=\"wp-block-columns is-layout-flex wp-container-core-columns-is-layout-9d6595d7 wp-block-columns-is-layout-flex\">\n<div class=\"wp-block-column is-layout-flow wp-block-column-is-layout-flow\">\n<figure class=\"wp-block-image size-full\"><img decoding=\"async\" width=\"1500\" height=\"1249\" src=\"https:\/\/www.santai-ceramics.com\/wp-content\/uploads\/2024\/12\/Ceramic-Decorative-Flat-Vase-3.jpg\" alt=\"Jarr\u00f3n plano decorativo de cer\u00e1mica (3)\" class=\"wp-image-1501\" srcset=\"https:\/\/www.santai-ceramics.com\/wp-content\/uploads\/2024\/12\/Ceramic-Decorative-Flat-Vase-3.jpg 1500w, https:\/\/www.santai-ceramics.com\/wp-content\/uploads\/2024\/12\/Ceramic-Decorative-Flat-Vase-3-300x250.jpg 300w, https:\/\/www.santai-ceramics.com\/wp-content\/uploads\/2024\/12\/Ceramic-Decorative-Flat-Vase-3-768x639.jpg 768w, https:\/\/www.santai-ceramics.com\/wp-content\/uploads\/2024\/12\/Ceramic-Decorative-Flat-Vase-3-14x12.jpg 14w, https:\/\/www.santai-ceramics.com\/wp-content\/uploads\/2024\/12\/Ceramic-Decorative-Flat-Vase-3-1200x999.jpg 1200w, https:\/\/www.santai-ceramics.com\/wp-content\/uploads\/2024\/12\/Ceramic-Decorative-Flat-Vase-3-600x500.jpg 600w\" sizes=\"(max-width: 1500px) 100vw, 1500px\" \/><\/figure>\n<\/div>\n\n\n\n<div class=\"wp-block-column is-layout-flow wp-block-column-is-layout-flow\">\n<figure class=\"wp-block-image size-full\"><img decoding=\"async\" width=\"1500\" height=\"1250\" src=\"https:\/\/www.santai-ceramics.com\/wp-content\/uploads\/2024\/12\/Ceramic-Decorative-Flat-Vase-4.jpg\" alt=\"Jarr\u00f3n plano decorativo de cer\u00e1mica (4)\" class=\"wp-image-1502\" srcset=\"https:\/\/www.santai-ceramics.com\/wp-content\/uploads\/2024\/12\/Ceramic-Decorative-Flat-Vase-4.jpg 1500w, https:\/\/www.santai-ceramics.com\/wp-content\/uploads\/2024\/12\/Ceramic-Decorative-Flat-Vase-4-300x250.jpg 300w, https:\/\/www.santai-ceramics.com\/wp-content\/uploads\/2024\/12\/Ceramic-Decorative-Flat-Vase-4-768x640.jpg 768w, https:\/\/www.santai-ceramics.com\/wp-content\/uploads\/2024\/12\/Ceramic-Decorative-Flat-Vase-4-14x12.jpg 14w, https:\/\/www.santai-ceramics.com\/wp-content\/uploads\/2024\/12\/Ceramic-Decorative-Flat-Vase-4-1200x1000.jpg 1200w, https:\/\/www.santai-ceramics.com\/wp-content\/uploads\/2024\/12\/Ceramic-Decorative-Flat-Vase-4-600x500.jpg 600w\" sizes=\"(max-width: 1500px) 100vw, 1500px\" \/><\/figure>\n<\/div>\n<\/div>","protected":false},"excerpt":{"rendered":"<p data-pm-slice=\"0 0 []\">Jarr\u00f3n de cer\u00e1mica al por mayor, dise\u00f1o plano \u00fanico, combinaci\u00f3n perfecta de simplicidad moderna y arte elegante. Este jarr\u00f3n plano de cer\u00e1mica es adecuado para arreglos florales, y tambi\u00e9n se puede utilizar como decoraci\u00f3n independiente. Es una opci\u00f3n ideal para el hogar, la oficina o la decoraci\u00f3n comercial. Ofrecemos servicio de jarr\u00f3n de cer\u00e1mica OEM y ODM, p\u00f3ngase en contacto con nosotros para obtener un presupuesto de f\u00e1brica.<\/p>\n<h2>Caracter\u00edsticas del jarr\u00f3n plano decorativo de cer\u00e1mica<\/h2>\n<p><strong>Tono natural:<\/strong> Este jarr\u00f3n plano tiene un bonito aspecto marr\u00f3n, que puede a\u00f1adir una sensaci\u00f3n de calidez al espacio y combinarse con flores de varios colores para crear un excelente espacio decorativo.<\/p>\n<p><strong>Esmalte exquisito:<\/strong> Este jarr\u00f3n plano de cer\u00e1mica tiene un suave esmalte en la superficie, que le da un toque de brillo. Es bonito y pr\u00e1ctico a la vez. Adem\u00e1s de bonito, es resistente a las manchas.<\/p>\n<p><strong>Valor cultural:<\/strong> El dise\u00f1o de este jarr\u00f3n se inspira en los jarrones chinos tradicionales, lo que puede aportar encanto cultural al entorno dom\u00e9stico y es adecuado para que los usuarios creen un espacio decorativo de belleza cl\u00e1sica.<\/p>\n<p><strong>Rendimiento de alto coste:<\/strong> Como fabricante de jarrones de cer\u00e1mica, ofrecemos jarrones de cer\u00e1mica al por mayor a precios de f\u00e1brica, que es adecuado para compras al por mayor y es una opci\u00f3n ideal para tiendas de hogar y mayoristas.<\/p>\n<p><strong>Soluci\u00f3n de jarr\u00f3n a medida:<\/strong> Proporcionamos una soluci\u00f3n integral de floreros personalizados, que incluye diversas opciones de materiales, dise\u00f1o flexible de tama\u00f1os y formas, personalizaci\u00f3n de patrones exquisitos, etc.<\/p>","protected":false},"featured_media":1500,"comment_status":"closed","ping_status":"closed","template":"","meta":{"_acf_changed":false},"product_brand":[],"product_cat":[18,22],"product_tag":[34],"class_list":{"0":"post-1498","1":"product","2":"type-product","3":"status-publish","4":"has-post-thumbnail","6":"product_cat-home-decor","7":"product_cat-vase","8":"product_tag-ceramic-vase","10":"first","11":"instock","12":"shipping-taxable","13":"product-type-simple"},"acf":[],"_links":{"self":[{"href":"https:\/\/www.santai-ceramics.com\/es\/wp-json\/wp\/v2\/product\/1498","targetHints":{"allow":["GET"]}}],"collection":[{"href":"https:\/\/www.santai-ceramics.com\/es\/wp-json\/wp\/v2\/product"}],"about":[{"href":"https:\/\/www.santai-ceramics.com\/es\/wp-json\/wp\/v2\/types\/product"}],"replies":[{"embeddable":true,"href":"https:\/\/www.santai-ceramics.com\/es\/wp-json\/wp\/v2\/comments?post=1498"}],"wp:featuredmedia":[{"embeddable":true,"href":"https:\/\/www.santai-ceramics.com\/es\/wp-json\/wp\/v2\/media\/1500"}],"wp:attachment":[{"href":"https:\/\/www.santai-ceramics.com\/es\/wp-json\/wp\/v2\/media?parent=1498"}],"wp:term":[{"taxonomy":"product_brand","embeddable":true,"href":"https:\/\/www.santai-ceramics.com\/es\/wp-json\/wp\/v2\/product_brand?post=1498"},{"taxonomy":"product_cat","embeddable":true,"href":"https:\/\/www.santai-ceramics.com\/es\/wp-json\/wp\/v2\/product_cat?post=1498"},{"taxonomy":"product_tag","embeddable":true,"href":"https:\/\/www.santai-ceramics.com\/es\/wp-json\/wp\/v2\/product_tag?post=1498"}],"curies":[{"name":"wp","href":"https:\/\/api.w.org\/{rel}","templated":true}]}}