{"id":1507,"date":"2024-12-03T15:41:44","date_gmt":"2024-12-03T15:41:44","guid":{"rendered":"https:\/\/www.santai-ceramics.com\/?post_type=product&#038;p=1507"},"modified":"2025-02-02T14:40:55","modified_gmt":"2025-02-02T14:40:55","slug":"wholesale-chinese-classical-patterned-ceramic-vase","status":"publish","type":"product","link":"https:\/\/www.santai-ceramics.com\/es\/product\/wholesale-chinese-classical-patterned-ceramic-vase\/","title":{"rendered":"Mayorista Jarr\u00f3n de Cer\u00e1mica Cl\u00e1sico Chino, Elegante Jarr\u00f3n Tradicional para Decoraci\u00f3n del Hogar"},"content":{"rendered":"<h3 class=\"wp-block-heading\">Par\u00e1metros del jarr\u00f3n de cer\u00e1mica con motivos cl\u00e1sicos<\/h3>\n\n\n\n<figure class=\"wp-block-table\"><table class=\"has-fixed-layout\"><tbody><tr><td>Modelo<\/td><td>Nombre del producto<\/td><td>Color<\/td><td>Material<\/td><td>Utiliza<\/td><td>Dimensiones<\/td><td>Peso<\/td><\/tr><tr><td>A32067-LC17-A01<\/td><td>Florero de cer\u00e1mica<\/td><td>Marr\u00f3n elegante<\/td><td>Cer\u00e1mica<\/td><td>decoraci\u00f3n,sal\u00f3n<\/td><td>30X16X18.5<\/td><td>2,1 kg\/unidad<\/td><\/tr><\/tbody><\/table><\/figure>\n\n\n\n<h3 class=\"wp-block-heading\">Servicio de floreros de cer\u00e1mica personalizados<\/h3>\n\n\n\n<p>Ofrecemos servicios OEM y ODM para nuestros productos.<br>Entrega r\u00e1pida de muestras.<br>Ofrecemos una gran variedad de formas, colores, impresi\u00f3n personalizada, embalaje y otros servicios a medida para satisfacer sus necesidades espec\u00edficas.<br><a style=\"\" href=\"https:\/\/www.santai-ceramics.com\/es\/custom\/\" data-type=\"page\" data-id=\"13\" target=\"_blank\" rel=\"noreferrer noopener\"><strong><b>M\u00e1s informaci\u00f3n<\/b> Detalle del jarr\u00f3n.<\/strong><\/a><\/p>\n\n\n\n<div class=\"wp-block-columns is-layout-flex wp-container-core-columns-is-layout-9d6595d7 wp-block-columns-is-layout-flex\">\n<div class=\"wp-block-column is-layout-flow wp-block-column-is-layout-flow\">\n<figure class=\"wp-block-image size-full\"><img decoding=\"async\" width=\"1500\" height=\"1250\" src=\"https:\/\/www.santai-ceramics.com\/wp-content\/uploads\/2024\/12\/Chinese-Classical-Patterned-Ceramic-Vase-1-1.jpg\" alt=\"Jarr\u00f3n de cer\u00e1mica con motivos cl\u00e1sicos chinos (1)\" class=\"wp-image-1512\" srcset=\"https:\/\/www.santai-ceramics.com\/wp-content\/uploads\/2024\/12\/Chinese-Classical-Patterned-Ceramic-Vase-1-1.jpg 1500w, https:\/\/www.santai-ceramics.com\/wp-content\/uploads\/2024\/12\/Chinese-Classical-Patterned-Ceramic-Vase-1-1-300x250.jpg 300w, https:\/\/www.santai-ceramics.com\/wp-content\/uploads\/2024\/12\/Chinese-Classical-Patterned-Ceramic-Vase-1-1-768x640.jpg 768w, https:\/\/www.santai-ceramics.com\/wp-content\/uploads\/2024\/12\/Chinese-Classical-Patterned-Ceramic-Vase-1-1-14x12.jpg 14w, https:\/\/www.santai-ceramics.com\/wp-content\/uploads\/2024\/12\/Chinese-Classical-Patterned-Ceramic-Vase-1-1-1200x1000.jpg 1200w, https:\/\/www.santai-ceramics.com\/wp-content\/uploads\/2024\/12\/Chinese-Classical-Patterned-Ceramic-Vase-1-1-600x500.jpg 600w\" sizes=\"(max-width: 1500px) 100vw, 1500px\" \/><\/figure>\n<\/div>\n\n\n\n<div class=\"wp-block-column is-layout-flow wp-block-column-is-layout-flow\">\n<figure class=\"wp-block-image size-full\"><img decoding=\"async\" width=\"1500\" height=\"1250\" src=\"https:\/\/www.santai-ceramics.com\/wp-content\/uploads\/2024\/12\/Chinese-Classical-Patterned-Ceramic-Vase-2-1.jpg\" alt=\"Jarr\u00f3n de cer\u00e1mica con motivos cl\u00e1sicos chinos (2)\" class=\"wp-image-1514\" srcset=\"https:\/\/www.santai-ceramics.com\/wp-content\/uploads\/2024\/12\/Chinese-Classical-Patterned-Ceramic-Vase-2-1.jpg 1500w, https:\/\/www.santai-ceramics.com\/wp-content\/uploads\/2024\/12\/Chinese-Classical-Patterned-Ceramic-Vase-2-1-300x250.jpg 300w, https:\/\/www.santai-ceramics.com\/wp-content\/uploads\/2024\/12\/Chinese-Classical-Patterned-Ceramic-Vase-2-1-768x640.jpg 768w, https:\/\/www.santai-ceramics.com\/wp-content\/uploads\/2024\/12\/Chinese-Classical-Patterned-Ceramic-Vase-2-1-14x12.jpg 14w, https:\/\/www.santai-ceramics.com\/wp-content\/uploads\/2024\/12\/Chinese-Classical-Patterned-Ceramic-Vase-2-1-1200x1000.jpg 1200w, https:\/\/www.santai-ceramics.com\/wp-content\/uploads\/2024\/12\/Chinese-Classical-Patterned-Ceramic-Vase-2-1-600x500.jpg 600w\" sizes=\"(max-width: 1500px) 100vw, 1500px\" \/><\/figure>\n<\/div>\n<\/div>","protected":false},"excerpt":{"rendered":"<p data-pm-slice=\"0 0 []\">Los jarrones de cer\u00e1mica cl\u00e1sicos al por mayor, hechos de arcilla natural, tienen una textura y un color de esmalte \u00fanicos, un dise\u00f1o chino y una forma \u00fanica. Este jarr\u00f3n cl\u00e1sico puede integrarse perfectamente con una gran variedad de estilos de hogar. Puede utilizarse como decoraci\u00f3n art\u00edstica independiente o para arreglos florales. Ofrecemos servicios profesionales de venta al por mayor y personalizaci\u00f3n de jarrones de cer\u00e1mica, p\u00f3ngase en contacto con nosotros.<\/p>\n<h2>Caracter\u00edsticas del jarr\u00f3n de cer\u00e1mica con motivos cl\u00e1sicos<\/h2>\n<p><strong>Dise\u00f1o cl\u00e1sico chino:<\/strong> El jarr\u00f3n cl\u00e1sico adopta patrones tradicionales chinos, integrando ricos elementos culturales y expresiones art\u00edsticas, mostrando una profunda est\u00e9tica china.<\/p>\n<p><strong>F\u00e1cil de combinar:<\/strong> Este jarr\u00f3n de cer\u00e1mica con motivos cl\u00e1sicos puede integrarse perfectamente con diversos estilos de hogar, a\u00f1adiendo una atm\u00f3sfera art\u00edstica \u00fanica a la decoraci\u00f3n de muebles de estilo sencillo y tradicional.<\/p>\n<p><strong>Duradero y bonito:<\/strong> Este jarr\u00f3n cl\u00e1sico est\u00e1 hecho de arcilla natural y cocido a alta temperatura para garantizar su durabilidad y brillo.<\/p>\n<p><strong>Materiales de alta calidad:<\/strong> Seleccionando arcilla de alta calidad y fabricado a trav\u00e9s de una exquisita artesan\u00eda, este jarr\u00f3n de cer\u00e1mica con motivos cl\u00e1sicos tiene una superficie lisa, buen tacto, resistente al desgaste y duradero, y puede mantener un brillo perfecto incluso despu\u00e9s de un uso prolongado.<\/p>\n<p><strong>Servicio OEM y ODM:<\/strong> Como fabricante de cer\u00e1mica para decoraci\u00f3n del hogar, ofrecemos servicios de personalizaci\u00f3n oem y odm para pedidos de gran volumen, que abarcan materiales personalizados, formas, tama\u00f1os y mucho m\u00e1s.<\/p>","protected":false},"featured_media":1512,"comment_status":"closed","ping_status":"closed","template":"","meta":{"_acf_changed":false},"product_brand":[],"product_cat":[18,22],"product_tag":[34],"class_list":{"0":"post-1507","1":"product","2":"type-product","3":"status-publish","4":"has-post-thumbnail","6":"product_cat-home-decor","7":"product_cat-vase","8":"product_tag-ceramic-vase","10":"first","11":"instock","12":"shipping-taxable","13":"product-type-simple"},"acf":[],"_links":{"self":[{"href":"https:\/\/www.santai-ceramics.com\/es\/wp-json\/wp\/v2\/product\/1507","targetHints":{"allow":["GET"]}}],"collection":[{"href":"https:\/\/www.santai-ceramics.com\/es\/wp-json\/wp\/v2\/product"}],"about":[{"href":"https:\/\/www.santai-ceramics.com\/es\/wp-json\/wp\/v2\/types\/product"}],"replies":[{"embeddable":true,"href":"https:\/\/www.santai-ceramics.com\/es\/wp-json\/wp\/v2\/comments?post=1507"}],"wp:featuredmedia":[{"embeddable":true,"href":"https:\/\/www.santai-ceramics.com\/es\/wp-json\/wp\/v2\/media\/1512"}],"wp:attachment":[{"href":"https:\/\/www.santai-ceramics.com\/es\/wp-json\/wp\/v2\/media?parent=1507"}],"wp:term":[{"taxonomy":"product_brand","embeddable":true,"href":"https:\/\/www.santai-ceramics.com\/es\/wp-json\/wp\/v2\/product_brand?post=1507"},{"taxonomy":"product_cat","embeddable":true,"href":"https:\/\/www.santai-ceramics.com\/es\/wp-json\/wp\/v2\/product_cat?post=1507"},{"taxonomy":"product_tag","embeddable":true,"href":"https:\/\/www.santai-ceramics.com\/es\/wp-json\/wp\/v2\/product_tag?post=1507"}],"curies":[{"name":"wp","href":"https:\/\/api.w.org\/{rel}","templated":true}]}}