{"id":1601,"date":"2024-12-30T05:26:26","date_gmt":"2024-12-30T05:26:26","guid":{"rendered":"https:\/\/www.santai-ceramics.com\/?post_type=product&#038;p=1601"},"modified":"2025-06-05T14:26:16","modified_gmt":"2025-06-05T14:26:16","slug":"wholesale-decorative-terracotta-plant-pots","status":"publish","type":"product","link":"https:\/\/www.santai-ceramics.com\/es\/product\/wholesale-decorative-terracotta-plant-pots\/","title":{"rendered":"Venta al por mayor macetas decorativas de terracota, macetas de jard\u00edn de cer\u00e1mica retro a granel"},"content":{"rendered":"<h3 class=\"wp-block-heading\">Par\u00e1metros de las macetas decorativas de terracota<\/h3>\n\n\n\n<figure class=\"wp-block-table\"><table class=\"has-fixed-layout\"><tbody><tr><td>Modelo<\/td><td>Nombre del producto<\/td><td>Color<\/td><td>Material<\/td><td>Utiliza<\/td><td>Dimensiones<\/td><td>Peso<\/td><\/tr><tr><td>G37391-H911-A01<\/td><td>&nbsp;Macetero de terracota<\/td><td>Violeta oscuro antiguo<\/td><td>&nbsp;Terracota<\/td><td>decoracion,salon,jardin<\/td><td>P:21X19,5cm<\/td><td>2,7kg\/PC<\/td><\/tr><tr><td>G37391-H911-A02<\/td><td>&nbsp;Macetero de terracota<\/td><td>Violeta oscuro antiguo<\/td><td>&nbsp;Terracota<\/td><td>decoracion,salon,jardin<\/td><td>P:16,5X15,5cm<\/td><td>1,6 kg\/PC<\/td><\/tr><\/tbody><\/table><\/figure>\n\n\n\n<h3 class=\"wp-block-heading\">Servicio de macetas a medida<\/h3>\n\n\n\n<p>Ofrecemos servicios OEM y ODM para nuestros productos.<br>Entrega r\u00e1pida de muestras.<br>Ofrecemos una gran variedad de formas, colores, impresi\u00f3n personalizada, embalaje y otros servicios a medida para satisfacer sus necesidades espec\u00edficas.<br><a style=\"\" href=\"https:\/\/www.santai-ceramics.com\/es\/custom\/\" data-type=\"page\" data-id=\"13\" target=\"_blank\" rel=\"noreferrer noopener\"><strong><b>M\u00e1s informaci\u00f3n<\/b> detalle de la maceta.<\/strong><\/a><\/p>\n\n\n\n<div class=\"wp-block-columns is-layout-flex wp-container-core-columns-is-layout-9d6595d7 wp-block-columns-is-layout-flex\">\n<div class=\"wp-block-column is-layout-flow wp-block-column-is-layout-flow\">\n<figure class=\"wp-block-image size-full\"><img decoding=\"async\" width=\"1500\" height=\"1250\" src=\"https:\/\/www.santai-ceramics.com\/wp-content\/uploads\/2024\/12\/Wholesale-Decorative-Terracotta-Plant-Pots-4.webp\" alt=\"Mayorista Macetas Decorativas de Terracota (4)\" class=\"wp-image-1605\" srcset=\"https:\/\/www.santai-ceramics.com\/wp-content\/uploads\/2024\/12\/Wholesale-Decorative-Terracotta-Plant-Pots-4.webp 1500w, https:\/\/www.santai-ceramics.com\/wp-content\/uploads\/2024\/12\/Wholesale-Decorative-Terracotta-Plant-Pots-4-300x250.webp 300w, https:\/\/www.santai-ceramics.com\/wp-content\/uploads\/2024\/12\/Wholesale-Decorative-Terracotta-Plant-Pots-4-768x640.webp 768w, https:\/\/www.santai-ceramics.com\/wp-content\/uploads\/2024\/12\/Wholesale-Decorative-Terracotta-Plant-Pots-4-14x12.webp 14w, https:\/\/www.santai-ceramics.com\/wp-content\/uploads\/2024\/12\/Wholesale-Decorative-Terracotta-Plant-Pots-4-1200x1000.webp 1200w, https:\/\/www.santai-ceramics.com\/wp-content\/uploads\/2024\/12\/Wholesale-Decorative-Terracotta-Plant-Pots-4-600x500.webp 600w\" sizes=\"(max-width: 1500px) 100vw, 1500px\" \/><\/figure>\n<\/div>\n\n\n\n<div class=\"wp-block-column is-layout-flow wp-block-column-is-layout-flow\">\n<figure class=\"wp-block-image size-full\"><img decoding=\"async\" width=\"1500\" height=\"1249\" src=\"https:\/\/www.santai-ceramics.com\/wp-content\/uploads\/2024\/12\/Wholesale-Decorative-Terracotta-Plant-Pots-5.webp\" alt=\"Mayorista Macetas Decorativas de Terracota (5)\" class=\"wp-image-1606\" srcset=\"https:\/\/www.santai-ceramics.com\/wp-content\/uploads\/2024\/12\/Wholesale-Decorative-Terracotta-Plant-Pots-5.webp 1500w, https:\/\/www.santai-ceramics.com\/wp-content\/uploads\/2024\/12\/Wholesale-Decorative-Terracotta-Plant-Pots-5-300x250.webp 300w, https:\/\/www.santai-ceramics.com\/wp-content\/uploads\/2024\/12\/Wholesale-Decorative-Terracotta-Plant-Pots-5-768x639.webp 768w, https:\/\/www.santai-ceramics.com\/wp-content\/uploads\/2024\/12\/Wholesale-Decorative-Terracotta-Plant-Pots-5-14x12.webp 14w, https:\/\/www.santai-ceramics.com\/wp-content\/uploads\/2024\/12\/Wholesale-Decorative-Terracotta-Plant-Pots-5-1200x999.webp 1200w, https:\/\/www.santai-ceramics.com\/wp-content\/uploads\/2024\/12\/Wholesale-Decorative-Terracotta-Plant-Pots-5-600x500.webp 600w\" sizes=\"(max-width: 1500px) 100vw, 1500px\" \/><\/figure>\n<\/div>\n<\/div>\n\n\n\n<div class=\"wp-block-columns is-layout-flex wp-container-core-columns-is-layout-9d6595d7 wp-block-columns-is-layout-flex\">\n<div class=\"wp-block-column is-layout-flow wp-block-column-is-layout-flow\"><\/div>\n\n\n\n<div class=\"wp-block-column is-layout-flow wp-block-column-is-layout-flow\"><\/div>\n<\/div>","protected":false},"excerpt":{"rendered":"<p data-pm-slice=\"0 0 []\">Mayorista de macetas decorativas de terracota, esta maceta de estilo retro est\u00e1 hecha de artesan\u00eda tradicional y arcilla, que es a la vez bonita y pr\u00e1ctica, adecuada para plantar varios tipos de plantas y proporcionarles un buen entorno de crecimiento. Adem\u00e1s, esta maceta de terracota puede utilizarse como decoraci\u00f3n de jard\u00edn o interior, a\u00f1adiendo un ambiente natural y art\u00edstico a su espacio.<\/p>\n<h2>Caracter\u00edsticas de las macetas decorativas de terracota<\/h2>\n<p><strong>Material natural:<\/strong> Las macetas est\u00e1n hechas de arcilla, que es respetuosa con el medio ambiente y no t\u00f3xica, m\u00e1s respetuosa con el crecimiento de las plantas, y puede evitar eficazmente los problemas de contaminaci\u00f3n causados por las macetas de pl\u00e1stico.<\/p>\n<p><strong>Excelente retenci\u00f3n de agua:<\/strong> Las macetas decorativas de terracota pueden mantener la humedad adecuada, lo que permite a las plantas absorber la humedad necesaria en entornos \u00e1ridos y mejorar el \u00edndice de supervivencia de las plantas.<\/p>\n<p><strong>Buena permeabilidad al aire:<\/strong> El material arcilloso tiene una permeabilidad natural al aire, que puede favorecer la ventilaci\u00f3n del suelo, ayudar a que las ra\u00edces de las plantas crezcan sanas y evitar que la acumulaci\u00f3n de agua provoque la putrefacci\u00f3n de las ra\u00edces.<\/p>\n<p><strong>Dise\u00f1o de aspecto \u00fanico:<\/strong> El dise\u00f1o de la superficie de las macetas decorativas de terracota tiene una textura c\u00f3ncava y convexa \u00fanica, que a\u00f1ade la belleza de la naturaleza y el arte artesanal. Es un dise\u00f1o que combina practicidad y decoraci\u00f3n.<\/p>\n<p><strong>Adecuado para una gran variedad de usos:<\/strong> Adem\u00e1s de utilizarse como maceta, tambi\u00e9n puede emplearse como decoraci\u00f3n interior, que complementa varios estilos de ambientes dom\u00e9sticos.<\/p>\n<p><strong>Servicio OEM&amp;ODM:  SANTAI proporciona una soluci\u00f3n de maceta personalizada de una sola parada, que cubre el dise\u00f1o, la fabricaci\u00f3n de muestras y la producci\u00f3n en masa, bienvenido a contactarnos<\/strong><\/p>","protected":false},"featured_media":1602,"comment_status":"closed","ping_status":"closed","template":"","meta":{"_acf_changed":false},"product_brand":[],"product_cat":[18,42,21,23],"product_tag":[38],"class_list":{"0":"post-1601","1":"product","2":"type-product","3":"status-publish","4":"has-post-thumbnail","6":"product_cat-home-decor","7":"product_cat-wholesale-ceramic-plant-pots","8":"product_cat-garden-decor","9":"product_cat-ceramic-pots-planters","10":"product_tag-wholesale-terracotta-flower-pots","12":"first","13":"instock","14":"shipping-taxable","15":"product-type-simple"},"acf":[],"_links":{"self":[{"href":"https:\/\/www.santai-ceramics.com\/es\/wp-json\/wp\/v2\/product\/1601","targetHints":{"allow":["GET"]}}],"collection":[{"href":"https:\/\/www.santai-ceramics.com\/es\/wp-json\/wp\/v2\/product"}],"about":[{"href":"https:\/\/www.santai-ceramics.com\/es\/wp-json\/wp\/v2\/types\/product"}],"replies":[{"embeddable":true,"href":"https:\/\/www.santai-ceramics.com\/es\/wp-json\/wp\/v2\/comments?post=1601"}],"wp:featuredmedia":[{"embeddable":true,"href":"https:\/\/www.santai-ceramics.com\/es\/wp-json\/wp\/v2\/media\/1602"}],"wp:attachment":[{"href":"https:\/\/www.santai-ceramics.com\/es\/wp-json\/wp\/v2\/media?parent=1601"}],"wp:term":[{"taxonomy":"product_brand","embeddable":true,"href":"https:\/\/www.santai-ceramics.com\/es\/wp-json\/wp\/v2\/product_brand?post=1601"},{"taxonomy":"product_cat","embeddable":true,"href":"https:\/\/www.santai-ceramics.com\/es\/wp-json\/wp\/v2\/product_cat?post=1601"},{"taxonomy":"product_tag","embeddable":true,"href":"https:\/\/www.santai-ceramics.com\/es\/wp-json\/wp\/v2\/product_tag?post=1601"}],"curies":[{"name":"wp","href":"https:\/\/api.w.org\/{rel}","templated":true}]}}