{"id":1608,"date":"2024-12-30T05:47:21","date_gmt":"2024-12-30T05:47:21","guid":{"rendered":"https:\/\/www.santai-ceramics.com\/?post_type=product&#038;p=1608"},"modified":"2025-02-02T14:37:12","modified_gmt":"2025-02-02T14:37:12","slug":"custom-vintage-ceramic-vase-wholesale","status":"publish","type":"product","link":"https:\/\/www.santai-ceramics.com\/es\/product\/custom-vintage-ceramic-vase-wholesale\/","title":{"rendered":"Jarr\u00f3n de Cer\u00e1mica Vintage al por mayor - SANTAI Professional Pottery Manufacturer"},"content":{"rendered":"<h3 class=\"wp-block-heading\">Par\u00e1metros del jarr\u00f3n vintage personalizable<\/h3>\n\n\n\n<figure class=\"wp-block-table\"><table class=\"has-fixed-layout\"><tbody><tr><td>Modelo<\/td><td>Nombre del producto<\/td><td>Color<\/td><td>Material<\/td><td>Utiliza<\/td><td>Dimensiones<\/td><td>Peso<\/td><\/tr><tr><td>G37385-H911-A02<\/td><td>&nbsp;Macetero de terracota<\/td><td>Violeta oscuro antiguo<\/td><td>&nbsp;Terracota<\/td><td>decoracion,salon,jardin<\/td><td>P:19X25cm<\/td><td>2,3 kg\/PC<\/td><\/tr><tr><td>G37386-H911-A01<\/td><td>&nbsp;Macetero de terracota<\/td><td>Violeta oscuro antiguo<\/td><td>&nbsp;Terracota<\/td><td>decoracion,salon,jardin<\/td><td>P:16,5X19,5cm<br><\/td><td>1,5 kg\/PC<\/td><\/tr><\/tbody><\/table><\/figure>\n\n\n\n<h3 class=\"wp-block-heading\">Servicio de floreros personalizados<\/h3>\n\n\n\n<p>Ofrecemos servicios OEM y ODM para nuestros productos.<br>Entrega r\u00e1pida de muestras.<br>Ofrecemos una gran variedad de formas, colores, impresi\u00f3n personalizada, embalaje y otros servicios a medida para satisfacer sus necesidades espec\u00edficas.<br><a style=\"\" href=\"https:\/\/www.santai-ceramics.com\/es\/custom\/\" data-type=\"page\" data-id=\"13\" target=\"_blank\" rel=\"noreferrer noopener\"><strong><b>M\u00e1s informaci\u00f3n<\/b> Detalle del jarr\u00f3n.<\/strong><\/a><\/p>\n\n\n\n<div class=\"wp-block-columns is-layout-flex wp-container-core-columns-is-layout-9d6595d7 wp-block-columns-is-layout-flex\">\n<div class=\"wp-block-column is-layout-flow wp-block-column-is-layout-flow\">\n<figure class=\"wp-block-image size-full\"><img decoding=\"async\" width=\"1500\" height=\"1249\" src=\"https:\/\/www.santai-ceramics.com\/wp-content\/uploads\/2024\/12\/Custom-Vintage-Ceramic-Vase-4.webp\" alt=\"Jarr\u00f3n de cer\u00e1mica vintage personalizado (4)\" class=\"wp-image-1624\" srcset=\"https:\/\/www.santai-ceramics.com\/wp-content\/uploads\/2024\/12\/Custom-Vintage-Ceramic-Vase-4.webp 1500w, https:\/\/www.santai-ceramics.com\/wp-content\/uploads\/2024\/12\/Custom-Vintage-Ceramic-Vase-4-300x250.webp 300w, https:\/\/www.santai-ceramics.com\/wp-content\/uploads\/2024\/12\/Custom-Vintage-Ceramic-Vase-4-768x639.webp 768w, https:\/\/www.santai-ceramics.com\/wp-content\/uploads\/2024\/12\/Custom-Vintage-Ceramic-Vase-4-14x12.webp 14w, https:\/\/www.santai-ceramics.com\/wp-content\/uploads\/2024\/12\/Custom-Vintage-Ceramic-Vase-4-1200x999.webp 1200w, https:\/\/www.santai-ceramics.com\/wp-content\/uploads\/2024\/12\/Custom-Vintage-Ceramic-Vase-4-600x500.webp 600w\" sizes=\"(max-width: 1500px) 100vw, 1500px\" \/><\/figure>\n<\/div>\n\n\n\n<div class=\"wp-block-column is-layout-flow wp-block-column-is-layout-flow\">\n<figure class=\"wp-block-image size-full\"><img decoding=\"async\" width=\"1500\" height=\"1249\" src=\"https:\/\/www.santai-ceramics.com\/wp-content\/uploads\/2024\/12\/Custom-Vintage-Ceramic-Vase-6.webp\" alt=\"Jarr\u00f3n de cer\u00e1mica vintage personalizado (6)\" class=\"wp-image-1626\" srcset=\"https:\/\/www.santai-ceramics.com\/wp-content\/uploads\/2024\/12\/Custom-Vintage-Ceramic-Vase-6.webp 1500w, https:\/\/www.santai-ceramics.com\/wp-content\/uploads\/2024\/12\/Custom-Vintage-Ceramic-Vase-6-300x250.webp 300w, https:\/\/www.santai-ceramics.com\/wp-content\/uploads\/2024\/12\/Custom-Vintage-Ceramic-Vase-6-768x639.webp 768w, https:\/\/www.santai-ceramics.com\/wp-content\/uploads\/2024\/12\/Custom-Vintage-Ceramic-Vase-6-14x12.webp 14w, https:\/\/www.santai-ceramics.com\/wp-content\/uploads\/2024\/12\/Custom-Vintage-Ceramic-Vase-6-1200x999.webp 1200w, https:\/\/www.santai-ceramics.com\/wp-content\/uploads\/2024\/12\/Custom-Vintage-Ceramic-Vase-6-600x500.webp 600w\" sizes=\"(max-width: 1500px) 100vw, 1500px\" \/><\/figure>\n<\/div>\n<\/div>","protected":false},"excerpt":{"rendered":"<p data-pm-slice=\"0 0 []\">Jarr\u00f3n de cer\u00e1mica vintage personalizado al por mayor, que combina la artesan\u00eda tradicional con conceptos de dise\u00f1o modernos, este jarr\u00f3n de cer\u00e1mica vintage muestra una elegante belleza art\u00edstica. Apoyamos jarrones de cer\u00e1mica personalizados de ventanilla \u00fanica, bienvenido a decirnos sus ideas.<\/p>\n<h2>Caracter\u00edsticas de Custom Vintage Ceramic Vase\u00a0<\/h2>\n<p><strong>Dise\u00f1o vintage:<\/strong> La superficie de este jarr\u00f3n est\u00e1 decorada con texturas vintage, que desprenden una atm\u00f3sfera cl\u00e1sica \u00fanica, haciendo que su espacio sea m\u00e1s art\u00edstico.<\/p>\n<p><strong>Material arcilloso de alta calidad:<\/strong> El jarr\u00f3n de cer\u00e1mica vintage personalizable est\u00e1 hecho de arcilla de alta calidad, con textura fina, tacto agradable y buena durabilidad<\/p>\n<p><strong>Artesan\u00eda respetuosa con el medio ambiente:<\/strong> Fabricado artesanalmente, conserva las caracter\u00edsticas naturales de la arcilla, es respetuoso con el medio ambiente y no contamina, y su aspecto natural y sencillo se adapta a diversos estilos de decoraci\u00f3n de interiores.<\/p>\n<p><strong>Servicio de soluci\u00f3n de floreros a medida:<\/strong> Ofrecemos soluciones de floreros personalizados, que abarcan una gran variedad de dimensiones de personalizaci\u00f3n, como el material, el tama\u00f1o, la forma, el dibujo y mucho m\u00e1s.<\/p>","protected":false},"featured_media":1621,"comment_status":"closed","ping_status":"closed","template":"","meta":{"_acf_changed":false},"product_brand":[],"product_cat":[18,21,22],"product_tag":[34],"class_list":{"0":"post-1608","1":"product","2":"type-product","3":"status-publish","4":"has-post-thumbnail","6":"product_cat-home-decor","7":"product_cat-garden-decor","8":"product_cat-vase","9":"product_tag-ceramic-vase","11":"first","12":"instock","13":"shipping-taxable","14":"product-type-simple"},"acf":[],"_links":{"self":[{"href":"https:\/\/www.santai-ceramics.com\/es\/wp-json\/wp\/v2\/product\/1608","targetHints":{"allow":["GET"]}}],"collection":[{"href":"https:\/\/www.santai-ceramics.com\/es\/wp-json\/wp\/v2\/product"}],"about":[{"href":"https:\/\/www.santai-ceramics.com\/es\/wp-json\/wp\/v2\/types\/product"}],"replies":[{"embeddable":true,"href":"https:\/\/www.santai-ceramics.com\/es\/wp-json\/wp\/v2\/comments?post=1608"}],"wp:featuredmedia":[{"embeddable":true,"href":"https:\/\/www.santai-ceramics.com\/es\/wp-json\/wp\/v2\/media\/1621"}],"wp:attachment":[{"href":"https:\/\/www.santai-ceramics.com\/es\/wp-json\/wp\/v2\/media?parent=1608"}],"wp:term":[{"taxonomy":"product_brand","embeddable":true,"href":"https:\/\/www.santai-ceramics.com\/es\/wp-json\/wp\/v2\/product_brand?post=1608"},{"taxonomy":"product_cat","embeddable":true,"href":"https:\/\/www.santai-ceramics.com\/es\/wp-json\/wp\/v2\/product_cat?post=1608"},{"taxonomy":"product_tag","embeddable":true,"href":"https:\/\/www.santai-ceramics.com\/es\/wp-json\/wp\/v2\/product_tag?post=1608"}],"curies":[{"name":"wp","href":"https:\/\/api.w.org\/{rel}","templated":true}]}}