{"id":1627,"date":"2024-12-30T06:15:56","date_gmt":"2024-12-30T06:15:56","guid":{"rendered":"https:\/\/www.santai-ceramics.com\/?post_type=product&#038;p=1627"},"modified":"2025-06-05T14:25:03","modified_gmt":"2025-06-05T14:25:03","slug":"custom-antique-ceramic-plant-pot","status":"publish","type":"product","link":"https:\/\/www.santai-ceramics.com\/es\/product\/custom-antique-ceramic-plant-pot\/","title":{"rendered":"Maceta de Cer\u00e1mica Antigua para Decoraci\u00f3n Interior y Exterior al por Mayor"},"content":{"rendered":"<h3 class=\"wp-block-heading\">Par\u00e1metros de la maceta antigua personalizada<\/h3>\n\n\n\n<figure class=\"wp-block-table\"><table class=\"has-fixed-layout\"><tbody><tr><td>Modelo<\/td><td>Nombre del producto<\/td><td>Color<\/td><td>Material<\/td><td>Utiliza<\/td><td>Dimensiones<\/td><td>Peso<\/td><\/tr><tr><td>G36942-H911-A01<\/td><td>&nbsp;Macetero de terracota<\/td><td>Violeta oscuro antiguo<\/td><td>&nbsp;Terracota<\/td><td>decoracion,salon,jardin<\/td><td>P:20,5X19,5cm<\/td><td>2,5 kg\/PC<\/td><\/tr><tr><td>G36942-H911-A02<\/td><td>&nbsp;Macetero de terracota<\/td><td>Violeta oscuro antiguo<\/td><td>&nbsp;Terracota<\/td><td>decoracion,salon,jardin<\/td><td>P:16,5X15,5cm<\/td><td>1,5 kg\/PC<\/td><\/tr><tr><td>G36942-H911-A03<\/td><td>&nbsp;Macetero de terracota<\/td><td>Violeta oscuro antiguo<\/td><td>&nbsp;Terracota<\/td><td>decoracion,salon,jardin<\/td><td>P:13,5X13cm<\/td><td>0,9kg\/PC<\/td><\/tr><\/tbody><\/table><\/figure>\n\n\n\n<h3 class=\"wp-block-heading\">Servicio de macetas a medida<\/h3>\n\n\n\n<p>Ofrecemos servicios OEM y ODM para nuestros productos.<br>Entrega r\u00e1pida de muestras.<br>Ofrecemos una gran variedad de formas, colores, impresi\u00f3n personalizada, embalaje y otros servicios a medida para satisfacer sus necesidades espec\u00edficas.<br><a style=\"\" href=\"https:\/\/www.santai-ceramics.com\/es\/custom\/\" data-type=\"page\" data-id=\"13\" target=\"_blank\" rel=\"noreferrer noopener\"><strong><b>M\u00e1s informaci\u00f3n<\/b> detalle de la maceta.<\/strong><\/a><\/p>\n\n\n\n<div class=\"wp-block-columns is-layout-flex wp-container-core-columns-is-layout-9d6595d7 wp-block-columns-is-layout-flex\">\n<div class=\"wp-block-column is-layout-flow wp-block-column-is-layout-flow\">\n<figure class=\"wp-block-image size-full\"><img decoding=\"async\" width=\"1500\" height=\"1250\" src=\"https:\/\/www.santai-ceramics.com\/wp-content\/uploads\/2024\/12\/custom-antique-plant-pot-3.webp\" alt=\"maceta antigua personalizada (3)\" class=\"wp-image-1630\" srcset=\"https:\/\/www.santai-ceramics.com\/wp-content\/uploads\/2024\/12\/custom-antique-plant-pot-3.webp 1500w, https:\/\/www.santai-ceramics.com\/wp-content\/uploads\/2024\/12\/custom-antique-plant-pot-3-300x250.webp 300w, https:\/\/www.santai-ceramics.com\/wp-content\/uploads\/2024\/12\/custom-antique-plant-pot-3-768x640.webp 768w, https:\/\/www.santai-ceramics.com\/wp-content\/uploads\/2024\/12\/custom-antique-plant-pot-3-14x12.webp 14w, https:\/\/www.santai-ceramics.com\/wp-content\/uploads\/2024\/12\/custom-antique-plant-pot-3-1200x1000.webp 1200w, https:\/\/www.santai-ceramics.com\/wp-content\/uploads\/2024\/12\/custom-antique-plant-pot-3-600x500.webp 600w\" sizes=\"(max-width: 1500px) 100vw, 1500px\" \/><\/figure>\n<\/div>\n\n\n\n<div class=\"wp-block-column is-layout-flow wp-block-column-is-layout-flow\">\n<figure class=\"wp-block-image size-full\"><img decoding=\"async\" width=\"1500\" height=\"1250\" src=\"https:\/\/www.santai-ceramics.com\/wp-content\/uploads\/2024\/12\/custom-antique-plant-pot-4.webp\" alt=\"maceta antigua personalizada (4)\" class=\"wp-image-1631\" srcset=\"https:\/\/www.santai-ceramics.com\/wp-content\/uploads\/2024\/12\/custom-antique-plant-pot-4.webp 1500w, https:\/\/www.santai-ceramics.com\/wp-content\/uploads\/2024\/12\/custom-antique-plant-pot-4-300x250.webp 300w, https:\/\/www.santai-ceramics.com\/wp-content\/uploads\/2024\/12\/custom-antique-plant-pot-4-768x640.webp 768w, https:\/\/www.santai-ceramics.com\/wp-content\/uploads\/2024\/12\/custom-antique-plant-pot-4-14x12.webp 14w, https:\/\/www.santai-ceramics.com\/wp-content\/uploads\/2024\/12\/custom-antique-plant-pot-4-1200x1000.webp 1200w, https:\/\/www.santai-ceramics.com\/wp-content\/uploads\/2024\/12\/custom-antique-plant-pot-4-600x500.webp 600w\" sizes=\"(max-width: 1500px) 100vw, 1500px\" \/><\/figure>\n<\/div>\n<\/div>","protected":false},"excerpt":{"rendered":"<p data-pm-slice=\"0 0 []\">Venta al por mayor de macetas de cer\u00e1mica antiguas personalizadas, con un encanto art\u00edstico vintage \u00fanico, adecuadas para una gran variedad de entornos de interior y exterior. Nuestras macetas est\u00e1n hechas de terracota de alta calidad y son hechos a mano. El\u00edjanos y disfrute de precios preferentes por compras al por mayor para satisfacer las necesidades de diferentes clientes.<\/p>\n<h2>Caracter\u00edsticas de Custom Ceramic Plant Pot\u00a0<\/h2>\n<p><!-- wp:paragraph --><\/p>\n<p><strong>Dise\u00f1o vintage:<\/strong> Esta maceta de cer\u00e1mica antigua personalizada tiene un elegante dise\u00f1o de estilo vintage, que hace que la planta y la maceta se complementen. Es muy adecuada como decoraci\u00f3n para el patio, la terraza, el sal\u00f3n o el despacho.<\/p>\n<p><!-- \/wp:paragraph --><\/p>\n<p><!-- wp:paragraph --><\/p>\n<p><strong>Apoyo al servicio personalizado:<\/strong> Proporcionamos servicios personalizados OEM y ODM, puede elegir o dise\u00f1ar el estilo de la maceta seg\u00fan sus preferencias personales o estilo decorativo espec\u00edfico.<\/p>\n<p><!-- \/wp:paragraph --><\/p>\n<p><!-- wp:paragraph --><\/p>\n<p><strong>Material de alta calidad: <\/strong>La maceta de cer\u00e1mica antigua est\u00e1 hecha de arcilla roja de alta calidad, resistente al agrietamiento y a la intemperie, y tiene buena permeabilidad al aire, lo que ayuda al crecimiento sano de las ra\u00edces de las plantas.<\/p>\n<p><!-- \/wp:paragraph --><\/p>\n<p><!-- wp:paragraph --><\/p>\n<p><strong>Venta directa de f\u00e1brica al por mayor:<\/strong> Los fabricantes de macetas SNATAI le ofrecen precios competitivos y admiten compras de gran volumen, por lo que es una opci\u00f3n ideal para mayoristas y minoristas.<!-- \/wp:paragraph --><\/p>","protected":false},"featured_media":1628,"comment_status":"closed","ping_status":"closed","template":"","meta":{"_acf_changed":false},"product_brand":[],"product_cat":[18,42,21,23],"product_tag":[38],"class_list":{"0":"post-1627","1":"product","2":"type-product","3":"status-publish","4":"has-post-thumbnail","6":"product_cat-home-decor","7":"product_cat-wholesale-ceramic-plant-pots","8":"product_cat-garden-decor","9":"product_cat-ceramic-pots-planters","10":"product_tag-wholesale-terracotta-flower-pots","12":"first","13":"instock","14":"shipping-taxable","15":"product-type-simple"},"acf":[],"_links":{"self":[{"href":"https:\/\/www.santai-ceramics.com\/es\/wp-json\/wp\/v2\/product\/1627","targetHints":{"allow":["GET"]}}],"collection":[{"href":"https:\/\/www.santai-ceramics.com\/es\/wp-json\/wp\/v2\/product"}],"about":[{"href":"https:\/\/www.santai-ceramics.com\/es\/wp-json\/wp\/v2\/types\/product"}],"replies":[{"embeddable":true,"href":"https:\/\/www.santai-ceramics.com\/es\/wp-json\/wp\/v2\/comments?post=1627"}],"wp:featuredmedia":[{"embeddable":true,"href":"https:\/\/www.santai-ceramics.com\/es\/wp-json\/wp\/v2\/media\/1628"}],"wp:attachment":[{"href":"https:\/\/www.santai-ceramics.com\/es\/wp-json\/wp\/v2\/media?parent=1627"}],"wp:term":[{"taxonomy":"product_brand","embeddable":true,"href":"https:\/\/www.santai-ceramics.com\/es\/wp-json\/wp\/v2\/product_brand?post=1627"},{"taxonomy":"product_cat","embeddable":true,"href":"https:\/\/www.santai-ceramics.com\/es\/wp-json\/wp\/v2\/product_cat?post=1627"},{"taxonomy":"product_tag","embeddable":true,"href":"https:\/\/www.santai-ceramics.com\/es\/wp-json\/wp\/v2\/product_tag?post=1627"}],"curies":[{"name":"wp","href":"https:\/\/api.w.org\/{rel}","templated":true}]}}