{"id":1634,"date":"2024-12-30T06:59:02","date_gmt":"2024-12-30T06:59:02","guid":{"rendered":"https:\/\/www.santai-ceramics.com\/?post_type=product&#038;p=1634"},"modified":"2025-06-05T10:14:01","modified_gmt":"2025-06-05T10:14:01","slug":"wholesale-fiber-cement-retro-custom-planter","status":"publish","type":"product","link":"https:\/\/www.santai-ceramics.com\/es\/product\/wholesale-fiber-cement-retro-custom-planter\/","title":{"rendered":"Macetero Retro de Fibrocemento al por mayor - Maceteros de Hormig\u00f3n Decorativos Personalizados para Casa y Jard\u00edn"},"content":{"rendered":"<h3 class=\"wp-block-heading\">Par\u00e1metros de la jardinera a medida de fibrocemento <\/h3>\n\n\n\n<figure class=\"wp-block-table\"><table class=\"has-fixed-layout\"><tbody><tr><td>Modelo<\/td><td>Nombre del producto<\/td><td>Color<\/td><td>Material<\/td><td>Utiliza<\/td><td>Dimensiones<\/td><td>Peso<\/td><\/tr><tr><td>J37029-H911-A01<\/td><td>Jardinera de fibrocemento&nbsp;<\/td><td>Violeta oscuro antiguo<\/td><td>Fibrocemento<\/td><td>decoracion,salon,jardin<\/td><td>P:34X41,5cm<\/td><td>7kg\/PC<\/td><\/tr><tr><td>J37029-H911-A02<\/td><td>Jardinera de fibrocemento&nbsp;<\/td><td>Violeta oscuro antiguo<\/td><td>Fibrocemento<\/td><td>decoracion,salon,jardin<\/td><td>P:29X34cm<\/td><td>5,7 kg\/PC<\/td><\/tr><\/tbody><\/table><\/figure>\n\n\n\n<h3 class=\"wp-block-heading\">Servicio de jardineras a medida<\/h3>\n\n\n\n<p>Ofrecemos servicios OEM y ODM para nuestros productos.<br>Entrega r\u00e1pida de muestras.<br>Ofrecemos una gran variedad de formas, colores, impresi\u00f3n personalizada, embalaje y otros servicios a medida para satisfacer sus necesidades espec\u00edficas.<br><a style=\"\" href=\"https:\/\/www.santai-ceramics.com\/es\/custom\/\" data-type=\"page\" data-id=\"13\" target=\"_blank\" rel=\"noreferrer noopener\"><strong><b>M\u00e1s informaci\u00f3n<\/b> detalle de la jardinera.<\/strong><\/a><\/p>\n\n\n\n<div class=\"wp-block-columns is-layout-flex wp-container-core-columns-is-layout-9d6595d7 wp-block-columns-is-layout-flex\">\n<div class=\"wp-block-column is-layout-flow wp-block-column-is-layout-flow\">\n<figure class=\"wp-block-image size-full\"><img decoding=\"async\" width=\"1500\" height=\"1249\" src=\"https:\/\/www.santai-ceramics.com\/wp-content\/uploads\/2024\/12\/Fiber-Cement-Custom-Planter-4.webp\" alt=\"Jardinera a medida de fibrocemento (4)\" class=\"wp-image-1638\" srcset=\"https:\/\/www.santai-ceramics.com\/wp-content\/uploads\/2024\/12\/Fiber-Cement-Custom-Planter-4.webp 1500w, https:\/\/www.santai-ceramics.com\/wp-content\/uploads\/2024\/12\/Fiber-Cement-Custom-Planter-4-300x250.webp 300w, https:\/\/www.santai-ceramics.com\/wp-content\/uploads\/2024\/12\/Fiber-Cement-Custom-Planter-4-768x639.webp 768w, https:\/\/www.santai-ceramics.com\/wp-content\/uploads\/2024\/12\/Fiber-Cement-Custom-Planter-4-14x12.webp 14w, https:\/\/www.santai-ceramics.com\/wp-content\/uploads\/2024\/12\/Fiber-Cement-Custom-Planter-4-1200x999.webp 1200w, https:\/\/www.santai-ceramics.com\/wp-content\/uploads\/2024\/12\/Fiber-Cement-Custom-Planter-4-600x500.webp 600w\" sizes=\"(max-width: 1500px) 100vw, 1500px\" \/><\/figure>\n<\/div>\n\n\n\n<div class=\"wp-block-column is-layout-flow wp-block-column-is-layout-flow\">\n<figure class=\"wp-block-image size-full\"><img decoding=\"async\" width=\"1500\" height=\"1250\" src=\"https:\/\/www.santai-ceramics.com\/wp-content\/uploads\/2024\/12\/Fiber-Cement-Custom-Planter-5.webp\" alt=\"Jardinera a medida de fibrocemento (5)\" class=\"wp-image-1639\" srcset=\"https:\/\/www.santai-ceramics.com\/wp-content\/uploads\/2024\/12\/Fiber-Cement-Custom-Planter-5.webp 1500w, https:\/\/www.santai-ceramics.com\/wp-content\/uploads\/2024\/12\/Fiber-Cement-Custom-Planter-5-300x250.webp 300w, https:\/\/www.santai-ceramics.com\/wp-content\/uploads\/2024\/12\/Fiber-Cement-Custom-Planter-5-768x640.webp 768w, https:\/\/www.santai-ceramics.com\/wp-content\/uploads\/2024\/12\/Fiber-Cement-Custom-Planter-5-14x12.webp 14w, https:\/\/www.santai-ceramics.com\/wp-content\/uploads\/2024\/12\/Fiber-Cement-Custom-Planter-5-1200x1000.webp 1200w, https:\/\/www.santai-ceramics.com\/wp-content\/uploads\/2024\/12\/Fiber-Cement-Custom-Planter-5-600x500.webp 600w\" sizes=\"(max-width: 1500px) 100vw, 1500px\" \/><\/figure>\n<\/div>\n<\/div>","protected":false},"excerpt":{"rendered":"<p data-pm-slice=\"0 0 []\">Jardineras de cemento personalizadas al por mayor, nuestras jardineras de alta calidad son duraderas y adaptables a diversos entornos, y pueden permanecer como nuevas durante mucho tiempo incluso en las cambiantes condiciones clim\u00e1ticas exteriores. Ofrecemos una gran variedad de opciones de personalizaci\u00f3n, incluyendo materiales, tama\u00f1os, formas, etc. P\u00f3ngase en contacto con nosotros.<\/p>\n<h2>Caracter\u00edsticas de la jardinera personalizada de fibrocemento\u00a0<\/h2>\n<p><strong>Durabilidad:<\/strong> Hechas de fibrocemento, estas macetas personalizadas pueden utilizarse durante mucho tiempo en interiores y exteriores, resisten el viento y el sol, y no son f\u00e1ciles de romper ni deformar.<\/p>\n<p><strong>Personalizaci\u00f3n a medida:<\/strong> Proporcionamos una soluci\u00f3n integral de jardineras personalizadas, que incluye el tama\u00f1o, el color, la forma y el patr\u00f3n, para fabricar jardineras que puedan integrarse en diferentes estilos decorativos para usted<\/p>\n<p><strong>Excelente transpirabilidad:<\/strong> El material de fibrocemento tiene una buena transpirabilidad, lo que ayuda a mantener la humedad y el drenaje del suelo, y favorece el crecimiento sano de las plantas.<\/p>\n<p><strong>Requiere poco mantenimiento:<\/strong> En comparaci\u00f3n con las macetas tradicionales de cer\u00e1mica o pl\u00e1stico, nuestras macetas personalizadas de fibrocemento son m\u00e1s f\u00e1ciles de limpiar y mantener, y no se decoloran ni envejecen tras un uso prolongado.<\/p>","protected":false},"featured_media":1635,"comment_status":"closed","ping_status":"closed","template":"","meta":{"_acf_changed":false},"product_brand":[],"product_cat":[18,41,21,23],"product_tag":[40],"class_list":{"0":"post-1634","1":"product","2":"type-product","3":"status-publish","4":"has-post-thumbnail","6":"product_cat-home-decor","7":"product_cat-wholesale-fiber-cement-plant-pots","8":"product_cat-garden-decor","9":"product_cat-ceramic-pots-planters","10":"product_tag-cement-flower-pot","12":"first","13":"instock","14":"shipping-taxable","15":"product-type-simple"},"acf":[],"_links":{"self":[{"href":"https:\/\/www.santai-ceramics.com\/es\/wp-json\/wp\/v2\/product\/1634","targetHints":{"allow":["GET"]}}],"collection":[{"href":"https:\/\/www.santai-ceramics.com\/es\/wp-json\/wp\/v2\/product"}],"about":[{"href":"https:\/\/www.santai-ceramics.com\/es\/wp-json\/wp\/v2\/types\/product"}],"replies":[{"embeddable":true,"href":"https:\/\/www.santai-ceramics.com\/es\/wp-json\/wp\/v2\/comments?post=1634"}],"wp:featuredmedia":[{"embeddable":true,"href":"https:\/\/www.santai-ceramics.com\/es\/wp-json\/wp\/v2\/media\/1635"}],"wp:attachment":[{"href":"https:\/\/www.santai-ceramics.com\/es\/wp-json\/wp\/v2\/media?parent=1634"}],"wp:term":[{"taxonomy":"product_brand","embeddable":true,"href":"https:\/\/www.santai-ceramics.com\/es\/wp-json\/wp\/v2\/product_brand?post=1634"},{"taxonomy":"product_cat","embeddable":true,"href":"https:\/\/www.santai-ceramics.com\/es\/wp-json\/wp\/v2\/product_cat?post=1634"},{"taxonomy":"product_tag","embeddable":true,"href":"https:\/\/www.santai-ceramics.com\/es\/wp-json\/wp\/v2\/product_tag?post=1634"}],"curies":[{"name":"wp","href":"https:\/\/api.w.org\/{rel}","templated":true}]}}