{"id":1642,"date":"2024-12-30T07:39:32","date_gmt":"2024-12-30T07:39:32","guid":{"rendered":"https:\/\/www.santai-ceramics.com\/?post_type=product&#038;p=1642"},"modified":"2025-02-02T13:51:43","modified_gmt":"2025-02-02T13:51:43","slug":"custom-ceramic-retro-flower-vases-wholesale","status":"publish","type":"product","link":"https:\/\/www.santai-ceramics.com\/es\/product\/custom-ceramic-retro-flower-vases-wholesale\/","title":{"rendered":"Jarrones de flores retro de cer\u00e1mica personalizados al por mayor\uff0c florero de flores marr\u00f3n chino venta directa de f\u00e1brica"},"content":{"rendered":"<h3 class=\"wp-block-heading\">Par\u00e1metros del florero retro personalizado<\/h3>\n\n\n\n<figure class=\"wp-block-table\"><table class=\"has-fixed-layout\"><tbody><tr><td>Modelo<\/td><td>Nombre del producto<\/td><td>Color<\/td><td>Material<\/td><td>Utiliza<\/td><td>Dimensiones<\/td><td>Peso<\/td><\/tr><tr><td>A35922-LC17-A02<\/td><td>Florero de cer\u00e1mica<\/td><td>Marr\u00f3n elegante<\/td><td>Cer\u00e1mica<\/td><td>decoraci\u00f3n,sal\u00f3n<\/td><td>P:14,5X21cm<\/td><td>0,8 kg\/unidad<\/td><\/tr><tr><td>A35922-LC17-A01<\/td><td>Florero de cer\u00e1mica<\/td><td>Marr\u00f3n elegante<\/td><td>Cer\u00e1mica<\/td><td>decoraci\u00f3n,sal\u00f3n<\/td><td>P:17,5X26cm<\/td><td>1,3 kg\/unidad<\/td><\/tr><\/tbody><\/table><\/figure>\n\n\n\n<h3 class=\"wp-block-heading\">Servicio de floreros personalizados<\/h3>\n\n\n\n<p>Ofrecemos servicios OEM y ODM para nuestros productos.<br>Entrega r\u00e1pida de muestras.<br>Ofrecemos una gran variedad de formas, colores, impresi\u00f3n personalizada, embalaje y otros servicios a medida para satisfacer sus necesidades espec\u00edficas.<br><a style=\"\" href=\"https:\/\/www.santai-ceramics.com\/es\/custom\/\" data-type=\"page\" data-id=\"13\" target=\"_blank\" rel=\"noreferrer noopener\"><strong><b>M\u00e1s informaci\u00f3n<\/b> detalle de jarr\u00f3n de flores.<\/strong><\/a><\/p>\n\n\n\n<div class=\"wp-block-columns is-layout-flex wp-container-core-columns-is-layout-9d6595d7 wp-block-columns-is-layout-flex\">\n<div class=\"wp-block-column is-layout-flow wp-block-column-is-layout-flow\">\n<figure class=\"wp-block-image size-full\"><img decoding=\"async\" width=\"1500\" height=\"1250\" src=\"https:\/\/www.santai-ceramics.com\/wp-content\/uploads\/2024\/12\/Custom-Retro-Flower-Vase-2.webp\" alt=\"Florero retro personalizado (2)\" class=\"wp-image-1644\" srcset=\"https:\/\/www.santai-ceramics.com\/wp-content\/uploads\/2024\/12\/Custom-Retro-Flower-Vase-2.webp 1500w, https:\/\/www.santai-ceramics.com\/wp-content\/uploads\/2024\/12\/Custom-Retro-Flower-Vase-2-300x250.webp 300w, https:\/\/www.santai-ceramics.com\/wp-content\/uploads\/2024\/12\/Custom-Retro-Flower-Vase-2-768x640.webp 768w, https:\/\/www.santai-ceramics.com\/wp-content\/uploads\/2024\/12\/Custom-Retro-Flower-Vase-2-14x12.webp 14w, https:\/\/www.santai-ceramics.com\/wp-content\/uploads\/2024\/12\/Custom-Retro-Flower-Vase-2-1200x1000.webp 1200w, https:\/\/www.santai-ceramics.com\/wp-content\/uploads\/2024\/12\/Custom-Retro-Flower-Vase-2-600x500.webp 600w\" sizes=\"(max-width: 1500px) 100vw, 1500px\" \/><\/figure>\n<\/div>\n\n\n\n<div class=\"wp-block-column is-layout-flow wp-block-column-is-layout-flow\">\n<figure class=\"wp-block-image size-full\"><img decoding=\"async\" width=\"1500\" height=\"1249\" src=\"https:\/\/www.santai-ceramics.com\/wp-content\/uploads\/2024\/12\/Custom-Retro-Flower-Vase-3.webp\" alt=\"Florero retro personalizado (3)\" class=\"wp-image-1645\" srcset=\"https:\/\/www.santai-ceramics.com\/wp-content\/uploads\/2024\/12\/Custom-Retro-Flower-Vase-3.webp 1500w, https:\/\/www.santai-ceramics.com\/wp-content\/uploads\/2024\/12\/Custom-Retro-Flower-Vase-3-300x250.webp 300w, https:\/\/www.santai-ceramics.com\/wp-content\/uploads\/2024\/12\/Custom-Retro-Flower-Vase-3-768x639.webp 768w, https:\/\/www.santai-ceramics.com\/wp-content\/uploads\/2024\/12\/Custom-Retro-Flower-Vase-3-14x12.webp 14w, https:\/\/www.santai-ceramics.com\/wp-content\/uploads\/2024\/12\/Custom-Retro-Flower-Vase-3-1200x999.webp 1200w, https:\/\/www.santai-ceramics.com\/wp-content\/uploads\/2024\/12\/Custom-Retro-Flower-Vase-3-600x500.webp 600w\" sizes=\"(max-width: 1500px) 100vw, 1500px\" \/><\/figure>\n<\/div>\n<\/div>\n\n\n\n<p><\/p>","protected":false},"excerpt":{"rendered":"<p data-pm-slice=\"0 0 []\">Florero Retro Personalizado al por mayor, ofrecemos una variedad de estilos y tama\u00f1os de jarrones de estilo retro, adecuados para las necesidades de decoraci\u00f3n de diversas ocasiones, y proporcionamos una soluci\u00f3n integral de floreros personalizados. Ahora, usted puede personalizar el color, el tama\u00f1o y el patr\u00f3n del florero de acuerdo a sus preferencias y necesidades. P\u00f3ngase en contacto con nosotros para obtener m\u00e1s informaci\u00f3n o solicitar muestras.<\/p>\n<h2>Caracter\u00edsticas de Custom Flower Vase<\/h2>\n<p><strong>Dise\u00f1o \u00fanico:<\/strong> La forma y el dibujo del jarr\u00f3n son \u00fanicos, lo que lo convierte en una decoraci\u00f3n llamativa. Puede utilizarse para arreglos florales como decoraci\u00f3n independiente.<\/p>\n<p><strong>F\u00e1cil de limpiar:<\/strong> El suave esmalte cer\u00e1mico hace que el jarr\u00f3n sea f\u00e1cil de limpiar y mantener, pr\u00e1ctico para el uso diario.<\/p>\n<p><strong>Tama\u00f1o rico:<\/strong> Ofrecemos distintos tama\u00f1os para elegir, que pueden combinarse seg\u00fan las preferencias personales y las necesidades de espacio. Puede utilizarse solo o colocado en combinaci\u00f3n para crear diferentes efectos visuales.<\/p>\n<p><strong>Suministro al por mayor a granel:<\/strong> Nuestro jarr\u00f3n para flores personalizado es adecuado para compras al por mayor y a granel para satisfacer las necesidades de minoristas y empresas de jardiner\u00eda.<\/p>","protected":false},"featured_media":1643,"comment_status":"closed","ping_status":"closed","template":"","meta":{"_acf_changed":false},"product_brand":[],"product_cat":[18,22],"product_tag":[34],"class_list":{"0":"post-1642","1":"product","2":"type-product","3":"status-publish","4":"has-post-thumbnail","6":"product_cat-home-decor","7":"product_cat-vase","8":"product_tag-ceramic-vase","10":"first","11":"instock","12":"shipping-taxable","13":"product-type-simple"},"acf":[],"_links":{"self":[{"href":"https:\/\/www.santai-ceramics.com\/es\/wp-json\/wp\/v2\/product\/1642","targetHints":{"allow":["GET"]}}],"collection":[{"href":"https:\/\/www.santai-ceramics.com\/es\/wp-json\/wp\/v2\/product"}],"about":[{"href":"https:\/\/www.santai-ceramics.com\/es\/wp-json\/wp\/v2\/types\/product"}],"replies":[{"embeddable":true,"href":"https:\/\/www.santai-ceramics.com\/es\/wp-json\/wp\/v2\/comments?post=1642"}],"wp:featuredmedia":[{"embeddable":true,"href":"https:\/\/www.santai-ceramics.com\/es\/wp-json\/wp\/v2\/media\/1643"}],"wp:attachment":[{"href":"https:\/\/www.santai-ceramics.com\/es\/wp-json\/wp\/v2\/media?parent=1642"}],"wp:term":[{"taxonomy":"product_brand","embeddable":true,"href":"https:\/\/www.santai-ceramics.com\/es\/wp-json\/wp\/v2\/product_brand?post=1642"},{"taxonomy":"product_cat","embeddable":true,"href":"https:\/\/www.santai-ceramics.com\/es\/wp-json\/wp\/v2\/product_cat?post=1642"},{"taxonomy":"product_tag","embeddable":true,"href":"https:\/\/www.santai-ceramics.com\/es\/wp-json\/wp\/v2\/product_tag?post=1642"}],"curies":[{"name":"wp","href":"https:\/\/api.w.org\/{rel}","templated":true}]}}