{"id":1647,"date":"2024-12-30T08:17:42","date_gmt":"2024-12-30T08:17:42","guid":{"rendered":"https:\/\/www.santai-ceramics.com\/?post_type=product&#038;p=1647"},"modified":"2025-02-02T13:51:23","modified_gmt":"2025-02-02T13:51:23","slug":"bulk-custom-ceramic-vase","status":"publish","type":"product","link":"https:\/\/www.santai-ceramics.com\/es\/product\/bulk-custom-ceramic-vase\/","title":{"rendered":"Jarr\u00f3n de Cer\u00e1mica Personalizado a Granel, Mayorista de Estuches Vintage Decorativos de Alta Calidad"},"content":{"rendered":"<h3 class=\"wp-block-heading\">Par\u00e1metros del jarr\u00f3n de cer\u00e1mica decorativo personalizable<\/h3>\n\n\n\n<figure class=\"wp-block-table\"><table class=\"has-fixed-layout\"><tbody><tr><td>Modelo<\/td><td>Nombre del producto<\/td><td>Color<\/td><td>Material<\/td><td>Utiliza<\/td><td>Dimensiones<\/td><td>Peso<\/td><\/tr><tr><td>A37109-LC17-A01<\/td><td>Florero de cer\u00e1mica<\/td><td>Marr\u00f3n elegante<\/td><td>Cer\u00e1mica<\/td><td>decoraci\u00f3n,sal\u00f3n<\/td><td>P:20X21cm<\/td><td>1,5 kg\/unidad<\/td><\/tr><tr><td>A37109-LC17-A02<\/td><td>Florero de cer\u00e1mica<\/td><td>Marr\u00f3n elegante<\/td><td>Cer\u00e1mica<\/td><td>decoraci\u00f3n,sal\u00f3n<\/td><td>P:16X16cm<\/td><td>0,9 kg\/unidad<\/td><\/tr><\/tbody><\/table><\/figure>\n\n\n\n<h3 class=\"wp-block-heading\">Servicio de floreros de cer\u00e1mica personalizados<\/h3>\n\n\n\n<p>Ofrecemos servicios OEM y ODM para nuestros productos.<br>Entrega r\u00e1pida de muestras.<br>Ofrecemos una gran variedad de formas, colores, impresi\u00f3n personalizada, embalaje y otros servicios a medida para satisfacer sus necesidades espec\u00edficas.<br><a style=\"\" href=\"https:\/\/www.santai-ceramics.com\/es\/custom\/\" data-type=\"page\" data-id=\"13\" target=\"_blank\" rel=\"noreferrer noopener\"><strong><b>M\u00e1s informaci\u00f3n<\/b> detalle de jarr\u00f3n de cer\u00e1mica.<\/strong><\/a><\/p>\n\n\n\n<div class=\"wp-block-columns is-layout-flex wp-container-core-columns-is-layout-9d6595d7 wp-block-columns-is-layout-flex\">\n<div class=\"wp-block-column is-layout-flow wp-block-column-is-layout-flow\">\n<figure class=\"wp-block-image size-full\"><img decoding=\"async\" width=\"1300\" height=\"1083\" src=\"https:\/\/www.santai-ceramics.com\/wp-content\/uploads\/2024\/12\/Custom-Ceramic-Vase-4.webp\" alt=\"Jarr\u00f3n de cer\u00e1mica personalizado (4)\" class=\"wp-image-1651\" srcset=\"https:\/\/www.santai-ceramics.com\/wp-content\/uploads\/2024\/12\/Custom-Ceramic-Vase-4.webp 1300w, https:\/\/www.santai-ceramics.com\/wp-content\/uploads\/2024\/12\/Custom-Ceramic-Vase-4-300x250.webp 300w, https:\/\/www.santai-ceramics.com\/wp-content\/uploads\/2024\/12\/Custom-Ceramic-Vase-4-768x640.webp 768w, https:\/\/www.santai-ceramics.com\/wp-content\/uploads\/2024\/12\/Custom-Ceramic-Vase-4-14x12.webp 14w, https:\/\/www.santai-ceramics.com\/wp-content\/uploads\/2024\/12\/Custom-Ceramic-Vase-4-1200x1000.webp 1200w, https:\/\/www.santai-ceramics.com\/wp-content\/uploads\/2024\/12\/Custom-Ceramic-Vase-4-600x500.webp 600w\" sizes=\"(max-width: 1300px) 100vw, 1300px\" \/><\/figure>\n<\/div>\n\n\n\n<div class=\"wp-block-column is-layout-flow wp-block-column-is-layout-flow\">\n<figure class=\"wp-block-image size-full\"><img decoding=\"async\" width=\"1300\" height=\"1083\" src=\"https:\/\/www.santai-ceramics.com\/wp-content\/uploads\/2024\/12\/Custom-Ceramic-Vase-5.webp\" alt=\"Jarr\u00f3n de cer\u00e1mica personalizado (5)\" class=\"wp-image-1652\" srcset=\"https:\/\/www.santai-ceramics.com\/wp-content\/uploads\/2024\/12\/Custom-Ceramic-Vase-5.webp 1300w, https:\/\/www.santai-ceramics.com\/wp-content\/uploads\/2024\/12\/Custom-Ceramic-Vase-5-300x250.webp 300w, https:\/\/www.santai-ceramics.com\/wp-content\/uploads\/2024\/12\/Custom-Ceramic-Vase-5-768x640.webp 768w, https:\/\/www.santai-ceramics.com\/wp-content\/uploads\/2024\/12\/Custom-Ceramic-Vase-5-14x12.webp 14w, https:\/\/www.santai-ceramics.com\/wp-content\/uploads\/2024\/12\/Custom-Ceramic-Vase-5-1200x1000.webp 1200w, https:\/\/www.santai-ceramics.com\/wp-content\/uploads\/2024\/12\/Custom-Ceramic-Vase-5-600x500.webp 600w\" sizes=\"(max-width: 1300px) 100vw, 1300px\" \/><\/figure>\n<\/div>\n<\/div>","protected":false},"excerpt":{"rendered":"<p data-pm-slice=\"0 0 []\">Los jarrones de cer\u00e1mica decorativos personalizados al por mayor son adecuados para diversas necesidades de decoraci\u00f3n, como el hogar, la oficina o lugares comerciales. Nuestros jarrones de cer\u00e1mica se pueden personalizar. Proporcione sus ideas y personalizaremos la decoraci\u00f3n de cer\u00e1mica que mejor se adapte a sus necesidades. Le invitamos a consultar para obtener informaci\u00f3n m\u00e1s espec\u00edfica sobre la personalizaci\u00f3n al por mayor.<\/p>\n<h2>Caracter\u00edsticas del jarr\u00f3n de cer\u00e1mica decorativo personalizable<\/h2>\n<p><strong>Exquisita artesan\u00eda:<\/strong> La superficie de este jarr\u00f3n de cer\u00e1mica est\u00e1 procesada con delicada artesan\u00eda, con bellos dibujos y suave esmalte, que se integra perfectamente en diversas decoraciones del hogar.<\/p>\n<p><strong>Usos diversos:<\/strong> Adecuado para arreglos florales, colocaci\u00f3n de objetos decorativos o exposici\u00f3n independiente, para dar rienda suelta a la creatividad y satisfacer las necesidades de decoraci\u00f3n de diferentes ocasiones.<\/p>\n<p><strong>Peso moderado:<\/strong> El peso de los dos jarrones es de 0,9 kg y 1,5 kg respectivamente, lo que resulta moderado, f\u00e1cil de mover y colocar, y c\u00f3modo de colocar seg\u00fan las necesidades personales.<\/p>\n<p><strong>Selecci\u00f3n flexible de tama\u00f1os:<\/strong> Existe una gran variedad de tama\u00f1os, que pueden combinarse seg\u00fan el tama\u00f1o del espacio y las preferencias personales. Puede utilizarse solo o en combinaci\u00f3n para crear un rico efecto visual.<\/p>\n<p><strong>Servicio de personalizaci\u00f3n:<\/strong> SANTAI ofrece un servicio integral de jarrones de cer\u00e1mica personalizados para crear un jarr\u00f3n de cer\u00e1mica de marca exclusiva para usted.<\/p>","protected":false},"featured_media":1648,"comment_status":"closed","ping_status":"closed","template":"","meta":{"_acf_changed":false},"product_brand":[],"product_cat":[18,22],"product_tag":[34],"class_list":{"0":"post-1647","1":"product","2":"type-product","3":"status-publish","4":"has-post-thumbnail","6":"product_cat-home-decor","7":"product_cat-vase","8":"product_tag-ceramic-vase","10":"first","11":"instock","12":"shipping-taxable","13":"product-type-simple"},"acf":[],"_links":{"self":[{"href":"https:\/\/www.santai-ceramics.com\/es\/wp-json\/wp\/v2\/product\/1647","targetHints":{"allow":["GET"]}}],"collection":[{"href":"https:\/\/www.santai-ceramics.com\/es\/wp-json\/wp\/v2\/product"}],"about":[{"href":"https:\/\/www.santai-ceramics.com\/es\/wp-json\/wp\/v2\/types\/product"}],"replies":[{"embeddable":true,"href":"https:\/\/www.santai-ceramics.com\/es\/wp-json\/wp\/v2\/comments?post=1647"}],"wp:featuredmedia":[{"embeddable":true,"href":"https:\/\/www.santai-ceramics.com\/es\/wp-json\/wp\/v2\/media\/1648"}],"wp:attachment":[{"href":"https:\/\/www.santai-ceramics.com\/es\/wp-json\/wp\/v2\/media?parent=1647"}],"wp:term":[{"taxonomy":"product_brand","embeddable":true,"href":"https:\/\/www.santai-ceramics.com\/es\/wp-json\/wp\/v2\/product_brand?post=1647"},{"taxonomy":"product_cat","embeddable":true,"href":"https:\/\/www.santai-ceramics.com\/es\/wp-json\/wp\/v2\/product_cat?post=1647"},{"taxonomy":"product_tag","embeddable":true,"href":"https:\/\/www.santai-ceramics.com\/es\/wp-json\/wp\/v2\/product_tag?post=1647"}],"curies":[{"name":"wp","href":"https:\/\/api.w.org\/{rel}","templated":true}]}}