{"id":1694,"date":"2025-01-05T10:09:51","date_gmt":"2025-01-05T10:09:51","guid":{"rendered":"https:\/\/www.santai-ceramics.com\/?post_type=product&#038;p=1694"},"modified":"2025-06-12T16:12:31","modified_gmt":"2025-06-12T16:12:31","slug":"custom-ceramic-candle-holder-wholesale","status":"publish","type":"product","link":"https:\/\/www.santai-ceramics.com\/es\/product\/custom-ceramic-candle-holder-wholesale\/","title":{"rendered":"Portavelas de cer\u00e1mica personalizado al por mayor, venta directa de f\u00e1brica de candelabros decorativos a granel"},"content":{"rendered":"<h3 class=\"wp-block-heading\">Caracter\u00edsticas del portavelas de cer\u00e1mica<\/h3>\n\n\n\n<p><strong>Dise\u00f1o elegante:<\/strong> El portavelas adopta una forma c\u00f3nica cl\u00e1sica y presenta exquisitos motivos florales, por lo que es una opci\u00f3n ideal para la decoraci\u00f3n del hogar o de eventos, mostrando elegancia.<\/p>\n\n\n\n<p><br><strong>Artesan\u00eda de alta calidad: <\/strong>Fabricado con materiales de alta calidad, combinados a m\u00e1quina y a mano, la superficie es suave y delicada, reflejo de la magn\u00edfica artesan\u00eda.<\/p>\n\n\n\n<p><br><strong>Versatilidad: <\/strong>Ofrecemos portavelas de cer\u00e1mica de distintos tama\u00f1os, adecuados para diversos tipos de velas, como velas de pilar y velas peque\u00f1as, para satisfacer diferentes necesidades.<\/p>\n\n\n\n<p><br><strong>Adecuado para diversas ocasiones: <\/strong>Adecuado para la decoraci\u00f3n del hogar, la decoraci\u00f3n de restaurantes y la decoraci\u00f3n de oficinas, especialmente para escenas solemnes o retro.<\/p>\n\n\n\n<p><br><strong>Servicio OEM&amp;ODM:<\/strong> Ofrecemos un servicio integral de portavelas personalizados para crear portavelas de cer\u00e1mica exclusivos seg\u00fan sus necesidades.<\/p>\n\n\n\n<h3 class=\"wp-block-heading\">Servicio de portavelas personalizados<\/h3>\n\n\n\n<p><\/p>\n\n\n\n<p>Ofrecemos servicios OEM y ODM para nuestros productos.<br>Entrega r\u00e1pida de muestras.<br>Ofrecemos una gran variedad de formas, colores, impresi\u00f3n personalizada, embalaje y otros servicios a medida para satisfacer sus necesidades espec\u00edficas.<br><a style=\"\" href=\"https:\/\/www.santai-ceramics.com\/es\/custom\/\" data-type=\"page\" data-id=\"13\" target=\"_blank\" rel=\"noreferrer noopener\"><strong><b>M\u00e1s informaci\u00f3n<\/b>  detalle.<\/strong><\/a><\/p>\n\n\n\n<div class=\"wp-block-columns is-layout-flex wp-container-core-columns-is-layout-9d6595d7 wp-block-columns-is-layout-flex\">\n<div class=\"wp-block-column is-layout-flow wp-block-column-is-layout-flow\">\n<figure class=\"wp-block-image size-full\"><img decoding=\"async\" width=\"1500\" height=\"1249\" src=\"https:\/\/www.santai-ceramics.com\/wp-content\/uploads\/2025\/01\/Customizable-Ceramic-Candle-Holder-2.jpg\" alt=\"Portavelas de cer\u00e1mica personalizable (2)\" class=\"wp-image-1696\" srcset=\"https:\/\/www.santai-ceramics.com\/wp-content\/uploads\/2025\/01\/Customizable-Ceramic-Candle-Holder-2.jpg 1500w, https:\/\/www.santai-ceramics.com\/wp-content\/uploads\/2025\/01\/Customizable-Ceramic-Candle-Holder-2-300x250.jpg 300w, https:\/\/www.santai-ceramics.com\/wp-content\/uploads\/2025\/01\/Customizable-Ceramic-Candle-Holder-2-768x639.jpg 768w, https:\/\/www.santai-ceramics.com\/wp-content\/uploads\/2025\/01\/Customizable-Ceramic-Candle-Holder-2-14x12.jpg 14w, https:\/\/www.santai-ceramics.com\/wp-content\/uploads\/2025\/01\/Customizable-Ceramic-Candle-Holder-2-1200x999.jpg 1200w, https:\/\/www.santai-ceramics.com\/wp-content\/uploads\/2025\/01\/Customizable-Ceramic-Candle-Holder-2-600x500.jpg 600w\" sizes=\"(max-width: 1500px) 100vw, 1500px\" \/><\/figure>\n<\/div>\n\n\n\n<div class=\"wp-block-column is-layout-flow wp-block-column-is-layout-flow\">\n<figure class=\"wp-block-image size-full\"><img decoding=\"async\" width=\"1500\" height=\"1250\" src=\"https:\/\/www.santai-ceramics.com\/wp-content\/uploads\/2025\/01\/Customizable-Ceramic-Candle-Holder-3.jpg\" alt=\"Portavelas de cer\u00e1mica personalizables (3)\" class=\"wp-image-1697\" srcset=\"https:\/\/www.santai-ceramics.com\/wp-content\/uploads\/2025\/01\/Customizable-Ceramic-Candle-Holder-3.jpg 1500w, https:\/\/www.santai-ceramics.com\/wp-content\/uploads\/2025\/01\/Customizable-Ceramic-Candle-Holder-3-300x250.jpg 300w, https:\/\/www.santai-ceramics.com\/wp-content\/uploads\/2025\/01\/Customizable-Ceramic-Candle-Holder-3-768x640.jpg 768w, https:\/\/www.santai-ceramics.com\/wp-content\/uploads\/2025\/01\/Customizable-Ceramic-Candle-Holder-3-14x12.jpg 14w, https:\/\/www.santai-ceramics.com\/wp-content\/uploads\/2025\/01\/Customizable-Ceramic-Candle-Holder-3-1200x1000.jpg 1200w, https:\/\/www.santai-ceramics.com\/wp-content\/uploads\/2025\/01\/Customizable-Ceramic-Candle-Holder-3-600x500.jpg 600w\" sizes=\"(max-width: 1500px) 100vw, 1500px\" \/><\/figure>\n<\/div>\n<\/div>","protected":false},"excerpt":{"rendered":"<p data-pm-slice=\"0 0 []\">Portavelas de cer\u00e1mica personalizables al por mayor, este exquisito portavelas esmaltado es adecuado para la decoraci\u00f3n del hogar, la decoraci\u00f3n de restaurantes y muchas otras escenas. Ofrecemos una variedad de tama\u00f1os para satisfacer las necesidades de diferentes colocaciones de velas. Este portavelas admite la personalizaci\u00f3n del aspecto, el patr\u00f3n y el tama\u00f1o para satisfacer las necesidades de diferentes ocasiones y marcas. P\u00f3ngase en contacto con nosotros.<\/p>\n<h2>Especificaciones del portavelas de cer\u00e1mica\u00a0<\/h2>\n<table style=\"border-collapse: collapse; width: 100%; table-layout: fixed;\" border=\"0\" cellspacing=\"0\" cellpadding=\"5\">\n<tbody>\n<tr style=\"height: 12.75pt;\">\n<td style=\"height: 12.75pt;\">N\u00famero de modelo<\/td>\n<td>A34889-LC17-A01<\/td>\n<td>A34889-LC17-A02<\/td>\n<\/tr>\n<tr>\n<td>Nombre del producto<\/td>\n<td>Florero de cer\u00e1mica<\/td>\n<td>Florero de cer\u00e1mica<\/td>\n<\/tr>\n<tr>\n<td>Color<\/td>\n<td>Marr\u00f3n elegante<\/td>\n<td>Marr\u00f3n elegante<\/td>\n<\/tr>\n<tr>\n<td>Material<\/td>\n<td>Cer\u00e1mica<\/td>\n<td>Cer\u00e1mica<\/td>\n<\/tr>\n<tr>\n<td>Utiliza<\/td>\n<td>decoraci\u00f3n, sal\u00f3n<\/td>\n<td>decoraci\u00f3n, sal\u00f3n<\/td>\n<\/tr>\n<tr>\n<td>Dimensiones<\/td>\n<td>P:11,5X28cm<\/td>\n<td>P:11,5X23cm<\/td>\n<\/tr>\n<tr>\n<td>Peso<\/td>\n<td>1,1 kg\/unidad<\/td>\n<td>0,65 kg\/unidad<\/td>\n<\/tr>\n<\/tbody>\n<\/table>","protected":false},"featured_media":1695,"comment_status":"closed","ping_status":"closed","template":"","meta":{"_acf_changed":false},"product_brand":[],"product_cat":[18,46,26],"product_tag":[33],"class_list":{"0":"post-1694","1":"product","2":"type-product","3":"status-publish","4":"has-post-thumbnail","6":"product_cat-home-decor","7":"product_cat-wholesale-ceramic-candle-holders","8":"product_cat-home-accessories","9":"product_tag-wholesale-candle-holders","11":"first","12":"instock","13":"shipping-taxable","14":"product-type-simple"},"acf":[],"_links":{"self":[{"href":"https:\/\/www.santai-ceramics.com\/es\/wp-json\/wp\/v2\/product\/1694","targetHints":{"allow":["GET"]}}],"collection":[{"href":"https:\/\/www.santai-ceramics.com\/es\/wp-json\/wp\/v2\/product"}],"about":[{"href":"https:\/\/www.santai-ceramics.com\/es\/wp-json\/wp\/v2\/types\/product"}],"replies":[{"embeddable":true,"href":"https:\/\/www.santai-ceramics.com\/es\/wp-json\/wp\/v2\/comments?post=1694"}],"wp:featuredmedia":[{"embeddable":true,"href":"https:\/\/www.santai-ceramics.com\/es\/wp-json\/wp\/v2\/media\/1695"}],"wp:attachment":[{"href":"https:\/\/www.santai-ceramics.com\/es\/wp-json\/wp\/v2\/media?parent=1694"}],"wp:term":[{"taxonomy":"product_brand","embeddable":true,"href":"https:\/\/www.santai-ceramics.com\/es\/wp-json\/wp\/v2\/product_brand?post=1694"},{"taxonomy":"product_cat","embeddable":true,"href":"https:\/\/www.santai-ceramics.com\/es\/wp-json\/wp\/v2\/product_cat?post=1694"},{"taxonomy":"product_tag","embeddable":true,"href":"https:\/\/www.santai-ceramics.com\/es\/wp-json\/wp\/v2\/product_tag?post=1694"}],"curies":[{"name":"wp","href":"https:\/\/api.w.org\/{rel}","templated":true}]}}