{"id":1710,"date":"2025-01-08T09:16:00","date_gmt":"2025-01-08T09:16:00","guid":{"rendered":"https:\/\/www.santai-ceramics.com\/?post_type=product&#038;p=1710"},"modified":"2025-06-05T14:24:44","modified_gmt":"2025-06-05T14:24:44","slug":"wholesale-nature-style-handmade-flower-pot","status":"publish","type":"product","link":"https:\/\/www.santai-ceramics.com\/es\/product\/wholesale-nature-style-handmade-flower-pot\/","title":{"rendered":"Mayorista Maceta Estilo Natural Hecha a Mano, Soporte OEM &amp; ODM"},"content":{"rendered":"<h3 class=\"wp-block-heading\">Caracter\u00edsticas de la maceta hecha a mano<\/h3>\n\n\n\n<p><strong>Dise\u00f1o retro y envejecido: <\/strong>La superficie de la maceta hecha a mano de estilo natural utiliza un proceso de esmaltado craquelado, que presenta un efecto natural desgastado, como si se hubiera precipitado a lo largo de los a\u00f1os, lleno de atm\u00f3sfera hist\u00f3rica y art\u00edstica.<\/p>\n\n\n\n<p><strong>Estilo r\u00fastico y natural: <\/strong>La maceta hecha a mano est\u00e1 hecha de arcilla natural, con una marcada textura hecha a mano, y el aspecto general es cercano a la naturaleza, adecuado para la decoraci\u00f3n del hogar de estilo pastoral o n\u00f3rdico.<\/p>\n\n\n\n<p><strong>Uso multifuncional:<\/strong> Esta maceta es adecuada para plantar peque\u00f1as plantas verdes, suculentas o como contenedor de flores secas, y tambi\u00e9n puede utilizarse como decoraci\u00f3n independiente para realzar el sentido art\u00edstico del espacio.<\/p>\n\n\n\n<p><strong>Servicio de personalizaci\u00f3n OEM y ODM<\/strong>: A trav\u00e9s de nuestro servicio de personalizaci\u00f3n, usted puede conseguir f\u00e1cilmente un servicio de ventanilla \u00fanica desde el dise\u00f1o hasta la producci\u00f3n, y crear macetas de cer\u00e1mica con estilos \u00fanicos adecuados para diferentes regiones.<\/p>\n\n\n\n<h3 class=\"wp-block-heading\">Servicio de macetas personalizadas<\/h3>\n\n\n\n<p>Ofrecemos servicios OEM y ODM para nuestros productos.<br>Entrega r\u00e1pida de muestras.<br>Ofrecemos una gran variedad de formas, colores, impresi\u00f3n personalizada, embalaje y otros servicios a medida para satisfacer sus necesidades espec\u00edficas.<br><a href=\"https:\/\/www.santai-ceramics.com\/es\/custom\/\" data-type=\"page\" data-id=\"13\" target=\"_blank\" rel=\"noreferrer noopener\"><strong><b>M\u00e1s informaci\u00f3n<\/b> detalle de maceta.<\/strong><\/a><\/p>\n\n\n\n<div class=\"wp-block-columns is-layout-flex wp-container-core-columns-is-layout-9d6595d7 wp-block-columns-is-layout-flex\">\n<div class=\"wp-block-column is-layout-flow wp-block-column-is-layout-flow\">\n<figure class=\"wp-block-image size-full\"><img decoding=\"async\" width=\"1500\" height=\"1249\" src=\"https:\/\/www.santai-ceramics.com\/wp-content\/uploads\/2025\/01\/Nature-Style-Handmade-Flower-Pot-1.webp\" alt=\"Maceta hecha a mano estilo natural (1)\" class=\"wp-image-1753\" srcset=\"https:\/\/www.santai-ceramics.com\/wp-content\/uploads\/2025\/01\/Nature-Style-Handmade-Flower-Pot-1.webp 1500w, https:\/\/www.santai-ceramics.com\/wp-content\/uploads\/2025\/01\/Nature-Style-Handmade-Flower-Pot-1-300x250.webp 300w, https:\/\/www.santai-ceramics.com\/wp-content\/uploads\/2025\/01\/Nature-Style-Handmade-Flower-Pot-1-768x639.webp 768w, https:\/\/www.santai-ceramics.com\/wp-content\/uploads\/2025\/01\/Nature-Style-Handmade-Flower-Pot-1-14x12.webp 14w, https:\/\/www.santai-ceramics.com\/wp-content\/uploads\/2025\/01\/Nature-Style-Handmade-Flower-Pot-1-1200x999.webp 1200w, https:\/\/www.santai-ceramics.com\/wp-content\/uploads\/2025\/01\/Nature-Style-Handmade-Flower-Pot-1-600x500.webp 600w\" sizes=\"(max-width: 1500px) 100vw, 1500px\" \/><\/figure>\n<\/div>\n\n\n\n<div class=\"wp-block-column is-layout-flow wp-block-column-is-layout-flow\">\n<figure class=\"wp-block-image size-full\"><img decoding=\"async\" width=\"1500\" height=\"1249\" src=\"https:\/\/www.santai-ceramics.com\/wp-content\/uploads\/2025\/01\/Nature-Style-Handmade-Flower-Pot-2.webp\" alt=\"Maceta hecha a mano con estilo natural (2)\" class=\"wp-image-1754\" srcset=\"https:\/\/www.santai-ceramics.com\/wp-content\/uploads\/2025\/01\/Nature-Style-Handmade-Flower-Pot-2.webp 1500w, https:\/\/www.santai-ceramics.com\/wp-content\/uploads\/2025\/01\/Nature-Style-Handmade-Flower-Pot-2-300x250.webp 300w, https:\/\/www.santai-ceramics.com\/wp-content\/uploads\/2025\/01\/Nature-Style-Handmade-Flower-Pot-2-768x639.webp 768w, https:\/\/www.santai-ceramics.com\/wp-content\/uploads\/2025\/01\/Nature-Style-Handmade-Flower-Pot-2-14x12.webp 14w, https:\/\/www.santai-ceramics.com\/wp-content\/uploads\/2025\/01\/Nature-Style-Handmade-Flower-Pot-2-1200x999.webp 1200w, https:\/\/www.santai-ceramics.com\/wp-content\/uploads\/2025\/01\/Nature-Style-Handmade-Flower-Pot-2-600x500.webp 600w\" sizes=\"(max-width: 1500px) 100vw, 1500px\" \/><\/figure>\n<\/div>\n<\/div>\n\n\n\n<p><\/p>","protected":false},"excerpt":{"rendered":"<p data-pm-slice=\"0 0 []\">Mayorista de macetas de estilo natural hechas a mano, las macetas est\u00e1n hechas de arcilla natural, y se fabrican artesanalmente y a m\u00e1quina. Cada una conserva una textura \u00fanica, y es muy apreciada por los amantes del estilo pastoral, el estilo n\u00f3rdico y el estilo retro para el hogar. Adecuado para marcas de decoraci\u00f3n del hogar, proveedores de flores y jardiner\u00eda, o empresas de regalos, p\u00f3ngase en contacto con nosotros.<\/p>\n<h2>Especificaciones de la maceta hecha a mano con estilo natural<\/h2>\n<table width=\"570\">\n<tbody>\n<tr>\n<td width=\"285\">N\u00famero de modelo<\/td>\n<td width=\"285\">G36609-WD14-A02<\/td>\n<\/tr>\n<tr>\n<td>Nombre del producto<\/td>\n<td>Maceta de terracota<\/td>\n<\/tr>\n<tr>\n<td>Color<\/td>\n<td>Blanco \u00e1spero<\/td>\n<\/tr>\n<tr>\n<td>Material<\/td>\n<td>Terracota<\/td>\n<\/tr>\n<tr>\n<td>Escenarios de uso<\/td>\n<td>decoraci\u00f3n del hogar,decoraci\u00f3n del jard\u00edn<\/td>\n<\/tr>\n<tr>\n<td>Dimensiones<\/td>\n<td>P:17X14,5cm<\/td>\n<\/tr>\n<tr>\n<td>Peso<\/td>\n<td>1,4 kg\/unidad<\/td>\n<\/tr>\n<\/tbody>\n<\/table>\n<p>&nbsp;<\/p>","protected":false},"featured_media":1753,"comment_status":"closed","ping_status":"closed","template":"","meta":{"_acf_changed":false},"product_brand":[],"product_cat":[18,42,21,23],"product_tag":[39],"class_list":{"0":"post-1710","1":"product","2":"type-product","3":"status-publish","4":"has-post-thumbnail","6":"product_cat-home-decor","7":"product_cat-wholesale-ceramic-plant-pots","8":"product_cat-garden-decor","9":"product_cat-ceramic-pots-planters","10":"product_tag-ceramic-flower-pot","12":"first","13":"instock","14":"shipping-taxable","15":"product-type-simple"},"acf":[],"_links":{"self":[{"href":"https:\/\/www.santai-ceramics.com\/es\/wp-json\/wp\/v2\/product\/1710","targetHints":{"allow":["GET"]}}],"collection":[{"href":"https:\/\/www.santai-ceramics.com\/es\/wp-json\/wp\/v2\/product"}],"about":[{"href":"https:\/\/www.santai-ceramics.com\/es\/wp-json\/wp\/v2\/types\/product"}],"replies":[{"embeddable":true,"href":"https:\/\/www.santai-ceramics.com\/es\/wp-json\/wp\/v2\/comments?post=1710"}],"wp:featuredmedia":[{"embeddable":true,"href":"https:\/\/www.santai-ceramics.com\/es\/wp-json\/wp\/v2\/media\/1753"}],"wp:attachment":[{"href":"https:\/\/www.santai-ceramics.com\/es\/wp-json\/wp\/v2\/media?parent=1710"}],"wp:term":[{"taxonomy":"product_brand","embeddable":true,"href":"https:\/\/www.santai-ceramics.com\/es\/wp-json\/wp\/v2\/product_brand?post=1710"},{"taxonomy":"product_cat","embeddable":true,"href":"https:\/\/www.santai-ceramics.com\/es\/wp-json\/wp\/v2\/product_cat?post=1710"},{"taxonomy":"product_tag","embeddable":true,"href":"https:\/\/www.santai-ceramics.com\/es\/wp-json\/wp\/v2\/product_tag?post=1710"}],"curies":[{"name":"wp","href":"https:\/\/api.w.org\/{rel}","templated":true}]}}