{"id":1711,"date":"2025-01-08T03:54:29","date_gmt":"2025-01-08T03:54:29","guid":{"rendered":"https:\/\/www.santai-ceramics.com\/?post_type=product&#038;p=1711"},"modified":"2025-09-05T08:53:18","modified_gmt":"2025-09-05T08:53:18","slug":"wholesale-custom-art-deco-terracotta-vases","status":"publish","type":"product","link":"https:\/\/www.santai-ceramics.com\/es\/product\/wholesale-custom-art-deco-terracotta-vases\/","title":{"rendered":"Mayorista Jarrones de Terracota Art Deco Personalizados, Tarros de Luna para Arreglos Florales"},"content":{"rendered":"<h3 class=\"wp-block-heading\">Caracter\u00edsticas de los jarrones Art D\u00e9co de terracota<\/h3>\n\n\n\n<p><strong>Dise\u00f1o \u00fanico: <\/strong>El aspecto de los jarrones Art D\u00e9co de terracota presenta texturas y colores \u00fanicos, que son art\u00edsticos y pueden convertirse en el punto culminante de la decoraci\u00f3n del hogar.<br><br><strong>Emparejamiento diverso: <\/strong>Los tonos neutros de este jarr\u00f3n de terracota permiten combinarlo con diversos estilos decorativos, como la sencillez moderna, el estilo pastoral o el estilo retro.<br><br><strong>Mejora la atm\u00f3sfera del espacio:<\/strong> Despu\u00e9s de llenar el jarr\u00f3n con flores o plantas verdes, se puede crear un ambiente m\u00e1s vivo y natural en el hogar y mejorar la calidad de vida en general.<br><br><strong>Servicio mayorista: <\/strong>Ofrecemos Art Deco Terracota Jarr\u00f3n en varios tama\u00f1os, apoyar a su peque\u00f1o lote y las compras a gran escala, y el precio de f\u00e1brica es m\u00e1s atractivo, que puede ayudar a su negocio a aumentar el margen de beneficio.<br><br><strong>Soluci\u00f3n a medida: <\/strong>Como fabricante de jarrones de cer\u00e1mica, Santai ofrece soluciones integrales de jarrones personalizados, que incluyen materiales, formas y embalajes personalizados, etc.<\/p>\n\n\n\n<h3 class=\"wp-block-heading\">Servicio de floreros de terracota personalizados<\/h3>\n\n\n\n<p>Ofrecemos servicios OEM y ODM para nuestros productos.<br>Entrega r\u00e1pida de muestras.<br>Ofrecemos una gran variedad de formas, colores, impresi\u00f3n personalizada, embalaje y otros servicios a medida para satisfacer sus necesidades espec\u00edficas.<br><a href=\"https:\/\/www.santai-ceramics.com\/es\/custom\/\" data-type=\"page\" data-id=\"13\" target=\"_blank\" rel=\"noreferrer noopener\"><strong><b>M\u00e1s informaci\u00f3n<\/b> Detalle del jarr\u00f3n.<\/strong><\/a><\/p>\n\n\n\n<div class=\"wp-block-columns is-layout-flex wp-container-core-columns-is-layout-9d6595d7 wp-block-columns-is-layout-flex\">\n<div class=\"wp-block-column is-layout-flow wp-block-column-is-layout-flow\">\n<figure class=\"wp-block-image size-full\"><img decoding=\"async\" width=\"1500\" height=\"1249\" src=\"https:\/\/www.santai-ceramics.com\/wp-content\/uploads\/2025\/01\/Custom-Art-Deco-Terracotta-Vase-1.webp\" alt=\"Jarr\u00f3n de terracota Art D\u00e9co personalizado (1)\" class=\"wp-image-1719\" srcset=\"https:\/\/www.santai-ceramics.com\/wp-content\/uploads\/2025\/01\/Custom-Art-Deco-Terracotta-Vase-1.webp 1500w, https:\/\/www.santai-ceramics.com\/wp-content\/uploads\/2025\/01\/Custom-Art-Deco-Terracotta-Vase-1-300x250.webp 300w, https:\/\/www.santai-ceramics.com\/wp-content\/uploads\/2025\/01\/Custom-Art-Deco-Terracotta-Vase-1-768x639.webp 768w, https:\/\/www.santai-ceramics.com\/wp-content\/uploads\/2025\/01\/Custom-Art-Deco-Terracotta-Vase-1-14x12.webp 14w, https:\/\/www.santai-ceramics.com\/wp-content\/uploads\/2025\/01\/Custom-Art-Deco-Terracotta-Vase-1-1200x999.webp 1200w, https:\/\/www.santai-ceramics.com\/wp-content\/uploads\/2025\/01\/Custom-Art-Deco-Terracotta-Vase-1-600x500.webp 600w\" sizes=\"(max-width: 1500px) 100vw, 1500px\" \/><\/figure>\n<\/div>\n\n\n\n<div class=\"wp-block-column is-layout-flow wp-block-column-is-layout-flow\">\n<figure class=\"wp-block-image size-full\"><img decoding=\"async\" width=\"1500\" height=\"1249\" src=\"https:\/\/www.santai-ceramics.com\/wp-content\/uploads\/2025\/01\/Custom-Art-Deco-Terracotta-Vase-2.webp\" alt=\"Jarr\u00f3n de terracota Art D\u00e9co personalizado (2)\" class=\"wp-image-1720\" srcset=\"https:\/\/www.santai-ceramics.com\/wp-content\/uploads\/2025\/01\/Custom-Art-Deco-Terracotta-Vase-2.webp 1500w, https:\/\/www.santai-ceramics.com\/wp-content\/uploads\/2025\/01\/Custom-Art-Deco-Terracotta-Vase-2-300x250.webp 300w, https:\/\/www.santai-ceramics.com\/wp-content\/uploads\/2025\/01\/Custom-Art-Deco-Terracotta-Vase-2-768x639.webp 768w, https:\/\/www.santai-ceramics.com\/wp-content\/uploads\/2025\/01\/Custom-Art-Deco-Terracotta-Vase-2-14x12.webp 14w, https:\/\/www.santai-ceramics.com\/wp-content\/uploads\/2025\/01\/Custom-Art-Deco-Terracotta-Vase-2-1200x999.webp 1200w, https:\/\/www.santai-ceramics.com\/wp-content\/uploads\/2025\/01\/Custom-Art-Deco-Terracotta-Vase-2-600x500.webp 600w\" sizes=\"(max-width: 1500px) 100vw, 1500px\" \/><\/figure>\n<\/div>\n<\/div>","protected":false},"excerpt":{"rendered":"<p>Jarrones de terracota personalizados al por mayor, estos jarrones de terracota art deco tienen un toque art\u00edstico \u00fanico y son adecuados como decoraci\u00f3n en la sala de estar, comedor, dormitorio u oficina. Proporcionamos servicios profesionales de jarrones de arcilla personalizados, p\u00f3ngase en contacto con nosotros.<\/p>\n<h2>Especificaciones de los jarrones Art D\u00e9co de terracota<\/h2>\n<table width=\"1140\">\n<tbody style=\"font-size: 16px;\">\n<tr>\n<td width=\"285\">N\u00famero de modelo<\/td>\n<td width=\"285\">G37628-WD14-A01<\/td>\n<td width=\"285\">G37628-WD14-A02<\/td>\n<td width=\"285\">G37628-WD14-A03<\/td>\n<\/tr>\n<tr>\n<td>Nombre del producto<\/td>\n<td>Jarr\u00f3n de terracota<\/td>\n<td>Jarr\u00f3n de terracota<\/td>\n<td>Jarr\u00f3n de terracota<\/td>\n<\/tr>\n<tr>\n<td>Color<\/td>\n<td>Blanco \u00e1spero<\/td>\n<td>Blanco \u00e1spero<\/td>\n<td>Blanco \u00e1spero<\/td>\n<\/tr>\n<tr>\n<td>Material<\/td>\n<td>Terracota<\/td>\n<td>Terracota<\/td>\n<td>Terracota<\/td>\n<\/tr>\n<tr>\n<td>Escenarios de uso<\/td>\n<td>decoraci\u00f3n del hogar,decoraci\u00f3n del jard\u00edn<\/td>\n<td>decoraci\u00f3n del hogar,decoraci\u00f3n del jard\u00edn<\/td>\n<td>decoraci\u00f3n del hogar,decoraci\u00f3n del jard\u00edn<\/td>\n<\/tr>\n<tr>\n<td>Dimensiones<\/td>\n<td>P:18,5X29cm<\/td>\n<td>P:16X24,5cm<\/td>\n<td>P:18X20cm<\/td>\n<\/tr>\n<tr>\n<td>Peso<\/td>\n<td>2,8 kg\/unidad<\/td>\n<td>2 kg\/unidad<\/td>\n<td>1,8 kg\/unidad<\/td>\n<\/tr>\n<\/tbody>\n<\/table>","protected":false},"featured_media":1719,"comment_status":"closed","ping_status":"closed","template":"","meta":{"_acf_changed":false},"product_brand":[],"product_cat":[18,21,22],"product_tag":[34],"class_list":{"0":"post-1711","1":"product","2":"type-product","3":"status-publish","4":"has-post-thumbnail","6":"product_cat-home-decor","7":"product_cat-garden-decor","8":"product_cat-vase","9":"product_tag-ceramic-vase","11":"first","12":"instock","13":"shipping-taxable","14":"product-type-simple"},"acf":[],"_links":{"self":[{"href":"https:\/\/www.santai-ceramics.com\/es\/wp-json\/wp\/v2\/product\/1711","targetHints":{"allow":["GET"]}}],"collection":[{"href":"https:\/\/www.santai-ceramics.com\/es\/wp-json\/wp\/v2\/product"}],"about":[{"href":"https:\/\/www.santai-ceramics.com\/es\/wp-json\/wp\/v2\/types\/product"}],"replies":[{"embeddable":true,"href":"https:\/\/www.santai-ceramics.com\/es\/wp-json\/wp\/v2\/comments?post=1711"}],"wp:featuredmedia":[{"embeddable":true,"href":"https:\/\/www.santai-ceramics.com\/es\/wp-json\/wp\/v2\/media\/1719"}],"wp:attachment":[{"href":"https:\/\/www.santai-ceramics.com\/es\/wp-json\/wp\/v2\/media?parent=1711"}],"wp:term":[{"taxonomy":"product_brand","embeddable":true,"href":"https:\/\/www.santai-ceramics.com\/es\/wp-json\/wp\/v2\/product_brand?post=1711"},{"taxonomy":"product_cat","embeddable":true,"href":"https:\/\/www.santai-ceramics.com\/es\/wp-json\/wp\/v2\/product_cat?post=1711"},{"taxonomy":"product_tag","embeddable":true,"href":"https:\/\/www.santai-ceramics.com\/es\/wp-json\/wp\/v2\/product_tag?post=1711"}],"curies":[{"name":"wp","href":"https:\/\/api.w.org\/{rel}","templated":true}]}}