{"id":1712,"date":"2025-01-08T08:36:19","date_gmt":"2025-01-08T08:36:19","guid":{"rendered":"https:\/\/www.santai-ceramics.com\/?post_type=product&#038;p=1712"},"modified":"2025-02-02T13:50:17","modified_gmt":"2025-02-02T13:50:17","slug":"wholesale-custom-classic-textured-ceramic-vase","status":"publish","type":"product","link":"https:\/\/www.santai-ceramics.com\/es\/product\/wholesale-custom-classic-textured-ceramic-vase\/","title":{"rendered":"Jarr\u00f3n de cer\u00e1mica con textura cl\u00e1sica personalizada para decorar espacios interiores al por mayor,Soporte OEM &amp; ODM"},"content":{"rendered":"<h3 class=\"wp-block-heading\">Caracter\u00edsticas del jarr\u00f3n de cer\u00e1mica con textura<\/h3>\n\n\n\n<p><strong>Dise\u00f1o \u00fanico: <\/strong>El estilo retro del cl\u00e1sico jarr\u00f3n de cer\u00e1mica con textura aporta un arte \u00fanico, a\u00f1adiendo un enfoque visual \u00fanico y una atm\u00f3sfera c\u00e1lida a su ambiente interior<\/p>\n\n\n\n<p><strong>Textura natural: <\/strong>La superficie de este jarr\u00f3n de cer\u00e1mica cl\u00e1sico tiene un acabado texturizado, que aporta una sensaci\u00f3n c\u00e1lida y natural.<\/p>\n\n\n\n<p><strong>Combinaci\u00f3n de artesan\u00eda tradicional y moderna:<\/strong> Adopta una combinaci\u00f3n de artesan\u00eda tradicional y m\u00e1quinas, combinando alta calidad y eficiencia de producci\u00f3n.<\/p>\n\n\n\n<p><strong>Servicio de personalizaci\u00f3n OEM&amp;ODM:<\/strong> Como fabricante de cer\u00e1mica, santai le ofrece una gran variedad de opciones de jarrones personalizados, incluidos materiales, formas y envases personalizados, para crear jarrones de marca exclusiva para usted.<\/p>\n\n\n\n<p><strong>Servicio de floreros al por mayor:<\/strong> Le proporcionamos jarrones de cer\u00e1mica al por mayor a precios de f\u00e1brica para que sus productos puedan ser m\u00e1s competitivos en el mercado, bienvenido a contactarnos.<\/p>\n\n\n\n<h3 class=\"wp-block-heading\">Servicio de floreros de cer\u00e1mica personalizados<\/h3>\n\n\n\n<p>Ofrecemos servicios OEM y ODM para nuestros productos.<br>Entrega r\u00e1pida de muestras.<br>Ofrecemos una gran variedad de formas, colores, impresi\u00f3n personalizada, embalaje y otros servicios a medida para satisfacer sus necesidades espec\u00edficas.<br><a href=\"https:\/\/www.santai-ceramics.com\/es\/custom\/\" data-type=\"page\" data-id=\"13\" target=\"_blank\" rel=\"noreferrer noopener\"><strong><b>M\u00e1s informaci\u00f3n<\/b> Detalle del jarr\u00f3n.<\/strong><\/a><\/p>\n\n\n\n<div class=\"wp-block-columns is-layout-flex wp-container-core-columns-is-layout-9d6595d7 wp-block-columns-is-layout-flex\">\n<div class=\"wp-block-column is-layout-flow wp-block-column-is-layout-flow\"><div class=\"wp-block-image\">\n<figure class=\"aligncenter size-full\"><img decoding=\"async\" width=\"1500\" height=\"1250\" src=\"https:\/\/www.santai-ceramics.com\/wp-content\/uploads\/2025\/01\/Custom-Classic-Textured-Ceramic-Vase-1.webp\" alt=\"Jarr\u00f3n de cer\u00e1mica con textura cl\u00e1sico personalizado (1)\" class=\"wp-image-1730\" srcset=\"https:\/\/www.santai-ceramics.com\/wp-content\/uploads\/2025\/01\/Custom-Classic-Textured-Ceramic-Vase-1.webp 1500w, https:\/\/www.santai-ceramics.com\/wp-content\/uploads\/2025\/01\/Custom-Classic-Textured-Ceramic-Vase-1-300x250.webp 300w, https:\/\/www.santai-ceramics.com\/wp-content\/uploads\/2025\/01\/Custom-Classic-Textured-Ceramic-Vase-1-768x640.webp 768w, https:\/\/www.santai-ceramics.com\/wp-content\/uploads\/2025\/01\/Custom-Classic-Textured-Ceramic-Vase-1-14x12.webp 14w, https:\/\/www.santai-ceramics.com\/wp-content\/uploads\/2025\/01\/Custom-Classic-Textured-Ceramic-Vase-1-1200x1000.webp 1200w, https:\/\/www.santai-ceramics.com\/wp-content\/uploads\/2025\/01\/Custom-Classic-Textured-Ceramic-Vase-1-600x500.webp 600w\" sizes=\"(max-width: 1500px) 100vw, 1500px\" \/><figcaption class=\"wp-element-caption\">Jarr\u00f3n de cer\u00e1mica con textura cl\u00e1sico personalizado <\/figcaption><\/figure>\n<\/div><\/div>\n\n\n\n<div class=\"wp-block-column is-layout-flow wp-block-column-is-layout-flow\"><div class=\"wp-block-image\">\n<figure class=\"aligncenter size-full\"><img decoding=\"async\" width=\"1500\" height=\"1249\" src=\"https:\/\/www.santai-ceramics.com\/wp-content\/uploads\/2025\/01\/Custom-Classic-Textured-Ceramic-Vase-2.webp\" alt=\"Jarr\u00f3n de cer\u00e1mica con textura cl\u00e1sico personalizado (2)\" class=\"wp-image-1731\" srcset=\"https:\/\/www.santai-ceramics.com\/wp-content\/uploads\/2025\/01\/Custom-Classic-Textured-Ceramic-Vase-2.webp 1500w, https:\/\/www.santai-ceramics.com\/wp-content\/uploads\/2025\/01\/Custom-Classic-Textured-Ceramic-Vase-2-300x250.webp 300w, https:\/\/www.santai-ceramics.com\/wp-content\/uploads\/2025\/01\/Custom-Classic-Textured-Ceramic-Vase-2-768x639.webp 768w, https:\/\/www.santai-ceramics.com\/wp-content\/uploads\/2025\/01\/Custom-Classic-Textured-Ceramic-Vase-2-14x12.webp 14w, https:\/\/www.santai-ceramics.com\/wp-content\/uploads\/2025\/01\/Custom-Classic-Textured-Ceramic-Vase-2-1200x999.webp 1200w, https:\/\/www.santai-ceramics.com\/wp-content\/uploads\/2025\/01\/Custom-Classic-Textured-Ceramic-Vase-2-600x500.webp 600w\" sizes=\"(max-width: 1500px) 100vw, 1500px\" \/><figcaption class=\"wp-element-caption\">Jarr\u00f3n de cer\u00e1mica con textura cl\u00e1sico personalizado <\/figcaption><\/figure>\n<\/div><\/div>\n<\/div>","protected":false},"excerpt":{"rendered":"<p>Jarrones de cer\u00e1mica con textura personalizados al por mayor, este jarr\u00f3n se ha convertido en una opci\u00f3n ideal para la decoraci\u00f3n de interiores gracias a su exclusivo dise\u00f1o retro y su exquisita artesan\u00eda. Proporcione a los clientes una variedad de soluciones de arreglos florales para realzar el sentido art\u00edstico y la personalidad del espacio. P\u00f3ngase en contacto con nosotros para solicitar un presupuesto.<\/p>\n<h2>Especificaciones del jarr\u00f3n de cer\u00e1mica con textura Classic<\/h2>\n<table width=\"1140\">\n<tbody>\n<tr>\n<td width=\"285\">N\u00famero de modelo<\/td>\n<td width=\"285\">G37629-WD14-A01<\/td>\n<td width=\"285\">G37629-WD14-A02<\/td>\n<td width=\"285\">G37629-WD14-A03<\/td>\n<\/tr>\n<tr>\n<td>Nombre del producto<\/td>\n<td>Maceta de terracota<\/td>\n<td>Maceta de terracota<\/td>\n<td>Maceta de terracota<\/td>\n<\/tr>\n<tr>\n<td>Color<\/td>\n<td>Blanco \u00e1spero<\/td>\n<td>Blanco \u00e1spero<\/td>\n<td>Blanco \u00e1spero<\/td>\n<\/tr>\n<tr>\n<td>Material<\/td>\n<td>Terracota<\/td>\n<td>Terracota<\/td>\n<td>Terracota<\/td>\n<\/tr>\n<tr>\n<td>Escenarios de uso<\/td>\n<td>decoraci\u00f3n del hogar,decoraci\u00f3n del jard\u00edn<\/td>\n<td>decoraci\u00f3n del hogar,decoraci\u00f3n del jard\u00edn<\/td>\n<td>decoraci\u00f3n del hogar,decoraci\u00f3n del jard\u00edn<\/td>\n<\/tr>\n<tr>\n<td>Dimensiones<\/td>\n<td>P:22,5X30cm<\/td>\n<td>P:18.5X25.5cm<\/td>\n<td>D:20X20cm<\/td>\n<\/tr>\n<tr>\n<td>Peso<\/td>\n<td>3,2 kg\/unidad<\/td>\n<td>2,3 kg\/unidad<\/td>\n<td>2,3 kg\/unidad<\/td>\n<\/tr>\n<\/tbody>\n<\/table>","protected":false},"featured_media":1730,"comment_status":"closed","ping_status":"closed","template":"","meta":{"_acf_changed":false},"product_brand":[],"product_cat":[18,21,22],"product_tag":[34],"class_list":{"0":"post-1712","1":"product","2":"type-product","3":"status-publish","4":"has-post-thumbnail","6":"product_cat-home-decor","7":"product_cat-garden-decor","8":"product_cat-vase","9":"product_tag-ceramic-vase","11":"first","12":"instock","13":"shipping-taxable","14":"product-type-simple"},"acf":[],"_links":{"self":[{"href":"https:\/\/www.santai-ceramics.com\/es\/wp-json\/wp\/v2\/product\/1712","targetHints":{"allow":["GET"]}}],"collection":[{"href":"https:\/\/www.santai-ceramics.com\/es\/wp-json\/wp\/v2\/product"}],"about":[{"href":"https:\/\/www.santai-ceramics.com\/es\/wp-json\/wp\/v2\/types\/product"}],"replies":[{"embeddable":true,"href":"https:\/\/www.santai-ceramics.com\/es\/wp-json\/wp\/v2\/comments?post=1712"}],"wp:featuredmedia":[{"embeddable":true,"href":"https:\/\/www.santai-ceramics.com\/es\/wp-json\/wp\/v2\/media\/1730"}],"wp:attachment":[{"href":"https:\/\/www.santai-ceramics.com\/es\/wp-json\/wp\/v2\/media?parent=1712"}],"wp:term":[{"taxonomy":"product_brand","embeddable":true,"href":"https:\/\/www.santai-ceramics.com\/es\/wp-json\/wp\/v2\/product_brand?post=1712"},{"taxonomy":"product_cat","embeddable":true,"href":"https:\/\/www.santai-ceramics.com\/es\/wp-json\/wp\/v2\/product_cat?post=1712"},{"taxonomy":"product_tag","embeddable":true,"href":"https:\/\/www.santai-ceramics.com\/es\/wp-json\/wp\/v2\/product_tag?post=1712"}],"curies":[{"name":"wp","href":"https:\/\/api.w.org\/{rel}","templated":true}]}}