{"id":1713,"date":"2025-01-08T09:01:34","date_gmt":"2025-01-08T09:01:34","guid":{"rendered":"https:\/\/www.santai-ceramics.com\/?post_type=product&#038;p=1713"},"modified":"2025-02-02T13:45:39","modified_gmt":"2025-02-02T13:45:39","slug":"wholesale-custom-rustic-retro-ceramic-vase","status":"publish","type":"product","link":"https:\/\/www.santai-ceramics.com\/es\/product\/wholesale-custom-rustic-retro-ceramic-vase\/","title":{"rendered":"Jarr\u00f3n de Cer\u00e1mica Retro R\u00fastico Personalizado para Decoraci\u00f3n del Hogar al por Mayor, Soporte OEM y ODM - SANTAI Fabricante de Cer\u00e1mica"},"content":{"rendered":"<h3 class=\"wp-block-heading\">Caracter\u00edsticas del jarr\u00f3n de cer\u00e1mica r\u00fastico<\/h3>\n\n\n\n<p><strong>Encanto vintage: <\/strong>Este Jarr\u00f3n de Cer\u00e1mica Retro R\u00fastico tiene una textura \u00fanica y delicada, aportando un ambiente art\u00edstico \u00fanico, adecuado para colocar en el sal\u00f3n, comedor o estudio.<br><br><strong>Belleza natural: <\/strong>Los tonos y texturas naturales de este jarr\u00f3n de cer\u00e1mica retro r\u00fastico combinan con varios estilos de interior, lo que puede realzar eficazmente la belleza general del espacio.<br><br><strong>Dise\u00f1o polivalente: <\/strong>Este jarr\u00f3n no s\u00f3lo es adecuado para insertar varias flores, sino que tambi\u00e9n puede utilizarse como elemento decorativo \u00fanico, aportando un efecto visual impactante.<br><br><strong>Servicio personalizado OEM&amp;ODM:<\/strong> Le ofrecemos soluciones personalizadas para crear jarrones que se adapten al estilo de su regi\u00f3n.<\/p>\n\n\n\n<h3 class=\"wp-block-heading\">Servicio de floreros de cer\u00e1mica personalizados<\/h3>\n\n\n\n<p>Ofrecemos servicios OEM y ODM para nuestros productos.<br>Entrega r\u00e1pida de muestras.<br>Ofrecemos una gran variedad de formas, colores, impresi\u00f3n personalizada, embalaje y otros servicios a medida para satisfacer sus necesidades espec\u00edficas.<br><a href=\"https:\/\/www.santai-ceramics.com\/es\/custom\/\" data-type=\"page\" data-id=\"13\" target=\"_blank\" rel=\"noreferrer noopener\"><strong><b>M\u00e1s informaci\u00f3n<\/b> detalle de jarr\u00f3n de cer\u00e1mica.<\/strong><\/a><\/p>\n\n\n\n<div class=\"wp-block-columns is-layout-flex wp-container-core-columns-is-layout-9d6595d7 wp-block-columns-is-layout-flex\">\n<div class=\"wp-block-column is-layout-flow wp-block-column-is-layout-flow\">\n<figure class=\"wp-block-image size-full\"><img decoding=\"async\" width=\"1500\" height=\"1250\" src=\"https:\/\/www.santai-ceramics.com\/wp-content\/uploads\/2025\/01\/Custom-Rustic-Retro-Ceramic-Vase-1.webp\" alt=\"Jarr\u00f3n de cer\u00e1mica retro r\u00fastico personalizado (1)\" class=\"wp-image-1743\" srcset=\"https:\/\/www.santai-ceramics.com\/wp-content\/uploads\/2025\/01\/Custom-Rustic-Retro-Ceramic-Vase-1.webp 1500w, https:\/\/www.santai-ceramics.com\/wp-content\/uploads\/2025\/01\/Custom-Rustic-Retro-Ceramic-Vase-1-300x250.webp 300w, https:\/\/www.santai-ceramics.com\/wp-content\/uploads\/2025\/01\/Custom-Rustic-Retro-Ceramic-Vase-1-768x640.webp 768w, https:\/\/www.santai-ceramics.com\/wp-content\/uploads\/2025\/01\/Custom-Rustic-Retro-Ceramic-Vase-1-14x12.webp 14w, https:\/\/www.santai-ceramics.com\/wp-content\/uploads\/2025\/01\/Custom-Rustic-Retro-Ceramic-Vase-1-1200x1000.webp 1200w, https:\/\/www.santai-ceramics.com\/wp-content\/uploads\/2025\/01\/Custom-Rustic-Retro-Ceramic-Vase-1-600x500.webp 600w\" sizes=\"(max-width: 1500px) 100vw, 1500px\" \/><\/figure>\n<\/div>\n\n\n\n<div class=\"wp-block-column is-layout-flow wp-block-column-is-layout-flow\">\n<figure class=\"wp-block-image size-full\"><img decoding=\"async\" width=\"1500\" height=\"1249\" src=\"https:\/\/www.santai-ceramics.com\/wp-content\/uploads\/2025\/01\/Custom-Rustic-Retro-Ceramic-Vase-2.webp\" alt=\"Jarr\u00f3n de cer\u00e1mica retro r\u00fastico personalizado (2)\" class=\"wp-image-1744\" srcset=\"https:\/\/www.santai-ceramics.com\/wp-content\/uploads\/2025\/01\/Custom-Rustic-Retro-Ceramic-Vase-2.webp 1500w, https:\/\/www.santai-ceramics.com\/wp-content\/uploads\/2025\/01\/Custom-Rustic-Retro-Ceramic-Vase-2-300x250.webp 300w, https:\/\/www.santai-ceramics.com\/wp-content\/uploads\/2025\/01\/Custom-Rustic-Retro-Ceramic-Vase-2-768x639.webp 768w, https:\/\/www.santai-ceramics.com\/wp-content\/uploads\/2025\/01\/Custom-Rustic-Retro-Ceramic-Vase-2-14x12.webp 14w, https:\/\/www.santai-ceramics.com\/wp-content\/uploads\/2025\/01\/Custom-Rustic-Retro-Ceramic-Vase-2-1200x999.webp 1200w, https:\/\/www.santai-ceramics.com\/wp-content\/uploads\/2025\/01\/Custom-Rustic-Retro-Ceramic-Vase-2-600x500.webp 600w\" sizes=\"(max-width: 1500px) 100vw, 1500px\" \/><\/figure>\n<\/div>\n<\/div>","protected":false},"excerpt":{"rendered":"<p>Los jarrones r\u00fasticos vintage al por mayor, de ambiente c\u00e1lido y belleza natural, pueden integrarse f\u00e1cilmente en diversos estilos de hogar para crear un ambiente c\u00e1lido y confortable. Adecuado para arreglos florales y como decoraci\u00f3n independiente. Ofrecemos servicios personalizados de jarrones para crear productos de cer\u00e1mica que satisfagan sus necesidades. Le invitamos a ponerse en contacto con nosotros.<\/p>\n<h2>Especificaciones del jarr\u00f3n de cer\u00e1mica retro r\u00fastico<\/h2>\n<table width=\"1140\">\n<tbody>\n<tr>\n<td width=\"285\">N\u00famero de modelo<\/td>\n<td width=\"285\">G37630-WD14-A01<\/td>\n<td width=\"285\">G37630-WD14-A02<\/td>\n<td width=\"285\">G37630-WD14-A03<\/td>\n<\/tr>\n<tr>\n<td>Nombre del producto<\/td>\n<td>Maceta de terracota<\/td>\n<td>Maceta de terracota<\/td>\n<td>Maceta de terracota<\/td>\n<\/tr>\n<tr>\n<td>Color<\/td>\n<td>Blanco \u00e1spero<\/td>\n<td>Blanco \u00e1spero<\/td>\n<td>Blanco \u00e1spero<\/td>\n<\/tr>\n<tr>\n<td>Material<\/td>\n<td>Terracota<\/td>\n<td>Terracota<\/td>\n<td>Terracota<\/td>\n<\/tr>\n<tr>\n<td>Escenarios de uso<\/td>\n<td>decoraci\u00f3n del hogar,decoraci\u00f3n del jard\u00edn<\/td>\n<td>decoraci\u00f3n del hogar,decoraci\u00f3n del jard\u00edn<\/td>\n<td>decoraci\u00f3n del hogar,decoraci\u00f3n del jard\u00edn<\/td>\n<\/tr>\n<tr>\n<td>Dimensiones<\/td>\n<td>P:21.5X34.5cm<\/td>\n<td>P:18,5X28,5cm<\/td>\n<td>P:18,5X22cm<\/td>\n<\/tr>\n<tr>\n<td>Peso<\/td>\n<td>4,1 kg\/unidad<\/td>\n<td>3 kg\/unidad<\/td>\n<td>2,2 kg\/unidad<\/td>\n<\/tr>\n<\/tbody>\n<\/table>","protected":false},"featured_media":1743,"comment_status":"closed","ping_status":"closed","template":"","meta":{"_acf_changed":false},"product_brand":[],"product_cat":[22,21,18],"product_tag":[34],"class_list":{"0":"post-1713","1":"product","2":"type-product","3":"status-publish","4":"has-post-thumbnail","6":"product_cat-vase","7":"product_cat-garden-decor","8":"product_cat-home-decor","9":"product_tag-ceramic-vase","11":"first","12":"instock","13":"shipping-taxable","14":"product-type-simple"},"acf":[],"_links":{"self":[{"href":"https:\/\/www.santai-ceramics.com\/es\/wp-json\/wp\/v2\/product\/1713","targetHints":{"allow":["GET"]}}],"collection":[{"href":"https:\/\/www.santai-ceramics.com\/es\/wp-json\/wp\/v2\/product"}],"about":[{"href":"https:\/\/www.santai-ceramics.com\/es\/wp-json\/wp\/v2\/types\/product"}],"replies":[{"embeddable":true,"href":"https:\/\/www.santai-ceramics.com\/es\/wp-json\/wp\/v2\/comments?post=1713"}],"wp:featuredmedia":[{"embeddable":true,"href":"https:\/\/www.santai-ceramics.com\/es\/wp-json\/wp\/v2\/media\/1743"}],"wp:attachment":[{"href":"https:\/\/www.santai-ceramics.com\/es\/wp-json\/wp\/v2\/media?parent=1713"}],"wp:term":[{"taxonomy":"product_brand","embeddable":true,"href":"https:\/\/www.santai-ceramics.com\/es\/wp-json\/wp\/v2\/product_brand?post=1713"},{"taxonomy":"product_cat","embeddable":true,"href":"https:\/\/www.santai-ceramics.com\/es\/wp-json\/wp\/v2\/product_cat?post=1713"},{"taxonomy":"product_tag","embeddable":true,"href":"https:\/\/www.santai-ceramics.com\/es\/wp-json\/wp\/v2\/product_tag?post=1713"}],"curies":[{"name":"wp","href":"https:\/\/api.w.org\/{rel}","templated":true}]}}