{"id":1716,"date":"2025-01-08T09:35:31","date_gmt":"2025-01-08T09:35:31","guid":{"rendered":"https:\/\/www.santai-ceramics.com\/?post_type=product&#038;p=1716"},"modified":"2025-06-08T15:06:46","modified_gmt":"2025-06-08T15:06:46","slug":"custom-rustic-textured-planter-pot","status":"publish","type":"product","link":"https:\/\/www.santai-ceramics.com\/es\/product\/custom-rustic-textured-planter-pot\/","title":{"rendered":"Maceta con textura r\u00fastica personalizada para decoraci\u00f3n de jard\u00edn al por mayor,Soporte OEM &amp; ODM"},"content":{"rendered":"<h3 class=\"wp-block-heading\">Caracter\u00edsticas de la maceta con textura r\u00fastica <\/h3>\n\n\n\n<p><strong>Forma de pierna alta: <\/strong>El dise\u00f1o de pata alta en la parte inferior de esta maceta mejora la estratificaci\u00f3n y la estabilidad general, y es adecuada para colocarla en varios escritorios o suelos.<\/p>\n\n\n\n<p><strong>Uso multifuncional:<\/strong> Esta maceta de textura r\u00fastica no s\u00f3lo puede utilizarse como maceta verde, sino tambi\u00e9n como mobiliario dom\u00e9stico para realzar el efecto decorativo de espacios interiores y exteriores.<\/p>\n\n\n\n<p><strong>Combinaci\u00f3n de varios tama\u00f1os:<\/strong> Se proporciona una variedad de especificaciones y tama\u00f1os para satisfacer las necesidades de combinaci\u00f3n de diferentes escenas. Pueden utilizarse solos o combinados para crear un efecto visual de gran riqueza.<\/p>\n\n\n\n<p><strong>F\u00e1cil de combinar:<\/strong> El color de la superficie de esta maceta de textura es suave y puede coordinarse con una gran variedad de estilos de hogar, tipos de plantas verdes o ambientes exteriores.<\/p>\n\n\n\n<p><strong>Servicio de personalizaci\u00f3n OEM y ODM:<\/strong> Tambi\u00e9n ofrecemos servicios integrales de macetas personalizadas para crear productos de cer\u00e1mica exclusivos para su proyecto<\/p>\n\n\n\n<h3 class=\"wp-block-heading\">Servicio de macetas a medida<\/h3>\n\n\n\n<p>Ofrecemos servicios OEM y ODM para nuestros productos.<br>Entrega r\u00e1pida de muestras.<br>Ofrecemos una gran variedad de formas, colores, impresi\u00f3n personalizada, embalaje y otros servicios a medida para satisfacer sus necesidades espec\u00edficas.<br><a href=\"https:\/\/www.santai-ceramics.com\/es\/custom\/\" data-type=\"page\" data-id=\"13\" target=\"_blank\" rel=\"noreferrer noopener\"><strong><b>M\u00e1s informaci\u00f3n<\/b> detalle de la maceta.<\/strong><\/a><\/p>\n\n\n\n<div class=\"wp-block-columns is-layout-flex wp-container-core-columns-is-layout-9d6595d7 wp-block-columns-is-layout-flex\">\n<div class=\"wp-block-column is-layout-flow wp-block-column-is-layout-flow\">\n<figure class=\"wp-block-image size-full\"><img decoding=\"async\" width=\"1500\" height=\"1249\" src=\"https:\/\/www.santai-ceramics.com\/wp-content\/uploads\/2025\/01\/Rustic-Textured-Planter-Pot-4.webp\" alt=\"Maceta con textura r\u00fastica (4)\" class=\"wp-image-1759\" srcset=\"https:\/\/www.santai-ceramics.com\/wp-content\/uploads\/2025\/01\/Rustic-Textured-Planter-Pot-4.webp 1500w, https:\/\/www.santai-ceramics.com\/wp-content\/uploads\/2025\/01\/Rustic-Textured-Planter-Pot-4-300x250.webp 300w, https:\/\/www.santai-ceramics.com\/wp-content\/uploads\/2025\/01\/Rustic-Textured-Planter-Pot-4-768x639.webp 768w, https:\/\/www.santai-ceramics.com\/wp-content\/uploads\/2025\/01\/Rustic-Textured-Planter-Pot-4-14x12.webp 14w, https:\/\/www.santai-ceramics.com\/wp-content\/uploads\/2025\/01\/Rustic-Textured-Planter-Pot-4-1200x999.webp 1200w, https:\/\/www.santai-ceramics.com\/wp-content\/uploads\/2025\/01\/Rustic-Textured-Planter-Pot-4-600x500.webp 600w\" sizes=\"(max-width: 1500px) 100vw, 1500px\" \/><\/figure>\n<\/div>\n\n\n\n<div class=\"wp-block-column is-layout-flow wp-block-column-is-layout-flow\">\n<figure class=\"wp-block-image size-full\"><img decoding=\"async\" width=\"1500\" height=\"1249\" src=\"https:\/\/www.santai-ceramics.com\/wp-content\/uploads\/2025\/01\/Rustic-Textured-Planter-Pot-5.webp\" alt=\"Maceta con textura r\u00fastica (5)\" class=\"wp-image-1760\" srcset=\"https:\/\/www.santai-ceramics.com\/wp-content\/uploads\/2025\/01\/Rustic-Textured-Planter-Pot-5.webp 1500w, https:\/\/www.santai-ceramics.com\/wp-content\/uploads\/2025\/01\/Rustic-Textured-Planter-Pot-5-300x250.webp 300w, https:\/\/www.santai-ceramics.com\/wp-content\/uploads\/2025\/01\/Rustic-Textured-Planter-Pot-5-768x639.webp 768w, https:\/\/www.santai-ceramics.com\/wp-content\/uploads\/2025\/01\/Rustic-Textured-Planter-Pot-5-14x12.webp 14w, https:\/\/www.santai-ceramics.com\/wp-content\/uploads\/2025\/01\/Rustic-Textured-Planter-Pot-5-1200x999.webp 1200w, https:\/\/www.santai-ceramics.com\/wp-content\/uploads\/2025\/01\/Rustic-Textured-Planter-Pot-5-600x500.webp 600w\" sizes=\"(max-width: 1500px) 100vw, 1500px\" \/><\/figure>\n<\/div>\n<\/div>","protected":false},"excerpt":{"rendered":"<p>Macetas r\u00fasticas con textura personalizadas al por mayor, ofrecemos a los clientes productos \u00fanicos de macetas de flores de estilo natural, a la vez bellos y pr\u00e1cticos. Las macetas son hechos a mano, combinado con dise\u00f1o de pierna alta y viejo esmalte craquelado, que es una opci\u00f3n ideal para la decoraci\u00f3n del hogar y jardiner\u00eda. Invitamos a los compradores B2B, como tiendas de art\u00edculos para el hogar, centros de jardiner\u00eda y minoristas de marca, a ponerse en contacto con nosotros.<\/p>\n<h2>Especificaciones de la maceta con textura\u00a0<\/h2>\n<table width=\"855\">\n<tbody>\n<tr>\n<td width=\"285\">N\u00famero de modelo<\/td>\n<td width=\"285\">G36610-WD14-A01<\/td>\n<td width=\"285\">G36610-WD14-A02<\/td>\n<\/tr>\n<tr>\n<td>Nombre del producto<\/td>\n<td>Maceta de terracota<\/td>\n<td>Maceta de terracota<\/td>\n<\/tr>\n<tr>\n<td>Color<\/td>\n<td>Blanco \u00e1spero<\/td>\n<td>Blanco \u00e1spero<\/td>\n<\/tr>\n<tr>\n<td>Material<\/td>\n<td>Terracota<\/td>\n<td>Terracota<\/td>\n<\/tr>\n<tr>\n<td>Escenarios de uso<\/td>\n<td>decoraci\u00f3n del hogar,decoraci\u00f3n del jard\u00edn<\/td>\n<td>decoraci\u00f3n del hogar,decoraci\u00f3n del jard\u00edn<\/td>\n<\/tr>\n<tr>\n<td>Dimensiones<\/td>\n<td>P:18,5X27,5cm<\/td>\n<td>P:17X23cm<\/td>\n<\/tr>\n<tr>\n<td>Peso<\/td>\n<td>3,5 kg\/unidad<\/td>\n<td>2 kg\/unidad<\/td>\n<\/tr>\n<\/tbody>\n<\/table>\n<p>&nbsp;<\/p>","protected":false},"featured_media":1756,"comment_status":"closed","ping_status":"closed","template":"","meta":{"_acf_changed":false},"product_brand":[],"product_cat":[18,42,21,23],"product_tag":[39],"class_list":{"0":"post-1716","1":"product","2":"type-product","3":"status-publish","4":"has-post-thumbnail","6":"product_cat-home-decor","7":"product_cat-wholesale-ceramic-plant-pots","8":"product_cat-garden-decor","9":"product_cat-ceramic-pots-planters","10":"product_tag-ceramic-flower-pot","12":"first","13":"instock","14":"shipping-taxable","15":"product-type-simple"},"acf":[],"_links":{"self":[{"href":"https:\/\/www.santai-ceramics.com\/es\/wp-json\/wp\/v2\/product\/1716","targetHints":{"allow":["GET"]}}],"collection":[{"href":"https:\/\/www.santai-ceramics.com\/es\/wp-json\/wp\/v2\/product"}],"about":[{"href":"https:\/\/www.santai-ceramics.com\/es\/wp-json\/wp\/v2\/types\/product"}],"replies":[{"embeddable":true,"href":"https:\/\/www.santai-ceramics.com\/es\/wp-json\/wp\/v2\/comments?post=1716"}],"wp:featuredmedia":[{"embeddable":true,"href":"https:\/\/www.santai-ceramics.com\/es\/wp-json\/wp\/v2\/media\/1756"}],"wp:attachment":[{"href":"https:\/\/www.santai-ceramics.com\/es\/wp-json\/wp\/v2\/media?parent=1716"}],"wp:term":[{"taxonomy":"product_brand","embeddable":true,"href":"https:\/\/www.santai-ceramics.com\/es\/wp-json\/wp\/v2\/product_brand?post=1716"},{"taxonomy":"product_cat","embeddable":true,"href":"https:\/\/www.santai-ceramics.com\/es\/wp-json\/wp\/v2\/product_cat?post=1716"},{"taxonomy":"product_tag","embeddable":true,"href":"https:\/\/www.santai-ceramics.com\/es\/wp-json\/wp\/v2\/product_tag?post=1716"}],"curies":[{"name":"wp","href":"https:\/\/api.w.org\/{rel}","templated":true}]}}