{"id":1790,"date":"2025-01-15T00:11:32","date_gmt":"2025-01-15T00:11:32","guid":{"rendered":"https:\/\/www.santai-ceramics.com\/?post_type=product&#038;p=1790"},"modified":"2025-03-13T14:37:22","modified_gmt":"2025-03-13T14:37:22","slug":"custom-deep-blue-vase-in-bulk","status":"publish","type":"product","link":"https:\/\/www.santai-ceramics.com\/es\/product\/custom-deep-blue-vase-in-bulk\/","title":{"rendered":"Florero mediano de encargo a granel, floreros azules profundos al por mayor, OEM y ODM de la ayuda"},"content":{"rendered":"<h3 class=\"wp-block-heading\">Caracter\u00edsticas de Medium Deep Blue Vase<\/h3>\n\n\n\n<p><strong>Tama\u00f1o mediano:<\/strong> Este jarr\u00f3n de color azul intenso est\u00e1 disponible en dos tama\u00f1os medianos, 14\u00d728 cm y 16,5\u00d733 cm, adecuados para diversas necesidades de colocaci\u00f3n en el espacio.<\/p>\n\n\n\n<p><strong>Esmalte azul profundo: <\/strong>Este jarr\u00f3n azul intenso utiliza un proceso de esmaltado multicapa para presentar un tono azul intenso, que destila una elegante atm\u00f3sfera retro.<\/p>\n\n\n\n<p><strong>Textura del material: <\/strong>Este jarr\u00f3n azul intenso utiliza arcilla de alta calidad, y conserva algo de color natural de la arcilla en el fondo, que forma un marcado contraste con el esmalte azul intenso, realzando el sentido general del dise\u00f1o.<\/p>\n\n\n\n<p><strong>Funci\u00f3n polivalente: <\/strong>Se puede utilizar no s\u00f3lo como recipiente para arreglos florales, sino tambi\u00e9n como ornamento decorativo, adecuado para el hogar, la oficina o el espacio comercial, a\u00f1adiendo un ambiente art\u00edstico.<\/p>\n\n\n\n<h3 class=\"wp-block-heading\">Servicio de floreros de cer\u00e1mica personalizados<\/h3>\n\n\n\n<p>Ofrecemos servicios OEM y ODM para nuestros productos.<br>Entrega r\u00e1pida de muestras.<br>Ofrecemos una gran variedad de formas, colores, impresi\u00f3n personalizada, embalaje y otros servicios a medida para satisfacer sus necesidades espec\u00edficas.<br><a href=\"https:\/\/www.santai-ceramics.com\/es\/custom\/\" data-type=\"page\" data-id=\"13\" target=\"_blank\" rel=\"noreferrer noopener\"><strong><b>M\u00e1s informaci\u00f3n<\/b> detalle de jarr\u00f3n de cer\u00e1mica.<\/strong><\/a><\/p>\n\n\n\n<div class=\"wp-block-columns is-layout-flex wp-container-core-columns-is-layout-9d6595d7 wp-block-columns-is-layout-flex\">\n<div class=\"wp-block-column is-layout-flow wp-block-column-is-layout-flow\">\n<figure class=\"wp-block-image size-full\"><img decoding=\"async\" width=\"1500\" height=\"1249\" src=\"https:\/\/www.santai-ceramics.com\/wp-content\/uploads\/2025\/01\/Custom-Medium-Deep-Blue-Vase-6.webp\" alt=\"Jarr\u00f3n mediano azul oscuro personalizado (6)\" class=\"wp-image-1813\" srcset=\"https:\/\/www.santai-ceramics.com\/wp-content\/uploads\/2025\/01\/Custom-Medium-Deep-Blue-Vase-6.webp 1500w, https:\/\/www.santai-ceramics.com\/wp-content\/uploads\/2025\/01\/Custom-Medium-Deep-Blue-Vase-6-300x250.webp 300w, https:\/\/www.santai-ceramics.com\/wp-content\/uploads\/2025\/01\/Custom-Medium-Deep-Blue-Vase-6-768x639.webp 768w, https:\/\/www.santai-ceramics.com\/wp-content\/uploads\/2025\/01\/Custom-Medium-Deep-Blue-Vase-6-14x12.webp 14w, https:\/\/www.santai-ceramics.com\/wp-content\/uploads\/2025\/01\/Custom-Medium-Deep-Blue-Vase-6-1200x999.webp 1200w, https:\/\/www.santai-ceramics.com\/wp-content\/uploads\/2025\/01\/Custom-Medium-Deep-Blue-Vase-6-600x500.webp 600w\" sizes=\"(max-width: 1500px) 100vw, 1500px\" \/><\/figure>\n<\/div>\n\n\n\n<div class=\"wp-block-column is-layout-flow wp-block-column-is-layout-flow\">\n<figure class=\"wp-block-image size-full\"><img decoding=\"async\" width=\"1500\" height=\"1250\" src=\"https:\/\/www.santai-ceramics.com\/wp-content\/uploads\/2025\/01\/Custom-Medium-Deep-Blue-Vase-7.webp\" alt=\"Jarr\u00f3n mediano azul oscuro personalizado (7)\" class=\"wp-image-1814\" srcset=\"https:\/\/www.santai-ceramics.com\/wp-content\/uploads\/2025\/01\/Custom-Medium-Deep-Blue-Vase-7.webp 1500w, https:\/\/www.santai-ceramics.com\/wp-content\/uploads\/2025\/01\/Custom-Medium-Deep-Blue-Vase-7-300x250.webp 300w, https:\/\/www.santai-ceramics.com\/wp-content\/uploads\/2025\/01\/Custom-Medium-Deep-Blue-Vase-7-768x640.webp 768w, https:\/\/www.santai-ceramics.com\/wp-content\/uploads\/2025\/01\/Custom-Medium-Deep-Blue-Vase-7-14x12.webp 14w, https:\/\/www.santai-ceramics.com\/wp-content\/uploads\/2025\/01\/Custom-Medium-Deep-Blue-Vase-7-1200x1000.webp 1200w, https:\/\/www.santai-ceramics.com\/wp-content\/uploads\/2025\/01\/Custom-Medium-Deep-Blue-Vase-7-600x500.webp 600w\" sizes=\"(max-width: 1500px) 100vw, 1500px\" \/><\/figure>\n<\/div>\n<\/div>","protected":false},"excerpt":{"rendered":"<p data-pm-slice=\"0 0 []\">Mayorista jarr\u00f3n mediano vintage azul oscuro, disponible en dos tama\u00f1os medianos de 14\u00d728cm y 16.5\u00d733cm, hecho de arcilla de alta calidad, lleno de elegancia vintage. \u00a1Adecuado para el hogar, oficina, cafeter\u00eda y otras escenas, fabricante de cer\u00e1mica SANTAI ofrece servicios profesionales de OEM y ODM, bienvenido a comprar a granel!<\/p>\n<h2>Especificaci\u00f3n de Jarr\u00f3n mediano azul oscuro<\/h2>\n<table width=\"855\">\n<tbody>\n<tr>\n<td width=\"285\">N\u00famero de modelo<\/td>\n<td width=\"285\">A35533-LD39-A01<\/td>\n<td width=\"285\">A35533-LD39-A02<\/td>\n<\/tr>\n<tr>\n<td>Nombre del producto<\/td>\n<td>Jarr\u00f3n de cer\u00e1mica<\/td>\n<td>Jarr\u00f3n de cer\u00e1mica<\/td>\n<\/tr>\n<tr>\n<td>Color<\/td>\n<td>Azul rugoso<\/td>\n<td>Azul rugoso<\/td>\n<\/tr>\n<tr>\n<td>Material<\/td>\n<td>Jarr\u00f3n de cer\u00e1mica<\/td>\n<td>Jarr\u00f3n de cer\u00e1mica<\/td>\n<\/tr>\n<tr>\n<td>Escenarios de uso<\/td>\n<td>decoraci\u00f3n del hogar<\/td>\n<td>decoraci\u00f3n del hogar<\/td>\n<\/tr>\n<tr>\n<td>Dimensiones<\/td>\n<td>P:16,5X33cm<\/td>\n<td>P:14X28cm<\/td>\n<\/tr>\n<tr>\n<td>Peso<\/td>\n<td>1,7 kg\/unidad<\/td>\n<td>1 kg\/unidad<\/td>\n<\/tr>\n<\/tbody>\n<\/table>","protected":false},"featured_media":1809,"comment_status":"closed","ping_status":"closed","template":"","meta":{"_acf_changed":false},"product_brand":[],"product_cat":[18,22],"product_tag":[34],"class_list":{"0":"post-1790","1":"product","2":"type-product","3":"status-publish","4":"has-post-thumbnail","6":"product_cat-home-decor","7":"product_cat-vase","8":"product_tag-ceramic-vase","10":"first","11":"instock","12":"shipping-taxable","13":"product-type-simple"},"acf":[],"_links":{"self":[{"href":"https:\/\/www.santai-ceramics.com\/es\/wp-json\/wp\/v2\/product\/1790","targetHints":{"allow":["GET"]}}],"collection":[{"href":"https:\/\/www.santai-ceramics.com\/es\/wp-json\/wp\/v2\/product"}],"about":[{"href":"https:\/\/www.santai-ceramics.com\/es\/wp-json\/wp\/v2\/types\/product"}],"replies":[{"embeddable":true,"href":"https:\/\/www.santai-ceramics.com\/es\/wp-json\/wp\/v2\/comments?post=1790"}],"wp:featuredmedia":[{"embeddable":true,"href":"https:\/\/www.santai-ceramics.com\/es\/wp-json\/wp\/v2\/media\/1809"}],"wp:attachment":[{"href":"https:\/\/www.santai-ceramics.com\/es\/wp-json\/wp\/v2\/media?parent=1790"}],"wp:term":[{"taxonomy":"product_brand","embeddable":true,"href":"https:\/\/www.santai-ceramics.com\/es\/wp-json\/wp\/v2\/product_brand?post=1790"},{"taxonomy":"product_cat","embeddable":true,"href":"https:\/\/www.santai-ceramics.com\/es\/wp-json\/wp\/v2\/product_cat?post=1790"},{"taxonomy":"product_tag","embeddable":true,"href":"https:\/\/www.santai-ceramics.com\/es\/wp-json\/wp\/v2\/product_tag?post=1790"}],"curies":[{"name":"wp","href":"https:\/\/api.w.org\/{rel}","templated":true}]}}