{"id":1792,"date":"2025-01-15T02:18:17","date_gmt":"2025-01-15T02:18:17","guid":{"rendered":"https:\/\/www.santai-ceramics.com\/?post_type=product&#038;p=1792"},"modified":"2025-02-02T13:39:50","modified_gmt":"2025-02-02T13:39:50","slug":"wholesale-retro-ceramic-round-vase","status":"publish","type":"product","link":"https:\/\/www.santai-ceramics.com\/es\/product\/wholesale-retro-ceramic-round-vase\/","title":{"rendered":"Mayorista Jarr\u00f3n Redondo de Cer\u00e1mica Retro con Textura Tridimensional - SANTAI Fabricante de Cer\u00e1mica"},"content":{"rendered":"<h3 class=\"wp-block-heading\">Caracter\u00edsticas de Retro Ceramic Round Vase<\/h3>\n\n\n\n<p><strong>Dise\u00f1o redondo cl\u00e1sico: <\/strong>El jarr\u00f3n de cer\u00e1mica tiene una forma redonda \u00fanica, elegante y adecuada para una gran variedad de estilos de hogar.<\/p>\n\n\n\n<p><strong>Esmalte azul oscuro: <\/strong>El jarr\u00f3n redondo de cer\u00e1mica tiene un brillante esmalte azul oscuro, mostrando un fuerte sentido del arte y la atm\u00f3sfera retro, adecuado para la decoraci\u00f3n en ocasiones retro y solemnes.<\/p>\n\n\n\n<p><strong>Textura tridimensional: <\/strong>El jarr\u00f3n redondo de cer\u00e1mica adopta un dise\u00f1o \u00fanico de textura de diamante tridimensional, que a\u00f1ade una sensaci\u00f3n de estratificaci\u00f3n visual y hace que el jarr\u00f3n sea m\u00e1s vivo.<\/p>\n\n\n\n<p><strong>Material duradero: <\/strong>Hecho de cer\u00e1mica de alta calidad, es a la vez bonito y duradero, y puede mantener su color y forma durante mucho tiempo.<\/p>\n\n\n\n<p><strong>Servicio al por mayor y a medida: <\/strong>Los fabricantes de cer\u00e1mica SANTAI le ofrecen servicios integrales de venta al por mayor y de jarr\u00f3n de cer\u00e1mica personalizado a precios de f\u00e1brica, con ricas opciones de personalizaci\u00f3n.<\/p>\n\n\n\n<h3 class=\"wp-block-heading\">Servicio de floreros de cer\u00e1mica personalizados<\/h3>\n\n\n\n<p>Ofrecemos servicios OEM y ODM para nuestros productos.<br>Entrega r\u00e1pida de muestras.<br>Ofrecemos una gran variedad de formas, colores, impresi\u00f3n personalizada, embalaje y otros servicios a medida para satisfacer sus necesidades espec\u00edficas.<br><a href=\"https:\/\/www.santai-ceramics.com\/es\/custom\/\" data-type=\"page\" data-id=\"13\" target=\"_blank\" rel=\"noreferrer noopener\"><strong><b>M\u00e1s informaci\u00f3n<\/b> detalle de jarr\u00f3n de cer\u00e1mica.<\/strong><\/a><\/p>\n\n\n\n<div class=\"wp-block-columns is-layout-flex wp-container-core-columns-is-layout-9d6595d7 wp-block-columns-is-layout-flex\">\n<div class=\"wp-block-column is-layout-flow wp-block-column-is-layout-flow\">\n<figure class=\"wp-block-image size-full\"><img decoding=\"async\" width=\"1500\" height=\"1250\" src=\"https:\/\/www.santai-ceramics.com\/wp-content\/uploads\/2025\/01\/wholesale-retro-ceramic-round-vase-6.webp\" alt=\"mayorista jarron redondo de ceramica retro (6)\" class=\"wp-image-1850\" srcset=\"https:\/\/www.santai-ceramics.com\/wp-content\/uploads\/2025\/01\/wholesale-retro-ceramic-round-vase-6.webp 1500w, https:\/\/www.santai-ceramics.com\/wp-content\/uploads\/2025\/01\/wholesale-retro-ceramic-round-vase-6-300x250.webp 300w, https:\/\/www.santai-ceramics.com\/wp-content\/uploads\/2025\/01\/wholesale-retro-ceramic-round-vase-6-768x640.webp 768w, https:\/\/www.santai-ceramics.com\/wp-content\/uploads\/2025\/01\/wholesale-retro-ceramic-round-vase-6-14x12.webp 14w, https:\/\/www.santai-ceramics.com\/wp-content\/uploads\/2025\/01\/wholesale-retro-ceramic-round-vase-6-1200x1000.webp 1200w, https:\/\/www.santai-ceramics.com\/wp-content\/uploads\/2025\/01\/wholesale-retro-ceramic-round-vase-6-600x500.webp 600w\" sizes=\"(max-width: 1500px) 100vw, 1500px\" \/><\/figure>\n<\/div>\n\n\n\n<div class=\"wp-block-column is-layout-flow wp-block-column-is-layout-flow\">\n<figure class=\"wp-block-image size-full\"><img decoding=\"async\" width=\"1500\" height=\"1250\" src=\"https:\/\/www.santai-ceramics.com\/wp-content\/uploads\/2025\/01\/wholesale-retro-ceramic-round-vase-7.webp\" alt=\"mayorista jarron redondo de ceramica retro (7)\" class=\"wp-image-1851\" srcset=\"https:\/\/www.santai-ceramics.com\/wp-content\/uploads\/2025\/01\/wholesale-retro-ceramic-round-vase-7.webp 1500w, https:\/\/www.santai-ceramics.com\/wp-content\/uploads\/2025\/01\/wholesale-retro-ceramic-round-vase-7-300x250.webp 300w, https:\/\/www.santai-ceramics.com\/wp-content\/uploads\/2025\/01\/wholesale-retro-ceramic-round-vase-7-768x640.webp 768w, https:\/\/www.santai-ceramics.com\/wp-content\/uploads\/2025\/01\/wholesale-retro-ceramic-round-vase-7-14x12.webp 14w, https:\/\/www.santai-ceramics.com\/wp-content\/uploads\/2025\/01\/wholesale-retro-ceramic-round-vase-7-1200x1000.webp 1200w, https:\/\/www.santai-ceramics.com\/wp-content\/uploads\/2025\/01\/wholesale-retro-ceramic-round-vase-7-600x500.webp 600w\" sizes=\"(max-width: 1500px) 100vw, 1500px\" \/><\/figure>\n<\/div>\n<\/div>","protected":false},"excerpt":{"rendered":"<p data-pm-slice=\"0 0 []\">Jarrones redondos de cer\u00e1mica al por mayor, hechos de cer\u00e1mica de alta calidad, hacen que este jarr\u00f3n sea a la vez bonito y duradero, adecuado para la decoraci\u00f3n art\u00edstica y la exhibici\u00f3n independiente. Bienvenido a contactar con nosotros para una cotizaci\u00f3n.<\/p>\n<h2>Especificaci\u00f3n de Retro Ceramic Round Vase<\/h2>\n<table width=\"855\">\n<tbody>\n<tr>\n<td width=\"285\">N\u00famero de modelo<\/td>\n<td width=\"285\">A37421-LD39-A01<\/td>\n<td width=\"285\">A37421-LD39-A02<\/td>\n<\/tr>\n<tr>\n<td>Nombre del producto<\/td>\n<td>Jarr\u00f3n de cer\u00e1mica<\/td>\n<td>Jarr\u00f3n de cer\u00e1mica<\/td>\n<\/tr>\n<tr>\n<td>Color<\/td>\n<td>Azul rugoso<\/td>\n<td>Azul rugoso<\/td>\n<\/tr>\n<tr>\n<td>Material<\/td>\n<td>Jarr\u00f3n de cer\u00e1mica<\/td>\n<td>Jarr\u00f3n de cer\u00e1mica<\/td>\n<\/tr>\n<tr>\n<td>Escenarios de uso<\/td>\n<td>decoraci\u00f3n del hogar<\/td>\n<td>decoraci\u00f3n del hogar<\/td>\n<\/tr>\n<tr>\n<td>Dimensiones<\/td>\n<td>P:19,5X21,5cm<\/td>\n<td>P:16,5X17cm<\/td>\n<\/tr>\n<tr>\n<td>Peso<\/td>\n<td>1,6 kg\/unidad<\/td>\n<td>1 kg\/unidad<\/td>\n<\/tr>\n<\/tbody>\n<\/table>","protected":false},"featured_media":1845,"comment_status":"closed","ping_status":"closed","template":"","meta":{"_acf_changed":false},"product_brand":[],"product_cat":[18,22],"product_tag":[34],"class_list":{"0":"post-1792","1":"product","2":"type-product","3":"status-publish","4":"has-post-thumbnail","6":"product_cat-home-decor","7":"product_cat-vase","8":"product_tag-ceramic-vase","10":"first","11":"instock","12":"shipping-taxable","13":"product-type-simple"},"acf":[],"_links":{"self":[{"href":"https:\/\/www.santai-ceramics.com\/es\/wp-json\/wp\/v2\/product\/1792","targetHints":{"allow":["GET"]}}],"collection":[{"href":"https:\/\/www.santai-ceramics.com\/es\/wp-json\/wp\/v2\/product"}],"about":[{"href":"https:\/\/www.santai-ceramics.com\/es\/wp-json\/wp\/v2\/types\/product"}],"replies":[{"embeddable":true,"href":"https:\/\/www.santai-ceramics.com\/es\/wp-json\/wp\/v2\/comments?post=1792"}],"wp:featuredmedia":[{"embeddable":true,"href":"https:\/\/www.santai-ceramics.com\/es\/wp-json\/wp\/v2\/media\/1845"}],"wp:attachment":[{"href":"https:\/\/www.santai-ceramics.com\/es\/wp-json\/wp\/v2\/media?parent=1792"}],"wp:term":[{"taxonomy":"product_brand","embeddable":true,"href":"https:\/\/www.santai-ceramics.com\/es\/wp-json\/wp\/v2\/product_brand?post=1792"},{"taxonomy":"product_cat","embeddable":true,"href":"https:\/\/www.santai-ceramics.com\/es\/wp-json\/wp\/v2\/product_cat?post=1792"},{"taxonomy":"product_tag","embeddable":true,"href":"https:\/\/www.santai-ceramics.com\/es\/wp-json\/wp\/v2\/product_tag?post=1792"}],"curies":[{"name":"wp","href":"https:\/\/api.w.org\/{rel}","templated":true}]}}