{"id":1793,"date":"2025-01-15T02:41:44","date_gmt":"2025-01-15T02:41:44","guid":{"rendered":"https:\/\/www.santai-ceramics.com\/?post_type=product&#038;p=1793"},"modified":"2025-02-02T13:39:24","modified_gmt":"2025-02-02T13:39:24","slug":"wholesale-vintage-decorative-ceramic-vase","status":"publish","type":"product","link":"https:\/\/www.santai-ceramics.com\/es\/product\/wholesale-vintage-decorative-ceramic-vase\/","title":{"rendered":"Mayorista Jarr\u00f3n de Cer\u00e1mica Decorativo Vintage, Dise\u00f1os Personalizables y Pedidos al por Mayor Disponibles"},"content":{"rendered":"<h3 class=\"wp-block-heading\">Caracter\u00edsticas del Jarr\u00f3n de Cer\u00e1mica Decorativo Vintage<\/h3>\n\n\n\n<p><strong>Forma \u00fanica: <\/strong>El dise\u00f1o del jarr\u00f3n se inspira en la forma tradicional de las jarras, mostrando un estilo \u00fanico y a\u00f1adiendo ambiente a la decoraci\u00f3n de su hogar.<\/p>\n\n\n\n<p><strong>Dise\u00f1o polivalente: <\/strong>Este jarr\u00f3n decorativo retro es adecuado como adorno floral, decoraci\u00f3n independiente o contenedor de almacenamiento, satisfaciendo diferentes necesidades funcionales y realzando la diversidad del espacio.<\/p>\n\n\n\n<p><strong>Material duradero:<\/strong> Fabricado en cer\u00e1mica de alta calidad, garantiza que el jarr\u00f3n sea resistente y duradero, y pueda mantener su belleza y funcionalidad durante mucho tiempo.<\/p>\n\n\n\n<p><strong>Servicio mayorista: <\/strong>Ofrecemos servicios profesionales jarr\u00f3n de cer\u00e1mica, proporcionando apoyo profesional como la personalizaci\u00f3n flexible, precios preferenciales y entrega r\u00e1pida<\/p>\n\n\n\n<h3 class=\"wp-block-heading\">Servicio de floreros de cer\u00e1mica personalizados<\/h3>\n\n\n\n<p>Ofrecemos servicios OEM y ODM para nuestros productos.<br>Entrega r\u00e1pida de muestras.<br>Ofrecemos una gran variedad de formas, colores, impresi\u00f3n personalizada, embalaje y otros servicios a medida para satisfacer sus necesidades espec\u00edficas.<br><a href=\"https:\/\/www.santai-ceramics.com\/es\/custom\/\" data-type=\"page\" data-id=\"13\" target=\"_blank\" rel=\"noreferrer noopener\"><strong><b>M\u00e1s informaci\u00f3n<\/b> detalle de jarr\u00f3n de cer\u00e1mica.<\/strong><\/a><\/p>\n\n\n\n<div class=\"wp-block-columns is-layout-flex wp-container-core-columns-is-layout-9d6595d7 wp-block-columns-is-layout-flex\">\n<div class=\"wp-block-column is-layout-flow wp-block-column-is-layout-flow\">\n<figure class=\"wp-block-image size-full\"><img decoding=\"async\" width=\"1500\" height=\"1249\" src=\"https:\/\/www.santai-ceramics.com\/wp-content\/uploads\/2025\/01\/Wholesale-Vintage-Decorative-Ceramic-Vase-4.webp\" alt=\"Mayorista Jarr\u00f3n de Cer\u00e1mica Decorativo Vintage (4)\" class=\"wp-image-1857\" srcset=\"https:\/\/www.santai-ceramics.com\/wp-content\/uploads\/2025\/01\/Wholesale-Vintage-Decorative-Ceramic-Vase-4.webp 1500w, https:\/\/www.santai-ceramics.com\/wp-content\/uploads\/2025\/01\/Wholesale-Vintage-Decorative-Ceramic-Vase-4-300x250.webp 300w, https:\/\/www.santai-ceramics.com\/wp-content\/uploads\/2025\/01\/Wholesale-Vintage-Decorative-Ceramic-Vase-4-768x639.webp 768w, https:\/\/www.santai-ceramics.com\/wp-content\/uploads\/2025\/01\/Wholesale-Vintage-Decorative-Ceramic-Vase-4-14x12.webp 14w, https:\/\/www.santai-ceramics.com\/wp-content\/uploads\/2025\/01\/Wholesale-Vintage-Decorative-Ceramic-Vase-4-1200x999.webp 1200w, https:\/\/www.santai-ceramics.com\/wp-content\/uploads\/2025\/01\/Wholesale-Vintage-Decorative-Ceramic-Vase-4-600x500.webp 600w\" sizes=\"(max-width: 1500px) 100vw, 1500px\" \/><\/figure>\n<\/div>\n\n\n\n<div class=\"wp-block-column is-layout-flow wp-block-column-is-layout-flow\">\n<figure class=\"wp-block-image size-full\"><img decoding=\"async\" width=\"1500\" height=\"1250\" src=\"https:\/\/www.santai-ceramics.com\/wp-content\/uploads\/2025\/01\/Wholesale-Vintage-Decorative-Ceramic-Vase-6.webp\" alt=\"Mayorista Jarr\u00f3n de Cer\u00e1mica Decorativo Vintage (6)\" class=\"wp-image-1859\" srcset=\"https:\/\/www.santai-ceramics.com\/wp-content\/uploads\/2025\/01\/Wholesale-Vintage-Decorative-Ceramic-Vase-6.webp 1500w, https:\/\/www.santai-ceramics.com\/wp-content\/uploads\/2025\/01\/Wholesale-Vintage-Decorative-Ceramic-Vase-6-300x250.webp 300w, https:\/\/www.santai-ceramics.com\/wp-content\/uploads\/2025\/01\/Wholesale-Vintage-Decorative-Ceramic-Vase-6-768x640.webp 768w, https:\/\/www.santai-ceramics.com\/wp-content\/uploads\/2025\/01\/Wholesale-Vintage-Decorative-Ceramic-Vase-6-14x12.webp 14w, https:\/\/www.santai-ceramics.com\/wp-content\/uploads\/2025\/01\/Wholesale-Vintage-Decorative-Ceramic-Vase-6-1200x1000.webp 1200w, https:\/\/www.santai-ceramics.com\/wp-content\/uploads\/2025\/01\/Wholesale-Vintage-Decorative-Ceramic-Vase-6-600x500.webp 600w\" sizes=\"(max-width: 1500px) 100vw, 1500px\" \/><\/figure>\n<\/div>\n<\/div>\n\n\n\n<p><\/p>","protected":false},"excerpt":{"rendered":"<p data-pm-slice=\"0 0 []\">Jarrones de cer\u00e1mica decorativos vintage al por mayor, con dise\u00f1os cl\u00e1sicos y elegantes, perfectos para las necesidades de decoraci\u00f3n del hogar, la oficina y el jard\u00edn. Dise\u00f1os personalizados y pedidos al por mayor disponibles. Bienvenido a contactar con nosotros.<\/p>\n<h2>Especificaci\u00f3n de Jarr\u00f3n de cer\u00e1mica decorativo vintage<\/h2>\n<table width=\"855\">\n<tbody>\n<tr>\n<td width=\"285\">N\u00famero de modelo<\/td>\n<td width=\"285\">A35549-LD39-A01<\/td>\n<td width=\"285\">A35549-LD39-A02<\/td>\n<\/tr>\n<tr>\n<td>Nombre del producto<\/td>\n<td>Jarr\u00f3n de cer\u00e1mica<\/td>\n<td>Jarr\u00f3n de cer\u00e1mica<\/td>\n<\/tr>\n<tr>\n<td>Color<\/td>\n<td>Azul rugoso<\/td>\n<td>Azul rugoso<\/td>\n<\/tr>\n<tr>\n<td>Material<\/td>\n<td>Cer\u00e1mica\u00a0\u00a0<\/td>\n<td>Cer\u00e1mica\u00a0\u00a0<\/td>\n<\/tr>\n<tr>\n<td>Escenarios de uso<\/td>\n<td>decoraci\u00f3n del hogar<\/td>\n<td>decoraci\u00f3n del hogar<\/td>\n<\/tr>\n<tr>\n<td>Dimensiones<\/td>\n<td>P:16.5X31.5cm<\/td>\n<td>P:14X26,5cm<\/td>\n<\/tr>\n<tr>\n<td>Peso<\/td>\n<td>2 kg\/unidad<\/td>\n<td>1,6 kg\/unidad<\/td>\n<\/tr>\n<\/tbody>\n<\/table>","protected":false},"featured_media":1854,"comment_status":"closed","ping_status":"closed","template":"","meta":{"_acf_changed":false},"product_brand":[],"product_cat":[18,22],"product_tag":[34],"class_list":{"0":"post-1793","1":"product","2":"type-product","3":"status-publish","4":"has-post-thumbnail","6":"product_cat-home-decor","7":"product_cat-vase","8":"product_tag-ceramic-vase","10":"first","11":"instock","12":"shipping-taxable","13":"product-type-simple"},"acf":[],"_links":{"self":[{"href":"https:\/\/www.santai-ceramics.com\/es\/wp-json\/wp\/v2\/product\/1793","targetHints":{"allow":["GET"]}}],"collection":[{"href":"https:\/\/www.santai-ceramics.com\/es\/wp-json\/wp\/v2\/product"}],"about":[{"href":"https:\/\/www.santai-ceramics.com\/es\/wp-json\/wp\/v2\/types\/product"}],"replies":[{"embeddable":true,"href":"https:\/\/www.santai-ceramics.com\/es\/wp-json\/wp\/v2\/comments?post=1793"}],"wp:featuredmedia":[{"embeddable":true,"href":"https:\/\/www.santai-ceramics.com\/es\/wp-json\/wp\/v2\/media\/1854"}],"wp:attachment":[{"href":"https:\/\/www.santai-ceramics.com\/es\/wp-json\/wp\/v2\/media?parent=1793"}],"wp:term":[{"taxonomy":"product_brand","embeddable":true,"href":"https:\/\/www.santai-ceramics.com\/es\/wp-json\/wp\/v2\/product_brand?post=1793"},{"taxonomy":"product_cat","embeddable":true,"href":"https:\/\/www.santai-ceramics.com\/es\/wp-json\/wp\/v2\/product_cat?post=1793"},{"taxonomy":"product_tag","embeddable":true,"href":"https:\/\/www.santai-ceramics.com\/es\/wp-json\/wp\/v2\/product_tag?post=1793"}],"curies":[{"name":"wp","href":"https:\/\/api.w.org\/{rel}","templated":true}]}}