{"id":1903,"date":"2025-01-24T09:12:31","date_gmt":"2025-01-24T09:12:31","guid":{"rendered":"https:\/\/www.santai-ceramics.com\/?post_type=product&#038;p=1903"},"modified":"2025-02-02T13:38:31","modified_gmt":"2025-02-02T13:38:31","slug":"wholesale-vintage-textured-ceramic-vase","status":"publish","type":"product","link":"https:\/\/www.santai-ceramics.com\/es\/product\/wholesale-vintage-textured-ceramic-vase\/","title":{"rendered":"Mayorista Jarr\u00f3n de Cer\u00e1mica con Textura Vintage, Proporcionando Soluci\u00f3n de Jarr\u00f3n de Cer\u00e1mica a Medida - Fabricante de Cer\u00e1mica SANTAI"},"content":{"rendered":"<h3 class=\"wp-block-heading\">Caracter\u00edsticas de Vintage Textured Ceramic Vase<\/h3>\n\n\n\n<p><strong>Dise\u00f1o sencillo:<\/strong> La forma del jarr\u00f3n de cer\u00e1mica con textura vintage es sencilla y elegante, y muestra l\u00edneas redondeadas y un aspecto limpio, adecuado para una gran variedad de decoraciones del hogar.<\/p>\n\n\n\n<p><strong>Tiras decorativas \u00fanicas:<\/strong> Este jarr\u00f3n vintage de cer\u00e1mica texturizada tiene una delicada decoraci\u00f3n de rayas arenosas, que hace que el jarr\u00f3n parezca m\u00e1s estratificado y texturizado.<\/p>\n\n\n\n<p><strong>Material de alta calidad: <\/strong>Hecho de arcilla de alta calidad, tiene una superficie lisa, buen tacto, duradera y f\u00e1cil de limpiar.<\/p>\n\n\n\n<p><strong>Varias opciones de tama\u00f1o:<\/strong> Ofrecemos jarrones de cer\u00e1mica con textura vintage en una gran variedad de tama\u00f1os para satisfacer las necesidades de los distintos usuarios y cubrir las necesidades de los diferentes espacios decorativos.<\/p>\n\n\n\n<p><strong>Servicio OEM y ODM: <\/strong>Ofrecemos una soluci\u00f3n integral de floreros personalizados. Abarcamos el dise\u00f1o de productos, la fabricaci\u00f3n de muestras y la producci\u00f3n en serie.<\/p>\n\n\n\n<h3 class=\"wp-block-heading\">Servicio de floreros de cer\u00e1mica personalizados<\/h3>\n\n\n\n<p>Ofrecemos servicios OEM y ODM para nuestros productos.<br>Entrega r\u00e1pida de muestras.<br>Ofrecemos una gran variedad de formas, colores, impresi\u00f3n personalizada, embalaje y otros servicios a medida para satisfacer sus necesidades espec\u00edficas.<br><a href=\"https:\/\/www.santai-ceramics.com\/es\/custom\/\" data-type=\"page\" data-id=\"13\" target=\"_blank\" rel=\"noreferrer noopener\"><strong><b>M\u00e1s informaci\u00f3n<\/b> detalle de jarr\u00f3n de cer\u00e1mica.<\/strong><\/a><\/p>\n\n\n\n<div class=\"wp-block-columns is-layout-flex wp-container-core-columns-is-layout-9d6595d7 wp-block-columns-is-layout-flex\">\n<div class=\"wp-block-column is-layout-flow wp-block-column-is-layout-flow\">\n<figure class=\"wp-block-image size-full\"><img decoding=\"async\" width=\"1500\" height=\"1250\" src=\"https:\/\/www.santai-ceramics.com\/wp-content\/uploads\/2025\/01\/wholesale-vintage-textured-ceramic-vase-10.webp\" alt=\"mayorista jarron de ceramica con textura vintage (10)\" class=\"wp-image-1936\" srcset=\"https:\/\/www.santai-ceramics.com\/wp-content\/uploads\/2025\/01\/wholesale-vintage-textured-ceramic-vase-10.webp 1500w, https:\/\/www.santai-ceramics.com\/wp-content\/uploads\/2025\/01\/wholesale-vintage-textured-ceramic-vase-10-300x250.webp 300w, https:\/\/www.santai-ceramics.com\/wp-content\/uploads\/2025\/01\/wholesale-vintage-textured-ceramic-vase-10-768x640.webp 768w, https:\/\/www.santai-ceramics.com\/wp-content\/uploads\/2025\/01\/wholesale-vintage-textured-ceramic-vase-10-14x12.webp 14w, https:\/\/www.santai-ceramics.com\/wp-content\/uploads\/2025\/01\/wholesale-vintage-textured-ceramic-vase-10-1200x1000.webp 1200w, https:\/\/www.santai-ceramics.com\/wp-content\/uploads\/2025\/01\/wholesale-vintage-textured-ceramic-vase-10-600x500.webp 600w\" sizes=\"(max-width: 1500px) 100vw, 1500px\" \/><\/figure>\n<\/div>\n\n\n\n<div class=\"wp-block-column is-layout-flow wp-block-column-is-layout-flow\">\n<figure class=\"wp-block-image size-full\"><img decoding=\"async\" width=\"1500\" height=\"1249\" src=\"https:\/\/www.santai-ceramics.com\/wp-content\/uploads\/2025\/01\/wholesale-vintage-textured-ceramic-vase-11.webp\" alt=\"mayorista jarron de ceramica con textura vintage (11)\" class=\"wp-image-1937\" srcset=\"https:\/\/www.santai-ceramics.com\/wp-content\/uploads\/2025\/01\/wholesale-vintage-textured-ceramic-vase-11.webp 1500w, https:\/\/www.santai-ceramics.com\/wp-content\/uploads\/2025\/01\/wholesale-vintage-textured-ceramic-vase-11-300x250.webp 300w, https:\/\/www.santai-ceramics.com\/wp-content\/uploads\/2025\/01\/wholesale-vintage-textured-ceramic-vase-11-768x639.webp 768w, https:\/\/www.santai-ceramics.com\/wp-content\/uploads\/2025\/01\/wholesale-vintage-textured-ceramic-vase-11-14x12.webp 14w, https:\/\/www.santai-ceramics.com\/wp-content\/uploads\/2025\/01\/wholesale-vintage-textured-ceramic-vase-11-1200x999.webp 1200w, https:\/\/www.santai-ceramics.com\/wp-content\/uploads\/2025\/01\/wholesale-vintage-textured-ceramic-vase-11-600x500.webp 600w\" sizes=\"(max-width: 1500px) 100vw, 1500px\" \/><\/figure>\n<\/div>\n<\/div>","protected":false},"excerpt":{"rendered":"<p>Jarr\u00f3n de cer\u00e1mica con textura vintage al por mayor, este jarr\u00f3n presenta un dise\u00f1o moderno simple y tonos naturales, perfecto para cualquier estilo de hogar. Ofrecemos una variedad de tama\u00f1os y estilos de dise\u00f1o, adecuado para los minoristas y empresas de decoraci\u00f3n para comprar, y apoyar los servicios de oem y odm, recepci\u00f3n para entrarnos en contacto con para una cotizaci\u00f3n.<\/p>\n<h2>Especificaci\u00f3n de Vintage Textured Ceramic Vase<\/h2>\n<table width=\"1140\">\n<tbody>\n<tr>\n<td width=\"285\">N\u00famero de modelo<\/td>\n<td width=\"285\">A34352-LD40-A01<\/td>\n<td width=\"285\">A34352-LD40-A02<\/td>\n<td width=\"285\">A34352-LD40-A03<\/td>\n<\/tr>\n<tr>\n<td>Nombre del producto<\/td>\n<td>Maceta de cer\u00e1mica<\/td>\n<td>Maceta de cer\u00e1mica<\/td>\n<td>Maceta de cer\u00e1mica<\/td>\n<\/tr>\n<tr>\n<td>Color<\/td>\n<td>Gris antiguo<\/td>\n<td>Gris antiguo<\/td>\n<td>Gris antiguo<\/td>\n<\/tr>\n<tr>\n<td>Material<\/td>\n<td>Cer\u00e1mica<\/td>\n<td>Cer\u00e1mica<\/td>\n<td>Cer\u00e1mica<\/td>\n<\/tr>\n<tr>\n<td>Escenarios de uso<\/td>\n<td>decoraci\u00f3n del hogar<\/td>\n<td>decoraci\u00f3n del hogar<\/td>\n<td>decoraci\u00f3n del hogar<\/td>\n<\/tr>\n<tr>\n<td>Dimensiones<\/td>\n<td>P:11,5X20cm<\/td>\n<td>P:11X14cm<\/td>\n<td>P:13X12,5cm<\/td>\n<\/tr>\n<tr>\n<td>Peso<\/td>\n<td>0,55 kg\/unidad<\/td>\n<td>0,4 kg\/unidad<\/td>\n<td>0,4 kg\/unidad<\/td>\n<\/tr>\n<\/tbody>\n<\/table>","protected":false},"featured_media":1927,"comment_status":"closed","ping_status":"closed","template":"","meta":{"_acf_changed":false},"product_brand":[],"product_cat":[18,22],"product_tag":[34],"class_list":{"0":"post-1903","1":"product","2":"type-product","3":"status-publish","4":"has-post-thumbnail","6":"product_cat-home-decor","7":"product_cat-vase","8":"product_tag-ceramic-vase","10":"first","11":"instock","12":"shipping-taxable","13":"product-type-simple"},"acf":[],"_links":{"self":[{"href":"https:\/\/www.santai-ceramics.com\/es\/wp-json\/wp\/v2\/product\/1903","targetHints":{"allow":["GET"]}}],"collection":[{"href":"https:\/\/www.santai-ceramics.com\/es\/wp-json\/wp\/v2\/product"}],"about":[{"href":"https:\/\/www.santai-ceramics.com\/es\/wp-json\/wp\/v2\/types\/product"}],"replies":[{"embeddable":true,"href":"https:\/\/www.santai-ceramics.com\/es\/wp-json\/wp\/v2\/comments?post=1903"}],"wp:featuredmedia":[{"embeddable":true,"href":"https:\/\/www.santai-ceramics.com\/es\/wp-json\/wp\/v2\/media\/1927"}],"wp:attachment":[{"href":"https:\/\/www.santai-ceramics.com\/es\/wp-json\/wp\/v2\/media?parent=1903"}],"wp:term":[{"taxonomy":"product_brand","embeddable":true,"href":"https:\/\/www.santai-ceramics.com\/es\/wp-json\/wp\/v2\/product_brand?post=1903"},{"taxonomy":"product_cat","embeddable":true,"href":"https:\/\/www.santai-ceramics.com\/es\/wp-json\/wp\/v2\/product_cat?post=1903"},{"taxonomy":"product_tag","embeddable":true,"href":"https:\/\/www.santai-ceramics.com\/es\/wp-json\/wp\/v2\/product_tag?post=1903"}],"curies":[{"name":"wp","href":"https:\/\/api.w.org\/{rel}","templated":true}]}}