{"id":1905,"date":"2025-01-25T02:51:54","date_gmt":"2025-01-25T02:51:54","guid":{"rendered":"https:\/\/www.santai-ceramics.com\/?post_type=product&#038;p=1905"},"modified":"2025-01-25T02:51:55","modified_gmt":"2025-01-25T02:51:55","slug":"wholesale-ceramic-glazed-striped-vase","status":"publish","type":"product","link":"https:\/\/www.santai-ceramics.com\/es\/product\/wholesale-ceramic-glazed-striped-vase\/","title":{"rendered":"Mayorista Jarr\u00f3n de Cer\u00e1mica Esmaltada a Rayas, Jarr\u00f3n Retro Tradicional Elegante Personalizado, Soporte OEM y ODM"},"content":{"rendered":"<h3 class=\"wp-block-heading\">Caracter\u00edsticas del jarr\u00f3n de cer\u00e1mica esmaltada a rayas<\/h3>\n\n\n\n<p><strong>Fuerte efecto decorativo: <\/strong>El sencillo dise\u00f1o del jarr\u00f3n de cer\u00e1mica esmaltada a rayas lo convierte en una excelente decoraci\u00f3n que puede realzar la belleza del ambiente interior.<\/p>\n\n\n\n<p><strong>Sentido art\u00edstico artesanal:<\/strong> El jarr\u00f3n de rayas de cer\u00e1mica esmaltada adopta la combinaci\u00f3n de la artesan\u00eda tradicional y la maquinaria moderna, y las rayas \u00fanicas y el delicado esmalte a\u00f1aden valor art\u00edstico al jarr\u00f3n.<\/p>\n\n\n\n<p><strong>Gran adaptabilidad: <\/strong>Debido a su color neutro y natural, puede combinarse con una gran variedad de estilos de muebles y decoraciones, apto para diferentes estilos de interiorismo.<\/p>\n\n\n\n<p><strong>Materiales respetuosos con el medio ambiente:<\/strong> Fabricado con materiales naturales, es seguro de usar y respetuoso con el medio ambiente, en l\u00ednea con el concepto de desarrollo sostenible de los consumidores modernos.<\/p>\n\n\n\n<p><strong>Servicio OEM y ODM: <\/strong>Ofrecemos servicios personalizados de floreros de cer\u00e1mica, y podemos dise\u00f1ar estilos y colores \u00fanicos de floreros seg\u00fan las necesidades del cliente para hacer realidad sus conceptos de dise\u00f1o.<\/p>\n\n\n\n<h3 class=\"wp-block-heading\">Servicio de floreros de cer\u00e1mica personalizados<\/h3>\n\n\n\n<p>Ofrecemos servicios OEM y ODM para nuestros productos.<br>Entrega r\u00e1pida de muestras.<br>Ofrecemos una gran variedad de formas, colores, impresi\u00f3n personalizada, embalaje y otros servicios a medida para satisfacer sus necesidades espec\u00edficas.<br><a href=\"https:\/\/www.santai-ceramics.com\/es\/custom\/\" data-type=\"page\" data-id=\"13\" target=\"_blank\" rel=\"noreferrer noopener\"><strong><b>M\u00e1s informaci\u00f3n<\/b> detalle de jarr\u00f3n de cer\u00e1mica.<\/strong><\/a><\/p>\n\n\n\n<div class=\"wp-block-columns is-layout-flex wp-container-core-columns-is-layout-9d6595d7 wp-block-columns-is-layout-flex\">\n<div class=\"wp-block-column is-layout-flow wp-block-column-is-layout-flow\">\n<figure class=\"wp-block-image size-full\"><img decoding=\"async\" width=\"1500\" height=\"1250\" src=\"https:\/\/www.santai-ceramics.com\/wp-content\/uploads\/2025\/01\/Wholesale-Ceramic-Glazed-Striped-Vase-5.webp\" alt=\"Mayorista Jarr\u00f3n de Cer\u00e1mica Esmaltada a Rayas (5)\" class=\"wp-image-1951\" srcset=\"https:\/\/www.santai-ceramics.com\/wp-content\/uploads\/2025\/01\/Wholesale-Ceramic-Glazed-Striped-Vase-5.webp 1500w, https:\/\/www.santai-ceramics.com\/wp-content\/uploads\/2025\/01\/Wholesale-Ceramic-Glazed-Striped-Vase-5-300x250.webp 300w, https:\/\/www.santai-ceramics.com\/wp-content\/uploads\/2025\/01\/Wholesale-Ceramic-Glazed-Striped-Vase-5-768x640.webp 768w, https:\/\/www.santai-ceramics.com\/wp-content\/uploads\/2025\/01\/Wholesale-Ceramic-Glazed-Striped-Vase-5-14x12.webp 14w, https:\/\/www.santai-ceramics.com\/wp-content\/uploads\/2025\/01\/Wholesale-Ceramic-Glazed-Striped-Vase-5-1200x1000.webp 1200w, https:\/\/www.santai-ceramics.com\/wp-content\/uploads\/2025\/01\/Wholesale-Ceramic-Glazed-Striped-Vase-5-600x500.webp 600w\" sizes=\"(max-width: 1500px) 100vw, 1500px\" \/><\/figure>\n<\/div>\n\n\n\n<div class=\"wp-block-column is-layout-flow wp-block-column-is-layout-flow\">\n<figure class=\"wp-block-image size-full\"><img decoding=\"async\" width=\"1500\" height=\"1250\" src=\"https:\/\/www.santai-ceramics.com\/wp-content\/uploads\/2025\/01\/Wholesale-Ceramic-Glazed-Striped-Vase-6.webp\" alt=\"Mayorista Jarr\u00f3n de Cer\u00e1mica Esmaltada a Rayas (6)\" class=\"wp-image-1952\" srcset=\"https:\/\/www.santai-ceramics.com\/wp-content\/uploads\/2025\/01\/Wholesale-Ceramic-Glazed-Striped-Vase-6.webp 1500w, https:\/\/www.santai-ceramics.com\/wp-content\/uploads\/2025\/01\/Wholesale-Ceramic-Glazed-Striped-Vase-6-300x250.webp 300w, https:\/\/www.santai-ceramics.com\/wp-content\/uploads\/2025\/01\/Wholesale-Ceramic-Glazed-Striped-Vase-6-768x640.webp 768w, https:\/\/www.santai-ceramics.com\/wp-content\/uploads\/2025\/01\/Wholesale-Ceramic-Glazed-Striped-Vase-6-14x12.webp 14w, https:\/\/www.santai-ceramics.com\/wp-content\/uploads\/2025\/01\/Wholesale-Ceramic-Glazed-Striped-Vase-6-1200x1000.webp 1200w, https:\/\/www.santai-ceramics.com\/wp-content\/uploads\/2025\/01\/Wholesale-Ceramic-Glazed-Striped-Vase-6-600x500.webp 600w\" sizes=\"(max-width: 1500px) 100vw, 1500px\" \/><\/figure>\n<\/div>\n<\/div>","protected":false},"excerpt":{"rendered":"<p>Mayorista jarr\u00f3n decorativo de cer\u00e1mica esmaltada a rayas, se puede utilizar para arreglos florales, o como obra de arte independiente colocada en estanter\u00edas, mesas de centro o ventanas. Aceptamos pedidos al por mayor y podemos dise\u00f1ar estilos \u00fanicos seg\u00fan sus necesidades. No dude en ponerse en contacto con nosotros para solicitar un presupuesto.<\/p>\n<h2>Especificaci\u00f3n de Jarr\u00f3n de cer\u00e1mica esmaltada a rayas<\/h2>\n<table width=\"855\">\n<tbody>\n<tr>\n<td width=\"285\">N\u00famero de modelo<\/td>\n<td width=\"285\">A34845-LD40-A01<\/td>\n<td width=\"285\">A34845-LD40-A02<\/td>\n<\/tr>\n<tr>\n<td>Nombre del producto<\/td>\n<td>Maceta de cer\u00e1mica<\/td>\n<td>Maceta de cer\u00e1mica<\/td>\n<\/tr>\n<tr>\n<td>Color<\/td>\n<td>Azul antiguo<\/td>\n<td>Azul antiguo<\/td>\n<\/tr>\n<tr>\n<td>Material<\/td>\n<td>Cer\u00e1mica<\/td>\n<td>Cer\u00e1mica<\/td>\n<\/tr>\n<tr>\n<td>Escenarios de uso<\/td>\n<td>decoraci\u00f3n del hogar<\/td>\n<td>decoraci\u00f3n del hogar<\/td>\n<\/tr>\n<tr>\n<td>Dimensiones<\/td>\n<td>P:11,5X23cm<\/td>\n<td>P:10,5X18cm<\/td>\n<\/tr>\n<tr>\n<td>Peso<\/td>\n<td>0,5 kg\/unidad<\/td>\n<td>0,4 kg\/unidad<\/td>\n<\/tr>\n<\/tbody>\n<\/table>","protected":false},"featured_media":1947,"comment_status":"closed","ping_status":"closed","template":"","meta":{"_acf_changed":false},"product_brand":[],"product_cat":[18,22],"product_tag":[],"class_list":{"0":"post-1905","1":"product","2":"type-product","3":"status-publish","4":"has-post-thumbnail","6":"product_cat-home-decor","7":"product_cat-vase","9":"first","10":"instock","11":"shipping-taxable","12":"product-type-simple"},"acf":[],"_links":{"self":[{"href":"https:\/\/www.santai-ceramics.com\/es\/wp-json\/wp\/v2\/product\/1905","targetHints":{"allow":["GET"]}}],"collection":[{"href":"https:\/\/www.santai-ceramics.com\/es\/wp-json\/wp\/v2\/product"}],"about":[{"href":"https:\/\/www.santai-ceramics.com\/es\/wp-json\/wp\/v2\/types\/product"}],"replies":[{"embeddable":true,"href":"https:\/\/www.santai-ceramics.com\/es\/wp-json\/wp\/v2\/comments?post=1905"}],"wp:featuredmedia":[{"embeddable":true,"href":"https:\/\/www.santai-ceramics.com\/es\/wp-json\/wp\/v2\/media\/1947"}],"wp:attachment":[{"href":"https:\/\/www.santai-ceramics.com\/es\/wp-json\/wp\/v2\/media?parent=1905"}],"wp:term":[{"taxonomy":"product_brand","embeddable":true,"href":"https:\/\/www.santai-ceramics.com\/es\/wp-json\/wp\/v2\/product_brand?post=1905"},{"taxonomy":"product_cat","embeddable":true,"href":"https:\/\/www.santai-ceramics.com\/es\/wp-json\/wp\/v2\/product_cat?post=1905"},{"taxonomy":"product_tag","embeddable":true,"href":"https:\/\/www.santai-ceramics.com\/es\/wp-json\/wp\/v2\/product_tag?post=1905"}],"curies":[{"name":"wp","href":"https:\/\/api.w.org\/{rel}","templated":true}]}}