{"id":1906,"date":"2025-01-25T03:12:59","date_gmt":"2025-01-25T03:12:59","guid":{"rendered":"https:\/\/www.santai-ceramics.com\/?post_type=product&#038;p=1906"},"modified":"2025-06-12T16:12:10","modified_gmt":"2025-06-12T16:12:10","slug":"wholesale-vintage-ceramic-striped-candle-holder","status":"publish","type":"product","link":"https:\/\/www.santai-ceramics.com\/es\/product\/wholesale-vintage-ceramic-striped-candle-holder\/","title":{"rendered":"Mayorista Portavelas de Cer\u00e1mica a Rayas, Elegante Portavelas Vintage a Granel en Venta, Soporte OEM y ODM"},"content":{"rendered":"<h3 class=\"wp-block-heading\">Caracter\u00edsticas del Portavelas Vintage de Cer\u00e1mica a Rayas<\/h3>\n\n\n\n<p><strong>Resistente y duradero:<\/strong> El material cer\u00e1mico hace que el portavelas sea resistente y duradero, puede soportar eficazmente el peso de la vela y tiene una larga vida \u00fatil.<\/p>\n\n\n\n<p><strong>Forma elegante: <\/strong>Este portavelas de cer\u00e1mica combina el esmalte gris claro con las rayas doradas, lo que le confiere un sentido art\u00edstico \u00fanico y un temperamento elegante que realza eficazmente el efecto general de la decoraci\u00f3n del hogar.<\/p>\n\n\n\n<p><strong>Efecto de iluminaci\u00f3n:<\/strong> Tras colocar la vela, este portavelas de cer\u00e1mica vintage puede crear un suave efecto de iluminaci\u00f3n, a\u00f1adiendo un ambiente c\u00e1lido y rom\u00e1ntico a la habitaci\u00f3n.<\/p>\n\n\n\n<p><strong>F\u00e1cil de limpiar:<\/strong> Este portavelas de cer\u00e1mica adopta un dise\u00f1o esmaltado con una superficie lisa, lo que facilita la limpieza de la cera y no deja suciedad.<\/p>\n\n\n\n<p><strong>Servicios OEM y ODM: <\/strong>Ofrecemos servicios de OEM y ODM para cumplir requisitos funcionales y de dise\u00f1o espec\u00edficos y satisfacer las necesidades de aprovisionamiento de los compradores finales.<\/p>\n\n\n\n<h3 class=\"wp-block-heading\">Servicio de portavelas personalizados<\/h3>\n\n\n\n<p>Ofrecemos servicios OEM y ODM para nuestros productos.<br>Entrega r\u00e1pida de muestras.<br>Ofrecemos una gran variedad de formas, colores, impresi\u00f3n personalizada, embalaje y otros servicios a medida para satisfacer sus necesidades espec\u00edficas.<br><a href=\"https:\/\/www.santai-ceramics.com\/es\/custom\/\" data-type=\"page\" data-id=\"13\" target=\"_blank\" rel=\"noreferrer noopener\"><strong><b>M\u00e1s informaci\u00f3n<\/b> detalle del portavelas.<\/strong><\/a><\/p>\n\n\n\n<div class=\"wp-block-columns is-layout-flex wp-container-core-columns-is-layout-9d6595d7 wp-block-columns-is-layout-flex\">\n<div class=\"wp-block-column is-layout-flow wp-block-column-is-layout-flow\">\n<figure class=\"wp-block-image size-full\"><img decoding=\"async\" width=\"1500\" height=\"1250\" src=\"https:\/\/www.santai-ceramics.com\/wp-content\/uploads\/2025\/01\/vintage-ceramic-candle-holder-9.webp\" alt=\"portavelas vintage de cer\u00e1mica (9)\" class=\"wp-image-1963\" srcset=\"https:\/\/www.santai-ceramics.com\/wp-content\/uploads\/2025\/01\/vintage-ceramic-candle-holder-9.webp 1500w, https:\/\/www.santai-ceramics.com\/wp-content\/uploads\/2025\/01\/vintage-ceramic-candle-holder-9-300x250.webp 300w, https:\/\/www.santai-ceramics.com\/wp-content\/uploads\/2025\/01\/vintage-ceramic-candle-holder-9-768x640.webp 768w, https:\/\/www.santai-ceramics.com\/wp-content\/uploads\/2025\/01\/vintage-ceramic-candle-holder-9-14x12.webp 14w, https:\/\/www.santai-ceramics.com\/wp-content\/uploads\/2025\/01\/vintage-ceramic-candle-holder-9-1200x1000.webp 1200w, https:\/\/www.santai-ceramics.com\/wp-content\/uploads\/2025\/01\/vintage-ceramic-candle-holder-9-600x500.webp 600w\" sizes=\"(max-width: 1500px) 100vw, 1500px\" \/><\/figure>\n<\/div>\n\n\n\n<div class=\"wp-block-column is-layout-flow wp-block-column-is-layout-flow\">\n<figure class=\"wp-block-image size-full\"><img decoding=\"async\" width=\"1500\" height=\"1249\" src=\"https:\/\/www.santai-ceramics.com\/wp-content\/uploads\/2025\/01\/vintage-ceramic-candle-holder-10.webp\" alt=\"portavelas de cer\u00e1mica vintage (10)\" class=\"wp-image-1964\" srcset=\"https:\/\/www.santai-ceramics.com\/wp-content\/uploads\/2025\/01\/vintage-ceramic-candle-holder-10.webp 1500w, https:\/\/www.santai-ceramics.com\/wp-content\/uploads\/2025\/01\/vintage-ceramic-candle-holder-10-300x250.webp 300w, https:\/\/www.santai-ceramics.com\/wp-content\/uploads\/2025\/01\/vintage-ceramic-candle-holder-10-768x639.webp 768w, https:\/\/www.santai-ceramics.com\/wp-content\/uploads\/2025\/01\/vintage-ceramic-candle-holder-10-14x12.webp 14w, https:\/\/www.santai-ceramics.com\/wp-content\/uploads\/2025\/01\/vintage-ceramic-candle-holder-10-1200x999.webp 1200w, https:\/\/www.santai-ceramics.com\/wp-content\/uploads\/2025\/01\/vintage-ceramic-candle-holder-10-600x500.webp 600w\" sizes=\"(max-width: 1500px) 100vw, 1500px\" \/><\/figure>\n<\/div>\n<\/div>","protected":false},"excerpt":{"rendered":"<p>Portavelas de cer\u00e1mica vintage al por mayor, cada portavelas combina esmalte gris claro con rayas doradas, forma elegante, puede mejorar la atm\u00f3sfera general del ambiente interior. El\u00edjanos para la venta al por mayor de portavelas de cer\u00e1mica, puede obtener materiales y mano de obra de alta calidad, servicios de personalizaci\u00f3n flexibles y precios de f\u00e1brica asequibles. P\u00f3ngase en contacto con nosotros para solicitar un presupuesto.<\/p>\n<h2>\nEspecificaci\u00f3n de Portavelas Vintage de Cer\u00e1mica a Rayas<\/h2>\n<table width=\"855\">\n<tbody>\n<tr>\n<td width=\"285\">N\u00famero de modelo<\/td>\n<td width=\"285\">A34889-LD40-A01<\/td>\n<td width=\"285\">A34889-LD40-A02<\/td>\n<\/tr>\n<tr>\n<td>Nombre del producto<\/td>\n<td>Maceta de cer\u00e1mica<\/td>\n<td>Maceta de cer\u00e1mica<\/td>\n<\/tr>\n<tr>\n<td>Color<\/td>\n<td>Gris antiguo<\/td>\n<td>Gris antiguo<\/td>\n<\/tr>\n<tr>\n<td>Material<\/td>\n<td>Cer\u00e1mica<\/td>\n<td>Cer\u00e1mica<\/td>\n<\/tr>\n<tr>\n<td>Escenarios de uso<\/td>\n<td>decoraci\u00f3n del hogar<\/td>\n<td>decoraci\u00f3n del hogar<\/td>\n<\/tr>\n<tr>\n<td>Dimensiones<\/td>\n<td>P:11,5X28cm<\/td>\n<td>P:11,5X18cm<\/td>\n<\/tr>\n<tr>\n<td>Peso<\/td>\n<td>0,8 kg\/unidad<\/td>\n<td>0,6 kg\/unidad<\/td>\n<\/tr>\n<\/tbody>\n<\/table>","protected":false},"featured_media":1955,"comment_status":"closed","ping_status":"closed","template":"","meta":{"_acf_changed":false},"product_brand":[],"product_cat":[18,46,26],"product_tag":[],"class_list":{"0":"post-1906","1":"product","2":"type-product","3":"status-publish","4":"has-post-thumbnail","6":"product_cat-home-decor","7":"product_cat-wholesale-ceramic-candle-holders","8":"product_cat-home-accessories","10":"first","11":"instock","12":"shipping-taxable","13":"product-type-simple"},"acf":[],"_links":{"self":[{"href":"https:\/\/www.santai-ceramics.com\/es\/wp-json\/wp\/v2\/product\/1906","targetHints":{"allow":["GET"]}}],"collection":[{"href":"https:\/\/www.santai-ceramics.com\/es\/wp-json\/wp\/v2\/product"}],"about":[{"href":"https:\/\/www.santai-ceramics.com\/es\/wp-json\/wp\/v2\/types\/product"}],"replies":[{"embeddable":true,"href":"https:\/\/www.santai-ceramics.com\/es\/wp-json\/wp\/v2\/comments?post=1906"}],"wp:featuredmedia":[{"embeddable":true,"href":"https:\/\/www.santai-ceramics.com\/es\/wp-json\/wp\/v2\/media\/1955"}],"wp:attachment":[{"href":"https:\/\/www.santai-ceramics.com\/es\/wp-json\/wp\/v2\/media?parent=1906"}],"wp:term":[{"taxonomy":"product_brand","embeddable":true,"href":"https:\/\/www.santai-ceramics.com\/es\/wp-json\/wp\/v2\/product_brand?post=1906"},{"taxonomy":"product_cat","embeddable":true,"href":"https:\/\/www.santai-ceramics.com\/es\/wp-json\/wp\/v2\/product_cat?post=1906"},{"taxonomy":"product_tag","embeddable":true,"href":"https:\/\/www.santai-ceramics.com\/es\/wp-json\/wp\/v2\/product_tag?post=1906"}],"curies":[{"name":"wp","href":"https:\/\/api.w.org\/{rel}","templated":true}]}}