{"id":1907,"date":"2025-01-25T03:38:33","date_gmt":"2025-01-25T03:38:33","guid":{"rendered":"https:\/\/www.santai-ceramics.com\/?post_type=product&#038;p=1907"},"modified":"2025-06-12T09:05:19","modified_gmt":"2025-06-12T09:05:19","slug":"wholesale-ceramic-house-decor","status":"publish","type":"product","link":"https:\/\/www.santai-ceramics.com\/es\/product\/wholesale-ceramic-house-decor\/","title":{"rendered":"Mayorista Casa de Cer\u00e1mica Decorativa, Granel Casas de Cer\u00e1mica Decorativa Vintage Chino, Soporte OEM y ODM"},"content":{"rendered":"<h3 class=\"wp-block-heading\">Caracter\u00edsticas de Ceramic House Decor<\/h3>\n\n\n\n<p><strong>Maravillosa forma:<\/strong> La forma de la casa decorativa de cer\u00e1mica es creativa, con esmalte gris claro y textura natural, que tiene un sentido art\u00edstico \u00fanico y a\u00f1ade un c\u00f3modo disfrute visual a la decoraci\u00f3n de su hogar.<\/p>\n\n\n\n<p><strong>Uso multifuncional:<\/strong> Adem\u00e1s de ser una decoraci\u00f3n independiente, este adorno de cer\u00e1mica para la casa tambi\u00e9n puede utilizarse como peque\u00f1o jarr\u00f3n para introducir flores frescas o secas, a\u00f1adiendo vitalidad y elementos naturales al hogar.<\/p>\n\n\n\n<p><strong>Gran durabilidad:<\/strong> Hecha de material cer\u00e1mico natural y duradero, combinado con una meticulosa artesan\u00eda, esta decoraci\u00f3n de casa de cer\u00e1mica puede soportar el uso diario sin da\u00f1arse f\u00e1cilmente y tiene una larga vida \u00fatil.<\/p>\n\n\n\n<p><strong>Servicio profesional OEM y ODM: <\/strong>Al ofrecer servicios de OEM y ODM, podemos personalizar el color, el tama\u00f1o y el patr\u00f3n de la cer\u00e1mica seg\u00fan las necesidades del cliente para satisfacer las necesidades de los distintos mercados.<\/p>\n\n\n\n<p><strong>Precio de f\u00e1brica: <\/strong>SANTAI proporciona decoraci\u00f3n de cer\u00e1mica al por mayor a los compradores de gama B a precios de f\u00e1brica, adecuado para mayoristas, minoristas y empresas de decoraci\u00f3n del hogar para comprar.<\/p>\n\n\n\n<h3 class=\"wp-block-heading\">Servicio de decoraci\u00f3n cer\u00e1mica personalizada<\/h3>\n\n\n\n<p>Ofrecemos servicios OEM y ODM para nuestros productos.<br>Entrega r\u00e1pida de muestras.<br>Ofrecemos una gran variedad de formas, colores, impresi\u00f3n personalizada, embalaje y otros servicios a medida para satisfacer sus necesidades espec\u00edficas.<br><a href=\"https:\/\/www.santai-ceramics.com\/es\/custom\/\" data-type=\"page\" data-id=\"13\" target=\"_blank\" rel=\"noreferrer noopener\"><strong><b>M\u00e1s informaci\u00f3n<\/b> detalle decorativo de cer\u00e1mica.<\/strong><\/a><\/p>\n\n\n\n<div class=\"wp-block-columns is-layout-flex wp-container-core-columns-is-layout-9d6595d7 wp-block-columns-is-layout-flex\">\n<div class=\"wp-block-column is-layout-flow wp-block-column-is-layout-flow\">\n<figure class=\"wp-block-image size-full\"><img decoding=\"async\" width=\"1500\" height=\"1250\" src=\"https:\/\/www.santai-ceramics.com\/wp-content\/uploads\/2025\/01\/Wholesale-Ceramic-House-Decor-11.webp\" alt=\"Mayorista Decoraci\u00f3n de Casa de Cer\u00e1mica (11)\" class=\"wp-image-1977\" srcset=\"https:\/\/www.santai-ceramics.com\/wp-content\/uploads\/2025\/01\/Wholesale-Ceramic-House-Decor-11.webp 1500w, https:\/\/www.santai-ceramics.com\/wp-content\/uploads\/2025\/01\/Wholesale-Ceramic-House-Decor-11-300x250.webp 300w, https:\/\/www.santai-ceramics.com\/wp-content\/uploads\/2025\/01\/Wholesale-Ceramic-House-Decor-11-768x640.webp 768w, https:\/\/www.santai-ceramics.com\/wp-content\/uploads\/2025\/01\/Wholesale-Ceramic-House-Decor-11-14x12.webp 14w, https:\/\/www.santai-ceramics.com\/wp-content\/uploads\/2025\/01\/Wholesale-Ceramic-House-Decor-11-1200x1000.webp 1200w, https:\/\/www.santai-ceramics.com\/wp-content\/uploads\/2025\/01\/Wholesale-Ceramic-House-Decor-11-600x500.webp 600w\" sizes=\"(max-width: 1500px) 100vw, 1500px\" \/><\/figure>\n<\/div>\n\n\n\n<div class=\"wp-block-column is-layout-flow wp-block-column-is-layout-flow\">\n<figure class=\"wp-block-image size-full\"><img decoding=\"async\" width=\"1500\" height=\"1249\" src=\"https:\/\/www.santai-ceramics.com\/wp-content\/uploads\/2025\/01\/Wholesale-Ceramic-House-Decor-12.webp\" alt=\"Mayorista Decoraci\u00f3n de Casa de Cer\u00e1mica (12)\" class=\"wp-image-1978\" srcset=\"https:\/\/www.santai-ceramics.com\/wp-content\/uploads\/2025\/01\/Wholesale-Ceramic-House-Decor-12.webp 1500w, https:\/\/www.santai-ceramics.com\/wp-content\/uploads\/2025\/01\/Wholesale-Ceramic-House-Decor-12-300x250.webp 300w, https:\/\/www.santai-ceramics.com\/wp-content\/uploads\/2025\/01\/Wholesale-Ceramic-House-Decor-12-768x639.webp 768w, https:\/\/www.santai-ceramics.com\/wp-content\/uploads\/2025\/01\/Wholesale-Ceramic-House-Decor-12-14x12.webp 14w, https:\/\/www.santai-ceramics.com\/wp-content\/uploads\/2025\/01\/Wholesale-Ceramic-House-Decor-12-1200x999.webp 1200w, https:\/\/www.santai-ceramics.com\/wp-content\/uploads\/2025\/01\/Wholesale-Ceramic-House-Decor-12-600x500.webp 600w\" sizes=\"(max-width: 1500px) 100vw, 1500px\" \/><\/figure>\n<\/div>\n<\/div>","protected":false},"excerpt":{"rendered":"<p>Venta al por mayor de casas decorativas de cer\u00e1mica, SANTAI le proporciona alta calidad y creativa decoraci\u00f3n de la casa de cer\u00e1mica, esta decoraci\u00f3n de la casa de cer\u00e1mica con su maravillosa forma y esmalte gris claro, combinado con textura natural, a\u00f1ade un sentido art\u00edstico \u00fanico para el espacio interior. Ofrecemos una amplia gama de tama\u00f1os y estilos. Y ofrecemos servicios flexibles de personalizaci\u00f3n. P\u00f3ngase en contacto con nosotros.<\/p>\n<h2>Especificaci\u00f3n de Ceramic House Decor<\/h2>\n<table width=\"1140\">\n<tbody>\n<tr>\n<td width=\"285\">N\u00famero de modelo<\/td>\n<td width=\"285\">A37640-LD40-A01<\/td>\n<td width=\"285\">A37640-LD40-A02<\/td>\n<td width=\"285\">A37640-LD40-A03<\/td>\n<\/tr>\n<tr>\n<td>Nombre del producto<\/td>\n<td>Maceta de cer\u00e1mica Little House<\/td>\n<td>Maceta de cer\u00e1mica Little House<\/td>\n<td>Maceta de cer\u00e1mica Little House<\/td>\n<\/tr>\n<tr>\n<td>Color<\/td>\n<td>Gris antiguo<\/td>\n<td>Gris antiguo<\/td>\n<td>Gris antiguo<\/td>\n<\/tr>\n<tr>\n<td>Material<\/td>\n<td>Cer\u00e1mica<\/td>\n<td>Cer\u00e1mica<\/td>\n<td>Cer\u00e1mica<\/td>\n<\/tr>\n<tr>\n<td>Escenarios de uso<\/td>\n<td>decoraci\u00f3n del hogar<\/td>\n<td>decoraci\u00f3n del hogar<\/td>\n<td>decoraci\u00f3n del hogar<\/td>\n<\/tr>\n<tr>\n<td>Dimensiones<\/td>\n<td>12X8X15,5cm<\/td>\n<td>10X7.5X12.5cm<\/td>\n<td>10,5X7X9,5cm<\/td>\n<\/tr>\n<tr>\n<td>Peso<\/td>\n<td>0,6 kg\/unidad<\/td>\n<td>0,44 kg\/unidad<\/td>\n<td>0,3 kg\/unidad<\/td>\n<\/tr>\n<\/tbody>\n<\/table>","protected":false},"featured_media":1967,"comment_status":"closed","ping_status":"closed","template":"","meta":{"_acf_changed":false},"product_brand":[],"product_cat":[18,42,23],"product_tag":[],"class_list":{"0":"post-1907","1":"product","2":"type-product","3":"status-publish","4":"has-post-thumbnail","6":"product_cat-home-decor","7":"product_cat-wholesale-ceramic-plant-pots","8":"product_cat-ceramic-pots-planters","10":"first","11":"instock","12":"shipping-taxable","13":"product-type-simple"},"acf":[],"_links":{"self":[{"href":"https:\/\/www.santai-ceramics.com\/es\/wp-json\/wp\/v2\/product\/1907","targetHints":{"allow":["GET"]}}],"collection":[{"href":"https:\/\/www.santai-ceramics.com\/es\/wp-json\/wp\/v2\/product"}],"about":[{"href":"https:\/\/www.santai-ceramics.com\/es\/wp-json\/wp\/v2\/types\/product"}],"replies":[{"embeddable":true,"href":"https:\/\/www.santai-ceramics.com\/es\/wp-json\/wp\/v2\/comments?post=1907"}],"wp:featuredmedia":[{"embeddable":true,"href":"https:\/\/www.santai-ceramics.com\/es\/wp-json\/wp\/v2\/media\/1967"}],"wp:attachment":[{"href":"https:\/\/www.santai-ceramics.com\/es\/wp-json\/wp\/v2\/media?parent=1907"}],"wp:term":[{"taxonomy":"product_brand","embeddable":true,"href":"https:\/\/www.santai-ceramics.com\/es\/wp-json\/wp\/v2\/product_brand?post=1907"},{"taxonomy":"product_cat","embeddable":true,"href":"https:\/\/www.santai-ceramics.com\/es\/wp-json\/wp\/v2\/product_cat?post=1907"},{"taxonomy":"product_tag","embeddable":true,"href":"https:\/\/www.santai-ceramics.com\/es\/wp-json\/wp\/v2\/product_tag?post=1907"}],"curies":[{"name":"wp","href":"https:\/\/api.w.org\/{rel}","templated":true}]}}