{"id":2019,"date":"2025-02-20T06:24:35","date_gmt":"2025-02-20T06:24:35","guid":{"rendered":"https:\/\/www.santai-ceramics.com\/?post_type=product&#038;p=2019"},"modified":"2025-02-20T06:24:36","modified_gmt":"2025-02-20T06:24:36","slug":"wholesale-yellow-ceramic-vases-for-retail-stores","status":"publish","type":"product","link":"https:\/\/www.santai-ceramics.com\/es\/product\/wholesale-yellow-ceramic-vases-for-retail-stores\/","title":{"rendered":"Mayorista Jarrones de Ceramica Amarillos, Floreros al por mayor para su tienda al por menor, negocio al por mayor"},"content":{"rendered":"<h3 class=\"wp-block-heading\">Features of\u00a0Yellow Small Ceramic Vases\u200b<\/h3>\n\n\n\n<p><strong>Suitable size: <\/strong>The yellow ceramic vase has a moderate size and can accommodate a variety of flowers, such as silk flowers and fresh flowers, perfectly showing the graceful curves of flowers.<\/p>\n\n\n\n<p><strong>Fuerte sentido del arte: <\/strong>The unique texture design shows the exquisite craftsmanship level and the user&#8217;s pursuit and taste of beauty.<\/p>\n\n\n\n<p><strong>Suitable as commercial decoration: <\/strong>This vase is not only suitable for home use, but also very suitable as a decoration for commercial spaces such as hotels, restaurants, and cafes.<\/p>\n\n\n\n<p><strong>Noble gift choice: T<\/strong>his vintage ceramic vase has become a very suitable gift choice with its unique design and exquisite craftsmanship.<\/p>\n\n\n\n<h3 class=\"wp-block-heading\">Servicio de floreros de cer\u00e1mica personalizados<\/h3>\n\n\n\n<p>Ofrecemos servicios OEM y ODM para nuestros productos.<br>Entrega r\u00e1pida de muestras.<br>Ofrecemos una gran variedad de formas, colores, impresi\u00f3n personalizada, embalaje y otros servicios a medida para satisfacer sus necesidades espec\u00edficas.<br><a href=\"https:\/\/www.santai-ceramics.com\/es\/custom\/\" data-type=\"page\" data-id=\"13\" target=\"_blank\" rel=\"noreferrer noopener\"><strong><b>M\u00e1s informaci\u00f3n<\/b> detalle de jarr\u00f3n de cer\u00e1mica.<\/strong><\/a><\/p>\n\n\n\n<div class=\"wp-block-columns is-layout-flex wp-container-core-columns-is-layout-9d6595d7 wp-block-columns-is-layout-flex\">\n<div class=\"wp-block-column is-layout-flow wp-block-column-is-layout-flow\"><\/div>\n\n\n\n<div class=\"wp-block-column is-layout-flow wp-block-column-is-layout-flow\"><\/div>\n<\/div>","protected":false},"excerpt":{"rendered":"<p data-pm-slice=\"0 0 []\">Wholesale yellow ceramic vase, the smooth glaze design makes cleaning and maintenance easy, just wipe with a damp cloth to keep the vase shiny and beautiful, suitable for placing fresh flowers, artificial flowers, or as a stand-alone home decoration. Contact us for a quote.<\/p>\n<h2>Specification of\u00a0 Yellow Ceramic Vase<\/h2>\n<table width=\"570\">\n<tbody>\n<tr>\n<td width=\"285\">N\u00famero de modelo<\/td>\n<td width=\"285\">G37683-WC18-A01<\/td>\n<\/tr>\n<tr>\n<td>Nombre del producto<\/td>\n<td>Maceta de cer\u00e1mica<\/td>\n<\/tr>\n<tr>\n<td>Color<\/td>\n<td>Amarillo antiguo<\/td>\n<\/tr>\n<tr>\n<td>Material<\/td>\n<td>Cer\u00e1mica<\/td>\n<\/tr>\n<tr>\n<td>Escenarios de uso<\/td>\n<td>decoraci\u00f3n del hogar<\/td>\n<\/tr>\n<tr>\n<td>Dimensiones<\/td>\n<td>D:20X20,5cm<\/td>\n<\/tr>\n<tr>\n<td>Peso<\/td>\n<td>3,2 kg\/unidad<\/td>\n<\/tr>\n<\/tbody>\n<\/table>","protected":false},"featured_media":2036,"comment_status":"closed","ping_status":"closed","template":"","meta":{"_acf_changed":false},"product_brand":[],"product_cat":[18,22],"product_tag":[],"class_list":{"0":"post-2019","1":"product","2":"type-product","3":"status-publish","4":"has-post-thumbnail","6":"product_cat-home-decor","7":"product_cat-vase","9":"first","10":"instock","11":"shipping-taxable","12":"product-type-simple"},"acf":[],"_links":{"self":[{"href":"https:\/\/www.santai-ceramics.com\/es\/wp-json\/wp\/v2\/product\/2019","targetHints":{"allow":["GET"]}}],"collection":[{"href":"https:\/\/www.santai-ceramics.com\/es\/wp-json\/wp\/v2\/product"}],"about":[{"href":"https:\/\/www.santai-ceramics.com\/es\/wp-json\/wp\/v2\/types\/product"}],"replies":[{"embeddable":true,"href":"https:\/\/www.santai-ceramics.com\/es\/wp-json\/wp\/v2\/comments?post=2019"}],"wp:featuredmedia":[{"embeddable":true,"href":"https:\/\/www.santai-ceramics.com\/es\/wp-json\/wp\/v2\/media\/2036"}],"wp:attachment":[{"href":"https:\/\/www.santai-ceramics.com\/es\/wp-json\/wp\/v2\/media?parent=2019"}],"wp:term":[{"taxonomy":"product_brand","embeddable":true,"href":"https:\/\/www.santai-ceramics.com\/es\/wp-json\/wp\/v2\/product_brand?post=2019"},{"taxonomy":"product_cat","embeddable":true,"href":"https:\/\/www.santai-ceramics.com\/es\/wp-json\/wp\/v2\/product_cat?post=2019"},{"taxonomy":"product_tag","embeddable":true,"href":"https:\/\/www.santai-ceramics.com\/es\/wp-json\/wp\/v2\/product_tag?post=2019"}],"curies":[{"name":"wp","href":"https:\/\/api.w.org\/{rel}","templated":true}]}}