{"id":2020,"date":"2025-02-20T07:19:40","date_gmt":"2025-02-20T07:19:40","guid":{"rendered":"https:\/\/www.santai-ceramics.com\/?post_type=product&#038;p=2020"},"modified":"2025-02-20T07:19:51","modified_gmt":"2025-02-20T07:19:51","slug":"wholesale-vintage-bud-vases","status":"publish","type":"product","link":"https:\/\/www.santai-ceramics.com\/es\/product\/wholesale-vintage-bud-vases\/","title":{"rendered":"Mayorista Vintage Bud Vases, Dise\u00f1o Estrecho, Adecuado Para la Decoraci\u00f3n de Arreglos Florales - SANTAI Jarr\u00f3n de Cer\u00e1mica Fabricante"},"content":{"rendered":"<h3 class=\"wp-block-heading\">Caracter\u00edsticas de Vintage Bud Vases<\/h3>\n\n\n\n<p><strong>Estilo retro cl\u00e1sico: <\/strong>El jarr\u00f3n adopta un esmalte amarillo retro, y su color \u00fanico es muy adecuado para combinar con diversos estilos de hogar.<\/p>\n\n\n\n<p><strong>Adecuado para muchas ocasiones:<\/strong> El jarr\u00f3n de capullos vintage se puede utilizar para decorar el sal\u00f3n de casa, la mesa del comedor, el estudio, la oficina y locales comerciales.<\/p>\n\n\n\n<p><strong>Adecuado para la compra al por mayor: <\/strong>Venta directa de f\u00e1brica, precio m\u00e1s competitivo, adecuado para que minoristas y empresas de decoraci\u00f3n realicen compras al por mayor para satisfacer las necesidades del mercado.<\/p>\n\n\n\n<p><strong>Soporte OEM y ODM: <\/strong>El fabricante de jarrones de cer\u00e1mica Santai ofrece soluciones integrales de jarrones personalizados, proporcionando una gran variedad de opciones de jarrones personalizados.<\/p>\n\n\n\n<h3 class=\"wp-block-heading\">Servicio de floreros de cer\u00e1mica personalizados<\/h3>\n\n\n\n<p>Ofrecemos servicios OEM y ODM para nuestros productos.<br>Entrega r\u00e1pida de muestras.<br>Ofrecemos una gran variedad de formas, colores, impresi\u00f3n personalizada, embalaje y otros servicios a medida para satisfacer sus necesidades espec\u00edficas.<br><a href=\"https:\/\/www.santai-ceramics.com\/es\/custom\/\" data-type=\"page\" data-id=\"13\" target=\"_blank\" rel=\"noreferrer noopener\"><strong><b>M\u00e1s informaci\u00f3n<\/b> detalles del jarr\u00f3n de cer\u00e1mica.<\/strong><\/a><\/p>\n\n\n\n<div class=\"wp-block-columns is-layout-flex wp-container-core-columns-is-layout-9d6595d7 wp-block-columns-is-layout-flex\">\n<div class=\"wp-block-column is-layout-flow wp-block-column-is-layout-flow\">\n<figure class=\"wp-block-image size-full\"><img decoding=\"async\" width=\"1500\" height=\"1249\" src=\"https:\/\/www.santai-ceramics.com\/wp-content\/uploads\/2025\/02\/Wholesale-Vintage-Bud-Vase-7.webp\" alt=\"Mayorista Jarr\u00f3n de Capullos Vintage (7)\" class=\"wp-image-2053\" srcset=\"https:\/\/www.santai-ceramics.com\/wp-content\/uploads\/2025\/02\/Wholesale-Vintage-Bud-Vase-7.webp 1500w, https:\/\/www.santai-ceramics.com\/wp-content\/uploads\/2025\/02\/Wholesale-Vintage-Bud-Vase-7-300x250.webp 300w, https:\/\/www.santai-ceramics.com\/wp-content\/uploads\/2025\/02\/Wholesale-Vintage-Bud-Vase-7-768x639.webp 768w, https:\/\/www.santai-ceramics.com\/wp-content\/uploads\/2025\/02\/Wholesale-Vintage-Bud-Vase-7-14x12.webp 14w, https:\/\/www.santai-ceramics.com\/wp-content\/uploads\/2025\/02\/Wholesale-Vintage-Bud-Vase-7-1200x999.webp 1200w, https:\/\/www.santai-ceramics.com\/wp-content\/uploads\/2025\/02\/Wholesale-Vintage-Bud-Vase-7-600x500.webp 600w\" sizes=\"(max-width: 1500px) 100vw, 1500px\" \/><\/figure>\n<\/div>\n\n\n\n<div class=\"wp-block-column is-layout-flow wp-block-column-is-layout-flow\">\n<figure class=\"wp-block-image size-full\"><img decoding=\"async\" width=\"1500\" height=\"1249\" src=\"https:\/\/www.santai-ceramics.com\/wp-content\/uploads\/2025\/02\/Wholesale-Vintage-Bud-Vase-8.webp\" alt=\"Mayorista Jarr\u00f3n de Capullos Vintage (8)\" class=\"wp-image-2054\" srcset=\"https:\/\/www.santai-ceramics.com\/wp-content\/uploads\/2025\/02\/Wholesale-Vintage-Bud-Vase-8.webp 1500w, https:\/\/www.santai-ceramics.com\/wp-content\/uploads\/2025\/02\/Wholesale-Vintage-Bud-Vase-8-300x250.webp 300w, https:\/\/www.santai-ceramics.com\/wp-content\/uploads\/2025\/02\/Wholesale-Vintage-Bud-Vase-8-768x639.webp 768w, https:\/\/www.santai-ceramics.com\/wp-content\/uploads\/2025\/02\/Wholesale-Vintage-Bud-Vase-8-14x12.webp 14w, https:\/\/www.santai-ceramics.com\/wp-content\/uploads\/2025\/02\/Wholesale-Vintage-Bud-Vase-8-1200x999.webp 1200w, https:\/\/www.santai-ceramics.com\/wp-content\/uploads\/2025\/02\/Wholesale-Vintage-Bud-Vase-8-600x500.webp 600w\" sizes=\"(max-width: 1500px) 100vw, 1500px\" \/><\/figure>\n<\/div>\n<\/div>","protected":false},"excerpt":{"rendered":"<p data-pm-slice=\"0 0 []\">Jarrones de capullos vintage al por mayor, ya sean flores frescas, flores secas o ramas decorativas, se pueden exponer exquisitamente en este jarr\u00f3n, aportando un elegante disfrute visual. Santai apoya oem y odm, p\u00f3ngase en contacto con nosotros para una cotizaci\u00f3n.<\/p>\n<h2>Especificaciones de los jarrones de cer\u00e1mica Vintage Bud<\/h2>\n<table style=\"border-collapse: collapse; width: 855.02pt;\" border=\"0\" width=\"1140\" cellspacing=\"0\" cellpadding=\"0\">\n<tbody>\n<tr style=\"height: 24.95pt;\">\n<td class=\"et2\" style=\"height: 24.95pt; width: 213.75pt;\" width=\"285\" height=\"33\">N\u00famero de modelo<\/td>\n<td class=\"et3\" style=\"width: 213.75pt;\" width=\"285\">G37686-WC18-A01<\/td>\n<td class=\"et3\" style=\"width: 213.75pt;\" width=\"285\">G37686-WC18-A02<\/td>\n<td class=\"et3\" style=\"width: 213.75pt;\" width=\"285\">G37686-WC18-A03<\/td>\n<\/tr>\n<tr style=\"height: 24.95pt;\">\n<td class=\"et2\" style=\"height: 24.95pt;\" height=\"33\">Nombre del producto<\/td>\n<td class=\"et3\">Maceta de cer\u00e1mica<\/td>\n<td class=\"et3\">Maceta de cer\u00e1mica<\/td>\n<td class=\"et3\">Maceta de cer\u00e1mica<\/td>\n<\/tr>\n<tr style=\"height: 24.95pt;\">\n<td class=\"et2\" style=\"height: 24.95pt;\" height=\"33\">Color<\/td>\n<td class=\"et3\">Amarillo antiguo<\/td>\n<td class=\"et3\">Amarillo antiguo<\/td>\n<td class=\"et3\">Amarillo antiguo<\/td>\n<\/tr>\n<tr style=\"height: 24.95pt;\">\n<td class=\"et2\" style=\"height: 24.95pt;\" height=\"33\">Material<\/td>\n<td class=\"et3\">Cer\u00e1mica<\/td>\n<td class=\"et3\">Cer\u00e1mica<\/td>\n<td class=\"et3\">Cer\u00e1mica<\/td>\n<\/tr>\n<tr style=\"height: 24.95pt;\">\n<td class=\"et2\" style=\"height: 24.95pt;\" height=\"33\">Escenarios de uso<\/td>\n<td class=\"et3\">decoraci\u00f3n del hogar<\/td>\n<td class=\"et3\">decoraci\u00f3n del hogar<\/td>\n<td class=\"et3\">decoraci\u00f3n del hogar<\/td>\n<\/tr>\n<tr style=\"height: 24.95pt;\">\n<td class=\"et2\" style=\"height: 24.95pt;\" height=\"33\">Dimensiones<\/td>\n<td class=\"et3\">P:15,5X30,5cm<\/td>\n<td class=\"et3\">P:17,5X24cm<\/td>\n<td class=\"et3\">P:17,5X18cm<\/td>\n<\/tr>\n<tr style=\"height: 24.95pt;\">\n<td class=\"et2\" style=\"height: 24.95pt;\" height=\"33\">Peso<\/td>\n<td class=\"et3\">3,5 kg\/unidad<\/td>\n<td class=\"et3\">3,1 kg\/unidad<\/td>\n<td class=\"et3\">2,6 kg\/unidad<\/td>\n<\/tr>\n<\/tbody>\n<\/table>","protected":false},"featured_media":2047,"comment_status":"closed","ping_status":"closed","template":"","meta":{"_acf_changed":false},"product_brand":[],"product_cat":[18,22],"product_tag":[],"class_list":{"0":"post-2020","1":"product","2":"type-product","3":"status-publish","4":"has-post-thumbnail","6":"product_cat-home-decor","7":"product_cat-vase","9":"first","10":"instock","11":"shipping-taxable","12":"product-type-simple"},"acf":[],"_links":{"self":[{"href":"https:\/\/www.santai-ceramics.com\/es\/wp-json\/wp\/v2\/product\/2020","targetHints":{"allow":["GET"]}}],"collection":[{"href":"https:\/\/www.santai-ceramics.com\/es\/wp-json\/wp\/v2\/product"}],"about":[{"href":"https:\/\/www.santai-ceramics.com\/es\/wp-json\/wp\/v2\/types\/product"}],"replies":[{"embeddable":true,"href":"https:\/\/www.santai-ceramics.com\/es\/wp-json\/wp\/v2\/comments?post=2020"}],"wp:featuredmedia":[{"embeddable":true,"href":"https:\/\/www.santai-ceramics.com\/es\/wp-json\/wp\/v2\/media\/2047"}],"wp:attachment":[{"href":"https:\/\/www.santai-ceramics.com\/es\/wp-json\/wp\/v2\/media?parent=2020"}],"wp:term":[{"taxonomy":"product_brand","embeddable":true,"href":"https:\/\/www.santai-ceramics.com\/es\/wp-json\/wp\/v2\/product_brand?post=2020"},{"taxonomy":"product_cat","embeddable":true,"href":"https:\/\/www.santai-ceramics.com\/es\/wp-json\/wp\/v2\/product_cat?post=2020"},{"taxonomy":"product_tag","embeddable":true,"href":"https:\/\/www.santai-ceramics.com\/es\/wp-json\/wp\/v2\/product_tag?post=2020"}],"curies":[{"name":"wp","href":"https:\/\/api.w.org\/{rel}","templated":true}]}}