{"id":2146,"date":"2025-03-06T15:06:01","date_gmt":"2025-03-06T15:06:01","guid":{"rendered":"https:\/\/www.santai-ceramics.com\/?post_type=product&#038;p=2146"},"modified":"2025-06-07T16:39:57","modified_gmt":"2025-06-07T16:39:57","slug":"wholesale-electroplated-finish-retro-small-plant-pots","status":"publish","type":"product","link":"https:\/\/www.santai-ceramics.com\/es\/product\/wholesale-electroplated-finish-retro-small-plant-pots\/","title":{"rendered":"Mayorista Macetas Peque\u00f1as Retro Acabado Galvanizado - SANTAI Pottery Manufacturer"},"content":{"rendered":"<h3 class=\"wp-block-heading\">Caracter\u00edsticas de las macetas peque\u00f1as Retro <\/h3>\n\n\n\n<p><strong>Aplicaciones vers\u00e1tiles: <\/strong>Las macetas peque\u00f1as retro al por mayor son adecuadas para una gran variedad de plantas, como flores, suculentas y hierbas, lo que las hace vers\u00e1tiles tanto para interior como para exterior.<\/p>\n\n\n\n<p><strong>Est\u00e9tica atractiva: <\/strong>Se trata de una jardinera bien dise\u00f1ada que puede realzar la decoraci\u00f3n de su hogar y jard\u00edn, aumentando su atractivo para los consumidores que buscan soluciones de jardiner\u00eda con estilo.<\/p>\n\n\n\n<p><strong>Demanda del mercado: <\/strong>Con la creciente tendencia de la jardiner\u00eda dom\u00e9stica y las plantas de interior, estas macetas peque\u00f1as retro pueden satisfacer la creciente demanda de los consumidores de productos para el cuidado de las plantas.<\/p>\n\n\n\n<p><strong>Oportunidades de venta al por mayor: <\/strong>Adecuadas para empresas que desean vender al por mayor, estas macetas peque\u00f1as retro son populares entre minoristas y centros de jardiner\u00eda.<\/p>\n\n\n\n<p><strong>Precio de f\u00e1brica: <\/strong>Las f\u00e1bricas suelen ofrecer precios competitivos, por lo que resulta econ\u00f3mico abastecerse de estos productos.<\/p>\n\n\n\n<h3 class=\"wp-block-heading\">Servicio de macetas a medida<\/h3>\n\n\n\n<p>Ofrecemos servicios OEM y ODM para nuestros productos.<br>Entrega r\u00e1pida de muestras.<br>Ofrecemos una gran variedad de formas, colores, impresi\u00f3n personalizada, embalaje y otros servicios a medida para satisfacer sus necesidades espec\u00edficas.<br><a href=\"https:\/\/www.santai-ceramics.com\/es\/custom\/\" data-type=\"page\" data-id=\"13\" target=\"_blank\" rel=\"noreferrer noopener\"><strong><b>M\u00e1s informaci\u00f3n<\/b> detalle de la maceta.<\/strong><\/a><\/p>\n\n\n\n<div class=\"wp-block-columns is-layout-flex wp-container-core-columns-is-layout-9d6595d7 wp-block-columns-is-layout-flex\">\n<div class=\"wp-block-column is-layout-flow wp-block-column-is-layout-flow\">\n<figure class=\"wp-block-image size-full\"><img decoding=\"async\" width=\"1500\" height=\"1249\" src=\"https:\/\/www.santai-ceramics.com\/wp-content\/uploads\/2025\/03\/Wholesale-Retro-Small-Plant-Pots-3.webp\" alt=\"Mayorista Macetas Retro Peque\u00f1as (3)\" class=\"wp-image-2165\" srcset=\"https:\/\/www.santai-ceramics.com\/wp-content\/uploads\/2025\/03\/Wholesale-Retro-Small-Plant-Pots-3.webp 1500w, https:\/\/www.santai-ceramics.com\/wp-content\/uploads\/2025\/03\/Wholesale-Retro-Small-Plant-Pots-3-300x250.webp 300w, https:\/\/www.santai-ceramics.com\/wp-content\/uploads\/2025\/03\/Wholesale-Retro-Small-Plant-Pots-3-768x639.webp 768w, https:\/\/www.santai-ceramics.com\/wp-content\/uploads\/2025\/03\/Wholesale-Retro-Small-Plant-Pots-3-14x12.webp 14w, https:\/\/www.santai-ceramics.com\/wp-content\/uploads\/2025\/03\/Wholesale-Retro-Small-Plant-Pots-3-1200x999.webp 1200w, https:\/\/www.santai-ceramics.com\/wp-content\/uploads\/2025\/03\/Wholesale-Retro-Small-Plant-Pots-3-600x500.webp 600w\" sizes=\"(max-width: 1500px) 100vw, 1500px\" \/><\/figure>\n<\/div>\n\n\n\n<div class=\"wp-block-column is-layout-flow wp-block-column-is-layout-flow\">\n<figure class=\"wp-block-image size-full\"><img decoding=\"async\" width=\"1500\" height=\"1249\" src=\"https:\/\/www.santai-ceramics.com\/wp-content\/uploads\/2025\/03\/Wholesale-Retro-Small-Plant-Pots-4.webp\" alt=\"Mayorista Macetas Retro Peque\u00f1as (4)\" class=\"wp-image-2166\" srcset=\"https:\/\/www.santai-ceramics.com\/wp-content\/uploads\/2025\/03\/Wholesale-Retro-Small-Plant-Pots-4.webp 1500w, https:\/\/www.santai-ceramics.com\/wp-content\/uploads\/2025\/03\/Wholesale-Retro-Small-Plant-Pots-4-300x250.webp 300w, https:\/\/www.santai-ceramics.com\/wp-content\/uploads\/2025\/03\/Wholesale-Retro-Small-Plant-Pots-4-768x639.webp 768w, https:\/\/www.santai-ceramics.com\/wp-content\/uploads\/2025\/03\/Wholesale-Retro-Small-Plant-Pots-4-14x12.webp 14w, https:\/\/www.santai-ceramics.com\/wp-content\/uploads\/2025\/03\/Wholesale-Retro-Small-Plant-Pots-4-1200x999.webp 1200w, https:\/\/www.santai-ceramics.com\/wp-content\/uploads\/2025\/03\/Wholesale-Retro-Small-Plant-Pots-4-600x500.webp 600w\" sizes=\"(max-width: 1500px) 100vw, 1500px\" \/><\/figure>\n<\/div>\n<\/div>\n\n\n\n<div class=\"wp-block-columns is-layout-flex wp-container-core-columns-is-layout-9d6595d7 wp-block-columns-is-layout-flex\">\n<div class=\"wp-block-column is-layout-flow wp-block-column-is-layout-flow\"><\/div>\n\n\n\n<div class=\"wp-block-column is-layout-flow wp-block-column-is-layout-flow\"><\/div>\n<\/div>","protected":false},"excerpt":{"rendered":"<p data-pm-slice=\"0 0 []\">Mayorista Macetas Peque\u00f1as Retro con Acabado Galvanizado, perfectas para realzar cualquier ambiente que necesite decoraci\u00f3n y cautivar los corazones de los amantes de las plantas de todo el mundo. \u00a1Ordene al por mayor ahora para tomar ventaja de nuestros precios competitivos y opciones personalizables!<\/p>\n<h2>Especificaci\u00f3n de las macetas peque\u00f1as Retro con acabado galv\u00e1nico<\/h2>\n<table width=\"855\">\n<tbody>\n<tr>\n<td width=\"285\">N\u00famero de modelo<\/td>\n<td width=\"285\">A36546-G094-A01<\/td>\n<td width=\"285\">A36546-G094-A02<\/td>\n<\/tr>\n<tr>\n<td>Nombre del producto<\/td>\n<td>Maceta de cer\u00e1mica<\/td>\n<td>Maceta de cer\u00e1mica<\/td>\n<\/tr>\n<tr>\n<td>Color<\/td>\n<td>Oro electrol\u00edtico antiguo<\/td>\n<td>Oro electrol\u00edtico antiguo<\/td>\n<\/tr>\n<tr>\n<td>Material<\/td>\n<td>Cer\u00e1mica<\/td>\n<td>Cer\u00e1mica<\/td>\n<\/tr>\n<tr>\n<td>Escenarios de uso<\/td>\n<td>decoraci\u00f3n del hogar<\/td>\n<td>decoraci\u00f3n del hogar<\/td>\n<\/tr>\n<tr>\n<td>Dimensiones<\/td>\n<td>P:18,5X17cm<\/td>\n<td>P:15X13,5cm<\/td>\n<\/tr>\n<tr>\n<td>Peso<\/td>\n<td>1,2 kg\/unidad<\/td>\n<td>0,7 kg\/unidad<\/td>\n<\/tr>\n<\/tbody>\n<\/table>","protected":false},"featured_media":2163,"comment_status":"closed","ping_status":"closed","template":"","meta":{"_acf_changed":false},"product_brand":[],"product_cat":[18,42,23],"product_tag":[],"class_list":{"0":"post-2146","1":"product","2":"type-product","3":"status-publish","4":"has-post-thumbnail","6":"product_cat-home-decor","7":"product_cat-wholesale-ceramic-plant-pots","8":"product_cat-ceramic-pots-planters","10":"first","11":"instock","12":"shipping-taxable","13":"product-type-simple"},"acf":[],"_links":{"self":[{"href":"https:\/\/www.santai-ceramics.com\/es\/wp-json\/wp\/v2\/product\/2146","targetHints":{"allow":["GET"]}}],"collection":[{"href":"https:\/\/www.santai-ceramics.com\/es\/wp-json\/wp\/v2\/product"}],"about":[{"href":"https:\/\/www.santai-ceramics.com\/es\/wp-json\/wp\/v2\/types\/product"}],"replies":[{"embeddable":true,"href":"https:\/\/www.santai-ceramics.com\/es\/wp-json\/wp\/v2\/comments?post=2146"}],"wp:featuredmedia":[{"embeddable":true,"href":"https:\/\/www.santai-ceramics.com\/es\/wp-json\/wp\/v2\/media\/2163"}],"wp:attachment":[{"href":"https:\/\/www.santai-ceramics.com\/es\/wp-json\/wp\/v2\/media?parent=2146"}],"wp:term":[{"taxonomy":"product_brand","embeddable":true,"href":"https:\/\/www.santai-ceramics.com\/es\/wp-json\/wp\/v2\/product_brand?post=2146"},{"taxonomy":"product_cat","embeddable":true,"href":"https:\/\/www.santai-ceramics.com\/es\/wp-json\/wp\/v2\/product_cat?post=2146"},{"taxonomy":"product_tag","embeddable":true,"href":"https:\/\/www.santai-ceramics.com\/es\/wp-json\/wp\/v2\/product_tag?post=2146"}],"curies":[{"name":"wp","href":"https:\/\/api.w.org\/{rel}","templated":true}]}}