{"id":2147,"date":"2025-03-06T14:27:54","date_gmt":"2025-03-06T14:27:54","guid":{"rendered":"https:\/\/www.santai-ceramics.com\/?post_type=product&#038;p=2147"},"modified":"2025-06-10T00:55:45","modified_gmt":"2025-06-10T00:55:45","slug":"wholesale-vintage-ceramic-jar-with-electroplated-gold-finish","status":"publish","type":"product","link":"https:\/\/www.santai-ceramics.com\/es\/product\/wholesale-vintage-ceramic-jar-with-electroplated-gold-finish\/","title":{"rendered":"Mayorista Tarro de Cer\u00e1mica Vintage con Tapa- Elegante Recipiente de Almacenaje Decorativo de Oro Electrochapado Antiguo"},"content":{"rendered":"<h3 class=\"wp-block-heading\">Caracter\u00edsticas del tarro de cer\u00e1mica Vintage<\/h3>\n\n\n\n<p><strong>Dise\u00f1o retro cl\u00e1sico: <\/strong>El tarro de cer\u00e1mica vintage utiliza un tratamiento superficial de oro galv\u00e1nico envejecido, que le confiere un elegante estilo retro.<\/p>\n\n\n\n<p><strong>Uso decorativo multifuncional: <\/strong>El tarro de cer\u00e1mica vintage puede utilizarse como decoraci\u00f3n del hogar para a\u00f1adir un ambiente art\u00edstico al espacio, y tambi\u00e9n para guardar objetos.<\/p>\n\n\n\n<p><strong>Exquisita artesan\u00eda: <\/strong>Cada tarro de cer\u00e1mica est\u00e1 finamente hecho a mano y tiene un aspecto delicado. No s\u00f3lo puede mejorar el grado de la casa, pero tambi\u00e9n tiene valor de colecci\u00f3n.<\/p>\n\n\n\n<p><strong>Respetuoso con el medio ambiente e inocuo:<\/strong> Utiliza materiales cer\u00e1micos respetuosos con el medio ambiente, seguros e inocuos, y es una opci\u00f3n muy saludable para el hogar.<\/p>\n\n\n\n<h3 class=\"wp-block-heading\">Servicio de cer\u00e1mica a medida<\/h3>\n\n\n\n<p>Ofrecemos servicios OEM y ODM para nuestros productos.<br>Entrega r\u00e1pida de muestras.<br>Ofrecemos una gran variedad de formas, colores, impresi\u00f3n personalizada, embalaje y otros servicios a medida para satisfacer sus necesidades espec\u00edficas.<br><a href=\"https:\/\/www.santai-ceramics.com\/es\/custom\/\" data-type=\"page\" data-id=\"13\" target=\"_blank\" rel=\"noreferrer noopener\"><strong><b>M\u00e1s informaci\u00f3n<\/b> detalle de cer\u00e1mica.<\/strong><\/a><\/p>\n\n\n\n<div class=\"wp-block-columns is-layout-flex wp-container-core-columns-is-layout-9d6595d7 wp-block-columns-is-layout-flex\">\n<div class=\"wp-block-column is-layout-flow wp-block-column-is-layout-flow\">\n<figure class=\"wp-block-image size-full\"><img decoding=\"async\" width=\"1500\" height=\"1250\" src=\"https:\/\/www.santai-ceramics.com\/wp-content\/uploads\/2025\/03\/Wholesale-Vintage-Ceramic-Jar-with-Lid-2.webp\" alt=\"Mayorista Tarro de Cer\u00e1mica Vintage con Tapa (2)\" class=\"wp-image-2159\" srcset=\"https:\/\/www.santai-ceramics.com\/wp-content\/uploads\/2025\/03\/Wholesale-Vintage-Ceramic-Jar-with-Lid-2.webp 1500w, https:\/\/www.santai-ceramics.com\/wp-content\/uploads\/2025\/03\/Wholesale-Vintage-Ceramic-Jar-with-Lid-2-300x250.webp 300w, https:\/\/www.santai-ceramics.com\/wp-content\/uploads\/2025\/03\/Wholesale-Vintage-Ceramic-Jar-with-Lid-2-768x640.webp 768w, https:\/\/www.santai-ceramics.com\/wp-content\/uploads\/2025\/03\/Wholesale-Vintage-Ceramic-Jar-with-Lid-2-14x12.webp 14w, https:\/\/www.santai-ceramics.com\/wp-content\/uploads\/2025\/03\/Wholesale-Vintage-Ceramic-Jar-with-Lid-2-1200x1000.webp 1200w, https:\/\/www.santai-ceramics.com\/wp-content\/uploads\/2025\/03\/Wholesale-Vintage-Ceramic-Jar-with-Lid-2-600x500.webp 600w\" sizes=\"(max-width: 1500px) 100vw, 1500px\" \/><\/figure>\n<\/div>\n\n\n\n<div class=\"wp-block-column is-layout-flow wp-block-column-is-layout-flow\">\n<figure class=\"wp-block-image size-full\"><img decoding=\"async\" width=\"1500\" height=\"1249\" src=\"https:\/\/www.santai-ceramics.com\/wp-content\/uploads\/2025\/03\/Wholesale-Vintage-Ceramic-Jar-with-Lid-3.webp\" alt=\"Mayorista Tarro de Cer\u00e1mica Vintage con Tapa (3)\" class=\"wp-image-2160\" srcset=\"https:\/\/www.santai-ceramics.com\/wp-content\/uploads\/2025\/03\/Wholesale-Vintage-Ceramic-Jar-with-Lid-3.webp 1500w, https:\/\/www.santai-ceramics.com\/wp-content\/uploads\/2025\/03\/Wholesale-Vintage-Ceramic-Jar-with-Lid-3-300x250.webp 300w, https:\/\/www.santai-ceramics.com\/wp-content\/uploads\/2025\/03\/Wholesale-Vintage-Ceramic-Jar-with-Lid-3-768x639.webp 768w, https:\/\/www.santai-ceramics.com\/wp-content\/uploads\/2025\/03\/Wholesale-Vintage-Ceramic-Jar-with-Lid-3-14x12.webp 14w, https:\/\/www.santai-ceramics.com\/wp-content\/uploads\/2025\/03\/Wholesale-Vintage-Ceramic-Jar-with-Lid-3-1200x999.webp 1200w, https:\/\/www.santai-ceramics.com\/wp-content\/uploads\/2025\/03\/Wholesale-Vintage-Ceramic-Jar-with-Lid-3-600x500.webp 600w\" sizes=\"(max-width: 1500px) 100vw, 1500px\" \/><\/figure>\n<\/div>\n<\/div>","protected":false},"excerpt":{"rendered":"<p data-pm-slice=\"0 0 []\">\u00a0Este tarro de cer\u00e1mica vintage al por mayor ofrece un toque elegante y atemporal y es ideal para minoristas o organizadores de eventos que buscan un tarro de cer\u00e1mica elegante y de alta calidad. Admite OEM y ODM; p\u00f3ngase en contacto con nosotros para solicitar un presupuesto.<\/p>\n<h2>Especificaciones del tarro de cer\u00e1mica Vintage<\/h2>\n<table width=\"855\">\n<tbody>\n<tr>\n<td width=\"285\">N\u00famero de modelo<\/td>\n<td width=\"285\">A35349-G094-G01<\/td>\n<td width=\"285\">A35349-G094-G02<\/td>\n<\/tr>\n<tr>\n<td>Nombre del producto<\/td>\n<td>Tarro de cer\u00e1mica<\/td>\n<td>Tarro de cer\u00e1mica<\/td>\n<\/tr>\n<tr>\n<td>Color<\/td>\n<td>Oro electrol\u00edtico antiguo<\/td>\n<td>Oro electrol\u00edtico antiguo<\/td>\n<\/tr>\n<tr>\n<td>Material<\/td>\n<td>Cer\u00e1mica<\/td>\n<td>Cer\u00e1mica<\/td>\n<\/tr>\n<tr>\n<td>Escenarios de uso<\/td>\n<td>decoraci\u00f3n del hogar<\/td>\n<td>decoraci\u00f3n del hogar<\/td>\n<\/tr>\n<tr>\n<td>Dimensiones<\/td>\n<td>P:17X27cm<\/td>\n<td>P:15X21,5cm<\/td>\n<\/tr>\n<tr>\n<td>Peso<\/td>\n<td>1,3 kg\/unidad<\/td>\n<td>1 kg\/unidad<\/td>\n<\/tr>\n<\/tbody>\n<\/table>","protected":false},"featured_media":2158,"comment_status":"closed","ping_status":"closed","template":"","meta":{"_acf_changed":false},"product_brand":[],"product_cat":[18,43],"product_tag":[],"class_list":{"0":"post-2147","1":"product","2":"type-product","3":"status-publish","4":"has-post-thumbnail","6":"product_cat-home-decor","7":"product_cat-wholesale-ceramic-jar","9":"first","10":"instock","11":"shipping-taxable","12":"product-type-simple"},"acf":[],"_links":{"self":[{"href":"https:\/\/www.santai-ceramics.com\/es\/wp-json\/wp\/v2\/product\/2147","targetHints":{"allow":["GET"]}}],"collection":[{"href":"https:\/\/www.santai-ceramics.com\/es\/wp-json\/wp\/v2\/product"}],"about":[{"href":"https:\/\/www.santai-ceramics.com\/es\/wp-json\/wp\/v2\/types\/product"}],"replies":[{"embeddable":true,"href":"https:\/\/www.santai-ceramics.com\/es\/wp-json\/wp\/v2\/comments?post=2147"}],"wp:featuredmedia":[{"embeddable":true,"href":"https:\/\/www.santai-ceramics.com\/es\/wp-json\/wp\/v2\/media\/2158"}],"wp:attachment":[{"href":"https:\/\/www.santai-ceramics.com\/es\/wp-json\/wp\/v2\/media?parent=2147"}],"wp:term":[{"taxonomy":"product_brand","embeddable":true,"href":"https:\/\/www.santai-ceramics.com\/es\/wp-json\/wp\/v2\/product_brand?post=2147"},{"taxonomy":"product_cat","embeddable":true,"href":"https:\/\/www.santai-ceramics.com\/es\/wp-json\/wp\/v2\/product_cat?post=2147"},{"taxonomy":"product_tag","embeddable":true,"href":"https:\/\/www.santai-ceramics.com\/es\/wp-json\/wp\/v2\/product_tag?post=2147"}],"curies":[{"name":"wp","href":"https:\/\/api.w.org\/{rel}","templated":true}]}}