{"id":2148,"date":"2025-03-06T15:33:21","date_gmt":"2025-03-06T15:33:21","guid":{"rendered":"https:\/\/www.santai-ceramics.com\/?post_type=product&#038;p=2148"},"modified":"2025-06-05T14:24:05","modified_gmt":"2025-06-05T14:24:05","slug":"wholesale-3-set-vintage-style-textured-ceramic-vases","status":"publish","type":"product","link":"https:\/\/www.santai-ceramics.com\/es\/product\/wholesale-3-set-vintage-style-textured-ceramic-vases\/","title":{"rendered":"Mayorista Jarrones de Cer\u00e1mica con Textura de Estilo Vintage - Set de 3 Jarrones Decorativos - SANTAI Fabricante de Cer\u00e1mica"},"content":{"rendered":"<h3 class=\"wp-block-heading\">Caracter\u00edsticas de los jarrones de cer\u00e1mica con textura de estilo vintage<\/h3>\n\n\n\n<p><strong>Ligero: <\/strong>Cada jarr\u00f3n de cer\u00e1mica texturizada de estilo vintage est\u00e1 dise\u00f1ado para ser ligero, lo que facilita su traslado y reorganizaci\u00f3n seg\u00fan las necesidades de la decoraci\u00f3n sin riesgo de da\u00f1arlo.<\/p>\n\n\n\n<p><strong>Atractivo atemporal:<\/strong>El dise\u00f1o de inspiraci\u00f3n vintage garantiza que estos jarrones sigan siendo elegantes y relevantes, independientemente de los cambios en las tendencias decorativas.<\/p>\n\n\n\n<p><strong>Ideal para floristas y decoradores:<\/strong>Estos jarrones de cer\u00e1mica texturizada de estilo vintage son excelentes para floristas profesionales y decoradores de eventos que deseen crear impresionantes arreglos florales y exposiciones.<\/p>\n\n\n\n<p><strong>Precios al por mayor adecuados:<\/strong>Los competitivos precios al por mayor hacen que estos jarrones sean accesibles para un p\u00fablico m\u00e1s amplio, lo que permite a los minoristas almacenar art\u00edculos de decoraci\u00f3n del hogar de calidad con m\u00e1rgenes atractivos.<\/p>\n\n\n\n<h3 class=\"wp-block-heading\">Servicio de floreros de cer\u00e1mica personalizados<\/h3>\n\n\n\n<p>Ofrecemos servicios OEM y ODM para nuestros productos.<br>Entrega r\u00e1pida de muestras.<br>Ofrecemos una gran variedad de formas, colores, impresi\u00f3n personalizada, embalaje y otros servicios a medida para satisfacer sus necesidades espec\u00edficas.<br><a href=\"https:\/\/www.santai-ceramics.com\/es\/custom\/\" data-type=\"page\" data-id=\"13\" target=\"_blank\" rel=\"noreferrer noopener\"><strong><b>M\u00e1s informaci\u00f3n<\/b> detalle de jarr\u00f3n de cer\u00e1mica.<\/strong><\/a><\/p>\n\n\n\n<div class=\"wp-block-columns is-layout-flex wp-container-core-columns-is-layout-9d6595d7 wp-block-columns-is-layout-flex\">\n<div class=\"wp-block-column is-layout-flow wp-block-column-is-layout-flow\">\n<figure class=\"wp-block-image size-full\"><img decoding=\"async\" width=\"1500\" height=\"1249\" src=\"https:\/\/www.santai-ceramics.com\/wp-content\/uploads\/2025\/03\/Wholesale-3-set-vintage-style-textured-ceramic-vases-4-1.webp\" alt=\"Mayorista 3 set floreros de ceramica texturizada estilo vintage (4)\" class=\"wp-image-2179\" srcset=\"https:\/\/www.santai-ceramics.com\/wp-content\/uploads\/2025\/03\/Wholesale-3-set-vintage-style-textured-ceramic-vases-4-1.webp 1500w, https:\/\/www.santai-ceramics.com\/wp-content\/uploads\/2025\/03\/Wholesale-3-set-vintage-style-textured-ceramic-vases-4-1-300x250.webp 300w, https:\/\/www.santai-ceramics.com\/wp-content\/uploads\/2025\/03\/Wholesale-3-set-vintage-style-textured-ceramic-vases-4-1-768x639.webp 768w, https:\/\/www.santai-ceramics.com\/wp-content\/uploads\/2025\/03\/Wholesale-3-set-vintage-style-textured-ceramic-vases-4-1-14x12.webp 14w, https:\/\/www.santai-ceramics.com\/wp-content\/uploads\/2025\/03\/Wholesale-3-set-vintage-style-textured-ceramic-vases-4-1-1200x999.webp 1200w, https:\/\/www.santai-ceramics.com\/wp-content\/uploads\/2025\/03\/Wholesale-3-set-vintage-style-textured-ceramic-vases-4-1-600x500.webp 600w\" sizes=\"(max-width: 1500px) 100vw, 1500px\" \/><\/figure>\n<\/div>\n\n\n\n<div class=\"wp-block-column is-layout-flow wp-block-column-is-layout-flow\">\n<figure class=\"wp-block-image size-full\"><img decoding=\"async\" width=\"1500\" height=\"1250\" src=\"https:\/\/www.santai-ceramics.com\/wp-content\/uploads\/2025\/03\/Wholesale-3-set-vintage-style-textured-ceramic-vases-5-1.webp\" alt=\"Mayorista 3 set floreros de ceramica texturizada estilo vintage (5)\" class=\"wp-image-2180\" srcset=\"https:\/\/www.santai-ceramics.com\/wp-content\/uploads\/2025\/03\/Wholesale-3-set-vintage-style-textured-ceramic-vases-5-1.webp 1500w, https:\/\/www.santai-ceramics.com\/wp-content\/uploads\/2025\/03\/Wholesale-3-set-vintage-style-textured-ceramic-vases-5-1-300x250.webp 300w, https:\/\/www.santai-ceramics.com\/wp-content\/uploads\/2025\/03\/Wholesale-3-set-vintage-style-textured-ceramic-vases-5-1-768x640.webp 768w, https:\/\/www.santai-ceramics.com\/wp-content\/uploads\/2025\/03\/Wholesale-3-set-vintage-style-textured-ceramic-vases-5-1-14x12.webp 14w, https:\/\/www.santai-ceramics.com\/wp-content\/uploads\/2025\/03\/Wholesale-3-set-vintage-style-textured-ceramic-vases-5-1-1200x1000.webp 1200w, https:\/\/www.santai-ceramics.com\/wp-content\/uploads\/2025\/03\/Wholesale-3-set-vintage-style-textured-ceramic-vases-5-1-600x500.webp 600w\" sizes=\"(max-width: 1500px) 100vw, 1500px\" \/><\/figure>\n<\/div>\n<\/div>","protected":false},"excerpt":{"rendered":"<p data-pm-slice=\"0 0 []\">Mayorista de 3 juegos de jarrones de cer\u00e1mica texturizada de estilo vintage, perfectos para arreglos florales, exposiciones de plantas o como piezas decorativas independientes. Abastecerse de estos jarrones impresionantes para satisfacer el deseo de sus clientes por la calidad, estilo y precio. Ofrecemos precios atractivos al por mayor y la artesan\u00eda de calidad, que le proporciona una soluci\u00f3n \u00fanica para el abastecimiento de cer\u00e1mica al por mayor.<\/p>\n<h2>Especificaciones de los jarrones de cer\u00e1mica con textura de estilo vintage<\/h2>\n<table width=\"1140\">\n<tbody>\n<tr>\n<td width=\"285\">N\u00famero de modelo<\/td>\n<td width=\"285\">A36547-G094-A01<\/td>\n<td width=\"285\">A36547-G094-A02<\/td>\n<td width=\"285\">A36547-G094-A03<\/td>\n<\/tr>\n<tr>\n<td>Nombre del producto<\/td>\n<td>Florero de cer\u00e1mica<\/td>\n<td>Florero de cer\u00e1mica<\/td>\n<td>Florero de cer\u00e1mica<\/td>\n<\/tr>\n<tr>\n<td>Color<\/td>\n<td>Oro electrol\u00edtico antiguo<\/td>\n<td>Oro electrol\u00edtico antiguo<\/td>\n<td>Oro electrol\u00edtico antiguo<\/td>\n<\/tr>\n<tr>\n<td>Material<\/td>\n<td>Cer\u00e1mica<\/td>\n<td>Cer\u00e1mica<\/td>\n<td>Cer\u00e1mica<\/td>\n<\/tr>\n<tr>\n<td>Escenarios de uso<\/td>\n<td>decoraci\u00f3n del hogar<\/td>\n<td>decoraci\u00f3n del hogar<\/td>\n<td>decoraci\u00f3n del hogar<\/td>\n<\/tr>\n<tr>\n<td>Dimensiones<\/td>\n<td>P:17X29,5cm<\/td>\n<td>P:15X24,5cm<\/td>\n<td>P:17.5X17.5cm<\/td>\n<\/tr>\n<tr>\n<td>Peso<\/td>\n<td>1,5 kg\/unidad<\/td>\n<td>1,2 kg\/unidad<\/td>\n<td>1,1 kg\/unidad<\/td>\n<\/tr>\n<\/tbody>\n<\/table>\n<p>&nbsp;<\/p>","protected":false},"featured_media":2176,"comment_status":"closed","ping_status":"closed","template":"","meta":{"_acf_changed":false},"product_brand":[],"product_cat":[18,22],"product_tag":[],"class_list":{"0":"post-2148","1":"product","2":"type-product","3":"status-publish","4":"has-post-thumbnail","6":"product_cat-home-decor","7":"product_cat-vase","9":"first","10":"instock","11":"shipping-taxable","12":"product-type-simple"},"acf":[],"_links":{"self":[{"href":"https:\/\/www.santai-ceramics.com\/es\/wp-json\/wp\/v2\/product\/2148","targetHints":{"allow":["GET"]}}],"collection":[{"href":"https:\/\/www.santai-ceramics.com\/es\/wp-json\/wp\/v2\/product"}],"about":[{"href":"https:\/\/www.santai-ceramics.com\/es\/wp-json\/wp\/v2\/types\/product"}],"replies":[{"embeddable":true,"href":"https:\/\/www.santai-ceramics.com\/es\/wp-json\/wp\/v2\/comments?post=2148"}],"wp:featuredmedia":[{"embeddable":true,"href":"https:\/\/www.santai-ceramics.com\/es\/wp-json\/wp\/v2\/media\/2176"}],"wp:attachment":[{"href":"https:\/\/www.santai-ceramics.com\/es\/wp-json\/wp\/v2\/media?parent=2148"}],"wp:term":[{"taxonomy":"product_brand","embeddable":true,"href":"https:\/\/www.santai-ceramics.com\/es\/wp-json\/wp\/v2\/product_brand?post=2148"},{"taxonomy":"product_cat","embeddable":true,"href":"https:\/\/www.santai-ceramics.com\/es\/wp-json\/wp\/v2\/product_cat?post=2148"},{"taxonomy":"product_tag","embeddable":true,"href":"https:\/\/www.santai-ceramics.com\/es\/wp-json\/wp\/v2\/product_tag?post=2148"}],"curies":[{"name":"wp","href":"https:\/\/api.w.org\/{rel}","templated":true}]}}