{"id":2209,"date":"2025-03-23T14:36:11","date_gmt":"2025-03-23T14:36:11","guid":{"rendered":"https:\/\/www.santai-ceramics.com\/?post_type=product&#038;p=2209"},"modified":"2025-06-10T00:56:54","modified_gmt":"2025-06-10T00:56:54","slug":"wholesale-exquisite-ceramic-honey-pot-for-home-decor","status":"publish","type":"product","link":"https:\/\/www.santai-ceramics.com\/es\/product\/wholesale-exquisite-ceramic-honey-pot-for-home-decor\/","title":{"rendered":"Mayorista Exquisita Mielera de Cer\u00e1mica para Decoraci\u00f3n del Hogar - SANTAI Fabricante de Cer\u00e1mica"},"content":{"rendered":"<h3 class=\"wp-block-heading\">Caracter\u00edsticas del tarro de miel de cer\u00e1mica <\/h3>\n\n\n\n<p><strong>Dise\u00f1o est\u00e9tico de nido de abeja:<\/strong> Este exquisito tarro de miel de cer\u00e1mica reproduce la textura natural del panal, con l\u00edneas geom\u00e9tricas y suave esmalte cer\u00e1mico. Es un tarro de almacenamiento art\u00edstico que realza f\u00e1cilmente la textura moderna de la cocina\/bar.<\/p>\n\n\n\n<p><strong>Artesan\u00eda cer\u00e1mica profesional: <\/strong>El tarro de miel de cer\u00e1mica adopta la tecnolog\u00eda de cocci\u00f3n de color bajo vidriado a alta temperatura. El cuerpo del tarro es denso y sin poros, y tiene una suave superficie curvada, que se adapta a la curva de la mano y es f\u00e1cil de agarrar.<\/p>\n\n\n\n<p><strong>Serie verde claro: <\/strong>El esmalte de baja saturaci\u00f3n presenta una textura mate, y el verde brote general es adecuado para el estilo n\u00f3rdico\/en casa minimalista.<\/p>\n\n\n\n<p><strong>Amplia gama de escenarios aplicables: <\/strong>Adecuado para decoraci\u00f3n de escaparates en tiendas, salones, salas de estudio y oficinas.<\/p>\n\n\n\n<p><strong>Precio de f\u00e1brica al por mayor: <\/strong>Como fabricante profesional de cer\u00e1mica, SANTAI le ofrece servicios OEM y ODM y le garantiza que disfrutar\u00e1 de precios de f\u00e1brica.<\/p>\n\n\n\n<h3 class=\"wp-block-heading\">Servicio de cer\u00e1mica a medida<\/h3>\n\n\n\n<p>Ofrecemos servicios OEM y ODM para nuestros productos.<br>Entrega r\u00e1pida de muestras.<br>Ofrecemos una gran variedad de formas, colores, impresi\u00f3n personalizada, embalaje y otros servicios a medida para satisfacer sus necesidades espec\u00edficas.<br><a href=\"https:\/\/www.santai-ceramics.com\/es\/custom\/\" data-type=\"page\" data-id=\"13\" target=\"_blank\" rel=\"noreferrer noopener\"><strong><b>M\u00e1s informaci\u00f3n<\/b> detalle de cer\u00e1mica.<\/strong><\/a><\/p>\n\n\n\n<div class=\"wp-block-columns is-layout-flex wp-container-core-columns-is-layout-9d6595d7 wp-block-columns-is-layout-flex\">\n<div class=\"wp-block-column is-layout-flow wp-block-column-is-layout-flow\">\n<figure class=\"wp-block-image size-full\"><img decoding=\"async\" width=\"3760\" height=\"3134\" src=\"https:\/\/www.santai-ceramics.com\/wp-content\/uploads\/2025\/03\/Wholesale-Exquisite-Ceramic-Honey-Pot-5.webp\" alt=\"Mayorista Exquisito tarro de cer\u00e1mica para miel (5)\" class=\"wp-image-2233\" srcset=\"https:\/\/www.santai-ceramics.com\/wp-content\/uploads\/2025\/03\/Wholesale-Exquisite-Ceramic-Honey-Pot-5.webp 3760w, https:\/\/www.santai-ceramics.com\/wp-content\/uploads\/2025\/03\/Wholesale-Exquisite-Ceramic-Honey-Pot-5-300x250.webp 300w, https:\/\/www.santai-ceramics.com\/wp-content\/uploads\/2025\/03\/Wholesale-Exquisite-Ceramic-Honey-Pot-5-768x640.webp 768w, https:\/\/www.santai-ceramics.com\/wp-content\/uploads\/2025\/03\/Wholesale-Exquisite-Ceramic-Honey-Pot-5-14x12.webp 14w, https:\/\/www.santai-ceramics.com\/wp-content\/uploads\/2025\/03\/Wholesale-Exquisite-Ceramic-Honey-Pot-5-1200x1000.webp 1200w, https:\/\/www.santai-ceramics.com\/wp-content\/uploads\/2025\/03\/Wholesale-Exquisite-Ceramic-Honey-Pot-5-600x500.webp 600w\" sizes=\"(max-width: 3760px) 100vw, 3760px\" \/><\/figure>\n<\/div>\n\n\n\n<div class=\"wp-block-column is-layout-flow wp-block-column-is-layout-flow\">\n<figure class=\"wp-block-image size-full\"><img decoding=\"async\" width=\"2500\" height=\"2084\" src=\"https:\/\/www.santai-ceramics.com\/wp-content\/uploads\/2025\/03\/Wholesale-Exquisite-Ceramic-Honey-Pot-6.webp\" alt=\"Mayorista Exquisito tarro de cer\u00e1mica para miel (6)\" class=\"wp-image-2234\" srcset=\"https:\/\/www.santai-ceramics.com\/wp-content\/uploads\/2025\/03\/Wholesale-Exquisite-Ceramic-Honey-Pot-6.webp 2500w, https:\/\/www.santai-ceramics.com\/wp-content\/uploads\/2025\/03\/Wholesale-Exquisite-Ceramic-Honey-Pot-6-300x250.webp 300w, https:\/\/www.santai-ceramics.com\/wp-content\/uploads\/2025\/03\/Wholesale-Exquisite-Ceramic-Honey-Pot-6-768x640.webp 768w, https:\/\/www.santai-ceramics.com\/wp-content\/uploads\/2025\/03\/Wholesale-Exquisite-Ceramic-Honey-Pot-6-14x12.webp 14w, https:\/\/www.santai-ceramics.com\/wp-content\/uploads\/2025\/03\/Wholesale-Exquisite-Ceramic-Honey-Pot-6-1200x1000.webp 1200w, https:\/\/www.santai-ceramics.com\/wp-content\/uploads\/2025\/03\/Wholesale-Exquisite-Ceramic-Honey-Pot-6-600x500.webp 600w\" sizes=\"(max-width: 2500px) 100vw, 2500px\" \/><\/figure>\n<\/div>\n<\/div>\n\n\n\n<div class=\"wp-block-columns is-layout-flex wp-container-core-columns-is-layout-9d6595d7 wp-block-columns-is-layout-flex\">\n<div class=\"wp-block-column is-layout-flow wp-block-column-is-layout-flow\"><\/div>\n\n\n\n<div class=\"wp-block-column is-layout-flow wp-block-column-is-layout-flow\"><\/div>\n<\/div>","protected":false},"excerpt":{"rendered":"<p data-pm-slice=\"0 0 []\">Mayorista Exquisito tarro de miel de cer\u00e1mica, dise\u00f1o elegante, pr\u00e1ctico y duradero, adecuado para la decoraci\u00f3n del hogar y la tienda. Ofrecemos servicios de OEM y ODM para satisfacer sus necesidades de marca. \u00a1Bienvenido a contactar con nosotros para un presupuesto!<\/p>\n<h2>Especificaciones del exquisito tarro de miel de cer\u00e1mica<\/h2>\n<table width=\"855\">\n<tbody>\n<tr>\n<td width=\"285\">N\u00famero de modelo<\/td>\n<td width=\"285\">A37751-LD54-G01<\/td>\n<td width=\"285\">A37751-LD54-G02<\/td>\n<\/tr>\n<tr>\n<td>Nombre del producto<\/td>\n<td>Tarro de cer\u00e1mica<\/td>\n<td>Tarro de cer\u00e1mica<\/td>\n<\/tr>\n<tr>\n<td>Color<\/td>\n<td>Verde claro<\/td>\n<td>Verde claro<\/td>\n<\/tr>\n<tr>\n<td>Material<\/td>\n<td>Cer\u00e1mica<\/td>\n<td>Cer\u00e1mica<\/td>\n<\/tr>\n<tr>\n<td>Escenarios de uso<\/td>\n<td>decoraci\u00f3n del hogar<\/td>\n<td>decoraci\u00f3n del hogar<\/td>\n<\/tr>\n<tr>\n<td>Dimensiones<\/td>\n<td>P:18.5X25.5cm<\/td>\n<td>P:15,5X20cm<\/td>\n<\/tr>\n<tr>\n<td>Peso<\/td>\n<td>1,6 kg\/unidad<\/td>\n<td>1 kg\/unidad<\/td>\n<\/tr>\n<\/tbody>\n<\/table>","protected":false},"featured_media":2229,"comment_status":"closed","ping_status":"closed","template":"","meta":{"_acf_changed":false},"product_brand":[],"product_cat":[43,18],"product_tag":[],"class_list":{"0":"post-2209","1":"product","2":"type-product","3":"status-publish","4":"has-post-thumbnail","6":"product_cat-wholesale-ceramic-jar","7":"product_cat-home-decor","9":"first","10":"instock","11":"shipping-taxable","12":"product-type-simple"},"acf":[],"_links":{"self":[{"href":"https:\/\/www.santai-ceramics.com\/es\/wp-json\/wp\/v2\/product\/2209","targetHints":{"allow":["GET"]}}],"collection":[{"href":"https:\/\/www.santai-ceramics.com\/es\/wp-json\/wp\/v2\/product"}],"about":[{"href":"https:\/\/www.santai-ceramics.com\/es\/wp-json\/wp\/v2\/types\/product"}],"replies":[{"embeddable":true,"href":"https:\/\/www.santai-ceramics.com\/es\/wp-json\/wp\/v2\/comments?post=2209"}],"wp:featuredmedia":[{"embeddable":true,"href":"https:\/\/www.santai-ceramics.com\/es\/wp-json\/wp\/v2\/media\/2229"}],"wp:attachment":[{"href":"https:\/\/www.santai-ceramics.com\/es\/wp-json\/wp\/v2\/media?parent=2209"}],"wp:term":[{"taxonomy":"product_brand","embeddable":true,"href":"https:\/\/www.santai-ceramics.com\/es\/wp-json\/wp\/v2\/product_brand?post=2209"},{"taxonomy":"product_cat","embeddable":true,"href":"https:\/\/www.santai-ceramics.com\/es\/wp-json\/wp\/v2\/product_cat?post=2209"},{"taxonomy":"product_tag","embeddable":true,"href":"https:\/\/www.santai-ceramics.com\/es\/wp-json\/wp\/v2\/product_tag?post=2209"}],"curies":[{"name":"wp","href":"https:\/\/api.w.org\/{rel}","templated":true}]}}