{"id":2210,"date":"2025-03-24T08:17:08","date_gmt":"2025-03-24T08:17:08","guid":{"rendered":"https:\/\/www.santai-ceramics.com\/?post_type=product&#038;p=2210"},"modified":"2025-03-24T08:17:10","modified_gmt":"2025-03-24T08:17:10","slug":"wholesale-stylish-double-handle-vase","status":"publish","type":"product","link":"https:\/\/www.santai-ceramics.com\/es\/product\/wholesale-stylish-double-handle-vase\/","title":{"rendered":"Mayorista Elegante Jarr\u00f3n de Doble Asa con Exquisito Esmalte para Decoraci\u00f3n Moderna de Casas y Eventos"},"content":{"rendered":"<h3 class=\"wp-block-heading\">Caracter\u00edsticas del elegante jarr\u00f3n de doble asa<\/h3>\n\n\n\n<p><strong>Filosof\u00eda de dise\u00f1o ecol\u00f3gico:<\/strong> La forma general del jarr\u00f3n se inspira en la vitalidad de la naturaleza, suave y natural. Su dise\u00f1o exclusivo confiere al jarr\u00f3n un sentido \u00fanico de la vida.<\/p>\n\n\n\n<p><strong>Esmalte verde suave: <\/strong>Este elegante jarr\u00f3n de doble asa utiliza un esmalte verde c\u00e1lido y suave, que muestra un brillo similar al del jade.<\/p>\n\n\n\n<p><strong>Versatilidad: <\/strong>Este jarr\u00f3n no es s\u00f3lo un recipiente para arreglos florales, es en s\u00ed mismo una fina obra de arte decorativa. En zonas como el sal\u00f3n, el estudio, la mesa de comedor o la entrada, crea un elegante ambiente art\u00edstico.<\/p>\n\n\n\n<p><strong>Material de alta calidad: <\/strong>Fabricado con material cer\u00e1mico de alta calidad, hecho a mano y cocido a alta temperatura, este elegante jarr\u00f3n de doble asa tiene un esmalte suave y delicado, y no es f\u00e1cil que se agriete ni se decolore.<\/p>\n\n\n\n<h3 class=\"wp-block-heading\">Servicio de floreros de cer\u00e1mica personalizados<\/h3>\n\n\n\n<p>Ofrecemos servicios OEM y ODM para nuestros productos.<br>Entrega r\u00e1pida de muestras.<br>Ofrecemos una gran variedad de formas, colores, impresi\u00f3n personalizada, embalaje y otros servicios a medida para satisfacer sus necesidades espec\u00edficas.<br><a href=\"https:\/\/www.santai-ceramics.com\/es\/custom\/\" data-type=\"page\" data-id=\"13\" target=\"_blank\" rel=\"noreferrer noopener\"><strong><b>M\u00e1s informaci\u00f3n<\/b> detalle de jarr\u00f3n de cer\u00e1mica.<\/strong><\/a><\/p>\n\n\n\n<div class=\"wp-block-columns is-layout-flex wp-container-core-columns-is-layout-9d6595d7 wp-block-columns-is-layout-flex\">\n<div class=\"wp-block-column is-layout-flow wp-block-column-is-layout-flow\">\n<figure class=\"wp-block-image size-full\"><img decoding=\"async\" width=\"2500\" height=\"2083\" src=\"https:\/\/www.santai-ceramics.com\/wp-content\/uploads\/2025\/03\/Wholesale-Stylish-Double-Handle-Vase-8.webp\" alt=\"Mayorista Elegante Jarr\u00f3n de Doble Asa (8)\" class=\"wp-image-2274\" srcset=\"https:\/\/www.santai-ceramics.com\/wp-content\/uploads\/2025\/03\/Wholesale-Stylish-Double-Handle-Vase-8.webp 2500w, https:\/\/www.santai-ceramics.com\/wp-content\/uploads\/2025\/03\/Wholesale-Stylish-Double-Handle-Vase-8-300x250.webp 300w, https:\/\/www.santai-ceramics.com\/wp-content\/uploads\/2025\/03\/Wholesale-Stylish-Double-Handle-Vase-8-768x640.webp 768w, https:\/\/www.santai-ceramics.com\/wp-content\/uploads\/2025\/03\/Wholesale-Stylish-Double-Handle-Vase-8-14x12.webp 14w, https:\/\/www.santai-ceramics.com\/wp-content\/uploads\/2025\/03\/Wholesale-Stylish-Double-Handle-Vase-8-1200x1000.webp 1200w, https:\/\/www.santai-ceramics.com\/wp-content\/uploads\/2025\/03\/Wholesale-Stylish-Double-Handle-Vase-8-600x500.webp 600w\" sizes=\"(max-width: 2500px) 100vw, 2500px\" \/><\/figure>\n<\/div>\n\n\n\n<div class=\"wp-block-column is-layout-flow wp-block-column-is-layout-flow\">\n<figure class=\"wp-block-image size-full\"><img decoding=\"async\" width=\"2500\" height=\"2083\" src=\"https:\/\/www.santai-ceramics.com\/wp-content\/uploads\/2025\/03\/Wholesale-Stylish-Double-Handle-Vase-9.webp\" alt=\"Mayorista Elegante Jarr\u00f3n de Doble Asa (9)\" class=\"wp-image-2275\" srcset=\"https:\/\/www.santai-ceramics.com\/wp-content\/uploads\/2025\/03\/Wholesale-Stylish-Double-Handle-Vase-9.webp 2500w, https:\/\/www.santai-ceramics.com\/wp-content\/uploads\/2025\/03\/Wholesale-Stylish-Double-Handle-Vase-9-300x250.webp 300w, https:\/\/www.santai-ceramics.com\/wp-content\/uploads\/2025\/03\/Wholesale-Stylish-Double-Handle-Vase-9-768x640.webp 768w, https:\/\/www.santai-ceramics.com\/wp-content\/uploads\/2025\/03\/Wholesale-Stylish-Double-Handle-Vase-9-14x12.webp 14w, https:\/\/www.santai-ceramics.com\/wp-content\/uploads\/2025\/03\/Wholesale-Stylish-Double-Handle-Vase-9-1200x1000.webp 1200w, https:\/\/www.santai-ceramics.com\/wp-content\/uploads\/2025\/03\/Wholesale-Stylish-Double-Handle-Vase-9-600x500.webp 600w\" sizes=\"(max-width: 2500px) 100vw, 2500px\" \/><\/figure>\n<\/div>\n<\/div>\n\n\n\n<div class=\"wp-block-columns is-layout-flex wp-container-core-columns-is-layout-9d6595d7 wp-block-columns-is-layout-flex\">\n<div class=\"wp-block-column is-layout-flow wp-block-column-is-layout-flow\"><\/div>\n\n\n\n<div class=\"wp-block-column is-layout-flow wp-block-column-is-layout-flow\"><\/div>\n<\/div>","protected":false},"excerpt":{"rendered":"<p data-pm-slice=\"0 0 []\">Mayorista elegante jarr\u00f3n de doble asa, con esmalte suave y delicado y dise\u00f1o \u00fanico de doble asa, tiene un aspecto \u00fanico y elegante, adecuado para la decoraci\u00f3n del hogar y eventos. Este jarr\u00f3n de cer\u00e1mica esmaltada de alta calidad est\u00e1 disponible en una variedad de tama\u00f1os, p\u00f3ngase en contacto con nosotros para una cotizaci\u00f3n.<\/p>\n<h2>Especificaciones del elegante jarr\u00f3n de doble asa<\/h2>\n<table width=\"1140\">\n<tbody>\n<tr>\n<td width=\"285\">N\u00famero de modelo<\/td>\n<td width=\"285\">A37748-LD54-A01<\/td>\n<td width=\"285\">A37748-LD54-A02<\/td>\n<td width=\"285\">A37748-LD54-A03<\/td>\n<\/tr>\n<tr>\n<td>Nombre del producto<\/td>\n<td>Florero de cer\u00e1mica<\/td>\n<td>Florero de cer\u00e1mica<\/td>\n<td>Florero de cer\u00e1mica<\/td>\n<\/tr>\n<tr>\n<td>Color<\/td>\n<td>Verde claro<\/td>\n<td>Verde claro<\/td>\n<td>Verde claro<\/td>\n<\/tr>\n<tr>\n<td>Material<\/td>\n<td>Cer\u00e1mica<\/td>\n<td>Cer\u00e1mica<\/td>\n<td>Cer\u00e1mica<\/td>\n<\/tr>\n<tr>\n<td>Escenarios de uso<\/td>\n<td>decoraci\u00f3n del hogar<\/td>\n<td>decoraci\u00f3n del hogar<\/td>\n<td>decoraci\u00f3n del hogar<\/td>\n<\/tr>\n<tr>\n<td>Dimensiones<\/td>\n<td>15X15X21.5<\/td>\n<td>15X15X16.5<\/td>\n<td>15.5X14.5X14.5<\/td>\n<\/tr>\n<tr>\n<td>Peso<\/td>\n<td>1 kg\/unidad<\/td>\n<td>0,8 kg\/unidad<\/td>\n<td>0,8 kg\/unidad<\/td>\n<\/tr>\n<\/tbody>\n<\/table>","protected":false},"featured_media":2267,"comment_status":"closed","ping_status":"closed","template":"","meta":{"_acf_changed":false},"product_brand":[],"product_cat":[18,22],"product_tag":[],"class_list":{"0":"post-2210","1":"product","2":"type-product","3":"status-publish","4":"has-post-thumbnail","6":"product_cat-home-decor","7":"product_cat-vase","9":"first","10":"instock","11":"shipping-taxable","12":"product-type-simple"},"acf":[],"_links":{"self":[{"href":"https:\/\/www.santai-ceramics.com\/es\/wp-json\/wp\/v2\/product\/2210","targetHints":{"allow":["GET"]}}],"collection":[{"href":"https:\/\/www.santai-ceramics.com\/es\/wp-json\/wp\/v2\/product"}],"about":[{"href":"https:\/\/www.santai-ceramics.com\/es\/wp-json\/wp\/v2\/types\/product"}],"replies":[{"embeddable":true,"href":"https:\/\/www.santai-ceramics.com\/es\/wp-json\/wp\/v2\/comments?post=2210"}],"wp:featuredmedia":[{"embeddable":true,"href":"https:\/\/www.santai-ceramics.com\/es\/wp-json\/wp\/v2\/media\/2267"}],"wp:attachment":[{"href":"https:\/\/www.santai-ceramics.com\/es\/wp-json\/wp\/v2\/media?parent=2210"}],"wp:term":[{"taxonomy":"product_brand","embeddable":true,"href":"https:\/\/www.santai-ceramics.com\/es\/wp-json\/wp\/v2\/product_brand?post=2210"},{"taxonomy":"product_cat","embeddable":true,"href":"https:\/\/www.santai-ceramics.com\/es\/wp-json\/wp\/v2\/product_cat?post=2210"},{"taxonomy":"product_tag","embeddable":true,"href":"https:\/\/www.santai-ceramics.com\/es\/wp-json\/wp\/v2\/product_tag?post=2210"}],"curies":[{"name":"wp","href":"https:\/\/api.w.org\/{rel}","templated":true}]}}