{"id":2214,"date":"2025-03-23T16:12:29","date_gmt":"2025-03-23T16:12:29","guid":{"rendered":"https:\/\/www.santai-ceramics.com\/?post_type=product&#038;p=2214"},"modified":"2025-03-23T16:12:31","modified_gmt":"2025-03-23T16:12:31","slug":"wholesale-blooming-petal-shaped-ceramic-vase","status":"publish","type":"product","link":"https:\/\/www.santai-ceramics.com\/es\/product\/wholesale-blooming-petal-shaped-ceramic-vase\/","title":{"rendered":"Mayorista P\u00e9talo Floreciente Jarr\u00f3n de Cer\u00e1mica, Simple y Fresco Estilo Verde Oliva - SANTAI Jarr\u00f3n de Cer\u00e1mica Fabricante"},"content":{"rendered":"<h3 class=\"wp-block-heading\">Caracter\u00edsticas del jarr\u00f3n de cer\u00e1mica P\u00e9talo<\/h3>\n\n\n\n<p><strong>Dise\u00f1o \u00fanico: <\/strong>El dise\u00f1o en forma de p\u00e9talo del jarr\u00f3n de cer\u00e1mica es \u00fanico, con un efecto visual especial, y las flores y plantas insertadas son m\u00e1s estables.<\/p>\n\n\n\n<p><strong>Color fresco: <\/strong>El jarr\u00f3n de p\u00e9talos tiene un aspecto fresco y natural en verde oliva, que hace que la gente se sienta c\u00f3moda y tranquila. Los distintos tipos de flores y plantas verdes combinan a la perfecci\u00f3n para crear un ambiente unificado y armonioso.<\/p>\n\n\n\n<p><strong>Material de buena calidad: <\/strong>Fabricado con material cer\u00e1mico de alta calidad cocido a alta temperatura, el jarr\u00f3n de p\u00e9talos tiene una sutil textura en la superficie, un color vibrante y un tacto agradable.<\/p>\n\n\n\n<p><strong>M\u00faltiples tama\u00f1os: <\/strong>El juego de jarrones ofrece varias especificaciones entre las que elegir, que pueden combinarse para decorar el hogar, y tambi\u00e9n pueden combinarse f\u00e1cilmente con flores de distintas longitudes o formas.<\/p>\n\n\n\n<h3 class=\"wp-block-heading\">Servicio de floreros de cer\u00e1mica personalizados<\/h3>\n\n\n\n<p>Ofrecemos servicios OEM y ODM para nuestros productos.<br>Entrega r\u00e1pida de muestras.<br>Ofrecemos una gran variedad de formas, colores, impresi\u00f3n personalizada, embalaje y otros servicios a medida para satisfacer sus necesidades espec\u00edficas.<br><a href=\"https:\/\/www.santai-ceramics.com\/es\/custom\/\" data-type=\"page\" data-id=\"13\" target=\"_blank\" rel=\"noreferrer noopener\"><strong><b>M\u00e1s informaci\u00f3n<\/b> detalle de jarr\u00f3n de cer\u00e1mica.<\/strong><\/a><\/p>\n\n\n\n<div class=\"wp-block-columns is-layout-flex wp-container-core-columns-is-layout-9d6595d7 wp-block-columns-is-layout-flex\">\n<div class=\"wp-block-column is-layout-flow wp-block-column-is-layout-flow\"><\/div>\n\n\n\n<div class=\"wp-block-column is-layout-flow wp-block-column-is-layout-flow\"><\/div>\n<\/div>","protected":false},"excerpt":{"rendered":"<p data-pm-slice=\"0 0 []\">Los jarrones de cer\u00e1mica con forma de p\u00e9talo al por mayor son piezas de arte muy decorativas con un suave esmalte que acent\u00faa la belleza natural de las flores, lo que los hace ideales para la decoraci\u00f3n del hogar. \u00a1P\u00f3ngase en contacto con nosotros para solicitar presupuestos al por mayor!<\/p>\n<h2>Especificaciones del jarr\u00f3n de cer\u00e1mica P\u00e9talo<\/h2>\n<table width=\"1140\">\n<tbody>\n<tr>\n<td width=\"285\">N\u00famero de modelo<\/td>\n<td width=\"285\">A37753-LD53-A01<\/td>\n<td width=\"285\">A37753-LD53-A02<\/td>\n<td width=\"285\">A37753-LD53-A03<\/td>\n<\/tr>\n<tr>\n<td>Nombre del producto<\/td>\n<td>Huevera de cer\u00e1mica con flores<\/td>\n<td>Huevera de cer\u00e1mica con flores<\/td>\n<td>Huevera de cer\u00e1mica con flores<\/td>\n<\/tr>\n<tr>\n<td>Color<\/td>\n<td>Verde claro<\/td>\n<td>Verde claro<\/td>\n<td>Verde claro<\/td>\n<\/tr>\n<tr>\n<td>Material<\/td>\n<td>Cer\u00e1mica<\/td>\n<td>Cer\u00e1mica<\/td>\n<td>Cer\u00e1mica<\/td>\n<\/tr>\n<tr>\n<td>Escenarios de uso<\/td>\n<td>decoraci\u00f3n del hogar<\/td>\n<td>decoraci\u00f3n del hogar<\/td>\n<td>decoraci\u00f3n del hogar<\/td>\n<\/tr>\n<tr>\n<td>Dimensiones<\/td>\n<td>P:16,5X14cm<\/td>\n<td>P:12,5X11cm<\/td>\n<td>P:10X8,5cm<\/td>\n<\/tr>\n<tr>\n<td>Peso<\/td>\n<td>0,9 kg\/unidad<\/td>\n<td>0,4 kg\/unidad<\/td>\n<td>0,3 kg\/unidad<\/td>\n<\/tr>\n<\/tbody>\n<\/table>","protected":false},"featured_media":2260,"comment_status":"closed","ping_status":"closed","template":"","meta":{"_acf_changed":false},"product_brand":[],"product_cat":[18,22],"product_tag":[],"class_list":{"0":"post-2214","1":"product","2":"type-product","3":"status-publish","4":"has-post-thumbnail","6":"product_cat-home-decor","7":"product_cat-vase","9":"first","10":"instock","11":"shipping-taxable","12":"product-type-simple"},"acf":[],"_links":{"self":[{"href":"https:\/\/www.santai-ceramics.com\/es\/wp-json\/wp\/v2\/product\/2214","targetHints":{"allow":["GET"]}}],"collection":[{"href":"https:\/\/www.santai-ceramics.com\/es\/wp-json\/wp\/v2\/product"}],"about":[{"href":"https:\/\/www.santai-ceramics.com\/es\/wp-json\/wp\/v2\/types\/product"}],"replies":[{"embeddable":true,"href":"https:\/\/www.santai-ceramics.com\/es\/wp-json\/wp\/v2\/comments?post=2214"}],"wp:featuredmedia":[{"embeddable":true,"href":"https:\/\/www.santai-ceramics.com\/es\/wp-json\/wp\/v2\/media\/2260"}],"wp:attachment":[{"href":"https:\/\/www.santai-ceramics.com\/es\/wp-json\/wp\/v2\/media?parent=2214"}],"wp:term":[{"taxonomy":"product_brand","embeddable":true,"href":"https:\/\/www.santai-ceramics.com\/es\/wp-json\/wp\/v2\/product_brand?post=2214"},{"taxonomy":"product_cat","embeddable":true,"href":"https:\/\/www.santai-ceramics.com\/es\/wp-json\/wp\/v2\/product_cat?post=2214"},{"taxonomy":"product_tag","embeddable":true,"href":"https:\/\/www.santai-ceramics.com\/es\/wp-json\/wp\/v2\/product_tag?post=2214"}],"curies":[{"name":"wp","href":"https:\/\/api.w.org\/{rel}","templated":true}]}}