{"id":2216,"date":"2025-03-23T14:58:19","date_gmt":"2025-03-23T14:58:19","guid":{"rendered":"https:\/\/www.santai-ceramics.com\/?post_type=product&#038;p=2216"},"modified":"2025-03-23T14:58:20","modified_gmt":"2025-03-23T14:58:20","slug":"wholesale-minimalist-modern-green-ceramic-vase-set","status":"publish","type":"product","link":"https:\/\/www.santai-ceramics.com\/es\/product\/wholesale-minimalist-modern-green-ceramic-vase-set\/","title":{"rendered":"Mayorista Moderno Jarr\u00f3n de Cer\u00e1mica Verde , Jarrones hechos a mano para decoraci\u00f3n del hogar, Jarrones de cer\u00e1mica minimalistas"},"content":{"rendered":"<h3 class=\"wp-block-heading\">Caracter\u00edsticas de Minimalist Modern Jarr\u00f3n de cer\u00e1mica verde <\/h3>\n\n\n\n<p>Est\u00e9tica minimalista: La proporci\u00f3n de 10 cm de cintura dorada crea un recipiente decorativo de grado de exhibici\u00f3n de arte, adecuado para espacios modernos\/bohemios y de otros estilos.<\/p>\n\n\n\n<p>Elegante presentaci\u00f3n visual: El florero de cer\u00e1mica verde moderno minimalista tiene un exclusivo esmalte \"verde brote\", y el color de baja saturaci\u00f3n se mezcla f\u00e1cilmente en la sala de estar de estilo n\u00f3rdico \/ rinc\u00f3n de caf\u00e9 de estilo n\u00f3rdico, etc.<\/p>\n\n\n\n<p>Dise\u00f1o compatible con boca ancha: El moderno jarr\u00f3n de cer\u00e1mica verde es adecuado para diversas formas de materiales vegetales como flores\/ramas secas\/cola de gato, combinados con un aspecto verde, mostrando perfectamente la elegante postura de las plantas.<\/p>\n\n\n\n<p>OEM y ODM: SANTAI es un fabricante l\u00edder de cer\u00e1mica decorativa en China, proporcionando servicios de personalizaci\u00f3n de ventanilla \u00fanica perfecta y proporcionando los mejores precios de f\u00e1brica para que usted pueda desarrollar mejor el mercado.<\/p>\n\n\n\n<h3 class=\"wp-block-heading\">Servicio de floreros de cer\u00e1mica personalizados<\/h3>\n\n\n\n<p>Ofrecemos servicios OEM y ODM para nuestros productos.<br>Entrega r\u00e1pida de muestras.<br>Ofrecemos una gran variedad de formas, colores, impresi\u00f3n personalizada, embalaje y otros servicios a medida para satisfacer sus necesidades espec\u00edficas.<br><a href=\"https:\/\/www.santai-ceramics.com\/es\/custom\/\" data-type=\"page\" data-id=\"13\" target=\"_blank\" rel=\"noreferrer noopener\"><strong><b>M\u00e1s informaci\u00f3n<\/b> detalle de jarr\u00f3n de cer\u00e1mica.<\/strong><\/a><\/p>\n\n\n\n<div class=\"wp-block-columns is-layout-flex wp-container-core-columns-is-layout-9d6595d7 wp-block-columns-is-layout-flex\">\n<div class=\"wp-block-column is-layout-flow wp-block-column-is-layout-flow\">\n<figure class=\"wp-block-image size-full\"><img decoding=\"async\" width=\"2500\" height=\"2083\" src=\"https:\/\/www.santai-ceramics.com\/wp-content\/uploads\/2025\/03\/Wholesale-Minimalist-Modern-Green-Ceramic-Vase-8.webp\" alt=\"Mayorista Minimalista Moderno Jarr\u00f3n de Cer\u00e1mica Verde (8)\" class=\"wp-image-2243\" srcset=\"https:\/\/www.santai-ceramics.com\/wp-content\/uploads\/2025\/03\/Wholesale-Minimalist-Modern-Green-Ceramic-Vase-8.webp 2500w, https:\/\/www.santai-ceramics.com\/wp-content\/uploads\/2025\/03\/Wholesale-Minimalist-Modern-Green-Ceramic-Vase-8-300x250.webp 300w, https:\/\/www.santai-ceramics.com\/wp-content\/uploads\/2025\/03\/Wholesale-Minimalist-Modern-Green-Ceramic-Vase-8-768x640.webp 768w, https:\/\/www.santai-ceramics.com\/wp-content\/uploads\/2025\/03\/Wholesale-Minimalist-Modern-Green-Ceramic-Vase-8-14x12.webp 14w, https:\/\/www.santai-ceramics.com\/wp-content\/uploads\/2025\/03\/Wholesale-Minimalist-Modern-Green-Ceramic-Vase-8-1200x1000.webp 1200w, https:\/\/www.santai-ceramics.com\/wp-content\/uploads\/2025\/03\/Wholesale-Minimalist-Modern-Green-Ceramic-Vase-8-600x500.webp 600w\" sizes=\"(max-width: 2500px) 100vw, 2500px\" \/><\/figure>\n<\/div>\n\n\n\n<div class=\"wp-block-column is-layout-flow wp-block-column-is-layout-flow\">\n<figure class=\"wp-block-image size-full\"><img decoding=\"async\" width=\"2500\" height=\"2083\" src=\"https:\/\/www.santai-ceramics.com\/wp-content\/uploads\/2025\/03\/Wholesale-Minimalist-Modern-Green-Ceramic-Vase-9.webp\" alt=\"Mayorista Minimalista Moderno Jarr\u00f3n de Cer\u00e1mica Verde (9)\" class=\"wp-image-2244\" srcset=\"https:\/\/www.santai-ceramics.com\/wp-content\/uploads\/2025\/03\/Wholesale-Minimalist-Modern-Green-Ceramic-Vase-9.webp 2500w, https:\/\/www.santai-ceramics.com\/wp-content\/uploads\/2025\/03\/Wholesale-Minimalist-Modern-Green-Ceramic-Vase-9-300x250.webp 300w, https:\/\/www.santai-ceramics.com\/wp-content\/uploads\/2025\/03\/Wholesale-Minimalist-Modern-Green-Ceramic-Vase-9-768x640.webp 768w, https:\/\/www.santai-ceramics.com\/wp-content\/uploads\/2025\/03\/Wholesale-Minimalist-Modern-Green-Ceramic-Vase-9-14x12.webp 14w, https:\/\/www.santai-ceramics.com\/wp-content\/uploads\/2025\/03\/Wholesale-Minimalist-Modern-Green-Ceramic-Vase-9-1200x1000.webp 1200w, https:\/\/www.santai-ceramics.com\/wp-content\/uploads\/2025\/03\/Wholesale-Minimalist-Modern-Green-Ceramic-Vase-9-600x500.webp 600w\" sizes=\"(max-width: 2500px) 100vw, 2500px\" \/><\/figure>\n<\/div>\n<\/div>\n\n\n\n<div class=\"wp-block-columns is-layout-flex wp-container-core-columns-is-layout-9d6595d7 wp-block-columns-is-layout-flex\">\n<div class=\"wp-block-column is-layout-flow wp-block-column-is-layout-flow\"><\/div>\n\n\n\n<div class=\"wp-block-column is-layout-flow wp-block-column-is-layout-flow\"><\/div>\n<\/div>","protected":false},"excerpt":{"rendered":"<p data-pm-slice=\"0 0 []\">Mayorista moderno jarr\u00f3n de cer\u00e1mica verde, dise\u00f1o simple y moderno, adecuado para la decoraci\u00f3n del hogar, muebles de hotel y el mercado de regalos. \u00a1Soporte oem &amp; odm personalizaci\u00f3n, recepci\u00f3n para entrarnos en contacto con para la cita al por mayor!<\/p>\n<h2>Especificaci\u00f3n de Minimalista Moderno Jarr\u00f3n de Cer\u00e1mica Verde\u00a0<\/h2>\n<table width=\"1140\">\n<tbody>\n<tr>\n<td width=\"285\">N\u00famero de modelo<\/td>\n<td width=\"285\">A37756-LD53-A01<\/td>\n<td width=\"285\">A37757-LD53-A01<\/td>\n<td width=\"285\">A37758-LD53-A01<\/td>\n<\/tr>\n<tr>\n<td>Nombre del producto<\/td>\n<td>Florero de cer\u00e1mica<\/td>\n<td>Florero de cer\u00e1mica<\/td>\n<td>Florero de cer\u00e1mica<\/td>\n<\/tr>\n<tr>\n<td>Color<\/td>\n<td>Verde claro<\/td>\n<td>Verde claro<\/td>\n<td>Verde claro<\/td>\n<\/tr>\n<tr>\n<td>Material<\/td>\n<td>Cer\u00e1mica<\/td>\n<td>Cer\u00e1mica<\/td>\n<td>Cer\u00e1mica<\/td>\n<\/tr>\n<tr>\n<td>Escenarios de uso<\/td>\n<td>decoraci\u00f3n del hogar<\/td>\n<td>decoraci\u00f3n del hogar<\/td>\n<td>decoraci\u00f3n del hogar<\/td>\n<\/tr>\n<tr>\n<td>Dimensiones<\/td>\n<td>P:10X22cm<\/td>\n<td>P:12X16cm<\/td>\n<td>P:11X13,5cm<\/td>\n<\/tr>\n<tr>\n<td>Peso<\/td>\n<td>0,7 kg\/unidad<\/td>\n<td>0,5 kg\/unidad<\/td>\n<td>0,4 kg\/unidad<\/td>\n<\/tr>\n<\/tbody>\n<\/table>","protected":false},"featured_media":2236,"comment_status":"closed","ping_status":"closed","template":"","meta":{"_acf_changed":false},"product_brand":[],"product_cat":[18,22],"product_tag":[],"class_list":{"0":"post-2216","1":"product","2":"type-product","3":"status-publish","4":"has-post-thumbnail","6":"product_cat-home-decor","7":"product_cat-vase","9":"first","10":"instock","11":"shipping-taxable","12":"product-type-simple"},"acf":[],"_links":{"self":[{"href":"https:\/\/www.santai-ceramics.com\/es\/wp-json\/wp\/v2\/product\/2216","targetHints":{"allow":["GET"]}}],"collection":[{"href":"https:\/\/www.santai-ceramics.com\/es\/wp-json\/wp\/v2\/product"}],"about":[{"href":"https:\/\/www.santai-ceramics.com\/es\/wp-json\/wp\/v2\/types\/product"}],"replies":[{"embeddable":true,"href":"https:\/\/www.santai-ceramics.com\/es\/wp-json\/wp\/v2\/comments?post=2216"}],"wp:featuredmedia":[{"embeddable":true,"href":"https:\/\/www.santai-ceramics.com\/es\/wp-json\/wp\/v2\/media\/2236"}],"wp:attachment":[{"href":"https:\/\/www.santai-ceramics.com\/es\/wp-json\/wp\/v2\/media?parent=2216"}],"wp:term":[{"taxonomy":"product_brand","embeddable":true,"href":"https:\/\/www.santai-ceramics.com\/es\/wp-json\/wp\/v2\/product_brand?post=2216"},{"taxonomy":"product_cat","embeddable":true,"href":"https:\/\/www.santai-ceramics.com\/es\/wp-json\/wp\/v2\/product_cat?post=2216"},{"taxonomy":"product_tag","embeddable":true,"href":"https:\/\/www.santai-ceramics.com\/es\/wp-json\/wp\/v2\/product_tag?post=2216"}],"curies":[{"name":"wp","href":"https:\/\/api.w.org\/{rel}","templated":true}]}}