{"id":224,"date":"2024-09-28T16:36:34","date_gmt":"2024-09-28T16:36:34","guid":{"rendered":"https:\/\/www.santai-ceramics.com\/?post_type=product&#038;p=224"},"modified":"2025-02-02T14:53:07","modified_gmt":"2025-02-02T14:53:07","slug":"wholesale-mgo-antique-flower-vases","status":"publish","type":"product","link":"https:\/\/www.santai-ceramics.com\/es\/product\/wholesale-mgo-antique-flower-vases\/","title":{"rendered":"Mayorista Mgo Floreros Antiguos: Dise\u00f1o Superior Con Excelente Patr\u00f3n De Estampado"},"content":{"rendered":"<h3 class=\"wp-block-heading\">Par\u00e1metros de Mgo Florero Antiguo<\/h3>\n\n\n\n<figure class=\"wp-block-table\"><table class=\"has-fixed-layout\"><tbody><tr><td>Modelo<\/td><td>Nombre del producto<\/td><td>Color<\/td><td>Material<\/td><td>Utiliza<\/td><td>Dimensiones<\/td><td>Peso<\/td><\/tr><tr><td>A30522-MX68-A01<\/td><td>Florero de cer\u00e1mica<\/td><td>Azul y blanco<\/td><td>Cer\u00e1mica<\/td><td><span class=\"font5\">h<\/span><span class=\"font5\">ome d\u00e9cor,sal\u00f3n<\/span><\/td><td>D:9.5X19.5<\/td><td>0,5 kg\/unidad<\/td><\/tr><tr><td>A30522-MX68-A02<\/td><td>Florero de cer\u00e1mica<\/td><td>Azul y blanco<\/td><td>Cer\u00e1mica<\/td><td><span class=\"font5\">h<\/span><span class=\"font5\">ome d\u00e9cor,sal\u00f3n<\/span><\/td><td>D:12X25<\/td><td>0,9 kg\/unidad<\/td><\/tr><tr><td>A30522-MX68-A03<\/td><td>Florero de cer\u00e1mica<\/td><td>Azul y blanco<\/td><td>Cer\u00e1mica<\/td><td><span class=\"font5\">h<\/span><span class=\"font5\">ome d\u00e9cor,sal\u00f3n<\/span><\/td><td>D:8X16.5<\/td><td>0,38 kg\/unidad<\/td><\/tr><\/tbody><\/table><\/figure>\n\n\n\n<h3 class=\"wp-block-heading\">Servicio de floreros personalizados<\/h3>\n\n\n\n<p>Ofrecemos servicios OEM y ODM para nuestros productos.<br>Entrega r\u00e1pida de muestras.<br>Ofrecemos una gran variedad de formas, colores, impresi\u00f3n personalizada, embalaje y otros servicios a medida para satisfacer sus necesidades.<br><strong><a href=\"https:\/\/www.santai-ceramics.com\/es\/custom\/\" target=\"_blank\" data-type=\"page\" data-id=\"13\" rel=\"noreferrer noopener\">M\u00e1s informaci\u00f3n sobre detalles de jarrones personalizados.<\/a><\/strong><\/p>\n\n\n\n<div class=\"wp-block-columns is-layout-flex wp-container-core-columns-is-layout-9d6595d7 wp-block-columns-is-layout-flex\">\n<div class=\"wp-block-column is-layout-flow wp-block-column-is-layout-flow\">\n<figure class=\"wp-block-image size-full\"><img decoding=\"async\" width=\"2848\" height=\"2848\" src=\"https:\/\/www.santai-ceramics.com\/wp-content\/uploads\/2024\/09\/wholesale-flower-vases-5.webp\" alt=\"\" class=\"wp-image-229\" srcset=\"https:\/\/www.santai-ceramics.com\/wp-content\/uploads\/2024\/09\/wholesale-flower-vases-5.webp 2848w, https:\/\/www.santai-ceramics.com\/wp-content\/uploads\/2024\/09\/wholesale-flower-vases-5-300x300.webp 300w, https:\/\/www.santai-ceramics.com\/wp-content\/uploads\/2024\/09\/wholesale-flower-vases-5-150x150.webp 150w, https:\/\/www.santai-ceramics.com\/wp-content\/uploads\/2024\/09\/wholesale-flower-vases-5-768x768.webp 768w, https:\/\/www.santai-ceramics.com\/wp-content\/uploads\/2024\/09\/wholesale-flower-vases-5-1200x1200.webp 1200w, https:\/\/www.santai-ceramics.com\/wp-content\/uploads\/2024\/09\/wholesale-flower-vases-5-600x600.webp 600w, https:\/\/www.santai-ceramics.com\/wp-content\/uploads\/2024\/09\/wholesale-flower-vases-5-100x100.webp 100w\" sizes=\"(max-width: 2848px) 100vw, 2848px\" \/><\/figure>\n<\/div>\n\n\n\n<div class=\"wp-block-column is-layout-flow wp-block-column-is-layout-flow\">\n<figure class=\"wp-block-image size-full\"><img decoding=\"async\" width=\"3082\" height=\"3082\" src=\"https:\/\/www.santai-ceramics.com\/wp-content\/uploads\/2024\/09\/wholesale-flower-vases-6.webp\" alt=\"\" class=\"wp-image-230\" srcset=\"https:\/\/www.santai-ceramics.com\/wp-content\/uploads\/2024\/09\/wholesale-flower-vases-6.webp 3082w, https:\/\/www.santai-ceramics.com\/wp-content\/uploads\/2024\/09\/wholesale-flower-vases-6-300x300.webp 300w, https:\/\/www.santai-ceramics.com\/wp-content\/uploads\/2024\/09\/wholesale-flower-vases-6-150x150.webp 150w, https:\/\/www.santai-ceramics.com\/wp-content\/uploads\/2024\/09\/wholesale-flower-vases-6-768x768.webp 768w, https:\/\/www.santai-ceramics.com\/wp-content\/uploads\/2024\/09\/wholesale-flower-vases-6-1200x1200.webp 1200w, https:\/\/www.santai-ceramics.com\/wp-content\/uploads\/2024\/09\/wholesale-flower-vases-6-600x600.webp 600w, https:\/\/www.santai-ceramics.com\/wp-content\/uploads\/2024\/09\/wholesale-flower-vases-6-100x100.webp 100w\" sizes=\"(max-width: 3082px) 100vw, 3082px\" \/><\/figure>\n<\/div>\n<\/div>","protected":false},"excerpt":{"rendered":"<p>Santai es un fabricante de cer\u00e1mica antigua, vendemos al por mayor floreros antiguos. Este jarr\u00f3n de cer\u00e1mica de estilo chino est\u00e1 disponible en tres tama\u00f1os. Tanto si se utiliza como decoraci\u00f3n del hogar, regalo o arreglo floral, puede a\u00f1adir un toque de elegancia y cultura a su espacio. Puede elegir el tama\u00f1o adecuado seg\u00fan sus preferencias personales para satisfacer las necesidades de diferentes ocasiones. Tanto si se trata de un peque\u00f1o expositor de sobremesa como de una gran decoraci\u00f3n de suelo, su presentaci\u00f3n es perfecta.<\/p>\n<h2>Caracter\u00edsticas del florero antiguo Mgo<\/h2>\n<p><strong>Decoraci\u00f3n del hogar:<\/strong> Este jarr\u00f3n antiguo es muy adecuado para decorar el sal\u00f3n y el dormitorio. Colocado solo o con flores, puede convertirse en un foco visual y atraer la atenci\u00f3n de los invitados. <br \/><strong>Dise\u00f1o exquisito:<\/strong> Este jarr\u00f3n antiguo tiene un dise\u00f1o \u00fanico y est\u00e1 fabricado con exquisita artesan\u00eda, lo que lo convierte no s\u00f3lo en un adorno, sino tambi\u00e9n en una obra de arte, que realza el gusto de todo el entorno del hogar.<br \/><strong>Un regalo exquisito:<\/strong> Este jarr\u00f3n antiguo puede utilizarse como decoraci\u00f3n del hogar, y tambi\u00e9n es un regalo perfecto para amigos o familiares, especialmente los mayores. Ya se trate de un festival, un cumplea\u00f1os u otra ocasi\u00f3n especial, puede transmitir sus bendiciones y pensamientos y convertirse en un precioso recuerdo. <br \/><strong>Embalaje y entrega seguros:<\/strong> Ofrecemos el mejor embalaje para los jarrones al por mayor. Cada jarr\u00f3n se embala cuidadosamente con espuma de pl\u00e1stico para garantizar la seguridad y evitar da\u00f1os durante el transporte.<\/p>","protected":false},"featured_media":225,"comment_status":"closed","ping_status":"closed","template":"","meta":{"_acf_changed":false},"product_brand":[],"product_cat":[22],"product_tag":[34],"class_list":{"0":"post-224","1":"product","2":"type-product","3":"status-publish","4":"has-post-thumbnail","6":"product_cat-vase","7":"product_tag-ceramic-vase","9":"first","10":"instock","11":"shipping-taxable","12":"product-type-simple"},"acf":[],"_links":{"self":[{"href":"https:\/\/www.santai-ceramics.com\/es\/wp-json\/wp\/v2\/product\/224","targetHints":{"allow":["GET"]}}],"collection":[{"href":"https:\/\/www.santai-ceramics.com\/es\/wp-json\/wp\/v2\/product"}],"about":[{"href":"https:\/\/www.santai-ceramics.com\/es\/wp-json\/wp\/v2\/types\/product"}],"replies":[{"embeddable":true,"href":"https:\/\/www.santai-ceramics.com\/es\/wp-json\/wp\/v2\/comments?post=224"}],"wp:featuredmedia":[{"embeddable":true,"href":"https:\/\/www.santai-ceramics.com\/es\/wp-json\/wp\/v2\/media\/225"}],"wp:attachment":[{"href":"https:\/\/www.santai-ceramics.com\/es\/wp-json\/wp\/v2\/media?parent=224"}],"wp:term":[{"taxonomy":"product_brand","embeddable":true,"href":"https:\/\/www.santai-ceramics.com\/es\/wp-json\/wp\/v2\/product_brand?post=224"},{"taxonomy":"product_cat","embeddable":true,"href":"https:\/\/www.santai-ceramics.com\/es\/wp-json\/wp\/v2\/product_cat?post=224"},{"taxonomy":"product_tag","embeddable":true,"href":"https:\/\/www.santai-ceramics.com\/es\/wp-json\/wp\/v2\/product_tag?post=224"}],"curies":[{"name":"wp","href":"https:\/\/api.w.org\/{rel}","templated":true}]}}