{"id":2359,"date":"2025-04-06T06:27:30","date_gmt":"2025-04-06T06:27:30","guid":{"rendered":"https:\/\/www.santai-ceramics.com\/?post_type=product&#038;p=2359"},"modified":"2025-04-06T06:27:31","modified_gmt":"2025-04-06T06:27:31","slug":"wholesale-terracotta-material-rustic-elegance-vases","status":"publish","type":"product","link":"https:\/\/www.santai-ceramics.com\/es\/product\/wholesale-terracotta-material-rustic-elegance-vases\/","title":{"rendered":"Mayorista Jarrones de Elegancia R\u00fastica, Jarrones de Material de Terracota al por mayor para la Venta"},"content":{"rendered":"<h3 class=\"wp-block-heading\">Features of\u00a0Terracotta Rustic Elegance Vase<\/h3>\n\n\n\n<p><strong>Good ornamental value:<\/strong> The wavy concave and convex texture of this Rustic Elegance Vases is carefully carved by hand, forming delicate light and shadow levels under natural light, which has good ornamental value.<\/p>\n\n\n\n<p><strong>Perfect home decoration: <\/strong>This Rustic Elegance Vases can be used as a landscape focus in the center of the dining table as shown in the picture, or it can be displayed in a commercial space through a set of 3 ladders.<\/p>\n\n\n\n<p><strong>Multiple display options: <\/strong>The vases are suitable for independent and grouped display. A set of three vases, arranged in different sizes, can create a stunning visual impact in high-end boutiques, hotels or galleries.<\/p>\n\n\n\n<p><strong>Bulk supply and customized service:<\/strong> We provide wholesale bulk service, and we also provide flexible OEM and ODM services. Customize the size, color or finish of the vase to meet the specific needs of customers or brands.<\/p>\n\n\n\n<h3 class=\"wp-block-heading\">Servicio de floreros de terracota personalizados<\/h3>\n\n\n\n<p>Ofrecemos servicios OEM y ODM para nuestros productos.<br>Entrega r\u00e1pida de muestras.<br>Ofrecemos una gran variedad de formas, colores, impresi\u00f3n personalizada, embalaje y otros servicios a medida para satisfacer sus necesidades espec\u00edficas.<br><a href=\"https:\/\/www.santai-ceramics.com\/es\/custom\/\" data-type=\"page\" data-id=\"13\" target=\"_blank\" rel=\"noreferrer noopener\"><strong><b>M\u00e1s informaci\u00f3n<\/b> detalle de jarr\u00f3n de terracota.<\/strong><\/a><\/p>\n\n\n\n<div class=\"wp-block-columns is-layout-flex wp-container-core-columns-is-layout-9d6595d7 wp-block-columns-is-layout-flex\">\n<div class=\"wp-block-column is-layout-flow wp-block-column-is-layout-flow\">\n<figure class=\"wp-block-image size-full\"><img decoding=\"async\" width=\"1500\" height=\"1249\" src=\"https:\/\/www.santai-ceramics.com\/wp-content\/uploads\/2025\/04\/Wholesale-Rustic-Elegance-Vases-4.webp\" alt=\"Wholesale Rustic Elegance Vases (4)\" class=\"wp-image-2392\" srcset=\"https:\/\/www.santai-ceramics.com\/wp-content\/uploads\/2025\/04\/Wholesale-Rustic-Elegance-Vases-4.webp 1500w, https:\/\/www.santai-ceramics.com\/wp-content\/uploads\/2025\/04\/Wholesale-Rustic-Elegance-Vases-4-300x250.webp 300w, https:\/\/www.santai-ceramics.com\/wp-content\/uploads\/2025\/04\/Wholesale-Rustic-Elegance-Vases-4-768x639.webp 768w, https:\/\/www.santai-ceramics.com\/wp-content\/uploads\/2025\/04\/Wholesale-Rustic-Elegance-Vases-4-14x12.webp 14w, https:\/\/www.santai-ceramics.com\/wp-content\/uploads\/2025\/04\/Wholesale-Rustic-Elegance-Vases-4-1200x999.webp 1200w, https:\/\/www.santai-ceramics.com\/wp-content\/uploads\/2025\/04\/Wholesale-Rustic-Elegance-Vases-4-600x500.webp 600w\" sizes=\"(max-width: 1500px) 100vw, 1500px\" \/><\/figure>\n<\/div>\n\n\n\n<div class=\"wp-block-column is-layout-flow wp-block-column-is-layout-flow\">\n<figure class=\"wp-block-image size-full\"><img decoding=\"async\" width=\"1500\" height=\"1249\" src=\"https:\/\/www.santai-ceramics.com\/wp-content\/uploads\/2025\/04\/Wholesale-Rustic-Elegance-Vases-5.webp\" alt=\"Wholesale Rustic Elegance Vases (5)\" class=\"wp-image-2393\" srcset=\"https:\/\/www.santai-ceramics.com\/wp-content\/uploads\/2025\/04\/Wholesale-Rustic-Elegance-Vases-5.webp 1500w, https:\/\/www.santai-ceramics.com\/wp-content\/uploads\/2025\/04\/Wholesale-Rustic-Elegance-Vases-5-300x250.webp 300w, https:\/\/www.santai-ceramics.com\/wp-content\/uploads\/2025\/04\/Wholesale-Rustic-Elegance-Vases-5-768x639.webp 768w, https:\/\/www.santai-ceramics.com\/wp-content\/uploads\/2025\/04\/Wholesale-Rustic-Elegance-Vases-5-14x12.webp 14w, https:\/\/www.santai-ceramics.com\/wp-content\/uploads\/2025\/04\/Wholesale-Rustic-Elegance-Vases-5-1200x999.webp 1200w, https:\/\/www.santai-ceramics.com\/wp-content\/uploads\/2025\/04\/Wholesale-Rustic-Elegance-Vases-5-600x500.webp 600w\" sizes=\"(max-width: 1500px) 100vw, 1500px\" \/><\/figure>\n<\/div>\n<\/div>\n\n\n\n<div class=\"wp-block-columns is-layout-flex wp-container-core-columns-is-layout-9d6595d7 wp-block-columns-is-layout-flex\">\n<div class=\"wp-block-column is-layout-flow wp-block-column-is-layout-flow\"><\/div>\n\n\n\n<div class=\"wp-block-column is-layout-flow wp-block-column-is-layout-flow\"><\/div>\n<\/div>","protected":false},"excerpt":{"rendered":"<p data-pm-slice=\"0 0 []\">Wholesale rustic and elegant vases, natural terracotta material not only ensures durability, but also provides excellent breathability for plants, creating a healthier environment for flower arrangements. These vases can be seamlessly integrated into a variety of design styles, from modern minimalism to traditional farmhouse. Support OEM and ODM services, contact us for a quote.<\/p>\n<h2>Specification of Rustic Elegance Vase<\/h2>\n<table width=\"570\">\n<tbody>\n<tr>\n<td width=\"285\">N\u00famero de modelo<\/td>\n<td width=\"285\">G37594-H913-A01<\/td>\n<\/tr>\n<tr>\n<td>Nombre del producto<\/td>\n<td>Terra cotta Vase<\/td>\n<\/tr>\n<tr>\n<td>Color<\/td>\n<td>Marr\u00f3n antiguo y dorado<\/td>\n<\/tr>\n<tr>\n<td>Material<\/td>\n<td>Terracota\u00a0<\/td>\n<\/tr>\n<tr>\n<td>Escenarios de uso<\/td>\n<td>decoraci\u00f3n y jard\u00edn<\/td>\n<\/tr>\n<tr>\n<td>Dimensiones<\/td>\n<td>D:28X27.5cm<\/td>\n<\/tr>\n<tr>\n<td>Peso<\/td>\n<td>5.3kg\/pc<\/td>\n<\/tr>\n<\/tbody>\n<\/table>","protected":false},"featured_media":2389,"comment_status":"closed","ping_status":"closed","template":"","meta":{"_acf_changed":false},"product_brand":[],"product_cat":[18,22],"product_tag":[],"class_list":{"0":"post-2359","1":"product","2":"type-product","3":"status-publish","4":"has-post-thumbnail","6":"product_cat-home-decor","7":"product_cat-vase","9":"first","10":"instock","11":"shipping-taxable","12":"product-type-simple"},"acf":[],"_links":{"self":[{"href":"https:\/\/www.santai-ceramics.com\/es\/wp-json\/wp\/v2\/product\/2359","targetHints":{"allow":["GET"]}}],"collection":[{"href":"https:\/\/www.santai-ceramics.com\/es\/wp-json\/wp\/v2\/product"}],"about":[{"href":"https:\/\/www.santai-ceramics.com\/es\/wp-json\/wp\/v2\/types\/product"}],"replies":[{"embeddable":true,"href":"https:\/\/www.santai-ceramics.com\/es\/wp-json\/wp\/v2\/comments?post=2359"}],"wp:featuredmedia":[{"embeddable":true,"href":"https:\/\/www.santai-ceramics.com\/es\/wp-json\/wp\/v2\/media\/2389"}],"wp:attachment":[{"href":"https:\/\/www.santai-ceramics.com\/es\/wp-json\/wp\/v2\/media?parent=2359"}],"wp:term":[{"taxonomy":"product_brand","embeddable":true,"href":"https:\/\/www.santai-ceramics.com\/es\/wp-json\/wp\/v2\/product_brand?post=2359"},{"taxonomy":"product_cat","embeddable":true,"href":"https:\/\/www.santai-ceramics.com\/es\/wp-json\/wp\/v2\/product_cat?post=2359"},{"taxonomy":"product_tag","embeddable":true,"href":"https:\/\/www.santai-ceramics.com\/es\/wp-json\/wp\/v2\/product_tag?post=2359"}],"curies":[{"name":"wp","href":"https:\/\/api.w.org\/{rel}","templated":true}]}}