{"id":2360,"date":"2025-04-06T07:01:12","date_gmt":"2025-04-06T07:01:12","guid":{"rendered":"https:\/\/www.santai-ceramics.com\/?post_type=product&#038;p=2360"},"modified":"2025-06-07T16:06:53","modified_gmt":"2025-06-07T16:06:53","slug":"wholesale-rustic-terracotta-vases-with-texture","status":"publish","type":"product","link":"https:\/\/www.santai-ceramics.com\/es\/product\/wholesale-rustic-terracotta-vases-with-texture\/","title":{"rendered":"Mayorista Jarrones R\u00fasticos De Terracota Con Textura"},"content":{"rendered":"<h3 class=\"wp-block-heading\">Caracter\u00edsticas de los jarrones r\u00fasticos de terracota<\/h3>\n\n\n\n<p><strong>Aspecto elegante: <\/strong>Este jarr\u00f3n adopta un dise\u00f1o minimalista, y sus tonos terrosos crean una atm\u00f3sfera tranquila, adecuada para la decoraci\u00f3n moderna y tradicional del hogar.<\/p>\n\n\n\n<p><strong>Uso multifuncional:<\/strong> Adem\u00e1s de contener flores o plantas, este jarr\u00f3n de terracota es una decoraci\u00f3n independiente para el hogar y una creativa muestra en estanter\u00edas y repisas.<\/p>\n\n\n\n<p><strong>S\u00f3lida artesan\u00eda: <\/strong>Cada jarr\u00f3n se cuece a alta temperatura y se pule a mano, y la superficie conserva la delicada textura y la sutil diferencia de color de la arcilla natural, mostrando una belleza original \u00fanica.<\/p>\n\n\n\n<p><strong>Adecuado para regalar: <\/strong>La terracota representa en s\u00ed misma la conexi\u00f3n entre la antig\u00fcedad y la naturaleza. Este jarr\u00f3n no es s\u00f3lo pr\u00e1ctico, sino que tambi\u00e9n lleva un sentido de la est\u00e9tica de la vida y la cultura, adecuado como un regalo de vacaciones<\/p>\n\n\n\n<h3 class=\"wp-block-heading\">Servicio de floreros de terracota personalizados<\/h3>\n\n\n\n<p>Ofrecemos servicios OEM y ODM para nuestros productos.<br>Entrega r\u00e1pida de muestras.<br>Ofrecemos una gran variedad de formas, colores, impresi\u00f3n personalizada, embalaje y otros servicios a medida para satisfacer sus necesidades espec\u00edficas.<br><a href=\"https:\/\/www.santai-ceramics.com\/es\/custom\/\" data-type=\"page\" data-id=\"13\" target=\"_blank\" rel=\"noreferrer noopener\"><strong><b>M\u00e1s informaci\u00f3n<\/b> detalles del jarr\u00f3n de terracota.<\/strong><\/a><\/p>\n\n\n\n<div class=\"wp-block-columns is-layout-flex wp-container-core-columns-is-layout-9d6595d7 wp-block-columns-is-layout-flex\">\n<div class=\"wp-block-column is-layout-flow wp-block-column-is-layout-flow\">\n<figure class=\"wp-block-image size-full\"><img decoding=\"async\" width=\"1500\" height=\"1249\" src=\"https:\/\/www.santai-ceramics.com\/wp-content\/uploads\/2025\/04\/Wholesale-Rustic-Terracotta-Vases-With-Texture-5.webp\" alt=\"Mayorista Jarrones R\u00fasticos De Terracota Con Textura (5)\" class=\"wp-image-2399\" srcset=\"https:\/\/www.santai-ceramics.com\/wp-content\/uploads\/2025\/04\/Wholesale-Rustic-Terracotta-Vases-With-Texture-5.webp 1500w, https:\/\/www.santai-ceramics.com\/wp-content\/uploads\/2025\/04\/Wholesale-Rustic-Terracotta-Vases-With-Texture-5-300x250.webp 300w, https:\/\/www.santai-ceramics.com\/wp-content\/uploads\/2025\/04\/Wholesale-Rustic-Terracotta-Vases-With-Texture-5-768x639.webp 768w, https:\/\/www.santai-ceramics.com\/wp-content\/uploads\/2025\/04\/Wholesale-Rustic-Terracotta-Vases-With-Texture-5-14x12.webp 14w, https:\/\/www.santai-ceramics.com\/wp-content\/uploads\/2025\/04\/Wholesale-Rustic-Terracotta-Vases-With-Texture-5-1200x999.webp 1200w, https:\/\/www.santai-ceramics.com\/wp-content\/uploads\/2025\/04\/Wholesale-Rustic-Terracotta-Vases-With-Texture-5-600x500.webp 600w\" sizes=\"(max-width: 1500px) 100vw, 1500px\" \/><\/figure>\n<\/div>\n\n\n\n<div class=\"wp-block-column is-layout-flow wp-block-column-is-layout-flow\">\n<figure class=\"wp-block-image size-full\"><img decoding=\"async\" width=\"1500\" height=\"1250\" src=\"https:\/\/www.santai-ceramics.com\/wp-content\/uploads\/2025\/04\/Wholesale-Rustic-Terracotta-Vases-With-Texture-6.webp\" alt=\"Mayorista Jarrones R\u00fasticos De Terracota Con Textura (6)\" class=\"wp-image-2400\" srcset=\"https:\/\/www.santai-ceramics.com\/wp-content\/uploads\/2025\/04\/Wholesale-Rustic-Terracotta-Vases-With-Texture-6.webp 1500w, https:\/\/www.santai-ceramics.com\/wp-content\/uploads\/2025\/04\/Wholesale-Rustic-Terracotta-Vases-With-Texture-6-300x250.webp 300w, https:\/\/www.santai-ceramics.com\/wp-content\/uploads\/2025\/04\/Wholesale-Rustic-Terracotta-Vases-With-Texture-6-768x640.webp 768w, https:\/\/www.santai-ceramics.com\/wp-content\/uploads\/2025\/04\/Wholesale-Rustic-Terracotta-Vases-With-Texture-6-14x12.webp 14w, https:\/\/www.santai-ceramics.com\/wp-content\/uploads\/2025\/04\/Wholesale-Rustic-Terracotta-Vases-With-Texture-6-1200x1000.webp 1200w, https:\/\/www.santai-ceramics.com\/wp-content\/uploads\/2025\/04\/Wholesale-Rustic-Terracotta-Vases-With-Texture-6-600x500.webp 600w\" sizes=\"(max-width: 1500px) 100vw, 1500px\" \/><\/figure>\n<\/div>\n<\/div>","protected":false},"excerpt":{"rendered":"<p data-pm-slice=\"0 0 []\">Jarrones de arcilla rusticos al por mayor con texturas aportan un encanto unico a cualquier interior o expositor minorista, adecuados para tiendas de decoracion del hogar, floristerias. Mayoristas, minoristas son bienvenidos a contactar con nosotros para cotizaciones.<\/p>\n<h2>Especificaci\u00f3n de jarrones de terracota r\u00fasticos con textura<\/h2>\n<table width=\"1140\">\n<tbody>\n<tr>\n<td width=\"285\">N\u00famero de modelo<\/td>\n<td width=\"285\">G37595-H913-A01<\/td>\n<td width=\"285\">G37595-H913-A02<\/td>\n<td width=\"285\">G37595-H913-A03<\/td>\n<\/tr>\n<tr>\n<td>Nombre del producto<\/td>\n<td>Maceta de terracota<\/td>\n<td>Maceta de terracota<\/td>\n<td>Maceta de terracota<\/td>\n<\/tr>\n<tr>\n<td>Color<\/td>\n<td>Marr\u00f3n antiguo y dorado<\/td>\n<td>Marr\u00f3n antiguo y dorado<\/td>\n<td>Marr\u00f3n antiguo y dorado<\/td>\n<\/tr>\n<tr>\n<td>Material<\/td>\n<td>Terracota\u00a0<\/td>\n<td>Terracota\u00a0<\/td>\n<td>Terracota\u00a0<\/td>\n<\/tr>\n<tr>\n<td>Escenarios de uso<\/td>\n<td>decoraci\u00f3n y jard\u00edn<\/td>\n<td>decoraci\u00f3n y jard\u00edn<\/td>\n<td>decoraci\u00f3n y jard\u00edn<\/td>\n<\/tr>\n<tr>\n<td>Dimensiones<\/td>\n<td>P:25X26cm<\/td>\n<td>P:19X20cm<\/td>\n<td>P:14X14,5cm<\/td>\n<\/tr>\n<tr>\n<td>Peso<\/td>\n<td>3,5 kg\/unidad<\/td>\n<td>1,9 kg\/unidad<\/td>\n<td>1,1 kg\/unidad<\/td>\n<\/tr>\n<\/tbody>\n<\/table>","protected":false},"featured_media":2395,"comment_status":"closed","ping_status":"closed","template":"","meta":{"_acf_changed":false},"product_brand":[],"product_cat":[18,22],"product_tag":[],"class_list":{"0":"post-2360","1":"product","2":"type-product","3":"status-publish","4":"has-post-thumbnail","6":"product_cat-home-decor","7":"product_cat-vase","9":"first","10":"instock","11":"shipping-taxable","12":"product-type-simple"},"acf":[],"_links":{"self":[{"href":"https:\/\/www.santai-ceramics.com\/es\/wp-json\/wp\/v2\/product\/2360","targetHints":{"allow":["GET"]}}],"collection":[{"href":"https:\/\/www.santai-ceramics.com\/es\/wp-json\/wp\/v2\/product"}],"about":[{"href":"https:\/\/www.santai-ceramics.com\/es\/wp-json\/wp\/v2\/types\/product"}],"replies":[{"embeddable":true,"href":"https:\/\/www.santai-ceramics.com\/es\/wp-json\/wp\/v2\/comments?post=2360"}],"wp:featuredmedia":[{"embeddable":true,"href":"https:\/\/www.santai-ceramics.com\/es\/wp-json\/wp\/v2\/media\/2395"}],"wp:attachment":[{"href":"https:\/\/www.santai-ceramics.com\/es\/wp-json\/wp\/v2\/media?parent=2360"}],"wp:term":[{"taxonomy":"product_brand","embeddable":true,"href":"https:\/\/www.santai-ceramics.com\/es\/wp-json\/wp\/v2\/product_brand?post=2360"},{"taxonomy":"product_cat","embeddable":true,"href":"https:\/\/www.santai-ceramics.com\/es\/wp-json\/wp\/v2\/product_cat?post=2360"},{"taxonomy":"product_tag","embeddable":true,"href":"https:\/\/www.santai-ceramics.com\/es\/wp-json\/wp\/v2\/product_tag?post=2360"}],"curies":[{"name":"wp","href":"https:\/\/api.w.org\/{rel}","templated":true}]}}