{"id":2361,"date":"2025-04-06T03:30:48","date_gmt":"2025-04-06T03:30:48","guid":{"rendered":"https:\/\/www.santai-ceramics.com\/?post_type=product&#038;p=2361"},"modified":"2025-06-12T16:12:23","modified_gmt":"2025-06-12T16:12:23","slug":"wholesale-elegant-vintage-candle-holders","status":"publish","type":"product","link":"https:\/\/www.santai-ceramics.com\/es\/product\/wholesale-elegant-vintage-candle-holders\/","title":{"rendered":"Mayorista Elegantes Portavelas Vintage - M\u00faltiples Tama\u00f1os para Elegir"},"content":{"rendered":"<h3 class=\"wp-block-heading\">Caracter\u00edsticas de los Elegantes Portavelas Vintage<\/h3>\n\n\n\n<p><strong>Look cl\u00e1sico:<\/strong> El portavelas presenta una textura de superficie desgastada, creada mediante una t\u00e9cnica de acabado a mano, que imita el aspecto envejecido de la cer\u00e1mica antigua y refleja el estilo de los elementos arquitect\u00f3nicos cl\u00e1sicos europeos.<\/p>\n\n\n\n<p><strong>Material de resina duradero: <\/strong>Este portavelas est\u00e1 fabricado con una f\u00f3rmula de resina de poli\u00e9ster, lo que lo hace fiable tanto para interiores como para exteriores, desde acogedores inviernos junto a la chimenea hasta veraniegas fiestas nocturnas en el jard\u00edn.<\/p>\n\n\n\n<p><strong>Aplicable a hotel o restaurante: <\/strong>Fabricada con resina de poli\u00e9ster mejorada, resiste grietas y desconchones, por lo que es perfecta para un hotel o un restaurante muy frecuentado.<\/p>\n\n\n\n<p><strong>Servicio mayorista: <\/strong>Disponible en grandes cantidades, este portavelas al por mayor est\u00e1 dise\u00f1ado para un env\u00edo, almacenamiento y montaje eficientes, tanto si compra decoraci\u00f3n de temporada como mobiliario para hoteles o alquileres para bodas o eventos.<\/p>\n\n\n\n<div class=\"wp-block-columns is-layout-flex wp-container-core-columns-is-layout-9d6595d7 wp-block-columns-is-layout-flex\">\n<div class=\"wp-block-column is-layout-flow wp-block-column-is-layout-flow\">\n<figure class=\"wp-block-image size-full\"><img decoding=\"async\" width=\"1500\" height=\"1249\" src=\"https:\/\/www.santai-ceramics.com\/wp-content\/uploads\/2025\/04\/Wholesale-Elegant-Candle-Holders-6.webp\" alt=\"Mayorista Elegantes Portavelas (6)\" class=\"wp-image-2378\" srcset=\"https:\/\/www.santai-ceramics.com\/wp-content\/uploads\/2025\/04\/Wholesale-Elegant-Candle-Holders-6.webp 1500w, https:\/\/www.santai-ceramics.com\/wp-content\/uploads\/2025\/04\/Wholesale-Elegant-Candle-Holders-6-300x250.webp 300w, https:\/\/www.santai-ceramics.com\/wp-content\/uploads\/2025\/04\/Wholesale-Elegant-Candle-Holders-6-768x639.webp 768w, https:\/\/www.santai-ceramics.com\/wp-content\/uploads\/2025\/04\/Wholesale-Elegant-Candle-Holders-6-14x12.webp 14w, https:\/\/www.santai-ceramics.com\/wp-content\/uploads\/2025\/04\/Wholesale-Elegant-Candle-Holders-6-1200x999.webp 1200w, https:\/\/www.santai-ceramics.com\/wp-content\/uploads\/2025\/04\/Wholesale-Elegant-Candle-Holders-6-600x500.webp 600w\" sizes=\"(max-width: 1500px) 100vw, 1500px\" \/><\/figure>\n<\/div>\n\n\n\n<div class=\"wp-block-column is-layout-flow wp-block-column-is-layout-flow\">\n<figure class=\"wp-block-image size-full\"><img decoding=\"async\" width=\"1500\" height=\"1249\" src=\"https:\/\/www.santai-ceramics.com\/wp-content\/uploads\/2025\/04\/Wholesale-Elegant-Candle-Holders-7.webp\" alt=\"Mayorista Elegantes Portavelas (7)\" class=\"wp-image-2379\" srcset=\"https:\/\/www.santai-ceramics.com\/wp-content\/uploads\/2025\/04\/Wholesale-Elegant-Candle-Holders-7.webp 1500w, https:\/\/www.santai-ceramics.com\/wp-content\/uploads\/2025\/04\/Wholesale-Elegant-Candle-Holders-7-300x250.webp 300w, https:\/\/www.santai-ceramics.com\/wp-content\/uploads\/2025\/04\/Wholesale-Elegant-Candle-Holders-7-768x639.webp 768w, https:\/\/www.santai-ceramics.com\/wp-content\/uploads\/2025\/04\/Wholesale-Elegant-Candle-Holders-7-14x12.webp 14w, https:\/\/www.santai-ceramics.com\/wp-content\/uploads\/2025\/04\/Wholesale-Elegant-Candle-Holders-7-1200x999.webp 1200w, https:\/\/www.santai-ceramics.com\/wp-content\/uploads\/2025\/04\/Wholesale-Elegant-Candle-Holders-7-600x500.webp 600w\" sizes=\"(max-width: 1500px) 100vw, 1500px\" \/><\/figure>\n<\/div>\n<\/div>\n\n\n\n<h3 class=\"wp-block-heading\">Servicio de decoraci\u00f3n cer\u00e1mica personalizada<\/h3>\n\n\n\n<p>Ofrecemos servicios OEM y ODM para nuestros productos.<br>Entrega r\u00e1pida de muestras.<br>Ofrecemos una gran variedad de formas, colores, impresi\u00f3n personalizada, embalaje y otros servicios a medida para satisfacer sus necesidades espec\u00edficas.<\/p>\n\n\n\n<p><a href=\"https:\/\/www.santai-ceramics.com\/es\/custom\/\" data-type=\"page\" data-id=\"13\" target=\"_blank\" rel=\"noreferrer noopener\"><b>M\u00e1s informaci\u00f3n sobre detalles de portavelas personalizados<\/b>.<\/a><br><\/p>\n\n\n\n<div class=\"wp-block-columns is-layout-flex wp-container-core-columns-is-layout-9d6595d7 wp-block-columns-is-layout-flex\">\n<div class=\"wp-block-column is-layout-flow wp-block-column-is-layout-flow\"><\/div>\n\n\n\n<div class=\"wp-block-column is-layout-flow wp-block-column-is-layout-flow\"><\/div>\n<\/div>","protected":false},"excerpt":{"rendered":"<p data-pm-slice=\"0 0 []\">Elegantes candelabros al por mayor, hechos de resina de alta resistencia, con artesan\u00eda hecha a mano para crear una textura vintage, visualmente impresionante, muy adecuado para restaurantes de alta gama, hoteles. Bienvenido minoristas, mayoristas, proveedores de servicios de decoraci\u00f3n del hogar en contacto con nosotros.<\/p>\n<h2>Especificaci\u00f3n de Elegant Vintage Candle Holders<\/h2>\n<table width=\"855\">\n<tbody>\n<tr>\n<td width=\"285\">N\u00famero de modelo<\/td>\n<td width=\"285\">E37596-H913-A01<\/td>\n<td width=\"285\">E37596-H913-A02<\/td>\n<\/tr>\n<tr>\n<td>Nombre del producto<\/td>\n<td>Portavelas de poliresina<\/td>\n<td>Portavelas de poliresina<\/td>\n<\/tr>\n<tr>\n<td>Color<\/td>\n<td>Marr\u00f3n antiguo y dorado<\/td>\n<td>Marr\u00f3n antiguo y dorado<\/td>\n<\/tr>\n<tr>\n<td>Material<\/td>\n<td>Poliresina<\/td>\n<td>Poliresina<\/td>\n<\/tr>\n<tr>\n<td>Escenarios de uso<\/td>\n<td>decoraci\u00f3n del hogar<\/td>\n<td>decoraci\u00f3n del hogar<\/td>\n<\/tr>\n<tr>\n<td>Dimensiones<\/td>\n<td>P:13,5X36cm<\/td>\n<td>P:13X27cm<\/td>\n<\/tr>\n<tr>\n<td>Peso<\/td>\n<td>1,8 kg\/unidad<\/td>\n<td>1,1 kg\/unidad<\/td>\n<\/tr>\n<\/tbody>\n<\/table>","protected":false},"featured_media":2373,"comment_status":"closed","ping_status":"closed","template":"","meta":{"_acf_changed":false},"product_brand":[],"product_cat":[18,26,45],"product_tag":[],"class_list":{"0":"post-2361","1":"product","2":"type-product","3":"status-publish","4":"has-post-thumbnail","6":"product_cat-home-decor","7":"product_cat-home-accessories","8":"product_cat-wholesale-resin-candle-holders","10":"first","11":"instock","12":"shipping-taxable","13":"product-type-simple"},"acf":[],"_links":{"self":[{"href":"https:\/\/www.santai-ceramics.com\/es\/wp-json\/wp\/v2\/product\/2361","targetHints":{"allow":["GET"]}}],"collection":[{"href":"https:\/\/www.santai-ceramics.com\/es\/wp-json\/wp\/v2\/product"}],"about":[{"href":"https:\/\/www.santai-ceramics.com\/es\/wp-json\/wp\/v2\/types\/product"}],"replies":[{"embeddable":true,"href":"https:\/\/www.santai-ceramics.com\/es\/wp-json\/wp\/v2\/comments?post=2361"}],"wp:featuredmedia":[{"embeddable":true,"href":"https:\/\/www.santai-ceramics.com\/es\/wp-json\/wp\/v2\/media\/2373"}],"wp:attachment":[{"href":"https:\/\/www.santai-ceramics.com\/es\/wp-json\/wp\/v2\/media?parent=2361"}],"wp:term":[{"taxonomy":"product_brand","embeddable":true,"href":"https:\/\/www.santai-ceramics.com\/es\/wp-json\/wp\/v2\/product_brand?post=2361"},{"taxonomy":"product_cat","embeddable":true,"href":"https:\/\/www.santai-ceramics.com\/es\/wp-json\/wp\/v2\/product_cat?post=2361"},{"taxonomy":"product_tag","embeddable":true,"href":"https:\/\/www.santai-ceramics.com\/es\/wp-json\/wp\/v2\/product_tag?post=2361"}],"curies":[{"name":"wp","href":"https:\/\/api.w.org\/{rel}","templated":true}]}}