{"id":2449,"date":"2025-04-15T03:57:43","date_gmt":"2025-04-15T03:57:43","guid":{"rendered":"https:\/\/www.santai-ceramics.com\/?post_type=product&#038;p=2449"},"modified":"2025-06-07T16:04:55","modified_gmt":"2025-06-07T16:04:55","slug":"wholesale-vintage-flower-pot-for-succulents","status":"publish","type":"product","link":"https:\/\/www.santai-ceramics.com\/es\/product\/wholesale-vintage-flower-pot-for-succulents\/","title":{"rendered":"Mayorista Maceta Vintage para Suculentas, Macetero R\u00fastico de Arcilla Hecho a Mano"},"content":{"rendered":"<h3 class=\"wp-block-heading\">Caracter\u00edsticas de la maceta vintage para suculentas<\/h3>\n\n\n\n<p><strong>Ideal para suculentas: <\/strong>Tama\u00f1o perfecto para plantas peque\u00f1as como suculentas y cactus.<\/p>\n\n\n\n<p><strong>Dise\u00f1o r\u00fastico y vintage: <\/strong>Con su aspecto cl\u00e1sico y sus tonos naturales, la maceta Vintage crea un ambiente campestre y evocador que se adapta f\u00e1cilmente a cualquier entorno exterior o interior.<\/p>\n\n\n\n<p><strong>Ideal para la decoraci\u00f3n del hogar y el jard\u00edn: <\/strong>Una hermosa pieza decorativa para alf\u00e9izares, tableros de mesa, balcones, patios y estanter\u00edas de jard\u00edn.<\/p>\n\n\n\n<p><strong>Compras al por mayor con personalizaci\u00f3n: <\/strong>SANTAI ofrece una amplia variedad de formas, colores y acabados a los clientes B2B: una elecci\u00f3n perfecta para tiendas de jardiner\u00eda, tiendas de regalos y tiendas de interiorismo.<\/p>\n\n\n\n<h3 class=\"wp-block-heading\">Servicio de macetas personalizadas<\/h3>\n\n\n\n<p>Ofrecemos servicios OEM y ODM para nuestros productos.<br>Entrega r\u00e1pida de muestras.<br>Ofrecemos una gran variedad de formas, colores, impresi\u00f3n personalizada, embalaje y otros servicios a medida para satisfacer sus necesidades espec\u00edficas.<br><a href=\"https:\/\/www.santai-ceramics.com\/es\/custom\/\" data-type=\"page\" data-id=\"13\" target=\"_blank\" rel=\"noreferrer noopener\"><strong><b>M\u00e1s informaci\u00f3n <a href=\"https:\/\/www.santai-ceramics.com\/es\/custom\/\" data-type=\"page\" data-id=\"13\" target=\"_blank\" rel=\"noreferrer noopener\"><strong><b>la costumbre<\/b>maceta <a href=\"https:\/\/www.santai-ceramics.com\/es\/custom\/\" data-type=\"page\" data-id=\"13\" target=\"_blank\" rel=\"noreferrer noopener\"><\/a><strong><b><a href=\"https:\/\/www.santai-ceramics.com\/es\/custom\/\" data-type=\"page\" data-id=\"13\" target=\"_blank\" rel=\"noreferrer noopener\"><strong>detalle<\/strong><\/a><\/b>s<\/strong><\/strong><\/a><\/b><a href=\"https:\/\/www.santai-ceramics.com\/es\/custom\/\" data-type=\"page\" data-id=\"13\" target=\"_blank\" rel=\"noreferrer noopener\"><strong>.<\/strong><\/a><\/strong><\/a><\/p>\n\n\n\n<div class=\"wp-block-columns is-layout-flex wp-container-core-columns-is-layout-9d6595d7 wp-block-columns-is-layout-flex\">\n<div class=\"wp-block-column is-layout-flow wp-block-column-is-layout-flow\">\n<figure class=\"wp-block-image size-full\"><img decoding=\"async\" width=\"1500\" height=\"1249\" src=\"https:\/\/www.santai-ceramics.com\/wp-content\/uploads\/2025\/04\/Vintage-Flower-Pot-Details1.webp\" alt=\"Detalles de la maceta vintage(1)\" class=\"wp-image-2499\" srcset=\"https:\/\/www.santai-ceramics.com\/wp-content\/uploads\/2025\/04\/Vintage-Flower-Pot-Details1.webp 1500w, https:\/\/www.santai-ceramics.com\/wp-content\/uploads\/2025\/04\/Vintage-Flower-Pot-Details1-300x250.webp 300w, https:\/\/www.santai-ceramics.com\/wp-content\/uploads\/2025\/04\/Vintage-Flower-Pot-Details1-768x639.webp 768w, https:\/\/www.santai-ceramics.com\/wp-content\/uploads\/2025\/04\/Vintage-Flower-Pot-Details1-14x12.webp 14w, https:\/\/www.santai-ceramics.com\/wp-content\/uploads\/2025\/04\/Vintage-Flower-Pot-Details1-1200x999.webp 1200w, https:\/\/www.santai-ceramics.com\/wp-content\/uploads\/2025\/04\/Vintage-Flower-Pot-Details1-600x500.webp 600w\" sizes=\"(max-width: 1500px) 100vw, 1500px\" \/><\/figure>\n<\/div>\n\n\n\n<div class=\"wp-block-column is-layout-flow wp-block-column-is-layout-flow\">\n<figure class=\"wp-block-image size-full\"><img decoding=\"async\" width=\"1500\" height=\"1250\" src=\"https:\/\/www.santai-ceramics.com\/wp-content\/uploads\/2025\/04\/Vintage-Flower-Pot-Details2.webp\" alt=\"Detalles de macetas vintage(2)\" class=\"wp-image-2500\" srcset=\"https:\/\/www.santai-ceramics.com\/wp-content\/uploads\/2025\/04\/Vintage-Flower-Pot-Details2.webp 1500w, https:\/\/www.santai-ceramics.com\/wp-content\/uploads\/2025\/04\/Vintage-Flower-Pot-Details2-300x250.webp 300w, https:\/\/www.santai-ceramics.com\/wp-content\/uploads\/2025\/04\/Vintage-Flower-Pot-Details2-768x640.webp 768w, https:\/\/www.santai-ceramics.com\/wp-content\/uploads\/2025\/04\/Vintage-Flower-Pot-Details2-14x12.webp 14w, https:\/\/www.santai-ceramics.com\/wp-content\/uploads\/2025\/04\/Vintage-Flower-Pot-Details2-1200x1000.webp 1200w, https:\/\/www.santai-ceramics.com\/wp-content\/uploads\/2025\/04\/Vintage-Flower-Pot-Details2-600x500.webp 600w\" sizes=\"(max-width: 1500px) 100vw, 1500px\" \/><\/figure>\n<\/div>\n<\/div>\n\n\n\n<div class=\"wp-block-columns is-layout-flex wp-container-core-columns-is-layout-9d6595d7 wp-block-columns-is-layout-flex\">\n<div class=\"wp-block-column is-layout-flow wp-block-column-is-layout-flow\"><\/div>\n\n\n\n<div class=\"wp-block-column is-layout-flow wp-block-column-is-layout-flow\"><\/div>\n<\/div>","protected":false},"excerpt":{"rendered":"<p data-pm-slice=\"0 0 []\">Maceta vintage al por mayor para suculentas, cada maceta est\u00e1 hecha a mano de arcilla natural con un acabado vintage \u00fanico. Una gran adici\u00f3n a su tienda de decoraci\u00f3n del hogar o boutique de regalos. La personalizaci\u00f3n es posible para pedidos al por mayor, recepci\u00f3n para entrarnos en contacto con.<\/p>\n<h2>Especificaci\u00f3n de Maceta Vintage para Suculentas<\/h2>\n<table width=\"855\">\n<tbody>\n<tr>\n<td width=\"285\">N\u00famero de modelo<\/td>\n<td width=\"285\">G37584-H889-A01<\/td>\n<td width=\"285\">G37584-H889-A02<\/td>\n<\/tr>\n<tr>\n<td>Nombre del producto<\/td>\n<td>Maceta de terracota<\/td>\n<td>Maceta de terracota<\/td>\n<\/tr>\n<tr>\n<td>Color<\/td>\n<td>Verde antiguo<\/td>\n<td>Verde antiguo<\/td>\n<\/tr>\n<tr>\n<td>Material<\/td>\n<td>Terracota<\/td>\n<td>Terracota<\/td>\n<\/tr>\n<tr>\n<td>Escenarios de uso<\/td>\n<td>decoraci\u00f3n y jard\u00edn<\/td>\n<td>decoraci\u00f3n y jard\u00edn<\/td>\n<\/tr>\n<tr>\n<td>Dimensiones<\/td>\n<td>P:26,5X14,5cm<\/td>\n<td>P:21X11cm<\/td>\n<\/tr>\n<tr>\n<td>Peso<\/td>\n<td>2,7 kg\/unidad<\/td>\n<td>1,5 kg\/unidad<\/td>\n<\/tr>\n<\/tbody>\n<\/table>","protected":false},"featured_media":2501,"comment_status":"closed","ping_status":"closed","template":"","meta":{"_acf_changed":false},"product_brand":[],"product_cat":[18,42,21,23],"product_tag":[],"class_list":{"0":"post-2449","1":"product","2":"type-product","3":"status-publish","4":"has-post-thumbnail","6":"product_cat-home-decor","7":"product_cat-wholesale-ceramic-plant-pots","8":"product_cat-garden-decor","9":"product_cat-ceramic-pots-planters","11":"first","12":"instock","13":"shipping-taxable","14":"product-type-simple"},"acf":[],"_links":{"self":[{"href":"https:\/\/www.santai-ceramics.com\/es\/wp-json\/wp\/v2\/product\/2449","targetHints":{"allow":["GET"]}}],"collection":[{"href":"https:\/\/www.santai-ceramics.com\/es\/wp-json\/wp\/v2\/product"}],"about":[{"href":"https:\/\/www.santai-ceramics.com\/es\/wp-json\/wp\/v2\/types\/product"}],"replies":[{"embeddable":true,"href":"https:\/\/www.santai-ceramics.com\/es\/wp-json\/wp\/v2\/comments?post=2449"}],"wp:featuredmedia":[{"embeddable":true,"href":"https:\/\/www.santai-ceramics.com\/es\/wp-json\/wp\/v2\/media\/2501"}],"wp:attachment":[{"href":"https:\/\/www.santai-ceramics.com\/es\/wp-json\/wp\/v2\/media?parent=2449"}],"wp:term":[{"taxonomy":"product_brand","embeddable":true,"href":"https:\/\/www.santai-ceramics.com\/es\/wp-json\/wp\/v2\/product_brand?post=2449"},{"taxonomy":"product_cat","embeddable":true,"href":"https:\/\/www.santai-ceramics.com\/es\/wp-json\/wp\/v2\/product_cat?post=2449"},{"taxonomy":"product_tag","embeddable":true,"href":"https:\/\/www.santai-ceramics.com\/es\/wp-json\/wp\/v2\/product_tag?post=2449"}],"curies":[{"name":"wp","href":"https:\/\/api.w.org\/{rel}","templated":true}]}}