{"id":2450,"date":"2025-04-15T03:18:31","date_gmt":"2025-04-15T03:18:31","guid":{"rendered":"https:\/\/www.santai-ceramics.com\/?post_type=product&#038;p=2450"},"modified":"2025-06-07T16:05:18","modified_gmt":"2025-06-07T16:05:18","slug":"wholesale-rustic-terracotta-vintage-plant-pot","status":"publish","type":"product","link":"https:\/\/www.santai-ceramics.com\/es\/product\/wholesale-rustic-terracotta-vintage-plant-pot\/","title":{"rendered":"Mayorista Terracotta Vintage Plant Pot - Macetero de barro r\u00fastico hecho a mano para decoraci\u00f3n de jard\u00edn interior y exterior"},"content":{"rendered":"<h3 class=\"wp-block-heading\">Caracter\u00edsticas de la maceta Vintage de terracota<\/h3>\n\n\n\n<p><strong>Look Vintage:<\/strong> El acabado antiguo artesanal y los tonos tierra lo embellecen y realzan la decoraci\u00f3n de su hogar o jard\u00edn.<\/p>\n\n\n\n<p><strong>Material de terracota de alta calidad:<\/strong> La maceta vintage est\u00e1 hecha de terracota natural, que proporciona una excelente transpirabilidad a las ra\u00edces de las plantas.<\/p>\n\n\n\n<p><strong>Versatilidad en interiores y exteriores:<\/strong>La maceta vintage al por mayor es a la vez bonita y pr\u00e1ctica. Se puede utilizar para cultivar plantas o como decoraci\u00f3n independiente, adecuada para jardines, balcones, terrazas, salones o espacios de oficina.<\/p>\n\n\n\n<p><strong>Adecuado para la venta al por mayor y al por menor:<\/strong>SANTAI ofrece servicios de venta al por mayor de macetas, adecuados para centros de jardiner\u00eda, tiendas de decoraci\u00f3n de interiores o paisajistas.<\/p>\n\n\n\n<h3 class=\"wp-block-heading\">Servicio de macetas a medida<\/h3>\n\n\n\n<p>Ofrecemos servicios OEM y ODM para nuestros productos.<br>Entrega r\u00e1pida de muestras.<br>Ofrecemos una gran variedad de formas, colores, impresi\u00f3n personalizada, embalaje y otros servicios a medida para satisfacer sus necesidades espec\u00edficas.<br><a href=\"https:\/\/www.santai-ceramics.com\/es\/custom\/\" data-type=\"page\" data-id=\"13\" target=\"_blank\" rel=\"noreferrer noopener\"><strong><b>M\u00e1s informaci\u00f3n <a href=\"https:\/\/www.santai-ceramics.com\/es\/custom\/\" data-type=\"page\" data-id=\"13\" target=\"_blank\" rel=\"noreferrer noopener\"><strong><b>personalizado<\/b>Detalle de la maceta.<\/strong><\/a><\/b><\/strong><\/a><\/p>\n\n\n\n<div class=\"wp-block-columns is-layout-flex wp-container-core-columns-is-layout-9d6595d7 wp-block-columns-is-layout-flex\">\n<div class=\"wp-block-column is-layout-flow wp-block-column-is-layout-flow\">\n<figure class=\"wp-block-image size-full\"><img decoding=\"async\" width=\"1500\" height=\"1250\" src=\"https:\/\/www.santai-ceramics.com\/wp-content\/uploads\/2025\/04\/Terracotta-Vintage-Plant-Pot-Details-1.webp\" alt=\"Detalles de la maceta Vintage de terracota (1)\" class=\"wp-image-2491\" srcset=\"https:\/\/www.santai-ceramics.com\/wp-content\/uploads\/2025\/04\/Terracotta-Vintage-Plant-Pot-Details-1.webp 1500w, https:\/\/www.santai-ceramics.com\/wp-content\/uploads\/2025\/04\/Terracotta-Vintage-Plant-Pot-Details-1-300x250.webp 300w, https:\/\/www.santai-ceramics.com\/wp-content\/uploads\/2025\/04\/Terracotta-Vintage-Plant-Pot-Details-1-768x640.webp 768w, https:\/\/www.santai-ceramics.com\/wp-content\/uploads\/2025\/04\/Terracotta-Vintage-Plant-Pot-Details-1-14x12.webp 14w, https:\/\/www.santai-ceramics.com\/wp-content\/uploads\/2025\/04\/Terracotta-Vintage-Plant-Pot-Details-1-1200x1000.webp 1200w, https:\/\/www.santai-ceramics.com\/wp-content\/uploads\/2025\/04\/Terracotta-Vintage-Plant-Pot-Details-1-600x500.webp 600w\" sizes=\"(max-width: 1500px) 100vw, 1500px\" \/><\/figure>\n<\/div>\n\n\n\n<div class=\"wp-block-column is-layout-flow wp-block-column-is-layout-flow\">\n<figure class=\"wp-block-image size-full\"><img decoding=\"async\" width=\"1500\" height=\"1250\" src=\"https:\/\/www.santai-ceramics.com\/wp-content\/uploads\/2025\/04\/Terracotta-Vintage-Plant-Pot-Details-2.webp\" alt=\"Detalles de la maceta Vintage de terracota (2)\" class=\"wp-image-2492\" srcset=\"https:\/\/www.santai-ceramics.com\/wp-content\/uploads\/2025\/04\/Terracotta-Vintage-Plant-Pot-Details-2.webp 1500w, https:\/\/www.santai-ceramics.com\/wp-content\/uploads\/2025\/04\/Terracotta-Vintage-Plant-Pot-Details-2-300x250.webp 300w, https:\/\/www.santai-ceramics.com\/wp-content\/uploads\/2025\/04\/Terracotta-Vintage-Plant-Pot-Details-2-768x640.webp 768w, https:\/\/www.santai-ceramics.com\/wp-content\/uploads\/2025\/04\/Terracotta-Vintage-Plant-Pot-Details-2-14x12.webp 14w, https:\/\/www.santai-ceramics.com\/wp-content\/uploads\/2025\/04\/Terracotta-Vintage-Plant-Pot-Details-2-1200x1000.webp 1200w, https:\/\/www.santai-ceramics.com\/wp-content\/uploads\/2025\/04\/Terracotta-Vintage-Plant-Pot-Details-2-600x500.webp 600w\" sizes=\"(max-width: 1500px) 100vw, 1500px\" \/><\/figure>\n<\/div>\n<\/div>","protected":false},"excerpt":{"rendered":"<p data-pm-slice=\"0 0 []\">Maceta vintage de terracota al por mayor, con un encantador acabado vintage, est\u00e1 hecha de material de terracota transpirable, que favorece la circulaci\u00f3n del aire y la humedad. Es adecuado para la decoraci\u00f3n de interiores y exteriores, y es id\u00f3neo para centros de jardiner\u00eda, tiendas de decoraci\u00f3n del hogar, etc. Se admiten pedidos al por mayor.<\/p>\n<h2>Especificaciones de la maceta Vintage de terracota<\/h2>\n<table width=\"855\">\n<tbody>\n<tr>\n<td width=\"285\">N\u00famero de modelo<\/td>\n<td width=\"285\">G37583-H889-A01<\/td>\n<td width=\"285\">G37583-H889-A02<\/td>\n<\/tr>\n<tr>\n<td>Nombre del producto<\/td>\n<td>Jardinera de terracota<\/td>\n<td>Jardinera de terracota<\/td>\n<\/tr>\n<tr>\n<td>Color<\/td>\n<td>Verde antiguo<\/td>\n<td>Verde antiguo<\/td>\n<\/tr>\n<tr>\n<td>Material<\/td>\n<td>Terracota<\/td>\n<td>Terracota<\/td>\n<\/tr>\n<tr>\n<td>Escenarios de uso<\/td>\n<td>decoraci\u00f3n y jard\u00edn<\/td>\n<td>decoraci\u00f3n y jard\u00edn<\/td>\n<\/tr>\n<tr>\n<td>Dimensiones<\/td>\n<td>P:21X37cm<\/td>\n<td>P:17.5X31cm<\/td>\n<\/tr>\n<tr>\n<td>Peso<\/td>\n<td>4,5 kg\/unidad<\/td>\n<td>2,9 kg\/unidad<\/td>\n<\/tr>\n<\/tbody>\n<\/table>","protected":false},"featured_media":2493,"comment_status":"closed","ping_status":"closed","template":"","meta":{"_acf_changed":false},"product_brand":[],"product_cat":[18,42,21,23],"product_tag":[],"class_list":{"0":"post-2450","1":"product","2":"type-product","3":"status-publish","4":"has-post-thumbnail","6":"product_cat-home-decor","7":"product_cat-wholesale-ceramic-plant-pots","8":"product_cat-garden-decor","9":"product_cat-ceramic-pots-planters","11":"first","12":"instock","13":"shipping-taxable","14":"product-type-simple"},"acf":[],"_links":{"self":[{"href":"https:\/\/www.santai-ceramics.com\/es\/wp-json\/wp\/v2\/product\/2450","targetHints":{"allow":["GET"]}}],"collection":[{"href":"https:\/\/www.santai-ceramics.com\/es\/wp-json\/wp\/v2\/product"}],"about":[{"href":"https:\/\/www.santai-ceramics.com\/es\/wp-json\/wp\/v2\/types\/product"}],"replies":[{"embeddable":true,"href":"https:\/\/www.santai-ceramics.com\/es\/wp-json\/wp\/v2\/comments?post=2450"}],"wp:featuredmedia":[{"embeddable":true,"href":"https:\/\/www.santai-ceramics.com\/es\/wp-json\/wp\/v2\/media\/2493"}],"wp:attachment":[{"href":"https:\/\/www.santai-ceramics.com\/es\/wp-json\/wp\/v2\/media?parent=2450"}],"wp:term":[{"taxonomy":"product_brand","embeddable":true,"href":"https:\/\/www.santai-ceramics.com\/es\/wp-json\/wp\/v2\/product_brand?post=2450"},{"taxonomy":"product_cat","embeddable":true,"href":"https:\/\/www.santai-ceramics.com\/es\/wp-json\/wp\/v2\/product_cat?post=2450"},{"taxonomy":"product_tag","embeddable":true,"href":"https:\/\/www.santai-ceramics.com\/es\/wp-json\/wp\/v2\/product_tag?post=2450"}],"curies":[{"name":"wp","href":"https:\/\/api.w.org\/{rel}","templated":true}]}}