{"id":2451,"date":"2025-04-15T02:50:33","date_gmt":"2025-04-15T02:50:33","guid":{"rendered":"https:\/\/www.santai-ceramics.com\/?post_type=product&#038;p=2451"},"modified":"2025-06-12T15:38:15","modified_gmt":"2025-06-12T15:38:15","slug":"wholesale-flower-shape-vintage-candle-holder","status":"publish","type":"product","link":"https:\/\/www.santai-ceramics.com\/es\/product\/wholesale-flower-shape-vintage-candle-holder\/","title":{"rendered":"Mayorista Portavelas Vintage con Forma de Flor para Decoraci\u00f3n Art\u00edstica"},"content":{"rendered":"<h3 class=\"wp-block-heading\">Caracter\u00edsticas del Portavelas Vintage <\/h3>\n\n\n\n<p><strong>Elegante dise\u00f1o vintage: <\/strong>Este portavelas vintage tiene hermosas tallas en forma de flor con exquisitos detalles vintage, lo que lo convierte en una obra de arte que realza el ambiente del espacio.<\/p>\n\n\n\n<p><strong>Material de resina duradero: <\/strong>Este portavelas vintage est\u00e1 hecho de resina de alta calidad, que no es f\u00e1cil de agrietar ni astillar, adecuada para un uso prolongado en hogares, restaurantes u hoteles.<\/p>\n\n\n\n<p><strong>Ligero y resistente: <\/strong>Este material es ligero, f\u00e1cil de transportar y ajustar la posici\u00f3n seg\u00fan sea necesario, seguro y c\u00f3modo en el uso diario.<\/p>\n\n\n\n<p><strong>Uso decorativo vers\u00e1til: <\/strong>Este portavelas tiene una amplia gama de usos. Puede integrarse perfectamente en diversos entornos, como bodas, cafeter\u00edas, restaurantes, etc.<\/p>\n\n\n\n<p><strong>Amigable con la venta al por mayor: <\/strong>El portavelas al por mayor est\u00e1 dise\u00f1ado para compradores al por mayor, que disfrutan de precios directos de f\u00e1brica y una cadena de suministro eficaz.<\/p>\n\n\n\n<h3 class=\"wp-block-heading\">Portavelas personalizados Servicio<\/h3>\n\n\n\n<p>Ofrecemos servicios OEM y ODM para nuestros productos.<br>Entrega r\u00e1pida de muestras.<br>Ofrecemos una gran variedad de formas, colores, impresi\u00f3n personalizada, embalaje y otros servicios a medida para satisfacer sus necesidades espec\u00edficas.<br><a href=\"https:\/\/www.santai-ceramics.com\/es\/custom\/\" data-type=\"page\" data-id=\"13\" target=\"_blank\" rel=\"noreferrer noopener\"><strong><b>M\u00e1s informaci\u00f3n<\/b> detalle del portavelas.<\/strong><\/a><\/p>\n\n\n\n<div class=\"wp-block-columns is-layout-flex wp-container-core-columns-is-layout-9d6595d7 wp-block-columns-is-layout-flex\">\n<div class=\"wp-block-column is-layout-flow wp-block-column-is-layout-flow\">\n<figure class=\"wp-block-image size-full\"><img decoding=\"async\" width=\"2000\" height=\"1666\" src=\"https:\/\/www.santai-ceramics.com\/wp-content\/uploads\/2025\/04\/Wholesale-Vintage-Candle-Holder-4.webp\" alt=\"Mayorista Portavelas Vintage (4)\" class=\"wp-image-2487\" srcset=\"https:\/\/www.santai-ceramics.com\/wp-content\/uploads\/2025\/04\/Wholesale-Vintage-Candle-Holder-4.webp 2000w, https:\/\/www.santai-ceramics.com\/wp-content\/uploads\/2025\/04\/Wholesale-Vintage-Candle-Holder-4-300x250.webp 300w, https:\/\/www.santai-ceramics.com\/wp-content\/uploads\/2025\/04\/Wholesale-Vintage-Candle-Holder-4-768x640.webp 768w, https:\/\/www.santai-ceramics.com\/wp-content\/uploads\/2025\/04\/Wholesale-Vintage-Candle-Holder-4-14x12.webp 14w, https:\/\/www.santai-ceramics.com\/wp-content\/uploads\/2025\/04\/Wholesale-Vintage-Candle-Holder-4-1200x1000.webp 1200w, https:\/\/www.santai-ceramics.com\/wp-content\/uploads\/2025\/04\/Wholesale-Vintage-Candle-Holder-4-600x500.webp 600w\" sizes=\"(max-width: 2000px) 100vw, 2000px\" \/><\/figure>\n<\/div>\n\n\n\n<div class=\"wp-block-column is-layout-flow wp-block-column-is-layout-flow\">\n<figure class=\"wp-block-image size-full\"><img decoding=\"async\" width=\"2000\" height=\"1666\" src=\"https:\/\/www.santai-ceramics.com\/wp-content\/uploads\/2025\/04\/Wholesale-Vintage-Candle-Holder-5.webp\" alt=\"Mayorista Portavelas Vintage (5)\" class=\"wp-image-2488\" srcset=\"https:\/\/www.santai-ceramics.com\/wp-content\/uploads\/2025\/04\/Wholesale-Vintage-Candle-Holder-5.webp 2000w, https:\/\/www.santai-ceramics.com\/wp-content\/uploads\/2025\/04\/Wholesale-Vintage-Candle-Holder-5-300x250.webp 300w, https:\/\/www.santai-ceramics.com\/wp-content\/uploads\/2025\/04\/Wholesale-Vintage-Candle-Holder-5-768x640.webp 768w, https:\/\/www.santai-ceramics.com\/wp-content\/uploads\/2025\/04\/Wholesale-Vintage-Candle-Holder-5-14x12.webp 14w, https:\/\/www.santai-ceramics.com\/wp-content\/uploads\/2025\/04\/Wholesale-Vintage-Candle-Holder-5-1200x1000.webp 1200w, https:\/\/www.santai-ceramics.com\/wp-content\/uploads\/2025\/04\/Wholesale-Vintage-Candle-Holder-5-600x500.webp 600w\" sizes=\"(max-width: 2000px) 100vw, 2000px\" \/><\/figure>\n<\/div>\n<\/div>","protected":false},"excerpt":{"rendered":"<p data-pm-slice=\"0 0 []\">Portavelas vintage con forma de flor al por mayor, fabricado en resina de alta calidad, garantiza una larga vida \u00fatil y es a la vez bonito y pr\u00e1ctico. Adecuado para mejorar la decoraci\u00f3n interior de la decoraci\u00f3n del hogar, boda, cafeter\u00eda o hotel boutique. P\u00f3ngase en contacto con nosotros para solicitar un presupuesto.<\/p>\n<h2>Especificaci\u00f3n de Portavelas Vintage Forma Flor<\/h2>\n<table width=\"855\">\n<tbody>\n<tr>\n<td width=\"285\">N\u00famero de modelo<\/td>\n<td width=\"285\">E37582-H889-A01<\/td>\n<td width=\"285\">E37582-H889-A01<\/td>\n<\/tr>\n<tr>\n<td>Nombre del producto<\/td>\n<td>Portavelas de poliresina<\/td>\n<td>Portavelas de poliresina<\/td>\n<\/tr>\n<tr>\n<td>Color<\/td>\n<td>Verde antiguo<\/td>\n<td>Verde antiguo<\/td>\n<\/tr>\n<tr>\n<td>Material<\/td>\n<td>Poliresina<\/td>\n<td>Poliresina<\/td>\n<\/tr>\n<tr>\n<td>Escenarios de uso<\/td>\n<td>decoraci\u00f3n del hogar<\/td>\n<td>decoraci\u00f3n del hogar<\/td>\n<\/tr>\n<tr>\n<td>Dimensiones<\/td>\n<td>11X10X27cm<\/td>\n<td>9X7X20cm<\/td>\n<\/tr>\n<tr>\n<td>Peso<\/td>\n<td>0,5 kg\/unidad<\/td>\n<td>0,3 kg\/unidad<\/td>\n<\/tr>\n<\/tbody>\n<\/table>","protected":false},"featured_media":2484,"comment_status":"closed","ping_status":"closed","template":"","meta":{"_acf_changed":false},"product_brand":[],"product_cat":[18,26,45],"product_tag":[],"class_list":{"0":"post-2451","1":"product","2":"type-product","3":"status-publish","4":"has-post-thumbnail","6":"product_cat-home-decor","7":"product_cat-home-accessories","8":"product_cat-wholesale-resin-candle-holders","10":"first","11":"instock","12":"shipping-taxable","13":"product-type-simple"},"acf":[],"_links":{"self":[{"href":"https:\/\/www.santai-ceramics.com\/es\/wp-json\/wp\/v2\/product\/2451","targetHints":{"allow":["GET"]}}],"collection":[{"href":"https:\/\/www.santai-ceramics.com\/es\/wp-json\/wp\/v2\/product"}],"about":[{"href":"https:\/\/www.santai-ceramics.com\/es\/wp-json\/wp\/v2\/types\/product"}],"replies":[{"embeddable":true,"href":"https:\/\/www.santai-ceramics.com\/es\/wp-json\/wp\/v2\/comments?post=2451"}],"wp:featuredmedia":[{"embeddable":true,"href":"https:\/\/www.santai-ceramics.com\/es\/wp-json\/wp\/v2\/media\/2484"}],"wp:attachment":[{"href":"https:\/\/www.santai-ceramics.com\/es\/wp-json\/wp\/v2\/media?parent=2451"}],"wp:term":[{"taxonomy":"product_brand","embeddable":true,"href":"https:\/\/www.santai-ceramics.com\/es\/wp-json\/wp\/v2\/product_brand?post=2451"},{"taxonomy":"product_cat","embeddable":true,"href":"https:\/\/www.santai-ceramics.com\/es\/wp-json\/wp\/v2\/product_cat?post=2451"},{"taxonomy":"product_tag","embeddable":true,"href":"https:\/\/www.santai-ceramics.com\/es\/wp-json\/wp\/v2\/product_tag?post=2451"}],"curies":[{"name":"wp","href":"https:\/\/api.w.org\/{rel}","templated":true}]}}