{"id":2452,"date":"2025-04-15T04:14:36","date_gmt":"2025-04-15T04:14:36","guid":{"rendered":"https:\/\/www.santai-ceramics.com\/?post_type=product&#038;p=2452"},"modified":"2025-06-05T10:12:35","modified_gmt":"2025-06-05T10:12:35","slug":"wholesale-fiber-cement-planter-with-imitation-stone-finish","status":"publish","type":"product","link":"https:\/\/www.santai-ceramics.com\/es\/product\/wholesale-fiber-cement-planter-with-imitation-stone-finish\/","title":{"rendered":"Mayorista Macetero de Fibrocemento con Acabado Imitaci\u00f3n Piedra - Maceta Decorativa Duradera para Exterior e Interior"},"content":{"rendered":"<h3 class=\"wp-block-heading\">Caracter\u00edsticas de la Jardinera de Fibrocemento con Acabado Imitaci\u00f3n Piedra<\/h3>\n\n\n\n<p><strong>Textura de roca realista: <\/strong>La jardinera de fibrocemento presenta un dise\u00f1o con textura de piedra que imita la roca natural, lo que le confiere un aspecto \u00fanico.<\/p>\n\n\n\n<p><strong>Construcci\u00f3n duradera de fibrocemento:<\/strong> Fabricados con una composici\u00f3n de cemento y fibra de alta resistencia, estos maceteros son m\u00e1s duraderos que la cer\u00e1mica normal, resistentes a la intemperie y a las grietas, y est\u00e1n hechos para durar a\u00f1os en interiores y exteriores.<\/p>\n\n\n\n<p><strong>Luz y fuerza: <\/strong>En comparaci\u00f3n con las jardineras de hormig\u00f3n, las de fibrocemento ofrecen el mismo aspecto duradero, pero con un peso considerablemente menor para facilitar su transporte.<\/p>\n\n\n\n<p><strong>Ajustable a granel: <\/strong>En distintos tama\u00f1os, formas y texturas para compradores B2B: adecuados para viveros, empresas de paisajismo y centros de mejoras para el hogar.<\/p>\n\n\n\n<h3 class=\"wp-block-heading\">Servicio a medida<\/h3>\n\n\n\n<p>Ofrecemos servicios OEM y ODM para nuestros productos.<br>Entrega r\u00e1pida de muestras.<br>Ofrecemos una gran variedad de formas, colores, impresi\u00f3n personalizada, embalaje y otros servicios a medida para satisfacer sus necesidades espec\u00edficas.<br><a href=\"https:\/\/www.santai-ceramics.com\/es\/custom\/\" data-type=\"page\" data-id=\"13\" target=\"_blank\" rel=\"noreferrer noopener\"><strong><b>M\u00e1s informaci\u00f3n<\/b>  detalle.<\/strong><\/a><\/p>\n\n\n\n<div class=\"wp-block-columns is-layout-flex wp-container-core-columns-is-layout-9d6595d7 wp-block-columns-is-layout-flex\">\n<div class=\"wp-block-column is-layout-flow wp-block-column-is-layout-flow\">\n<figure class=\"wp-block-image size-full\"><img decoding=\"async\" width=\"1500\" height=\"1250\" src=\"https:\/\/www.santai-ceramics.com\/wp-content\/uploads\/2025\/04\/Fiber-Cement-Planter-Details-2.webp\" alt=\"Detalles de las jardineras de fibrocemento (2)\" class=\"wp-image-2516\" srcset=\"https:\/\/www.santai-ceramics.com\/wp-content\/uploads\/2025\/04\/Fiber-Cement-Planter-Details-2.webp 1500w, https:\/\/www.santai-ceramics.com\/wp-content\/uploads\/2025\/04\/Fiber-Cement-Planter-Details-2-300x250.webp 300w, https:\/\/www.santai-ceramics.com\/wp-content\/uploads\/2025\/04\/Fiber-Cement-Planter-Details-2-768x640.webp 768w, https:\/\/www.santai-ceramics.com\/wp-content\/uploads\/2025\/04\/Fiber-Cement-Planter-Details-2-14x12.webp 14w, https:\/\/www.santai-ceramics.com\/wp-content\/uploads\/2025\/04\/Fiber-Cement-Planter-Details-2-1200x1000.webp 1200w, https:\/\/www.santai-ceramics.com\/wp-content\/uploads\/2025\/04\/Fiber-Cement-Planter-Details-2-600x500.webp 600w\" sizes=\"(max-width: 1500px) 100vw, 1500px\" \/><\/figure>\n<\/div>\n\n\n\n<div class=\"wp-block-column is-layout-flow wp-block-column-is-layout-flow\">\n<figure class=\"wp-block-image size-full\"><img decoding=\"async\" width=\"1500\" height=\"1250\" src=\"https:\/\/www.santai-ceramics.com\/wp-content\/uploads\/2025\/04\/Fiber-Cement-Planter-Details-3.webp\" alt=\"Detalles de las jardineras de fibrocemento (3)\" class=\"wp-image-2517\" srcset=\"https:\/\/www.santai-ceramics.com\/wp-content\/uploads\/2025\/04\/Fiber-Cement-Planter-Details-3.webp 1500w, https:\/\/www.santai-ceramics.com\/wp-content\/uploads\/2025\/04\/Fiber-Cement-Planter-Details-3-300x250.webp 300w, https:\/\/www.santai-ceramics.com\/wp-content\/uploads\/2025\/04\/Fiber-Cement-Planter-Details-3-768x640.webp 768w, https:\/\/www.santai-ceramics.com\/wp-content\/uploads\/2025\/04\/Fiber-Cement-Planter-Details-3-14x12.webp 14w, https:\/\/www.santai-ceramics.com\/wp-content\/uploads\/2025\/04\/Fiber-Cement-Planter-Details-3-1200x1000.webp 1200w, https:\/\/www.santai-ceramics.com\/wp-content\/uploads\/2025\/04\/Fiber-Cement-Planter-Details-3-600x500.webp 600w\" sizes=\"(max-width: 1500px) 100vw, 1500px\" \/><\/figure>\n<\/div>\n<\/div>","protected":false},"excerpt":{"rendered":"<p data-pm-slice=\"0 0 []\">Jardinera de fibrocemento al por mayor con acabado imitaci\u00f3n piedra, la mezcla perfecta de resistencia, estilo y belleza natural. Presenta un dise\u00f1o minimalista y una textura de piedra realista. Se aceptan compras al por mayor.<\/p>\n<h2>Especificaciones de la jardinera de fibrocemento<\/h2>\n<table width=\"1140\">\n<tbody>\n<tr>\n<td width=\"285\">N\u00famero de modelo<\/td>\n<td width=\"285\">J37585-H889-A01<\/td>\n<td width=\"285\">J37585-H889-A02<\/td>\n<td width=\"285\">J37585-H889-A03<\/td>\n<\/tr>\n<tr>\n<td>Nombre del producto<\/td>\n<td>Jardinera de fibrocemento<\/td>\n<td>Jardinera de fibrocemento<\/td>\n<td>Jardinera de fibrocemento<\/td>\n<\/tr>\n<tr>\n<td>Color<\/td>\n<td>Verde antiguo<\/td>\n<td>Verde antiguo<\/td>\n<td>Verde antiguo<\/td>\n<\/tr>\n<tr>\n<td>Material<\/td>\n<td>Fibrocemento\u00a0<\/td>\n<td>Fibrocemento\u00a0<\/td>\n<td>Fibrocemento\u00a0<\/td>\n<\/tr>\n<tr>\n<td>Escenarios de uso<\/td>\n<td>decoraci\u00f3n&amp;jard\u00edn<\/td>\n<td>decoraci\u00f3n&amp;jard\u00edn<\/td>\n<td>decoraci\u00f3n&amp;jard\u00edn<\/td>\n<\/tr>\n<tr>\n<td>Dimensiones<\/td>\n<td>P:47.5X46.5cm<\/td>\n<td>P:38X38cm<\/td>\n<td>P:30X30cm<\/td>\n<\/tr>\n<tr>\n<td>Peso<\/td>\n<td>11,3 kg\/unidad<\/td>\n<td>7,7 kg\/unidad<\/td>\n<td>4,1 kg\/unidad<\/td>\n<\/tr>\n<\/tbody>\n<\/table>","protected":false},"featured_media":2511,"comment_status":"closed","ping_status":"closed","template":"","meta":{"_acf_changed":false},"product_brand":[],"product_cat":[18,41,21,23],"product_tag":[],"class_list":{"0":"post-2452","1":"product","2":"type-product","3":"status-publish","4":"has-post-thumbnail","6":"product_cat-home-decor","7":"product_cat-wholesale-fiber-cement-plant-pots","8":"product_cat-garden-decor","9":"product_cat-ceramic-pots-planters","11":"first","12":"instock","13":"shipping-taxable","14":"product-type-simple"},"acf":[],"_links":{"self":[{"href":"https:\/\/www.santai-ceramics.com\/es\/wp-json\/wp\/v2\/product\/2452","targetHints":{"allow":["GET"]}}],"collection":[{"href":"https:\/\/www.santai-ceramics.com\/es\/wp-json\/wp\/v2\/product"}],"about":[{"href":"https:\/\/www.santai-ceramics.com\/es\/wp-json\/wp\/v2\/types\/product"}],"replies":[{"embeddable":true,"href":"https:\/\/www.santai-ceramics.com\/es\/wp-json\/wp\/v2\/comments?post=2452"}],"wp:featuredmedia":[{"embeddable":true,"href":"https:\/\/www.santai-ceramics.com\/es\/wp-json\/wp\/v2\/media\/2511"}],"wp:attachment":[{"href":"https:\/\/www.santai-ceramics.com\/es\/wp-json\/wp\/v2\/media?parent=2452"}],"wp:term":[{"taxonomy":"product_brand","embeddable":true,"href":"https:\/\/www.santai-ceramics.com\/es\/wp-json\/wp\/v2\/product_brand?post=2452"},{"taxonomy":"product_cat","embeddable":true,"href":"https:\/\/www.santai-ceramics.com\/es\/wp-json\/wp\/v2\/product_cat?post=2452"},{"taxonomy":"product_tag","embeddable":true,"href":"https:\/\/www.santai-ceramics.com\/es\/wp-json\/wp\/v2\/product_tag?post=2452"}],"curies":[{"name":"wp","href":"https:\/\/api.w.org\/{rel}","templated":true}]}}