{"id":2453,"date":"2025-04-15T02:14:39","date_gmt":"2025-04-15T02:14:39","guid":{"rendered":"https:\/\/www.santai-ceramics.com\/?post_type=product&#038;p=2453"},"modified":"2025-04-15T02:16:25","modified_gmt":"2025-04-15T02:16:25","slug":"wholesale-frosted-handmade-minimalist-ceramic-vase","status":"publish","type":"product","link":"https:\/\/www.santai-ceramics.com\/es\/product\/wholesale-frosted-handmade-minimalist-ceramic-vase\/","title":{"rendered":"Mayorista Jarrones de cer\u00e1mica hechos a mano con textura blanca esmerilada y esmalte verde brumoso"},"content":{"rendered":"<h3 class=\"wp-block-heading\">Caracter\u00edsticas del jarr\u00f3n de cer\u00e1mica hecho a mano<\/h3>\n\n\n\n<p><strong>Apariencia digna y art\u00edstica: <\/strong>Nuestros jarrones de cer\u00e1mica al por mayor presentan una preciosa textura blanca mate y un elegante esmalte verde niebla, que combinan el encanto rural con la elegancia urbana.<\/p>\n\n\n\n<p><strong>Adecuado para m\u00faltiples ocasiones: <\/strong>Nuestros jarrones de cer\u00e1mica al por mayor son ideales para boutiques, restaurantes selectos u hogares modernos, ya que a\u00f1aden un toque urbano a distintos ambientes.<\/p>\n\n\n\n<p><strong>Artesan\u00eda hecha a mano: <\/strong>Cada jarr\u00f3n est\u00e1 hecho a mano por artesanos expertos, con diferencias en formas, esmaltes y texturas.<\/p>\n\n\n\n<p><strong>Material ecol\u00f3gico: <\/strong>Estos jarrones se fabrican con arcilla natural y esmaltes no t\u00f3xicos, respetuosos con las personas y las plantas.<\/p>\n\n\n\n<p><strong>Adecuado para OEM y venta al por mayor:<\/strong> Al ser una f\u00e1brica, aceptamos pedidos al por mayor a granel y ofrecemos servicios personalizados, incluidos el tama\u00f1o, el color, el acabado de la superficie y el embalaje, adecuados para minoristas de marca o mayoristas de decoraci\u00f3n, etc.<\/p>\n\n\n\n<h3 class=\"wp-block-heading\">Servicio de floreros de cer\u00e1mica personalizados<\/h3>\n\n\n\n<p>Ofrecemos servicios OEM y ODM para nuestros productos.<br>Entrega r\u00e1pida de muestras.<br>Ofrecemos una gran variedad de formas, colores, impresi\u00f3n personalizada, embalaje y otros servicios a medida para satisfacer sus necesidades espec\u00edficas.<br><b><strong><a href=\"https:\/\/www.santai-ceramics.com\/es\/custom\/\" target=\"_blank\" rel=\"noreferrer noopener\">M\u00e1s informaci\u00f3n sobre los detalles del jarr\u00f3n de cer\u00e1mica personalizado<\/a><\/strong><\/b><\/p>\n\n\n\n<div class=\"wp-block-columns is-layout-flex wp-container-core-columns-is-layout-9d6595d7 wp-block-columns-is-layout-flex\">\n<div class=\"wp-block-column is-layout-flow wp-block-column-is-layout-flow\">\n<figure class=\"wp-block-image size-full\"><img decoding=\"async\" width=\"1600\" height=\"1599\" src=\"https:\/\/www.santai-ceramics.com\/wp-content\/uploads\/2025\/04\/Wholesale-Handmade-Ceramic-Vases-3.webp\" alt=\"Jarrones de cer\u00e1mica hechos a mano al por mayor (3)\" class=\"wp-image-2480\" srcset=\"https:\/\/www.santai-ceramics.com\/wp-content\/uploads\/2025\/04\/Wholesale-Handmade-Ceramic-Vases-3.webp 1600w, https:\/\/www.santai-ceramics.com\/wp-content\/uploads\/2025\/04\/Wholesale-Handmade-Ceramic-Vases-3-300x300.webp 300w, https:\/\/www.santai-ceramics.com\/wp-content\/uploads\/2025\/04\/Wholesale-Handmade-Ceramic-Vases-3-150x150.webp 150w, https:\/\/www.santai-ceramics.com\/wp-content\/uploads\/2025\/04\/Wholesale-Handmade-Ceramic-Vases-3-768x768.webp 768w, https:\/\/www.santai-ceramics.com\/wp-content\/uploads\/2025\/04\/Wholesale-Handmade-Ceramic-Vases-3-12x12.webp 12w, https:\/\/www.santai-ceramics.com\/wp-content\/uploads\/2025\/04\/Wholesale-Handmade-Ceramic-Vases-3-1200x1200.webp 1200w, https:\/\/www.santai-ceramics.com\/wp-content\/uploads\/2025\/04\/Wholesale-Handmade-Ceramic-Vases-3-600x600.webp 600w, https:\/\/www.santai-ceramics.com\/wp-content\/uploads\/2025\/04\/Wholesale-Handmade-Ceramic-Vases-3-100x100.webp 100w\" sizes=\"(max-width: 1600px) 100vw, 1600px\" \/><\/figure>\n<\/div>\n\n\n\n<div class=\"wp-block-column is-layout-flow wp-block-column-is-layout-flow\">\n<figure class=\"wp-block-image size-full\"><img decoding=\"async\" width=\"1600\" height=\"1600\" src=\"https:\/\/www.santai-ceramics.com\/wp-content\/uploads\/2025\/04\/Wholesale-Handmade-Ceramic-Vases-4.webp\" alt=\"Jarrones de cer\u00e1mica hechos a mano al por mayor (4)\" class=\"wp-image-2481\" srcset=\"https:\/\/www.santai-ceramics.com\/wp-content\/uploads\/2025\/04\/Wholesale-Handmade-Ceramic-Vases-4.webp 1600w, https:\/\/www.santai-ceramics.com\/wp-content\/uploads\/2025\/04\/Wholesale-Handmade-Ceramic-Vases-4-300x300.webp 300w, https:\/\/www.santai-ceramics.com\/wp-content\/uploads\/2025\/04\/Wholesale-Handmade-Ceramic-Vases-4-150x150.webp 150w, https:\/\/www.santai-ceramics.com\/wp-content\/uploads\/2025\/04\/Wholesale-Handmade-Ceramic-Vases-4-768x768.webp 768w, https:\/\/www.santai-ceramics.com\/wp-content\/uploads\/2025\/04\/Wholesale-Handmade-Ceramic-Vases-4-12x12.webp 12w, https:\/\/www.santai-ceramics.com\/wp-content\/uploads\/2025\/04\/Wholesale-Handmade-Ceramic-Vases-4-1200x1200.webp 1200w, https:\/\/www.santai-ceramics.com\/wp-content\/uploads\/2025\/04\/Wholesale-Handmade-Ceramic-Vases-4-600x600.webp 600w, https:\/\/www.santai-ceramics.com\/wp-content\/uploads\/2025\/04\/Wholesale-Handmade-Ceramic-Vases-4-100x100.webp 100w\" sizes=\"(max-width: 1600px) 100vw, 1600px\" \/><\/figure>\n<\/div>\n<\/div>","protected":false},"excerpt":{"rendered":"<p data-pm-slice=\"0 0 []\">Jarrones de cer\u00e1mica hechos a mano al por mayor con textura blanca esmerilada y esmalte verde brumoso pueden mejorar la decoraci\u00f3n de su hogar, espacio de oficina, o hacer un regalo pensativo. Estos jarrones son perfectos para la compra al por mayor, por favor p\u00f3ngase en contacto con nosotros para una cotizaci\u00f3n.<\/p>\n<h2>Especificaciones de los jarrones de cer\u00e1mica hechos a mano<\/h2>\n<table width=\"855\">\n<tbody>\n<tr>\n<td width=\"285\">N\u00famero de modelo<\/td>\n<td width=\"285\">A37116-LC21-A01<\/td>\n<td width=\"285\">A37116-LC21-A02<\/td>\n<\/tr>\n<tr>\n<td>Nombre del producto<\/td>\n<td>Florero de cer\u00e1mica<\/td>\n<td>Florero de cer\u00e1mica<\/td>\n<\/tr>\n<tr>\n<td>Color<\/td>\n<td>Blanco y azul<\/td>\n<td>Blanco y azul<\/td>\n<\/tr>\n<tr>\n<td>Material<\/td>\n<td>Cer\u00e1mica<\/td>\n<td>Cer\u00e1mica<\/td>\n<\/tr>\n<tr>\n<td>Escenarios de uso<\/td>\n<td>decoraci\u00f3n del hogar<\/td>\n<td>decoraci\u00f3n del hogar<\/td>\n<\/tr>\n<tr>\n<td>Dimensiones<\/td>\n<td>P:23,5X29,5cm<\/td>\n<td>P:19,5X24,5cm<\/td>\n<\/tr>\n<tr>\n<td>Peso<\/td>\n<td>2,9 kg\/unidad<\/td>\n<td>2,1 kg\/unidad<\/td>\n<\/tr>\n<\/tbody>\n<\/table>","protected":false},"featured_media":2478,"comment_status":"closed","ping_status":"closed","template":"","meta":{"_acf_changed":false},"product_brand":[],"product_cat":[18,22],"product_tag":[],"class_list":{"0":"post-2453","1":"product","2":"type-product","3":"status-publish","4":"has-post-thumbnail","6":"product_cat-home-decor","7":"product_cat-vase","9":"first","10":"instock","11":"shipping-taxable","12":"product-type-simple"},"acf":[],"_links":{"self":[{"href":"https:\/\/www.santai-ceramics.com\/es\/wp-json\/wp\/v2\/product\/2453","targetHints":{"allow":["GET"]}}],"collection":[{"href":"https:\/\/www.santai-ceramics.com\/es\/wp-json\/wp\/v2\/product"}],"about":[{"href":"https:\/\/www.santai-ceramics.com\/es\/wp-json\/wp\/v2\/types\/product"}],"replies":[{"embeddable":true,"href":"https:\/\/www.santai-ceramics.com\/es\/wp-json\/wp\/v2\/comments?post=2453"}],"wp:featuredmedia":[{"embeddable":true,"href":"https:\/\/www.santai-ceramics.com\/es\/wp-json\/wp\/v2\/media\/2478"}],"wp:attachment":[{"href":"https:\/\/www.santai-ceramics.com\/es\/wp-json\/wp\/v2\/media?parent=2453"}],"wp:term":[{"taxonomy":"product_brand","embeddable":true,"href":"https:\/\/www.santai-ceramics.com\/es\/wp-json\/wp\/v2\/product_brand?post=2453"},{"taxonomy":"product_cat","embeddable":true,"href":"https:\/\/www.santai-ceramics.com\/es\/wp-json\/wp\/v2\/product_cat?post=2453"},{"taxonomy":"product_tag","embeddable":true,"href":"https:\/\/www.santai-ceramics.com\/es\/wp-json\/wp\/v2\/product_tag?post=2453"}],"curies":[{"name":"wp","href":"https:\/\/api.w.org\/{rel}","templated":true}]}}