{"id":2454,"date":"2025-04-15T01:36:38","date_gmt":"2025-04-15T01:36:38","guid":{"rendered":"https:\/\/www.santai-ceramics.com\/?post_type=product&#038;p=2454"},"modified":"2025-06-10T01:02:00","modified_gmt":"2025-06-10T01:02:00","slug":"wholesale-elegant-handcrafted-decorative-ceramic-jars","status":"publish","type":"product","link":"https:\/\/www.santai-ceramics.com\/es\/product\/wholesale-elegant-handcrafted-decorative-ceramic-jars\/","title":{"rendered":"Mayorista Tarros de Cer\u00e1mica Decorativos para Decoraci\u00f3n del Hogar - Elegantes Vasos de Cer\u00e1mica Artesanales"},"content":{"rendered":"<h3 class=\"wp-block-heading\">Caracter\u00edsticas de los tarros de cer\u00e1mica decorativos<\/h3>\n\n\n\n<p><strong>Esmalte art\u00edstico:<\/strong> Una suave base blanca con un sutil esmalte verde azulado crea un aspecto sencillo y elegante perfecto para la decoraci\u00f3n de muebles modernos.<\/p>\n\n\n\n<p><strong>Decoraci\u00f3n vers\u00e1til: <\/strong>Su amplia abertura y su robusta base la hacen perfecta para sujetar flores secas, ramas o plantas artificiales.<\/p>\n\n\n\n<p><strong>Acabado a mano: <\/strong>Las sutiles variaciones de textura y color reflejan el encanto artesanal y la singularidad de cada pieza.<\/p>\n\n\n\n<p><strong>Dise\u00f1o apto para mayoristas: <\/strong>Su atractivo est\u00e9tico y su calidad lo hacen perfecto para boutiques, cafeter\u00edas, balnearios y vest\u00edbulos de hoteles.<\/p>\n\n\n\n<p><strong>OEM y ODM: <\/strong>El fabricante de cer\u00e1mica SANTAI ofrece servicios de decoraci\u00f3n de cer\u00e1mica al por mayor, y los pedidos grandes se pueden personalizar en profundidad en cuanto a esmalte, textura, tama\u00f1o y color.<\/p>\n\n\n\n<h3 class=\"wp-block-heading\">Servicio de tarros de cer\u00e1mica a medida<\/h3>\n\n\n\n<p>Ofrecemos servicios OEM y ODM para nuestros productos.<br>Entrega r\u00e1pida de muestras.<br>Ofrecemos una gran variedad de formas, colores, impresi\u00f3n personalizada, embalaje y otros servicios a medida para satisfacer sus necesidades espec\u00edficas.<br><a href=\"https:\/\/www.santai-ceramics.com\/es\/custom\/\" data-type=\"page\" data-id=\"13\" target=\"_blank\" rel=\"noreferrer noopener\"><strong><b>M\u00e1s informaci\u00f3n<\/b> detalle del tarro de cer\u00e1mica.<\/strong><\/a><\/p>\n\n\n\n<div class=\"wp-block-columns is-layout-flex wp-container-core-columns-is-layout-9d6595d7 wp-block-columns-is-layout-flex\">\n<div class=\"wp-block-column is-layout-flow wp-block-column-is-layout-flow\">\n<figure class=\"wp-block-image size-full\"><img decoding=\"async\" width=\"1600\" height=\"1600\" src=\"https:\/\/www.santai-ceramics.com\/wp-content\/uploads\/2025\/04\/Wholesale-Decorative-Ceramic-Jars-3.webp\" alt=\"Mayorista Tarros de Cer\u00e1mica Decorativos (3)\" class=\"wp-image-2470\" srcset=\"https:\/\/www.santai-ceramics.com\/wp-content\/uploads\/2025\/04\/Wholesale-Decorative-Ceramic-Jars-3.webp 1600w, https:\/\/www.santai-ceramics.com\/wp-content\/uploads\/2025\/04\/Wholesale-Decorative-Ceramic-Jars-3-300x300.webp 300w, https:\/\/www.santai-ceramics.com\/wp-content\/uploads\/2025\/04\/Wholesale-Decorative-Ceramic-Jars-3-150x150.webp 150w, https:\/\/www.santai-ceramics.com\/wp-content\/uploads\/2025\/04\/Wholesale-Decorative-Ceramic-Jars-3-768x768.webp 768w, https:\/\/www.santai-ceramics.com\/wp-content\/uploads\/2025\/04\/Wholesale-Decorative-Ceramic-Jars-3-12x12.webp 12w, https:\/\/www.santai-ceramics.com\/wp-content\/uploads\/2025\/04\/Wholesale-Decorative-Ceramic-Jars-3-1200x1200.webp 1200w, https:\/\/www.santai-ceramics.com\/wp-content\/uploads\/2025\/04\/Wholesale-Decorative-Ceramic-Jars-3-600x600.webp 600w, https:\/\/www.santai-ceramics.com\/wp-content\/uploads\/2025\/04\/Wholesale-Decorative-Ceramic-Jars-3-100x100.webp 100w\" sizes=\"(max-width: 1600px) 100vw, 1600px\" \/><\/figure>\n<\/div>\n\n\n\n<div class=\"wp-block-column is-layout-flow wp-block-column-is-layout-flow\">\n<figure class=\"wp-block-image size-full\"><img decoding=\"async\" width=\"1600\" height=\"1600\" src=\"https:\/\/www.santai-ceramics.com\/wp-content\/uploads\/2025\/04\/Wholesale-Decorative-Ceramic-Jars-4.webp\" alt=\"Mayorista Tarros de Cer\u00e1mica Decorativos (4)\" class=\"wp-image-2471\" srcset=\"https:\/\/www.santai-ceramics.com\/wp-content\/uploads\/2025\/04\/Wholesale-Decorative-Ceramic-Jars-4.webp 1600w, https:\/\/www.santai-ceramics.com\/wp-content\/uploads\/2025\/04\/Wholesale-Decorative-Ceramic-Jars-4-300x300.webp 300w, https:\/\/www.santai-ceramics.com\/wp-content\/uploads\/2025\/04\/Wholesale-Decorative-Ceramic-Jars-4-150x150.webp 150w, https:\/\/www.santai-ceramics.com\/wp-content\/uploads\/2025\/04\/Wholesale-Decorative-Ceramic-Jars-4-768x768.webp 768w, https:\/\/www.santai-ceramics.com\/wp-content\/uploads\/2025\/04\/Wholesale-Decorative-Ceramic-Jars-4-12x12.webp 12w, https:\/\/www.santai-ceramics.com\/wp-content\/uploads\/2025\/04\/Wholesale-Decorative-Ceramic-Jars-4-1200x1200.webp 1200w, https:\/\/www.santai-ceramics.com\/wp-content\/uploads\/2025\/04\/Wholesale-Decorative-Ceramic-Jars-4-600x600.webp 600w, https:\/\/www.santai-ceramics.com\/wp-content\/uploads\/2025\/04\/Wholesale-Decorative-Ceramic-Jars-4-100x100.webp 100w\" sizes=\"(max-width: 1600px) 100vw, 1600px\" \/><\/figure>\n<\/div>\n<\/div>\n\n\n\n<div class=\"wp-block-columns is-layout-flex wp-container-core-columns-is-layout-9d6595d7 wp-block-columns-is-layout-flex\">\n<div class=\"wp-block-column is-layout-flow wp-block-column-is-layout-flow\"><\/div>\n\n\n\n<div class=\"wp-block-column is-layout-flow wp-block-column-is-layout-flow\"><\/div>\n<\/div>","protected":false},"excerpt":{"rendered":"<p data-pm-slice=\"0 0 []\">Tarros de cer\u00e1mica decorativos al por mayor, cada pieza tiene una superficie texturizada y un esmalte suave, que desprende un ambiente natural y elegante. Adecuado para la exhibici\u00f3n o venta en boutiques, tiendas de decoraci\u00f3n de cer\u00e1mica, hoteles, etc. Los fabricantes de cer\u00e1mica SANTAI ofrecen un servicio integral, le invitamos a ponerse en contacto con nosotros para solicitar un presupuesto.<\/p>\n<h2>Especificaciones del tarro de cer\u00e1mica decorativo<\/h2>\n<table width=\"855\">\n<tbody>\n<tr>\n<td width=\"285\">N\u00famero de modelo<\/td>\n<td width=\"285\">A35828-LC21-A02<\/td>\n<td width=\"285\">A35828-LC21-A03<\/td>\n<\/tr>\n<tr>\n<td>Nombre del producto<\/td>\n<td>Jarra de cer\u00e1mica \/ Florero<\/td>\n<td>Jarra de cer\u00e1mica \/ Florero<\/td>\n<\/tr>\n<tr>\n<td>Color<\/td>\n<td>Blanco y azul<\/td>\n<td>Blanco y azul<\/td>\n<\/tr>\n<tr>\n<td>Material<\/td>\n<td>Cer\u00e1mica<\/td>\n<td>Cer\u00e1mica<\/td>\n<\/tr>\n<tr>\n<td>Escenarios de uso<\/td>\n<td>decoraci\u00f3n del hogar<\/td>\n<td>decoraci\u00f3n del hogar<\/td>\n<\/tr>\n<tr>\n<td>Dimensiones<\/td>\n<td>P:24,5X30,5cm<\/td>\n<td>D:20X20,5cm<\/td>\n<\/tr>\n<tr>\n<td>Peso<\/td>\n<td>2,5 kg\/unidad<\/td>\n<td>1,9 kg\/unidad<\/td>\n<\/tr>\n<\/tbody>\n<\/table>","protected":false},"featured_media":2468,"comment_status":"closed","ping_status":"closed","template":"","meta":{"_acf_changed":false},"product_brand":[],"product_cat":[18,43,22],"product_tag":[],"class_list":{"0":"post-2454","1":"product","2":"type-product","3":"status-publish","4":"has-post-thumbnail","6":"product_cat-home-decor","7":"product_cat-wholesale-ceramic-jar","8":"product_cat-vase","10":"first","11":"instock","12":"shipping-taxable","13":"product-type-simple"},"acf":[],"_links":{"self":[{"href":"https:\/\/www.santai-ceramics.com\/es\/wp-json\/wp\/v2\/product\/2454","targetHints":{"allow":["GET"]}}],"collection":[{"href":"https:\/\/www.santai-ceramics.com\/es\/wp-json\/wp\/v2\/product"}],"about":[{"href":"https:\/\/www.santai-ceramics.com\/es\/wp-json\/wp\/v2\/types\/product"}],"replies":[{"embeddable":true,"href":"https:\/\/www.santai-ceramics.com\/es\/wp-json\/wp\/v2\/comments?post=2454"}],"wp:featuredmedia":[{"embeddable":true,"href":"https:\/\/www.santai-ceramics.com\/es\/wp-json\/wp\/v2\/media\/2468"}],"wp:attachment":[{"href":"https:\/\/www.santai-ceramics.com\/es\/wp-json\/wp\/v2\/media?parent=2454"}],"wp:term":[{"taxonomy":"product_brand","embeddable":true,"href":"https:\/\/www.santai-ceramics.com\/es\/wp-json\/wp\/v2\/product_brand?post=2454"},{"taxonomy":"product_cat","embeddable":true,"href":"https:\/\/www.santai-ceramics.com\/es\/wp-json\/wp\/v2\/product_cat?post=2454"},{"taxonomy":"product_tag","embeddable":true,"href":"https:\/\/www.santai-ceramics.com\/es\/wp-json\/wp\/v2\/product_tag?post=2454"}],"curies":[{"name":"wp","href":"https:\/\/api.w.org\/{rel}","templated":true}]}}