{"id":2455,"date":"2025-04-14T10:17:41","date_gmt":"2025-04-14T10:17:41","guid":{"rendered":"https:\/\/www.santai-ceramics.com\/?post_type=product&#038;p=2455"},"modified":"2025-04-14T10:17:43","modified_gmt":"2025-04-14T10:17:43","slug":"wholesale-decorative-modern-vases","status":"publish","type":"product","link":"https:\/\/www.santai-ceramics.com\/es\/product\/wholesale-decorative-modern-vases\/","title":{"rendered":"Wholesale Jarrones Decorativos Modernos - Jarr\u00f3n Texturas Serenas Pearl Dune"},"content":{"rendered":"<h3 class=\"wp-block-heading\">Caracter\u00edsticas de los jarrones decorativos modernos<\/h3>\n\n\n\n<p><strong>Hecho a mano: <\/strong>Cada jarr\u00f3n tiene tonos y texturas ligeramente diferentes, lo que resalta a\u00fan m\u00e1s su encanto artesanal.<\/p>\n\n\n\n<p><strong>Est\u00e9tica natural: <\/strong>El dise\u00f1o de este jarr\u00f3n decorativo contempor\u00e1neo se inspira en la naturaleza, con sus tonos terrosos y su aspecto derivado de la forma de las perlas.<\/p>\n\n\n\n<p><strong>Fomenta la creatividad: <\/strong>La sencilla forma de este jarr\u00f3n puede utilizarse como lienzo para crear arreglos florales de temporada, art\u00edsticos trabajos con flores secas y mucho m\u00e1s.<\/p>\n\n\n\n<p><strong>Asistencia OEM y ODM de SANTAI: <\/strong>Como fabricante profesional de jarrones de cer\u00e1mica, SANTAI ofrece servicios integrales de personalizaci\u00f3n OEM y ODM para satisfacer las necesidades exclusivas de los clientes de todo el mundo.<\/p>\n\n\n\n<h3 class=\"wp-block-heading\">Servicio de floreros de cer\u00e1mica personalizados<\/h3>\n\n\n\n<p>Ofrecemos servicios OEM y ODM para nuestros productos.<br>Entrega r\u00e1pida de muestras.<br>Ofrecemos una gran variedad de formas, colores, impresi\u00f3n personalizada, embalaje y otros servicios a medida para satisfacer sus necesidades espec\u00edficas.<br><a href=\"https:\/\/www.santai-ceramics.com\/es\/custom\/\" data-type=\"page\" data-id=\"13\" target=\"_blank\" rel=\"noreferrer noopener\"><strong><b>M\u00e1s informaci\u00f3n<\/b> detalle de jarr\u00f3n de cer\u00e1mica.<\/strong><\/a><\/p>\n\n\n\n<div class=\"wp-block-columns is-layout-flex wp-container-core-columns-is-layout-9d6595d7 wp-block-columns-is-layout-flex\">\n<div class=\"wp-block-column is-layout-flow wp-block-column-is-layout-flow\">\n<figure class=\"wp-block-image size-full\"><img decoding=\"async\" width=\"2000\" height=\"2001\" src=\"https:\/\/www.santai-ceramics.com\/wp-content\/uploads\/2025\/04\/modern-decorative-textured-vase-details-2.webp\" alt=\"florero decorativo moderno con textura detalles (2)\" class=\"wp-image-2462\" srcset=\"https:\/\/www.santai-ceramics.com\/wp-content\/uploads\/2025\/04\/modern-decorative-textured-vase-details-2.webp 2000w, https:\/\/www.santai-ceramics.com\/wp-content\/uploads\/2025\/04\/modern-decorative-textured-vase-details-2-300x300.webp 300w, https:\/\/www.santai-ceramics.com\/wp-content\/uploads\/2025\/04\/modern-decorative-textured-vase-details-2-150x150.webp 150w, https:\/\/www.santai-ceramics.com\/wp-content\/uploads\/2025\/04\/modern-decorative-textured-vase-details-2-768x768.webp 768w, https:\/\/www.santai-ceramics.com\/wp-content\/uploads\/2025\/04\/modern-decorative-textured-vase-details-2-12x12.webp 12w, https:\/\/www.santai-ceramics.com\/wp-content\/uploads\/2025\/04\/modern-decorative-textured-vase-details-2-1200x1200.webp 1200w, https:\/\/www.santai-ceramics.com\/wp-content\/uploads\/2025\/04\/modern-decorative-textured-vase-details-2-600x600.webp 600w, https:\/\/www.santai-ceramics.com\/wp-content\/uploads\/2025\/04\/modern-decorative-textured-vase-details-2-100x100.webp 100w\" sizes=\"(max-width: 2000px) 100vw, 2000px\" \/><\/figure>\n<\/div>\n\n\n\n<div class=\"wp-block-column is-layout-flow wp-block-column-is-layout-flow\">\n<figure class=\"wp-block-image size-full\"><img decoding=\"async\" width=\"2000\" height=\"2001\" src=\"https:\/\/www.santai-ceramics.com\/wp-content\/uploads\/2025\/04\/modern-decorative-textured-vase-details-2.webp\" alt=\"florero decorativo moderno con textura detalles (2)\" class=\"wp-image-2462\" srcset=\"https:\/\/www.santai-ceramics.com\/wp-content\/uploads\/2025\/04\/modern-decorative-textured-vase-details-2.webp 2000w, https:\/\/www.santai-ceramics.com\/wp-content\/uploads\/2025\/04\/modern-decorative-textured-vase-details-2-300x300.webp 300w, https:\/\/www.santai-ceramics.com\/wp-content\/uploads\/2025\/04\/modern-decorative-textured-vase-details-2-150x150.webp 150w, https:\/\/www.santai-ceramics.com\/wp-content\/uploads\/2025\/04\/modern-decorative-textured-vase-details-2-768x768.webp 768w, https:\/\/www.santai-ceramics.com\/wp-content\/uploads\/2025\/04\/modern-decorative-textured-vase-details-2-12x12.webp 12w, https:\/\/www.santai-ceramics.com\/wp-content\/uploads\/2025\/04\/modern-decorative-textured-vase-details-2-1200x1200.webp 1200w, https:\/\/www.santai-ceramics.com\/wp-content\/uploads\/2025\/04\/modern-decorative-textured-vase-details-2-600x600.webp 600w, https:\/\/www.santai-ceramics.com\/wp-content\/uploads\/2025\/04\/modern-decorative-textured-vase-details-2-100x100.webp 100w\" sizes=\"(max-width: 2000px) 100vw, 2000px\" \/><\/figure>\n<\/div>\n<\/div>\n\n\n\n<div class=\"wp-block-columns is-layout-flex wp-container-core-columns-is-layout-9d6595d7 wp-block-columns-is-layout-flex\">\n<div class=\"wp-block-column is-layout-flow wp-block-column-is-layout-flow\"><\/div>\n\n\n\n<div class=\"wp-block-column is-layout-flow wp-block-column-is-layout-flow\"><\/div>\n<\/div>","protected":false},"excerpt":{"rendered":"<p data-pm-slice=\"0 0 []\">Los modernos jarrones decorativos de cer\u00e1mica al por mayor realzan el espacio interior del usuario con moda y textura. SANTAI ofrece precios al por mayor y servicios OEM, por lo que es una opci\u00f3n ideal para los compradores B2B. Invitamos a minoristas, dise\u00f1adores de interiores y marcas de decoraci\u00f3n a ponerse en contacto con nosotros.<\/p>\n<h2>Especificaciones de los jarrones decorativos modernos<\/h2>\n<table width=\"1140\">\n<tbody>\n<tr>\n<td width=\"285\">N\u00famero de modelo<\/td>\n<td width=\"285\">A34880-LC21-A01<\/td>\n<td width=\"285\">A34880-LC21-A02<\/td>\n<td width=\"285\">A34880-LC21-A03<\/td>\n<\/tr>\n<tr>\n<td>Nombre del producto<\/td>\n<td>Florero de cer\u00e1mica<\/td>\n<td>Florero de cer\u00e1mica<\/td>\n<td>Florero de cer\u00e1mica<\/td>\n<\/tr>\n<tr>\n<td>Color<\/td>\n<td>Blanco y azul<\/td>\n<td>Blanco y azul<\/td>\n<td>Blanco y azul<\/td>\n<\/tr>\n<tr>\n<td>Material<\/td>\n<td>Cer\u00e1mica<\/td>\n<td>Cer\u00e1mica<\/td>\n<td>Cer\u00e1mica<\/td>\n<\/tr>\n<tr>\n<td>Escenarios de uso<\/td>\n<td>decoraci\u00f3n del hogar<\/td>\n<td>decoraci\u00f3n del hogar<\/td>\n<td>decoraci\u00f3n del hogar<\/td>\n<\/tr>\n<tr>\n<td>Dimensiones<\/td>\n<td>P:19,5X31,5cm<\/td>\n<td>P:15X25,5cm<\/td>\n<td>P:16,5X17,5cm<\/td>\n<\/tr>\n<tr>\n<td>Peso<\/td>\n<td>1,5 kg\/unidad<\/td>\n<td>1 kg\/unidad<\/td>\n<td>0,8 kg\/unidad<\/td>\n<\/tr>\n<\/tbody>\n<\/table>","protected":false},"featured_media":2466,"comment_status":"closed","ping_status":"closed","template":"","meta":{"_acf_changed":false},"product_brand":[],"product_cat":[18,22],"product_tag":[],"class_list":{"0":"post-2455","1":"product","2":"type-product","3":"status-publish","4":"has-post-thumbnail","6":"product_cat-home-decor","7":"product_cat-vase","9":"first","10":"instock","11":"shipping-taxable","12":"product-type-simple"},"acf":[],"_links":{"self":[{"href":"https:\/\/www.santai-ceramics.com\/es\/wp-json\/wp\/v2\/product\/2455","targetHints":{"allow":["GET"]}}],"collection":[{"href":"https:\/\/www.santai-ceramics.com\/es\/wp-json\/wp\/v2\/product"}],"about":[{"href":"https:\/\/www.santai-ceramics.com\/es\/wp-json\/wp\/v2\/types\/product"}],"replies":[{"embeddable":true,"href":"https:\/\/www.santai-ceramics.com\/es\/wp-json\/wp\/v2\/comments?post=2455"}],"wp:featuredmedia":[{"embeddable":true,"href":"https:\/\/www.santai-ceramics.com\/es\/wp-json\/wp\/v2\/media\/2466"}],"wp:attachment":[{"href":"https:\/\/www.santai-ceramics.com\/es\/wp-json\/wp\/v2\/media?parent=2455"}],"wp:term":[{"taxonomy":"product_brand","embeddable":true,"href":"https:\/\/www.santai-ceramics.com\/es\/wp-json\/wp\/v2\/product_brand?post=2455"},{"taxonomy":"product_cat","embeddable":true,"href":"https:\/\/www.santai-ceramics.com\/es\/wp-json\/wp\/v2\/product_cat?post=2455"},{"taxonomy":"product_tag","embeddable":true,"href":"https:\/\/www.santai-ceramics.com\/es\/wp-json\/wp\/v2\/product_tag?post=2455"}],"curies":[{"name":"wp","href":"https:\/\/api.w.org\/{rel}","templated":true}]}}