{"id":2563,"date":"2025-05-06T07:28:47","date_gmt":"2025-05-06T07:28:47","guid":{"rendered":"https:\/\/www.santai-ceramics.com\/?post_type=product&#038;p=2563"},"modified":"2025-06-12T16:11:26","modified_gmt":"2025-06-12T16:11:26","slug":"wholesale-deep-blue-glazed-ceramic-candle-holder","status":"publish","type":"product","link":"https:\/\/www.santai-ceramics.com\/es\/product\/wholesale-deep-blue-glazed-ceramic-candle-holder\/","title":{"rendered":"Mayorista Portavelas de Cer\u00e1mica Esmaltada Azul Profundo - Elegante Acento Decorativo para el Hogar, Eventos y Tiendas de Regalos"},"content":{"rendered":"<h3 class=\"wp-block-heading\">Caracter\u00edsticas del Portavelas de Cer\u00e1mica Esmaltada Azul Profundo<\/h3>\n\n\n\n<ul class=\"wp-block-list\">\n<li><strong>Varias tallas disponibles: <\/strong>Nuestros portavelas de cer\u00e1mica est\u00e1n disponibles en varios tama\u00f1os para alojar velas de distintos tama\u00f1os, satisfaciendo las necesidades de decoraci\u00f3n y colocaci\u00f3n de diferentes espacios.<\/li>\n\n\n\n<li><strong>Alta calidad:<\/strong> Fabricado con materias primas cer\u00e1micas de alta calidad y cocido a altas temperaturas, el portavelas de cer\u00e1mica tiene una estructura inferior estable, una textura dura y un tacto delicado.<\/li>\n\n\n\n<li><strong>Dise\u00f1o de aspecto \u00fanico y exquisito: <\/strong>El portavelas de cer\u00e1mica adopta un dise\u00f1o \u00fanico de esmalte azul, sencillo y avanzado. Adecuado para su exhibici\u00f3n en varios tipos de decoraciones.<\/li>\n<\/ul>\n\n\n\n<h3 class=\"wp-block-heading\">Servicio de portavelas personalizados<\/h3>\n\n\n\n<p>Ofrecemos servicios OEM y ODM para nuestros productos.<br>Entrega r\u00e1pida de muestras.<br>Ofrecemos una gran variedad de formas, colores, impresi\u00f3n personalizada, embalaje y otros servicios a medida para satisfacer sus necesidades espec\u00edficas.<br><a href=\"https:\/\/www.santai-ceramics.com\/es\/custom\/\" data-type=\"page\" data-id=\"13\" target=\"_blank\" rel=\"noreferrer noopener\"><strong><b>M\u00e1s informaci\u00f3n<\/b> soluciones de soporte cer\u00e1mico.<\/strong><\/a><\/p>\n\n\n\n<div class=\"wp-block-columns is-layout-flex wp-container-core-columns-is-layout-9d6595d7 wp-block-columns-is-layout-flex\">\n<div class=\"wp-block-column is-layout-flow wp-block-column-is-layout-flow\">\n<figure class=\"wp-block-image size-full\"><img decoding=\"async\" width=\"1500\" height=\"1249\" src=\"https:\/\/www.santai-ceramics.com\/wp-content\/uploads\/2025\/05\/Deep-Blue-Candle-Holder-Display-1.webp\" alt=\"Expositor Portavelas Azul Profundo (1)\" class=\"wp-image-2588\" srcset=\"https:\/\/www.santai-ceramics.com\/wp-content\/uploads\/2025\/05\/Deep-Blue-Candle-Holder-Display-1.webp 1500w, https:\/\/www.santai-ceramics.com\/wp-content\/uploads\/2025\/05\/Deep-Blue-Candle-Holder-Display-1-300x250.webp 300w, https:\/\/www.santai-ceramics.com\/wp-content\/uploads\/2025\/05\/Deep-Blue-Candle-Holder-Display-1-768x639.webp 768w, https:\/\/www.santai-ceramics.com\/wp-content\/uploads\/2025\/05\/Deep-Blue-Candle-Holder-Display-1-14x12.webp 14w, https:\/\/www.santai-ceramics.com\/wp-content\/uploads\/2025\/05\/Deep-Blue-Candle-Holder-Display-1-1200x999.webp 1200w, https:\/\/www.santai-ceramics.com\/wp-content\/uploads\/2025\/05\/Deep-Blue-Candle-Holder-Display-1-600x500.webp 600w\" sizes=\"(max-width: 1500px) 100vw, 1500px\" \/><\/figure>\n<\/div>\n\n\n\n<div class=\"wp-block-column is-layout-flow wp-block-column-is-layout-flow\">\n<figure class=\"wp-block-image size-full\"><img decoding=\"async\" width=\"1500\" height=\"1249\" src=\"https:\/\/www.santai-ceramics.com\/wp-content\/uploads\/2025\/05\/Deep-Blue-Candle-Holder-Display-2.webp\" alt=\"Expositor Portavelas Azul Profundo (2)\" class=\"wp-image-2589\" srcset=\"https:\/\/www.santai-ceramics.com\/wp-content\/uploads\/2025\/05\/Deep-Blue-Candle-Holder-Display-2.webp 1500w, https:\/\/www.santai-ceramics.com\/wp-content\/uploads\/2025\/05\/Deep-Blue-Candle-Holder-Display-2-300x250.webp 300w, https:\/\/www.santai-ceramics.com\/wp-content\/uploads\/2025\/05\/Deep-Blue-Candle-Holder-Display-2-768x639.webp 768w, https:\/\/www.santai-ceramics.com\/wp-content\/uploads\/2025\/05\/Deep-Blue-Candle-Holder-Display-2-14x12.webp 14w, https:\/\/www.santai-ceramics.com\/wp-content\/uploads\/2025\/05\/Deep-Blue-Candle-Holder-Display-2-1200x999.webp 1200w, https:\/\/www.santai-ceramics.com\/wp-content\/uploads\/2025\/05\/Deep-Blue-Candle-Holder-Display-2-600x500.webp 600w\" sizes=\"(max-width: 1500px) 100vw, 1500px\" \/><\/figure>\n<\/div>\n<\/div>\n\n\n\n<div class=\"wp-block-columns is-layout-flex wp-container-core-columns-is-layout-9d6595d7 wp-block-columns-is-layout-flex\">\n<div class=\"wp-block-column is-layout-flow wp-block-column-is-layout-flow\"><\/div>\n\n\n\n<div class=\"wp-block-column is-layout-flow wp-block-column-is-layout-flow\"><\/div>\n<\/div>","protected":false},"excerpt":{"rendered":"<p data-pm-slice=\"0 0 []\">Los portavelas de cer\u00e1mica azul oscuro al por mayor, con esmalte azul oscuro liso, aportan una buena experiencia visual, adecuados para productos al por menor. Y los jarrones de cer\u00e1mica azul profundo tienen buena durabilidad y resistencia al calor, no se agrieta f\u00e1cilmente, puede sostener velas durante mucho tiempo. Apoyamos la personalizaci\u00f3n y MOQ bajo. Bienvenido a contactar con nosotros para una cita.<\/p>\n<h2>Especificaci\u00f3n del Portavelas de Cer\u00e1mica Esmaltada Azul Profundo<\/h2>\n<table width=\"855\">\n<tbody>\n<tr>\n<td width=\"285\">N\u00famero de modelo<\/td>\n<td width=\"285\">A34848-L136-A01<\/td>\n<td width=\"285\">A34848-L136-A02<\/td>\n<\/tr>\n<tr>\n<td>Nombre del producto<\/td>\n<td>Portavelas de cer\u00e1mica<\/td>\n<td>Portavelas de cer\u00e1mica<\/td>\n<\/tr>\n<tr>\n<td>Color<\/td>\n<td>Azul oscuro<\/td>\n<td>Azul oscuro<\/td>\n<\/tr>\n<tr>\n<td>Material<\/td>\n<td>Cer\u00e1mica\u00a0<\/td>\n<td>Cer\u00e1mica\u00a0<\/td>\n<\/tr>\n<tr>\n<td>Escenarios de uso<\/td>\n<td>decoraci\u00f3n del hogar<\/td>\n<td>decoraci\u00f3n del hogar<\/td>\n<\/tr>\n<tr>\n<td>Dimensiones<\/td>\n<td>P:14,5X26cm<\/td>\n<td>P:14,5X19cm<\/td>\n<\/tr>\n<tr>\n<td>Peso<\/td>\n<td>1 kg\/unidad<\/td>\n<td>0,8 kg\/unidad<\/td>\n<\/tr>\n<\/tbody>\n<\/table>","protected":false},"featured_media":2583,"comment_status":"closed","ping_status":"closed","template":"","meta":{"_acf_changed":false},"product_brand":[],"product_cat":[18,46,26],"product_tag":[],"class_list":{"0":"post-2563","1":"product","2":"type-product","3":"status-publish","4":"has-post-thumbnail","6":"product_cat-home-decor","7":"product_cat-wholesale-ceramic-candle-holders","8":"product_cat-home-accessories","10":"first","11":"instock","12":"shipping-taxable","13":"product-type-simple"},"acf":[],"_links":{"self":[{"href":"https:\/\/www.santai-ceramics.com\/es\/wp-json\/wp\/v2\/product\/2563","targetHints":{"allow":["GET"]}}],"collection":[{"href":"https:\/\/www.santai-ceramics.com\/es\/wp-json\/wp\/v2\/product"}],"about":[{"href":"https:\/\/www.santai-ceramics.com\/es\/wp-json\/wp\/v2\/types\/product"}],"replies":[{"embeddable":true,"href":"https:\/\/www.santai-ceramics.com\/es\/wp-json\/wp\/v2\/comments?post=2563"}],"wp:featuredmedia":[{"embeddable":true,"href":"https:\/\/www.santai-ceramics.com\/es\/wp-json\/wp\/v2\/media\/2583"}],"wp:attachment":[{"href":"https:\/\/www.santai-ceramics.com\/es\/wp-json\/wp\/v2\/media?parent=2563"}],"wp:term":[{"taxonomy":"product_brand","embeddable":true,"href":"https:\/\/www.santai-ceramics.com\/es\/wp-json\/wp\/v2\/product_brand?post=2563"},{"taxonomy":"product_cat","embeddable":true,"href":"https:\/\/www.santai-ceramics.com\/es\/wp-json\/wp\/v2\/product_cat?post=2563"},{"taxonomy":"product_tag","embeddable":true,"href":"https:\/\/www.santai-ceramics.com\/es\/wp-json\/wp\/v2\/product_tag?post=2563"}],"curies":[{"name":"wp","href":"https:\/\/api.w.org\/{rel}","templated":true}]}}