{"id":2566,"date":"2025-05-06T09:14:37","date_gmt":"2025-05-06T09:14:37","guid":{"rendered":"https:\/\/www.santai-ceramics.com\/?post_type=product&#038;p=2566"},"modified":"2025-06-12T16:11:15","modified_gmt":"2025-06-12T16:11:15","slug":"wholesale-vintage-ceramic-unique-candle-holder","status":"publish","type":"product","link":"https:\/\/www.santai-ceramics.com\/es\/product\/wholesale-vintage-ceramic-unique-candle-holder\/","title":{"rendered":"Mayorista Portavelas \u00danico de Cer\u00e1mica Vintage"},"content":{"rendered":"<h3 class=\"wp-block-heading\">Caracter\u00edsticas del portavelas de cer\u00e1mica<\/h3>\n\n\n\n<ul class=\"wp-block-list\">\n<li><strong>Dise\u00f1o estable y pr\u00e1ctico: <\/strong>Dise\u00f1ado con una base ancha o una estructura s\u00f3lida para mayor estabilidad, puede sujetar las velas con seguridad y evitar que se vuelquen.<\/li>\n\n\n\n<li><strong>Muy utilizado:<\/strong> El portavelas de cer\u00e1mica es adecuado para diversas ocasiones, como la decoraci\u00f3n del hogar, bodas, restaurantes, cafeter\u00edas y festivales.<\/li>\n\n\n\n<li><strong>Precios asequibles para mayoristas: <\/strong>El fabricante de cer\u00e1mica SANATI ofrece precios competitivos para compradores al por mayor como minoristas, organizadores de eventos o tiendas de regalos.<\/li>\n<\/ul>\n\n\n\n<h3 class=\"wp-block-heading\">Servicio de portavelas personalizados<\/h3>\n\n\n\n<p>Ofrecemos servicios OEM y ODM para nuestros productos.<br>Entrega r\u00e1pida de muestras.<br>Ofrecemos una gran variedad de formas, colores, impresi\u00f3n personalizada, embalaje y otros servicios a medida para satisfacer sus necesidades espec\u00edficas.<br><a href=\"https:\/\/www.santai-ceramics.com\/es\/custom\/\" data-type=\"page\" data-id=\"13\" target=\"_blank\" rel=\"noreferrer noopener\"><strong><b>M\u00e1s informaci\u00f3n<\/b> soluciones para portavelas de cer\u00e1mica.<\/strong><\/a><\/p>\n\n\n\n<div class=\"wp-block-columns is-layout-flex wp-container-core-columns-is-layout-9d6595d7 wp-block-columns-is-layout-flex\">\n<div class=\"wp-block-column is-layout-flow wp-block-column-is-layout-flow\">\n<figure class=\"wp-block-image size-full\"><img decoding=\"async\" width=\"2814\" height=\"2344\" src=\"https:\/\/www.santai-ceramics.com\/wp-content\/uploads\/2025\/05\/ceramic-candle-holder-display-1.webp\" alt=\"expositor portavelas de cer\u00e1mica (1)\" class=\"wp-image-2616\" srcset=\"https:\/\/www.santai-ceramics.com\/wp-content\/uploads\/2025\/05\/ceramic-candle-holder-display-1.webp 2814w, https:\/\/www.santai-ceramics.com\/wp-content\/uploads\/2025\/05\/ceramic-candle-holder-display-1-300x250.webp 300w, https:\/\/www.santai-ceramics.com\/wp-content\/uploads\/2025\/05\/ceramic-candle-holder-display-1-768x640.webp 768w, https:\/\/www.santai-ceramics.com\/wp-content\/uploads\/2025\/05\/ceramic-candle-holder-display-1-14x12.webp 14w, https:\/\/www.santai-ceramics.com\/wp-content\/uploads\/2025\/05\/ceramic-candle-holder-display-1-1200x1000.webp 1200w, https:\/\/www.santai-ceramics.com\/wp-content\/uploads\/2025\/05\/ceramic-candle-holder-display-1-600x500.webp 600w\" sizes=\"(max-width: 2814px) 100vw, 2814px\" \/><\/figure>\n<\/div>\n\n\n\n<div class=\"wp-block-column is-layout-flow wp-block-column-is-layout-flow\">\n<figure class=\"wp-block-image size-full\"><img decoding=\"async\" width=\"3141\" height=\"2617\" src=\"https:\/\/www.santai-ceramics.com\/wp-content\/uploads\/2025\/05\/ceramic-candle-holder-display-2.webp\" alt=\"portavelas de cer\u00e1mica expositor (2)\" class=\"wp-image-2617\" srcset=\"https:\/\/www.santai-ceramics.com\/wp-content\/uploads\/2025\/05\/ceramic-candle-holder-display-2.webp 3141w, https:\/\/www.santai-ceramics.com\/wp-content\/uploads\/2025\/05\/ceramic-candle-holder-display-2-300x250.webp 300w, https:\/\/www.santai-ceramics.com\/wp-content\/uploads\/2025\/05\/ceramic-candle-holder-display-2-768x640.webp 768w, https:\/\/www.santai-ceramics.com\/wp-content\/uploads\/2025\/05\/ceramic-candle-holder-display-2-14x12.webp 14w, https:\/\/www.santai-ceramics.com\/wp-content\/uploads\/2025\/05\/ceramic-candle-holder-display-2-1200x1000.webp 1200w, https:\/\/www.santai-ceramics.com\/wp-content\/uploads\/2025\/05\/ceramic-candle-holder-display-2-600x500.webp 600w\" sizes=\"(max-width: 3141px) 100vw, 3141px\" \/><\/figure>\n<\/div>\n<\/div>","protected":false},"excerpt":{"rendered":"<p data-pm-slice=\"0 0 []\">Venta al por mayor de cer\u00e1mica de la vendimia titular de la vela \u00fanica, adecuada para la decoraci\u00f3n del hogar, boda, restaurante y boutique de visualizaci\u00f3n, fabricante de cer\u00e1mica SANTAI ofrece varios tama\u00f1os y estilos, apoya OEM y ODM, p\u00f3ngase en contacto con nosotros para obtener una cotizaci\u00f3n.<\/p>\n<h2>Especificaci\u00f3n de Portavelas de Cer\u00e1mica Vintage<\/h2>\n<table width=\"855\">\n<tbody>\n<tr>\n<td width=\"285\">N\u00famero de modelo<\/td>\n<td width=\"285\">A35351-L136-A01<\/td>\n<td width=\"285\">A35351-L136-A02<\/td>\n<\/tr>\n<tr>\n<td>Nombre del producto<\/td>\n<td>Portavelas de cer\u00e1mica<\/td>\n<td>Portavelas de cer\u00e1mica<\/td>\n<\/tr>\n<tr>\n<td>Color<\/td>\n<td>Azul oscuro<\/td>\n<td>Azul oscuro<\/td>\n<\/tr>\n<tr>\n<td>Material<\/td>\n<td>Cer\u00e1mica\u00a0<\/td>\n<td>Cer\u00e1mica\u00a0<\/td>\n<\/tr>\n<tr>\n<td>Escenarios de uso<\/td>\n<td>decoraci\u00f3n del hogar<\/td>\n<td>decoraci\u00f3n del hogar<\/td>\n<\/tr>\n<tr>\n<td>Dimensiones<\/td>\n<td>P:14,5X21,5cm<\/td>\n<td>P:14,5X16,5cm<\/td>\n<\/tr>\n<tr>\n<td>Peso<\/td>\n<td>0,9 kg\/unidad<\/td>\n<td>0,6 kg\/unidad<\/td>\n<\/tr>\n<\/tbody>\n<\/table>","protected":false},"featured_media":2618,"comment_status":"closed","ping_status":"closed","template":"","meta":{"_acf_changed":false},"product_brand":[],"product_cat":[18,46,26],"product_tag":[],"class_list":{"0":"post-2566","1":"product","2":"type-product","3":"status-publish","4":"has-post-thumbnail","6":"product_cat-home-decor","7":"product_cat-wholesale-ceramic-candle-holders","8":"product_cat-home-accessories","10":"first","11":"instock","12":"shipping-taxable","13":"product-type-simple"},"acf":[],"_links":{"self":[{"href":"https:\/\/www.santai-ceramics.com\/es\/wp-json\/wp\/v2\/product\/2566","targetHints":{"allow":["GET"]}}],"collection":[{"href":"https:\/\/www.santai-ceramics.com\/es\/wp-json\/wp\/v2\/product"}],"about":[{"href":"https:\/\/www.santai-ceramics.com\/es\/wp-json\/wp\/v2\/types\/product"}],"replies":[{"embeddable":true,"href":"https:\/\/www.santai-ceramics.com\/es\/wp-json\/wp\/v2\/comments?post=2566"}],"wp:featuredmedia":[{"embeddable":true,"href":"https:\/\/www.santai-ceramics.com\/es\/wp-json\/wp\/v2\/media\/2618"}],"wp:attachment":[{"href":"https:\/\/www.santai-ceramics.com\/es\/wp-json\/wp\/v2\/media?parent=2566"}],"wp:term":[{"taxonomy":"product_brand","embeddable":true,"href":"https:\/\/www.santai-ceramics.com\/es\/wp-json\/wp\/v2\/product_brand?post=2566"},{"taxonomy":"product_cat","embeddable":true,"href":"https:\/\/www.santai-ceramics.com\/es\/wp-json\/wp\/v2\/product_cat?post=2566"},{"taxonomy":"product_tag","embeddable":true,"href":"https:\/\/www.santai-ceramics.com\/es\/wp-json\/wp\/v2\/product_tag?post=2566"}],"curies":[{"name":"wp","href":"https:\/\/api.w.org\/{rel}","templated":true}]}}